{"id":14608,"date":"2026-03-23T01:04:54","date_gmt":"2026-03-23T01:04:54","guid":{"rendered":"https:\/\/www.fusion.servicevision.es\/producto\/sony-sistema-extension-rialto-2-sensor-8k\/"},"modified":"2026-03-27T06:13:41","modified_gmt":"2026-03-27T06:13:41","slug":"sony-sistema-extension-rialto-2-sensor-8k","status":"publish","type":"product","link":"https:\/\/www.fusion.servicevision.es\/es\/producto\/camaras\/digital-camaras\/sony-sistema-extension-rialto-2-sensor-8k\/","title":{"rendered":"SONY SISTEMA EXTENSI\u00d3N &#8211; RIALTO 2 &#8211; SENSOR 8K"},"content":{"rendered":"","protected":false},"excerpt":{"rendered":"<p>Movilidad y manejabilidad mejoradas, tiene dos extensiones la <strong>extensi\u00f3n hasta de 3y otra de 12 m del cuerpo<\/strong> de la c\u00e1mara y la unidad del sensor de imagen, ofrece una <strong>flexibilidad excepcional<\/strong> al filmar escenas en espacios reducidos como veh\u00edculos, proporcionando ligereza, manejabilidad en <strong>gimbals<\/strong>, <strong>ronnins<\/strong>, <strong>drones<\/strong> y <strong>c\u00e1mara en mano<\/strong>.<\/p>\n","protected":false},"featured_media":11936,"comment_status":"open","ping_status":"closed","template":"","meta":[],"product_cat":[135,15],"product_tag":[],"yoast_head":"<!-- This site is optimized with the Yoast SEO plugin v19.9 - https:\/\/yoast.com\/wordpress\/plugins\/seo\/ -->\n<title>C\u00e1mara SONY VENICE - ServiceVision<\/title>\n<meta name=\"description\" content=\"Alquiler de C\u00e1mara para Cinematograf\u00eda digital: SONY VENICE. Consultas y soporte t\u00e9cnico en Servicevision, fabricaci\u00f3n y alquiler de equipos para rodajes cinematogr\u00e1ficos.\" \/>\n<meta name=\"robots\" content=\"index, follow, max-snippet:-1, max-image-preview:large, max-video-preview:-1\" \/>\n<link rel=\"canonical\" href=\"https:\/\/www.fusion.servicevision.es\/es\/producto\/camaras\/digital-camaras\/sony-sistema-extension-rialto-2-sensor-8k\/\" \/>\n<meta property=\"og:locale\" content=\"es_ES\" \/>\n<meta property=\"og:type\" content=\"article\" \/>\n<meta property=\"og:title\" content=\"C\u00e1mara SONY VENICE - ServiceVision\" \/>\n<meta property=\"og:description\" content=\"Alquiler de C\u00e1mara para Cinematograf\u00eda digital: SONY VENICE. Consultas y soporte t\u00e9cnico en Servicevision, fabricaci\u00f3n y alquiler de equipos para rodajes cinematogr\u00e1ficos.\" \/>\n<meta property=\"og:url\" content=\"https:\/\/www.fusion.servicevision.es\/es\/producto\/camaras\/digital-camaras\/sony-sistema-extension-rialto-2-sensor-8k\/\" \/>\n<meta property=\"og:site_name\" content=\"ServiceVision\" \/>\n<meta property=\"article:modified_time\" content=\"2026-03-27T06:13:41+00:00\" \/>\n<meta property=\"og:image\" content=\"https:\/\/www.fusion.servicevision.es\/wp-content\/uploads\/2023\/04\/extension-venice2_int-2.jpg\" \/>\n\t<meta property=\"og:image:width\" content=\"600\" \/>\n\t<meta property=\"og:image:height\" content=\"277\" \/>\n\t<meta property=\"og:image:type\" content=\"image\/jpeg\" \/>\n<meta name=\"twitter:card\" content=\"summary_large_image\" \/>\n<script type=\"application\/ld+json\" class=\"yoast-schema-graph\">{\"@context\":\"https:\/\/schema.org\",\"@graph\":[{\"@type\":\"WebPage\",\"@id\":\"https:\/\/www.fusion.servicevision.es\/es\/producto\/camaras\/digital-camaras\/sony-sistema-extension-rialto-2-sensor-8k\/\",\"url\":\"https:\/\/www.fusion.servicevision.es\/es\/producto\/camaras\/digital-camaras\/sony-sistema-extension-rialto-2-sensor-8k\/\",\"name\":\"C\u00e1mara SONY VENICE - ServiceVision\",\"isPartOf\":{\"@id\":\"https:\/\/www.fusion.servicevision.es\/es\/#website\"},\"datePublished\":\"2026-03-23T01:04:54+00:00\",\"dateModified\":\"2026-03-27T06:13:41+00:00\",\"description\":\"Alquiler de C\u00e1mara para Cinematograf\u00eda digital: SONY VENICE. Consultas y soporte t\u00e9cnico en Servicevision, fabricaci\u00f3n y alquiler de equipos para rodajes cinematogr\u00e1ficos.\",\"breadcrumb\":{\"@id\":\"https:\/\/www.fusion.servicevision.es\/es\/producto\/camaras\/digital-camaras\/sony-sistema-extension-rialto-2-sensor-8k\/#breadcrumb\"},\"inLanguage\":\"es\",\"potentialAction\":[{\"@type\":\"ReadAction\",\"target\":[\"https:\/\/www.fusion.servicevision.es\/es\/producto\/camaras\/digital-camaras\/sony-sistema-extension-rialto-2-sensor-8k\/\"]}]},{\"@type\":\"BreadcrumbList\",\"@id\":\"https:\/\/www.fusion.servicevision.es\/es\/producto\/camaras\/digital-camaras\/sony-sistema-extension-rialto-2-sensor-8k\/#breadcrumb\",\"itemListElement\":[{\"@type\":\"ListItem\",\"position\":1,\"name\":\"Alquiler\",\"item\":\"https:\/\/www.fusion.servicevision.es\/es\/alquiler\/\"},{\"@type\":\"ListItem\",\"position\":2,\"name\":\"SONY SISTEMA EXTENSI\u00d3N &#8211; RIALTO 2 &#8211; SENSOR 8K\"}]},{\"@type\":\"WebSite\",\"@id\":\"https:\/\/www.fusion.servicevision.es\/es\/#website\",\"url\":\"https:\/\/www.fusion.servicevision.es\/es\/\",\"name\":\"ServiceVision\",\"description\":\"\",\"potentialAction\":[{\"@type\":\"SearchAction\",\"target\":{\"@type\":\"EntryPoint\",\"urlTemplate\":\"https:\/\/www.fusion.servicevision.es\/es\/?s={search_term_string}\"},\"query-input\":\"required name=search_term_string\"}],\"inLanguage\":\"es\"}]}<\/script>\n<!-- \/ Yoast SEO plugin. -->","yoast_head_json":{"title":"C\u00e1mara SONY VENICE - ServiceVision","description":"Alquiler de C\u00e1mara para Cinematograf\u00eda digital: SONY VENICE. Consultas y soporte t\u00e9cnico en Servicevision, fabricaci\u00f3n y alquiler de equipos para rodajes cinematogr\u00e1ficos.","robots":{"index":"index","follow":"follow","max-snippet":"max-snippet:-1","max-image-preview":"max-image-preview:large","max-video-preview":"max-video-preview:-1"},"canonical":"https:\/\/www.fusion.servicevision.es\/es\/producto\/camaras\/digital-camaras\/sony-sistema-extension-rialto-2-sensor-8k\/","og_locale":"es_ES","og_type":"article","og_title":"C\u00e1mara SONY VENICE - ServiceVision","og_description":"Alquiler de C\u00e1mara para Cinematograf\u00eda digital: SONY VENICE. Consultas y soporte t\u00e9cnico en Servicevision, fabricaci\u00f3n y alquiler de equipos para rodajes cinematogr\u00e1ficos.","og_url":"https:\/\/www.fusion.servicevision.es\/es\/producto\/camaras\/digital-camaras\/sony-sistema-extension-rialto-2-sensor-8k\/","og_site_name":"ServiceVision","article_modified_time":"2026-03-27T06:13:41+00:00","og_image":[{"width":600,"height":277,"url":"https:\/\/www.fusion.servicevision.es\/wp-content\/uploads\/2023\/04\/extension-venice2_int-2.jpg","type":"image\/jpeg"}],"twitter_card":"summary_large_image","schema":{"@context":"https:\/\/schema.org","@graph":[{"@type":"WebPage","@id":"https:\/\/www.fusion.servicevision.es\/es\/producto\/camaras\/digital-camaras\/sony-sistema-extension-rialto-2-sensor-8k\/","url":"https:\/\/www.fusion.servicevision.es\/es\/producto\/camaras\/digital-camaras\/sony-sistema-extension-rialto-2-sensor-8k\/","name":"C\u00e1mara SONY VENICE - ServiceVision","isPartOf":{"@id":"https:\/\/www.fusion.servicevision.es\/es\/#website"},"datePublished":"2026-03-23T01:04:54+00:00","dateModified":"2026-03-27T06:13:41+00:00","description":"Alquiler de C\u00e1mara para Cinematograf\u00eda digital: SONY VENICE. Consultas y soporte t\u00e9cnico en Servicevision, fabricaci\u00f3n y alquiler de equipos para rodajes cinematogr\u00e1ficos.","breadcrumb":{"@id":"https:\/\/www.fusion.servicevision.es\/es\/producto\/camaras\/digital-camaras\/sony-sistema-extension-rialto-2-sensor-8k\/#breadcrumb"},"inLanguage":"es","potentialAction":[{"@type":"ReadAction","target":["https:\/\/www.fusion.servicevision.es\/es\/producto\/camaras\/digital-camaras\/sony-sistema-extension-rialto-2-sensor-8k\/"]}]},{"@type":"BreadcrumbList","@id":"https:\/\/www.fusion.servicevision.es\/es\/producto\/camaras\/digital-camaras\/sony-sistema-extension-rialto-2-sensor-8k\/#breadcrumb","itemListElement":[{"@type":"ListItem","position":1,"name":"Alquiler","item":"https:\/\/www.fusion.servicevision.es\/es\/alquiler\/"},{"@type":"ListItem","position":2,"name":"SONY SISTEMA EXTENSI\u00d3N &#8211; RIALTO 2 &#8211; SENSOR 8K"}]},{"@type":"WebSite","@id":"https:\/\/www.fusion.servicevision.es\/es\/#website","url":"https:\/\/www.fusion.servicevision.es\/es\/","name":"ServiceVision","description":"","potentialAction":[{"@type":"SearchAction","target":{"@type":"EntryPoint","urlTemplate":"https:\/\/www.fusion.servicevision.es\/es\/?s={search_term_string}"},"query-input":"required name=search_term_string"}],"inLanguage":"es"}]}},"jetpack_publicize_connections":[],"_links":{"self":[{"href":"https:\/\/www.fusion.servicevision.es\/es\/wp-json\/wp\/v2\/product\/14608"}],"collection":[{"href":"https:\/\/www.fusion.servicevision.es\/es\/wp-json\/wp\/v2\/product"}],"about":[{"href":"https:\/\/www.fusion.servicevision.es\/es\/wp-json\/wp\/v2\/types\/product"}],"replies":[{"embeddable":true,"href":"https:\/\/www.fusion.servicevision.es\/es\/wp-json\/wp\/v2\/comments?post=14608"}],"wp:featuredmedia":[{"embeddable":true,"href":"https:\/\/www.fusion.servicevision.es\/es\/wp-json\/wp\/v2\/media\/11936"}],"wp:attachment":[{"href":"https:\/\/www.fusion.servicevision.es\/es\/wp-json\/wp\/v2\/media?parent=14608"}],"wp:term":[{"taxonomy":"product_cat","embeddable":true,"href":"https:\/\/www.fusion.servicevision.es\/es\/wp-json\/wp\/v2\/product_cat?post=14608"},{"taxonomy":"product_tag","embeddable":true,"href":"https:\/\/www.fusion.servicevision.es\/es\/wp-json\/wp\/v2\/product_tag?post=14608"}],"curies":[{"name":"wp","href":"https:\/\/api.w.org\/{rel}","templated":true}]}}