{"id":14605,"date":"2026-03-23T01:04:52","date_gmt":"2026-03-23T01:04:52","guid":{"rendered":"https:\/\/www.fusion.servicevision.es\/producto\/arri-alexa-35-xtreme\/"},"modified":"2026-03-27T05:46:36","modified_gmt":"2026-03-27T05:46:36","slug":"arri-alexa-35-xtreme","status":"publish","type":"product","link":"https:\/\/www.fusion.servicevision.es\/es\/producto\/camaras\/digital-camaras\/arri-alexa-35-xtreme\/","title":{"rendered":"ARRI ALEXA 35 XTREME"},"content":{"rendered":"<h3><strong><a href=\"https:\/\/www.arri.com\/en\/camera-systems\/cameras\/alexa-35-xtreme\" target=\"_blank\" rel=\"noopener\">DATOS T\u00c9CNICOS<\/a><br \/>\n<\/strong><\/h3>\n<h3><strong><a href=\"https:\/\/tools.arri.com\/fileadmin\/adapps\/simulators\/a35\/\" target=\"_blank\" rel=\"noopener\">SIMULADOR DE MEN\u00daS<\/a><\/strong><\/h3>\n","protected":false},"excerpt":{"rendered":"<p><span style=\"color: #000000;\">La ARRI Alexa 35 Xtreme mejora la Alexa 35 original con nuevas caracter\u00edsticas, incluyendo velocidades de fotogramas hasta 660 fps, un nuevo c\u00f3dec ARRICORE que reduce el tama\u00f1o de los archivos manteniendo la calidad, y tiempos de pregrabaci\u00f3n extendidos de hasta cinco minutos. <\/span><br \/>\nn<span style=\"color: #000000;\">Tambi\u00e9n presenta hardware renovado para mejor enfriamiento y menor consumo de energ\u00eda, junto con una conectividad Wi-Fi mejorada para redes de 5 GHz<\/span><\/p>\n","protected":false},"featured_media":12028,"comment_status":"open","ping_status":"closed","template":"","meta":[],"product_cat":[135,15],"product_tag":[],"yoast_head":"<!-- This site is optimized with the Yoast SEO plugin v19.9 - https:\/\/yoast.com\/wordpress\/plugins\/seo\/ -->\n<title>C\u00e1mara ARRI ALEXA 35 - ServiceVision<\/title>\n<meta name=\"description\" content=\"Alquiler de C\u00e1mara para Cinematograf\u00eda digital: ARRI ALEXA 35 XTREME. Consultas y soporte t\u00e9cnico en Servicevision, fabricaci\u00f3n y alquiler de equipos para rodajes cinematogr\u00e1ficos.\" \/>\n<meta name=\"robots\" content=\"index, follow, max-snippet:-1, max-image-preview:large, max-video-preview:-1\" \/>\n<link rel=\"canonical\" href=\"https:\/\/www.fusion.servicevision.es\/es\/producto\/camaras\/digital-camaras\/arri-alexa-35-xtreme\/\" \/>\n<meta property=\"og:locale\" content=\"es_ES\" \/>\n<meta property=\"og:type\" content=\"article\" \/>\n<meta property=\"og:title\" content=\"C\u00e1mara ARRI ALEXA 35 - ServiceVision\" \/>\n<meta property=\"og:description\" content=\"Alquiler de C\u00e1mara para Cinematograf\u00eda digital: ARRI ALEXA 35 XTREME. Consultas y soporte t\u00e9cnico en Servicevision, fabricaci\u00f3n y alquiler de equipos para rodajes cinematogr\u00e1ficos.\" \/>\n<meta property=\"og:url\" content=\"https:\/\/www.fusion.servicevision.es\/es\/producto\/camaras\/digital-camaras\/arri-alexa-35-xtreme\/\" \/>\n<meta property=\"og:site_name\" content=\"ServiceVision\" \/>\n<meta property=\"article:modified_time\" content=\"2026-03-27T05:46:36+00:00\" \/>\n<meta property=\"og:image\" content=\"https:\/\/www.fusion.servicevision.es\/wp-content\/uploads\/2025\/10\/alexa-35-xtreme-body-lpl-mount-front-data-002-scaled.jpg\" \/>\n\t<meta property=\"og:image:width\" content=\"2560\" \/>\n\t<meta property=\"og:image:height\" content=\"1920\" \/>\n\t<meta property=\"og:image:type\" content=\"image\/jpeg\" \/>\n<meta name=\"twitter:card\" content=\"summary_large_image\" \/>\n<meta name=\"twitter:label1\" content=\"Tiempo de lectura\" \/>\n\t<meta name=\"twitter:data1\" content=\"1 minuto\" \/>\n<script type=\"application\/ld+json\" class=\"yoast-schema-graph\">{\"@context\":\"https:\/\/schema.org\",\"@graph\":[{\"@type\":\"WebPage\",\"@id\":\"https:\/\/www.fusion.servicevision.es\/es\/producto\/camaras\/digital-camaras\/arri-alexa-35-xtreme\/\",\"url\":\"https:\/\/www.fusion.servicevision.es\/es\/producto\/camaras\/digital-camaras\/arri-alexa-35-xtreme\/\",\"name\":\"C\u00e1mara ARRI ALEXA 35 - ServiceVision\",\"isPartOf\":{\"@id\":\"https:\/\/www.fusion.servicevision.es\/es\/#website\"},\"datePublished\":\"2026-03-23T01:04:52+00:00\",\"dateModified\":\"2026-03-27T05:46:36+00:00\",\"description\":\"Alquiler de C\u00e1mara para Cinematograf\u00eda digital: ARRI ALEXA 35 XTREME. Consultas y soporte t\u00e9cnico en Servicevision, fabricaci\u00f3n y alquiler de equipos para rodajes cinematogr\u00e1ficos.\",\"breadcrumb\":{\"@id\":\"https:\/\/www.fusion.servicevision.es\/es\/producto\/camaras\/digital-camaras\/arri-alexa-35-xtreme\/#breadcrumb\"},\"inLanguage\":\"es\",\"potentialAction\":[{\"@type\":\"ReadAction\",\"target\":[\"https:\/\/www.fusion.servicevision.es\/es\/producto\/camaras\/digital-camaras\/arri-alexa-35-xtreme\/\"]}]},{\"@type\":\"BreadcrumbList\",\"@id\":\"https:\/\/www.fusion.servicevision.es\/es\/producto\/camaras\/digital-camaras\/arri-alexa-35-xtreme\/#breadcrumb\",\"itemListElement\":[{\"@type\":\"ListItem\",\"position\":1,\"name\":\"Alquiler\",\"item\":\"https:\/\/www.fusion.servicevision.es\/es\/alquiler\/\"},{\"@type\":\"ListItem\",\"position\":2,\"name\":\"ARRI ALEXA 35 XTREME\"}]},{\"@type\":\"WebSite\",\"@id\":\"https:\/\/www.fusion.servicevision.es\/es\/#website\",\"url\":\"https:\/\/www.fusion.servicevision.es\/es\/\",\"name\":\"ServiceVision\",\"description\":\"\",\"potentialAction\":[{\"@type\":\"SearchAction\",\"target\":{\"@type\":\"EntryPoint\",\"urlTemplate\":\"https:\/\/www.fusion.servicevision.es\/es\/?s={search_term_string}\"},\"query-input\":\"required name=search_term_string\"}],\"inLanguage\":\"es\"}]}<\/script>\n<!-- \/ Yoast SEO plugin. -->","yoast_head_json":{"title":"C\u00e1mara ARRI ALEXA 35 - ServiceVision","description":"Alquiler de C\u00e1mara para Cinematograf\u00eda digital: ARRI ALEXA 35 XTREME. Consultas y soporte t\u00e9cnico en Servicevision, fabricaci\u00f3n y alquiler de equipos para rodajes cinematogr\u00e1ficos.","robots":{"index":"index","follow":"follow","max-snippet":"max-snippet:-1","max-image-preview":"max-image-preview:large","max-video-preview":"max-video-preview:-1"},"canonical":"https:\/\/www.fusion.servicevision.es\/es\/producto\/camaras\/digital-camaras\/arri-alexa-35-xtreme\/","og_locale":"es_ES","og_type":"article","og_title":"C\u00e1mara ARRI ALEXA 35 - ServiceVision","og_description":"Alquiler de C\u00e1mara para Cinematograf\u00eda digital: ARRI ALEXA 35 XTREME. Consultas y soporte t\u00e9cnico en Servicevision, fabricaci\u00f3n y alquiler de equipos para rodajes cinematogr\u00e1ficos.","og_url":"https:\/\/www.fusion.servicevision.es\/es\/producto\/camaras\/digital-camaras\/arri-alexa-35-xtreme\/","og_site_name":"ServiceVision","article_modified_time":"2026-03-27T05:46:36+00:00","og_image":[{"width":2560,"height":1920,"url":"https:\/\/www.fusion.servicevision.es\/wp-content\/uploads\/2025\/10\/alexa-35-xtreme-body-lpl-mount-front-data-002-scaled.jpg","type":"image\/jpeg"}],"twitter_card":"summary_large_image","twitter_misc":{"Tiempo de lectura":"1 minuto"},"schema":{"@context":"https:\/\/schema.org","@graph":[{"@type":"WebPage","@id":"https:\/\/www.fusion.servicevision.es\/es\/producto\/camaras\/digital-camaras\/arri-alexa-35-xtreme\/","url":"https:\/\/www.fusion.servicevision.es\/es\/producto\/camaras\/digital-camaras\/arri-alexa-35-xtreme\/","name":"C\u00e1mara ARRI ALEXA 35 - ServiceVision","isPartOf":{"@id":"https:\/\/www.fusion.servicevision.es\/es\/#website"},"datePublished":"2026-03-23T01:04:52+00:00","dateModified":"2026-03-27T05:46:36+00:00","description":"Alquiler de C\u00e1mara para Cinematograf\u00eda digital: ARRI ALEXA 35 XTREME. Consultas y soporte t\u00e9cnico en Servicevision, fabricaci\u00f3n y alquiler de equipos para rodajes cinematogr\u00e1ficos.","breadcrumb":{"@id":"https:\/\/www.fusion.servicevision.es\/es\/producto\/camaras\/digital-camaras\/arri-alexa-35-xtreme\/#breadcrumb"},"inLanguage":"es","potentialAction":[{"@type":"ReadAction","target":["https:\/\/www.fusion.servicevision.es\/es\/producto\/camaras\/digital-camaras\/arri-alexa-35-xtreme\/"]}]},{"@type":"BreadcrumbList","@id":"https:\/\/www.fusion.servicevision.es\/es\/producto\/camaras\/digital-camaras\/arri-alexa-35-xtreme\/#breadcrumb","itemListElement":[{"@type":"ListItem","position":1,"name":"Alquiler","item":"https:\/\/www.fusion.servicevision.es\/es\/alquiler\/"},{"@type":"ListItem","position":2,"name":"ARRI ALEXA 35 XTREME"}]},{"@type":"WebSite","@id":"https:\/\/www.fusion.servicevision.es\/es\/#website","url":"https:\/\/www.fusion.servicevision.es\/es\/","name":"ServiceVision","description":"","potentialAction":[{"@type":"SearchAction","target":{"@type":"EntryPoint","urlTemplate":"https:\/\/www.fusion.servicevision.es\/es\/?s={search_term_string}"},"query-input":"required name=search_term_string"}],"inLanguage":"es"}]}},"jetpack_publicize_connections":[],"_links":{"self":[{"href":"https:\/\/www.fusion.servicevision.es\/es\/wp-json\/wp\/v2\/product\/14605"}],"collection":[{"href":"https:\/\/www.fusion.servicevision.es\/es\/wp-json\/wp\/v2\/product"}],"about":[{"href":"https:\/\/www.fusion.servicevision.es\/es\/wp-json\/wp\/v2\/types\/product"}],"replies":[{"embeddable":true,"href":"https:\/\/www.fusion.servicevision.es\/es\/wp-json\/wp\/v2\/comments?post=14605"}],"wp:featuredmedia":[{"embeddable":true,"href":"https:\/\/www.fusion.servicevision.es\/es\/wp-json\/wp\/v2\/media\/12028"}],"wp:attachment":[{"href":"https:\/\/www.fusion.servicevision.es\/es\/wp-json\/wp\/v2\/media?parent=14605"}],"wp:term":[{"taxonomy":"product_cat","embeddable":true,"href":"https:\/\/www.fusion.servicevision.es\/es\/wp-json\/wp\/v2\/product_cat?post=14605"},{"taxonomy":"product_tag","embeddable":true,"href":"https:\/\/www.fusion.servicevision.es\/es\/wp-json\/wp\/v2\/product_tag?post=14605"}],"curies":[{"name":"wp","href":"https:\/\/api.w.org\/{rel}","templated":true}]}}