{"id":14603,"date":"2026-03-23T01:04:51","date_gmt":"2026-03-23T01:04:51","guid":{"rendered":"https:\/\/www.fusion.servicevision.es\/producto\/leitz-hugo\/"},"modified":"2026-03-27T06:24:53","modified_gmt":"2026-03-27T06:24:53","slug":"leitz-hugo","status":"publish","type":"product","link":"https:\/\/www.fusion.servicevision.es\/es\/producto\/camaras\/objetivos-y-zooms\/esfericos\/leitz-hugo\/","title":{"rendered":"LEITZ HUGO"},"content":{"rendered":"","protected":false},"excerpt":{"rendered":"<p><span style=\"color: #000000;\">Los\u00a0Leitz Hugo son una serie de objetivos cinematogr\u00e1ficos de alta gama dise\u00f1ados por Leitz Cine. Estas lentes destacan por adaptar la \u00f3ptica ic\u00f3nica de la serie\u00a0Leica M\u00a0a cuerpos robustos preparados para la producci\u00f3n de cine profesional.<span class=\"T286Pc\" data-sfc-cp=\"\" data-sfc-cb=\"\" data-complete=\"true\" aria-owns=\"action-menu-parent-container\">Utilizan el mismo cristal que los objetivos Leica M, conocidos por su nitidez, contraste y renderizado tridimensional. <\/span><span class=\"T286Pc\" data-sfc-cp=\"\" data-sfc-cb=\"\" data-complete=\"true\">A diferencia de las lentes de fotograf\u00eda, cuentan con una carcasa met\u00e1lica con escalas de enfoque e iris expandidas, montura LPL y engranajes est\u00e1ndar para sistemas de control de enfoque.<\/span><span class=\"T286Pc\" data-sfc-cp=\"\" data-sfc-cb=\"\" data-complete=\"true\" aria-owns=\"action-menu-parent-container\">La mayor\u00eda de la serie tiene una apertura de T1.5, incluyendo modelos especiales como el\u00a050mm T1.0 Noctilux, ideal para condiciones de extrema baja luz.<\/span><\/span><\/p>\n","protected":false},"featured_media":12024,"comment_status":"open","ping_status":"closed","template":"","meta":[],"product_cat":[150,141],"product_tag":[],"yoast_head":"<!-- This site is optimized with the Yoast SEO plugin v19.9 - https:\/\/yoast.com\/wordpress\/plugins\/seo\/ -->\n<title>LEITZ HUGO - ServiceVision<\/title>\n<meta name=\"robots\" content=\"index, follow, max-snippet:-1, max-image-preview:large, max-video-preview:-1\" \/>\n<link rel=\"canonical\" href=\"https:\/\/www.fusion.servicevision.es\/es\/producto\/camaras\/objetivos-y-zooms\/esfericos\/leitz-hugo\/\" \/>\n<meta property=\"og:locale\" content=\"es_ES\" \/>\n<meta property=\"og:type\" content=\"article\" \/>\n<meta property=\"og:title\" content=\"LEITZ HUGO - ServiceVision\" \/>\n<meta property=\"og:description\" content=\"Los\u00a0Leitz Hugo son una serie de objetivos cinematogr\u00e1ficos de alta gama dise\u00f1ados por Leitz Cine. Estas lentes destacan por adaptar la \u00f3ptica ic\u00f3nica de la serie\u00a0Leica M\u00a0a cuerpos robustos preparados para la producci\u00f3n de cine profesional.Utilizan el mismo cristal que los objetivos Leica M, conocidos por su nitidez, contraste y renderizado tridimensional. A diferencia de las lentes de fotograf\u00eda, cuentan con una carcasa met\u00e1lica con escalas de enfoque e iris expandidas, montura LPL y engranajes est\u00e1ndar para sistemas de control de enfoque.La mayor\u00eda de la serie tiene una apertura de T1.5, incluyendo modelos especiales como el\u00a050mm T1.0 Noctilux, ideal para condiciones de extrema baja luz.\" \/>\n<meta property=\"og:url\" content=\"https:\/\/www.fusion.servicevision.es\/es\/producto\/camaras\/objetivos-y-zooms\/esfericos\/leitz-hugo\/\" \/>\n<meta property=\"og:site_name\" content=\"ServiceVision\" \/>\n<meta property=\"article:modified_time\" content=\"2026-03-27T06:24:53+00:00\" \/>\n<meta property=\"og:image\" content=\"https:\/\/www.fusion.servicevision.es\/wp-content\/uploads\/2025\/05\/leitz-hugo-kameraverleih-2500x-q85.jpg\" \/>\n\t<meta property=\"og:image:width\" content=\"2500\" \/>\n\t<meta property=\"og:image:height\" content=\"1667\" \/>\n\t<meta property=\"og:image:type\" content=\"image\/jpeg\" \/>\n<meta name=\"twitter:card\" content=\"summary_large_image\" \/>\n<script type=\"application\/ld+json\" class=\"yoast-schema-graph\">{\"@context\":\"https:\/\/schema.org\",\"@graph\":[{\"@type\":\"WebPage\",\"@id\":\"https:\/\/www.fusion.servicevision.es\/es\/producto\/camaras\/objetivos-y-zooms\/esfericos\/leitz-hugo\/\",\"url\":\"https:\/\/www.fusion.servicevision.es\/es\/producto\/camaras\/objetivos-y-zooms\/esfericos\/leitz-hugo\/\",\"name\":\"LEITZ HUGO - ServiceVision\",\"isPartOf\":{\"@id\":\"https:\/\/www.fusion.servicevision.es\/es\/#website\"},\"datePublished\":\"2026-03-23T01:04:51+00:00\",\"dateModified\":\"2026-03-27T06:24:53+00:00\",\"breadcrumb\":{\"@id\":\"https:\/\/www.fusion.servicevision.es\/es\/producto\/camaras\/objetivos-y-zooms\/esfericos\/leitz-hugo\/#breadcrumb\"},\"inLanguage\":\"es\",\"potentialAction\":[{\"@type\":\"ReadAction\",\"target\":[\"https:\/\/www.fusion.servicevision.es\/es\/producto\/camaras\/objetivos-y-zooms\/esfericos\/leitz-hugo\/\"]}]},{\"@type\":\"BreadcrumbList\",\"@id\":\"https:\/\/www.fusion.servicevision.es\/es\/producto\/camaras\/objetivos-y-zooms\/esfericos\/leitz-hugo\/#breadcrumb\",\"itemListElement\":[{\"@type\":\"ListItem\",\"position\":1,\"name\":\"Alquiler\",\"item\":\"https:\/\/www.fusion.servicevision.es\/es\/alquiler\/\"},{\"@type\":\"ListItem\",\"position\":2,\"name\":\"LEITZ HUGO\"}]},{\"@type\":\"WebSite\",\"@id\":\"https:\/\/www.fusion.servicevision.es\/es\/#website\",\"url\":\"https:\/\/www.fusion.servicevision.es\/es\/\",\"name\":\"ServiceVision\",\"description\":\"\",\"potentialAction\":[{\"@type\":\"SearchAction\",\"target\":{\"@type\":\"EntryPoint\",\"urlTemplate\":\"https:\/\/www.fusion.servicevision.es\/es\/?s={search_term_string}\"},\"query-input\":\"required name=search_term_string\"}],\"inLanguage\":\"es\"}]}<\/script>\n<!-- \/ Yoast SEO plugin. -->","yoast_head_json":{"title":"LEITZ HUGO - ServiceVision","robots":{"index":"index","follow":"follow","max-snippet":"max-snippet:-1","max-image-preview":"max-image-preview:large","max-video-preview":"max-video-preview:-1"},"canonical":"https:\/\/www.fusion.servicevision.es\/es\/producto\/camaras\/objetivos-y-zooms\/esfericos\/leitz-hugo\/","og_locale":"es_ES","og_type":"article","og_title":"LEITZ HUGO - ServiceVision","og_description":"Los\u00a0Leitz Hugo son una serie de objetivos cinematogr\u00e1ficos de alta gama dise\u00f1ados por Leitz Cine. Estas lentes destacan por adaptar la \u00f3ptica ic\u00f3nica de la serie\u00a0Leica M\u00a0a cuerpos robustos preparados para la producci\u00f3n de cine profesional.Utilizan el mismo cristal que los objetivos Leica M, conocidos por su nitidez, contraste y renderizado tridimensional. A diferencia de las lentes de fotograf\u00eda, cuentan con una carcasa met\u00e1lica con escalas de enfoque e iris expandidas, montura LPL y engranajes est\u00e1ndar para sistemas de control de enfoque.La mayor\u00eda de la serie tiene una apertura de T1.5, incluyendo modelos especiales como el\u00a050mm T1.0 Noctilux, ideal para condiciones de extrema baja luz.","og_url":"https:\/\/www.fusion.servicevision.es\/es\/producto\/camaras\/objetivos-y-zooms\/esfericos\/leitz-hugo\/","og_site_name":"ServiceVision","article_modified_time":"2026-03-27T06:24:53+00:00","og_image":[{"width":2500,"height":1667,"url":"https:\/\/www.fusion.servicevision.es\/wp-content\/uploads\/2025\/05\/leitz-hugo-kameraverleih-2500x-q85.jpg","type":"image\/jpeg"}],"twitter_card":"summary_large_image","schema":{"@context":"https:\/\/schema.org","@graph":[{"@type":"WebPage","@id":"https:\/\/www.fusion.servicevision.es\/es\/producto\/camaras\/objetivos-y-zooms\/esfericos\/leitz-hugo\/","url":"https:\/\/www.fusion.servicevision.es\/es\/producto\/camaras\/objetivos-y-zooms\/esfericos\/leitz-hugo\/","name":"LEITZ HUGO - ServiceVision","isPartOf":{"@id":"https:\/\/www.fusion.servicevision.es\/es\/#website"},"datePublished":"2026-03-23T01:04:51+00:00","dateModified":"2026-03-27T06:24:53+00:00","breadcrumb":{"@id":"https:\/\/www.fusion.servicevision.es\/es\/producto\/camaras\/objetivos-y-zooms\/esfericos\/leitz-hugo\/#breadcrumb"},"inLanguage":"es","potentialAction":[{"@type":"ReadAction","target":["https:\/\/www.fusion.servicevision.es\/es\/producto\/camaras\/objetivos-y-zooms\/esfericos\/leitz-hugo\/"]}]},{"@type":"BreadcrumbList","@id":"https:\/\/www.fusion.servicevision.es\/es\/producto\/camaras\/objetivos-y-zooms\/esfericos\/leitz-hugo\/#breadcrumb","itemListElement":[{"@type":"ListItem","position":1,"name":"Alquiler","item":"https:\/\/www.fusion.servicevision.es\/es\/alquiler\/"},{"@type":"ListItem","position":2,"name":"LEITZ HUGO"}]},{"@type":"WebSite","@id":"https:\/\/www.fusion.servicevision.es\/es\/#website","url":"https:\/\/www.fusion.servicevision.es\/es\/","name":"ServiceVision","description":"","potentialAction":[{"@type":"SearchAction","target":{"@type":"EntryPoint","urlTemplate":"https:\/\/www.fusion.servicevision.es\/es\/?s={search_term_string}"},"query-input":"required name=search_term_string"}],"inLanguage":"es"}]}},"jetpack_publicize_connections":[],"_links":{"self":[{"href":"https:\/\/www.fusion.servicevision.es\/es\/wp-json\/wp\/v2\/product\/14603"}],"collection":[{"href":"https:\/\/www.fusion.servicevision.es\/es\/wp-json\/wp\/v2\/product"}],"about":[{"href":"https:\/\/www.fusion.servicevision.es\/es\/wp-json\/wp\/v2\/types\/product"}],"replies":[{"embeddable":true,"href":"https:\/\/www.fusion.servicevision.es\/es\/wp-json\/wp\/v2\/comments?post=14603"}],"wp:featuredmedia":[{"embeddable":true,"href":"https:\/\/www.fusion.servicevision.es\/es\/wp-json\/wp\/v2\/media\/12024"}],"wp:attachment":[{"href":"https:\/\/www.fusion.servicevision.es\/es\/wp-json\/wp\/v2\/media?parent=14603"}],"wp:term":[{"taxonomy":"product_cat","embeddable":true,"href":"https:\/\/www.fusion.servicevision.es\/es\/wp-json\/wp\/v2\/product_cat?post=14603"},{"taxonomy":"product_tag","embeddable":true,"href":"https:\/\/www.fusion.servicevision.es\/es\/wp-json\/wp\/v2\/product_tag?post=14603"}],"curies":[{"name":"wp","href":"https:\/\/api.w.org\/{rel}","templated":true}]}}