{"id":14602,"date":"2026-03-23T01:04:51","date_gmt":"2026-03-23T01:04:51","guid":{"rendered":"https:\/\/www.fusion.servicevision.es\/producto\/canon-k50-rangefinder\/"},"modified":"2026-03-27T06:25:57","modified_gmt":"2026-03-27T06:25:57","slug":"canon-k50-rangefinder","status":"publish","type":"product","link":"https:\/\/www.fusion.servicevision.es\/es\/producto\/camaras\/objetivos-y-zooms\/esfericos\/canon-k50-rangefinder\/","title":{"rendered":"CANON K50 RANGEFINDER"},"content":{"rendered":"","protected":false},"excerpt":{"rendered":"<p><span style=\"color: #000000;\">Estos legendarios objetivos Canon Rangefinder est\u00e1n rehousados por Servicevision, el set consta de 9 objetivos, cada uno est\u00e1 dise\u00f1ado y fabricado en Servicevision y son una combinaci\u00f3n perfecta de lentes vintage con la mec\u00e1nica m\u00e1s moderna.<\/span><\/p>\n<p><span style=\"color: #000000;\">Todos los objetivos de nuestro set tienen sus recubrimientos de una sola capa originales de la d\u00e9cada de 1950 que producen bellas im\u00e1genes definidas de bajo contraste, con hermosos destellos y un bonito efecto bokeh.<\/span><\/p>\n<p><span style=\"color: #000000;\">Todos llevan montura LPL y todos tienen 110 mm \u00d8 de di\u00e1metro de la lente frontal excepto el 25 mm y 28 mm que son 125 mm \u00d8.<\/span><\/p>\n","protected":false},"featured_media":12016,"comment_status":"open","ping_status":"closed","template":"","meta":[],"product_cat":[150,141],"product_tag":[],"yoast_head":"<!-- This site is optimized with the Yoast SEO plugin v19.9 - https:\/\/yoast.com\/wordpress\/plugins\/seo\/ -->\n<title>CANON K50 RANGEFINDER - ServiceVision<\/title>\n<meta name=\"robots\" content=\"index, follow, max-snippet:-1, max-image-preview:large, max-video-preview:-1\" \/>\n<link rel=\"canonical\" href=\"https:\/\/www.fusion.servicevision.es\/es\/producto\/camaras\/objetivos-y-zooms\/esfericos\/canon-k50-rangefinder\/\" \/>\n<meta property=\"og:locale\" content=\"es_ES\" \/>\n<meta property=\"og:type\" content=\"article\" \/>\n<meta property=\"og:title\" content=\"CANON K50 RANGEFINDER - ServiceVision\" \/>\n<meta property=\"og:description\" content=\"Estos legendarios objetivos Canon Rangefinder est\u00e1n rehousados por Servicevision, el set consta de 9 objetivos, cada uno est\u00e1 dise\u00f1ado y fabricado en Servicevision y son una combinaci\u00f3n perfecta de lentes vintage con la mec\u00e1nica m\u00e1s moderna.  Todos los objetivos de nuestro set tienen sus recubrimientos de una sola capa originales de la d\u00e9cada de 1950 que producen bellas im\u00e1genes definidas de bajo contraste, con hermosos destellos y un bonito efecto bokeh.  Todos llevan montura LPL y todos tienen 110 mm \u00d8 de di\u00e1metro de la lente frontal excepto el 25 mm y 28 mm que son 125 mm \u00d8.\" \/>\n<meta property=\"og:url\" content=\"https:\/\/www.fusion.servicevision.es\/es\/producto\/camaras\/objetivos-y-zooms\/esfericos\/canon-k50-rangefinder\/\" \/>\n<meta property=\"og:site_name\" content=\"ServiceVision\" \/>\n<meta property=\"article:modified_time\" content=\"2026-03-27T06:25:57+00:00\" \/>\n<meta property=\"og:image\" content=\"https:\/\/www.fusion.servicevision.es\/wp-content\/uploads\/2024\/09\/K50De.jpg\" \/>\n\t<meta property=\"og:image:width\" content=\"2149\" \/>\n\t<meta property=\"og:image:height\" content=\"1305\" \/>\n\t<meta property=\"og:image:type\" content=\"image\/jpeg\" \/>\n<meta name=\"twitter:card\" content=\"summary_large_image\" \/>\n<script type=\"application\/ld+json\" class=\"yoast-schema-graph\">{\"@context\":\"https:\/\/schema.org\",\"@graph\":[{\"@type\":\"WebPage\",\"@id\":\"https:\/\/www.fusion.servicevision.es\/es\/producto\/camaras\/objetivos-y-zooms\/esfericos\/canon-k50-rangefinder\/\",\"url\":\"https:\/\/www.fusion.servicevision.es\/es\/producto\/camaras\/objetivos-y-zooms\/esfericos\/canon-k50-rangefinder\/\",\"name\":\"CANON K50 RANGEFINDER - ServiceVision\",\"isPartOf\":{\"@id\":\"https:\/\/www.fusion.servicevision.es\/es\/#website\"},\"datePublished\":\"2026-03-23T01:04:51+00:00\",\"dateModified\":\"2026-03-27T06:25:57+00:00\",\"breadcrumb\":{\"@id\":\"https:\/\/www.fusion.servicevision.es\/es\/producto\/camaras\/objetivos-y-zooms\/esfericos\/canon-k50-rangefinder\/#breadcrumb\"},\"inLanguage\":\"es\",\"potentialAction\":[{\"@type\":\"ReadAction\",\"target\":[\"https:\/\/www.fusion.servicevision.es\/es\/producto\/camaras\/objetivos-y-zooms\/esfericos\/canon-k50-rangefinder\/\"]}]},{\"@type\":\"BreadcrumbList\",\"@id\":\"https:\/\/www.fusion.servicevision.es\/es\/producto\/camaras\/objetivos-y-zooms\/esfericos\/canon-k50-rangefinder\/#breadcrumb\",\"itemListElement\":[{\"@type\":\"ListItem\",\"position\":1,\"name\":\"Alquiler\",\"item\":\"https:\/\/www.fusion.servicevision.es\/es\/alquiler\/\"},{\"@type\":\"ListItem\",\"position\":2,\"name\":\"CANON K50 RANGEFINDER\"}]},{\"@type\":\"WebSite\",\"@id\":\"https:\/\/www.fusion.servicevision.es\/es\/#website\",\"url\":\"https:\/\/www.fusion.servicevision.es\/es\/\",\"name\":\"ServiceVision\",\"description\":\"\",\"potentialAction\":[{\"@type\":\"SearchAction\",\"target\":{\"@type\":\"EntryPoint\",\"urlTemplate\":\"https:\/\/www.fusion.servicevision.es\/es\/?s={search_term_string}\"},\"query-input\":\"required name=search_term_string\"}],\"inLanguage\":\"es\"}]}<\/script>\n<!-- \/ Yoast SEO plugin. -->","yoast_head_json":{"title":"CANON K50 RANGEFINDER - ServiceVision","robots":{"index":"index","follow":"follow","max-snippet":"max-snippet:-1","max-image-preview":"max-image-preview:large","max-video-preview":"max-video-preview:-1"},"canonical":"https:\/\/www.fusion.servicevision.es\/es\/producto\/camaras\/objetivos-y-zooms\/esfericos\/canon-k50-rangefinder\/","og_locale":"es_ES","og_type":"article","og_title":"CANON K50 RANGEFINDER - ServiceVision","og_description":"Estos legendarios objetivos Canon Rangefinder est\u00e1n rehousados por Servicevision, el set consta de 9 objetivos, cada uno est\u00e1 dise\u00f1ado y fabricado en Servicevision y son una combinaci\u00f3n perfecta de lentes vintage con la mec\u00e1nica m\u00e1s moderna.  Todos los objetivos de nuestro set tienen sus recubrimientos de una sola capa originales de la d\u00e9cada de 1950 que producen bellas im\u00e1genes definidas de bajo contraste, con hermosos destellos y un bonito efecto bokeh.  Todos llevan montura LPL y todos tienen 110 mm \u00d8 de di\u00e1metro de la lente frontal excepto el 25 mm y 28 mm que son 125 mm \u00d8.","og_url":"https:\/\/www.fusion.servicevision.es\/es\/producto\/camaras\/objetivos-y-zooms\/esfericos\/canon-k50-rangefinder\/","og_site_name":"ServiceVision","article_modified_time":"2026-03-27T06:25:57+00:00","og_image":[{"width":2149,"height":1305,"url":"https:\/\/www.fusion.servicevision.es\/wp-content\/uploads\/2024\/09\/K50De.jpg","type":"image\/jpeg"}],"twitter_card":"summary_large_image","schema":{"@context":"https:\/\/schema.org","@graph":[{"@type":"WebPage","@id":"https:\/\/www.fusion.servicevision.es\/es\/producto\/camaras\/objetivos-y-zooms\/esfericos\/canon-k50-rangefinder\/","url":"https:\/\/www.fusion.servicevision.es\/es\/producto\/camaras\/objetivos-y-zooms\/esfericos\/canon-k50-rangefinder\/","name":"CANON K50 RANGEFINDER - ServiceVision","isPartOf":{"@id":"https:\/\/www.fusion.servicevision.es\/es\/#website"},"datePublished":"2026-03-23T01:04:51+00:00","dateModified":"2026-03-27T06:25:57+00:00","breadcrumb":{"@id":"https:\/\/www.fusion.servicevision.es\/es\/producto\/camaras\/objetivos-y-zooms\/esfericos\/canon-k50-rangefinder\/#breadcrumb"},"inLanguage":"es","potentialAction":[{"@type":"ReadAction","target":["https:\/\/www.fusion.servicevision.es\/es\/producto\/camaras\/objetivos-y-zooms\/esfericos\/canon-k50-rangefinder\/"]}]},{"@type":"BreadcrumbList","@id":"https:\/\/www.fusion.servicevision.es\/es\/producto\/camaras\/objetivos-y-zooms\/esfericos\/canon-k50-rangefinder\/#breadcrumb","itemListElement":[{"@type":"ListItem","position":1,"name":"Alquiler","item":"https:\/\/www.fusion.servicevision.es\/es\/alquiler\/"},{"@type":"ListItem","position":2,"name":"CANON K50 RANGEFINDER"}]},{"@type":"WebSite","@id":"https:\/\/www.fusion.servicevision.es\/es\/#website","url":"https:\/\/www.fusion.servicevision.es\/es\/","name":"ServiceVision","description":"","potentialAction":[{"@type":"SearchAction","target":{"@type":"EntryPoint","urlTemplate":"https:\/\/www.fusion.servicevision.es\/es\/?s={search_term_string}"},"query-input":"required name=search_term_string"}],"inLanguage":"es"}]}},"jetpack_publicize_connections":[],"_links":{"self":[{"href":"https:\/\/www.fusion.servicevision.es\/es\/wp-json\/wp\/v2\/product\/14602"}],"collection":[{"href":"https:\/\/www.fusion.servicevision.es\/es\/wp-json\/wp\/v2\/product"}],"about":[{"href":"https:\/\/www.fusion.servicevision.es\/es\/wp-json\/wp\/v2\/types\/product"}],"replies":[{"embeddable":true,"href":"https:\/\/www.fusion.servicevision.es\/es\/wp-json\/wp\/v2\/comments?post=14602"}],"wp:featuredmedia":[{"embeddable":true,"href":"https:\/\/www.fusion.servicevision.es\/es\/wp-json\/wp\/v2\/media\/12016"}],"wp:attachment":[{"href":"https:\/\/www.fusion.servicevision.es\/es\/wp-json\/wp\/v2\/media?parent=14602"}],"wp:term":[{"taxonomy":"product_cat","embeddable":true,"href":"https:\/\/www.fusion.servicevision.es\/es\/wp-json\/wp\/v2\/product_cat?post=14602"},{"taxonomy":"product_tag","embeddable":true,"href":"https:\/\/www.fusion.servicevision.es\/es\/wp-json\/wp\/v2\/product_tag?post=14602"}],"curies":[{"name":"wp","href":"https:\/\/api.w.org\/{rel}","templated":true}]}}