{"id":14594,"date":"2026-03-23T01:04:46","date_gmt":"2026-03-23T01:04:46","guid":{"rendered":"https:\/\/www.fusion.servicevision.es\/producto\/scorpio-360-nodal-ring-small\/"},"modified":"2026-03-28T00:22:03","modified_gmt":"2026-03-28T00:22:03","slug":"scorpio-360-nodal-ring-small","status":"publish","type":"product","link":"https:\/\/www.fusion.servicevision.es\/es\/producto\/grips\/scorpio-heads\/cabezas-estabilizadas-scorpio-heads\/scorpio-360-nodal-ring-small\/","title":{"rendered":"SCORPIO 360 NODAL RING SMALL"},"content":{"rendered":"","protected":false},"excerpt":{"rendered":"<p>El anillo nodal de 360\u00ba de Scorpio es la soluci\u00f3n perfecta para realizar movimientos de roll de c\u00e1mara sin f\u00edn con alta precisi\u00f3n y velocidad asombrosa. El anillo nodal Scorpio 360\u00ba se puede utilizar en cualquier equipo para a\u00f1adir una dimensi\u00f3n m\u00e1s al movimiento de la c\u00e1mara. Se pueden combinar cabezales fluidos, easy-rigs o diferentes cabezales remotos Scorpio para combinar el movimiento de roll del Anillo Nodal con el resto de movimientos de los diferentes soportes de c\u00e1mara.<\/p>\n","protected":false},"featured_media":11990,"comment_status":"open","ping_status":"closed","template":"","meta":[],"product_cat":[178,136,176],"product_tag":[],"yoast_head":"<!-- This site is optimized with the Yoast SEO plugin v19.9 - https:\/\/yoast.com\/wordpress\/plugins\/seo\/ -->\n<title>SCORPIO 360 NODAL RING SMALL - ServiceVision<\/title>\n<meta name=\"description\" content=\"El Nodal Ring 360\u00ba de Scorpio es la soluci\u00f3n perfecta para realizar movimientos de roll de c\u00e1mara sin f\u00edn con alta precisi\u00f3n y velocidad asombrosa.\" \/>\n<meta name=\"robots\" content=\"index, follow, max-snippet:-1, max-image-preview:large, max-video-preview:-1\" \/>\n<link rel=\"canonical\" href=\"https:\/\/www.fusion.servicevision.es\/es\/producto\/grips\/scorpio-heads\/cabezas-estabilizadas-scorpio-heads\/scorpio-360-nodal-ring-small\/\" \/>\n<meta property=\"og:locale\" content=\"es_ES\" \/>\n<meta property=\"og:type\" content=\"article\" \/>\n<meta property=\"og:title\" content=\"SCORPIO 360 NODAL RING SMALL - ServiceVision\" \/>\n<meta property=\"og:description\" content=\"El Nodal Ring 360\u00ba de Scorpio es la soluci\u00f3n perfecta para realizar movimientos de roll de c\u00e1mara sin f\u00edn con alta precisi\u00f3n y velocidad asombrosa.\" \/>\n<meta property=\"og:url\" content=\"https:\/\/www.fusion.servicevision.es\/es\/producto\/grips\/scorpio-heads\/cabezas-estabilizadas-scorpio-heads\/scorpio-360-nodal-ring-small\/\" \/>\n<meta property=\"og:site_name\" content=\"ServiceVision\" \/>\n<meta property=\"article:modified_time\" content=\"2026-03-28T00:22:03+00:00\" \/>\n<meta property=\"og:image\" content=\"https:\/\/www.fusion.servicevision.es\/wp-content\/uploads\/2023\/07\/admin-ajax-1.jpeg\" \/>\n\t<meta property=\"og:image:width\" content=\"400\" \/>\n\t<meta property=\"og:image:height\" content=\"267\" \/>\n\t<meta property=\"og:image:type\" content=\"image\/jpeg\" \/>\n<meta name=\"twitter:card\" content=\"summary_large_image\" \/>\n<script type=\"application\/ld+json\" class=\"yoast-schema-graph\">{\"@context\":\"https:\/\/schema.org\",\"@graph\":[{\"@type\":\"WebPage\",\"@id\":\"https:\/\/www.fusion.servicevision.es\/es\/producto\/grips\/scorpio-heads\/cabezas-estabilizadas-scorpio-heads\/scorpio-360-nodal-ring-small\/\",\"url\":\"https:\/\/www.fusion.servicevision.es\/es\/producto\/grips\/scorpio-heads\/cabezas-estabilizadas-scorpio-heads\/scorpio-360-nodal-ring-small\/\",\"name\":\"SCORPIO 360 NODAL RING SMALL - ServiceVision\",\"isPartOf\":{\"@id\":\"https:\/\/www.fusion.servicevision.es\/es\/#website\"},\"datePublished\":\"2026-03-23T01:04:46+00:00\",\"dateModified\":\"2026-03-28T00:22:03+00:00\",\"description\":\"El Nodal Ring 360\u00ba de Scorpio es la soluci\u00f3n perfecta para realizar movimientos de roll de c\u00e1mara sin f\u00edn con alta precisi\u00f3n y velocidad asombrosa.\",\"breadcrumb\":{\"@id\":\"https:\/\/www.fusion.servicevision.es\/es\/producto\/grips\/scorpio-heads\/cabezas-estabilizadas-scorpio-heads\/scorpio-360-nodal-ring-small\/#breadcrumb\"},\"inLanguage\":\"es\",\"potentialAction\":[{\"@type\":\"ReadAction\",\"target\":[\"https:\/\/www.fusion.servicevision.es\/es\/producto\/grips\/scorpio-heads\/cabezas-estabilizadas-scorpio-heads\/scorpio-360-nodal-ring-small\/\"]}]},{\"@type\":\"BreadcrumbList\",\"@id\":\"https:\/\/www.fusion.servicevision.es\/es\/producto\/grips\/scorpio-heads\/cabezas-estabilizadas-scorpio-heads\/scorpio-360-nodal-ring-small\/#breadcrumb\",\"itemListElement\":[{\"@type\":\"ListItem\",\"position\":1,\"name\":\"Alquiler\",\"item\":\"https:\/\/www.fusion.servicevision.es\/es\/alquiler\/\"},{\"@type\":\"ListItem\",\"position\":2,\"name\":\"SCORPIO 360 NODAL RING SMALL\"}]},{\"@type\":\"WebSite\",\"@id\":\"https:\/\/www.fusion.servicevision.es\/es\/#website\",\"url\":\"https:\/\/www.fusion.servicevision.es\/es\/\",\"name\":\"ServiceVision\",\"description\":\"\",\"potentialAction\":[{\"@type\":\"SearchAction\",\"target\":{\"@type\":\"EntryPoint\",\"urlTemplate\":\"https:\/\/www.fusion.servicevision.es\/es\/?s={search_term_string}\"},\"query-input\":\"required name=search_term_string\"}],\"inLanguage\":\"es\"}]}<\/script>\n<!-- \/ Yoast SEO plugin. -->","yoast_head_json":{"title":"SCORPIO 360 NODAL RING SMALL - ServiceVision","description":"El Nodal Ring 360\u00ba de Scorpio es la soluci\u00f3n perfecta para realizar movimientos de roll de c\u00e1mara sin f\u00edn con alta precisi\u00f3n y velocidad asombrosa.","robots":{"index":"index","follow":"follow","max-snippet":"max-snippet:-1","max-image-preview":"max-image-preview:large","max-video-preview":"max-video-preview:-1"},"canonical":"https:\/\/www.fusion.servicevision.es\/es\/producto\/grips\/scorpio-heads\/cabezas-estabilizadas-scorpio-heads\/scorpio-360-nodal-ring-small\/","og_locale":"es_ES","og_type":"article","og_title":"SCORPIO 360 NODAL RING SMALL - ServiceVision","og_description":"El Nodal Ring 360\u00ba de Scorpio es la soluci\u00f3n perfecta para realizar movimientos de roll de c\u00e1mara sin f\u00edn con alta precisi\u00f3n y velocidad asombrosa.","og_url":"https:\/\/www.fusion.servicevision.es\/es\/producto\/grips\/scorpio-heads\/cabezas-estabilizadas-scorpio-heads\/scorpio-360-nodal-ring-small\/","og_site_name":"ServiceVision","article_modified_time":"2026-03-28T00:22:03+00:00","og_image":[{"width":400,"height":267,"url":"https:\/\/www.fusion.servicevision.es\/wp-content\/uploads\/2023\/07\/admin-ajax-1.jpeg","type":"image\/jpeg"}],"twitter_card":"summary_large_image","schema":{"@context":"https:\/\/schema.org","@graph":[{"@type":"WebPage","@id":"https:\/\/www.fusion.servicevision.es\/es\/producto\/grips\/scorpio-heads\/cabezas-estabilizadas-scorpio-heads\/scorpio-360-nodal-ring-small\/","url":"https:\/\/www.fusion.servicevision.es\/es\/producto\/grips\/scorpio-heads\/cabezas-estabilizadas-scorpio-heads\/scorpio-360-nodal-ring-small\/","name":"SCORPIO 360 NODAL RING SMALL - ServiceVision","isPartOf":{"@id":"https:\/\/www.fusion.servicevision.es\/es\/#website"},"datePublished":"2026-03-23T01:04:46+00:00","dateModified":"2026-03-28T00:22:03+00:00","description":"El Nodal Ring 360\u00ba de Scorpio es la soluci\u00f3n perfecta para realizar movimientos de roll de c\u00e1mara sin f\u00edn con alta precisi\u00f3n y velocidad asombrosa.","breadcrumb":{"@id":"https:\/\/www.fusion.servicevision.es\/es\/producto\/grips\/scorpio-heads\/cabezas-estabilizadas-scorpio-heads\/scorpio-360-nodal-ring-small\/#breadcrumb"},"inLanguage":"es","potentialAction":[{"@type":"ReadAction","target":["https:\/\/www.fusion.servicevision.es\/es\/producto\/grips\/scorpio-heads\/cabezas-estabilizadas-scorpio-heads\/scorpio-360-nodal-ring-small\/"]}]},{"@type":"BreadcrumbList","@id":"https:\/\/www.fusion.servicevision.es\/es\/producto\/grips\/scorpio-heads\/cabezas-estabilizadas-scorpio-heads\/scorpio-360-nodal-ring-small\/#breadcrumb","itemListElement":[{"@type":"ListItem","position":1,"name":"Alquiler","item":"https:\/\/www.fusion.servicevision.es\/es\/alquiler\/"},{"@type":"ListItem","position":2,"name":"SCORPIO 360 NODAL RING SMALL"}]},{"@type":"WebSite","@id":"https:\/\/www.fusion.servicevision.es\/es\/#website","url":"https:\/\/www.fusion.servicevision.es\/es\/","name":"ServiceVision","description":"","potentialAction":[{"@type":"SearchAction","target":{"@type":"EntryPoint","urlTemplate":"https:\/\/www.fusion.servicevision.es\/es\/?s={search_term_string}"},"query-input":"required name=search_term_string"}],"inLanguage":"es"}]}},"jetpack_publicize_connections":[],"_links":{"self":[{"href":"https:\/\/www.fusion.servicevision.es\/es\/wp-json\/wp\/v2\/product\/14594"}],"collection":[{"href":"https:\/\/www.fusion.servicevision.es\/es\/wp-json\/wp\/v2\/product"}],"about":[{"href":"https:\/\/www.fusion.servicevision.es\/es\/wp-json\/wp\/v2\/types\/product"}],"replies":[{"embeddable":true,"href":"https:\/\/www.fusion.servicevision.es\/es\/wp-json\/wp\/v2\/comments?post=14594"}],"wp:featuredmedia":[{"embeddable":true,"href":"https:\/\/www.fusion.servicevision.es\/es\/wp-json\/wp\/v2\/media\/11990"}],"wp:attachment":[{"href":"https:\/\/www.fusion.servicevision.es\/es\/wp-json\/wp\/v2\/media?parent=14594"}],"wp:term":[{"taxonomy":"product_cat","embeddable":true,"href":"https:\/\/www.fusion.servicevision.es\/es\/wp-json\/wp\/v2\/product_cat?post=14594"},{"taxonomy":"product_tag","embeddable":true,"href":"https:\/\/www.fusion.servicevision.es\/es\/wp-json\/wp\/v2\/product_tag?post=14594"}],"curies":[{"name":"wp","href":"https:\/\/api.w.org\/{rel}","templated":true}]}}