{"id":14593,"date":"2026-03-23T01:04:45","date_gmt":"2026-03-23T01:04:45","guid":{"rendered":"https:\/\/www.fusion.servicevision.es\/producto\/e-scorpion\/"},"modified":"2026-03-27T20:23:45","modified_gmt":"2026-03-27T20:23:45","slug":"e-scorpion","status":"publish","type":"product","link":"https:\/\/www.fusion.servicevision.es\/es\/producto\/grips\/vehiculos\/e-scorpion\/","title":{"rendered":"E-SCORPION"},"content":{"rendered":"","protected":false},"excerpt":{"rendered":"<p><span class=\"Y2IQFc\" lang=\"es\">El e-Scorpion es un veh\u00edculo el\u00e9ctrico todo terreno compacto dise\u00f1ado para llevar la Scorpio 45&#8242; o la Scorpio 38&#8242; a lugares de dif\u00edcil acceso o cualquier otro lugar donde el ruido y las emisiones de humo no est\u00e9n permitidos. ha sido dise\u00f1ado considerando la compatibilidad con el equipo Scorpio y la comodidad del t\u00e9cnico, el operador y el conductor.\u00a0<\/span><\/p>\n","protected":false},"featured_media":16617,"comment_status":"open","ping_status":"closed","template":"","meta":[],"product_cat":[216,136,137],"product_tag":[],"yoast_head":"<!-- This site is optimized with the Yoast SEO plugin v19.9 - https:\/\/yoast.com\/wordpress\/plugins\/seo\/ -->\n<title>E-SCORPION - ServiceVision<\/title>\n<meta name=\"description\" content=\"E-Scorpion es un veh\u00edculo el\u00e9ctrico todo terreno compacto dise\u00f1ado para llevar la Scorpio 45&#039; o la Scorpio 38&#039; a lugares de dif\u00edcil acceso.\" \/>\n<meta name=\"robots\" content=\"index, follow, max-snippet:-1, max-image-preview:large, max-video-preview:-1\" \/>\n<link rel=\"canonical\" href=\"https:\/\/www.fusion.servicevision.es\/es\/producto\/grips\/vehiculos\/e-scorpion\/\" \/>\n<meta property=\"og:locale\" content=\"es_ES\" \/>\n<meta property=\"og:type\" content=\"article\" \/>\n<meta property=\"og:title\" content=\"E-SCORPION - ServiceVision\" \/>\n<meta property=\"og:description\" content=\"E-Scorpion es un veh\u00edculo el\u00e9ctrico todo terreno compacto dise\u00f1ado para llevar la Scorpio 45&#039; o la Scorpio 38&#039; a lugares de dif\u00edcil acceso.\" \/>\n<meta property=\"og:url\" content=\"https:\/\/www.fusion.servicevision.es\/es\/producto\/grips\/vehiculos\/e-scorpion\/\" \/>\n<meta property=\"og:site_name\" content=\"ServiceVision\" \/>\n<meta property=\"article:modified_time\" content=\"2026-03-27T20:23:45+00:00\" \/>\n<meta property=\"og:image\" content=\"https:\/\/www.fusion.servicevision.es\/wp-content\/uploads\/2026\/03\/SVS_2110-300x279-1.webp\" \/>\n\t<meta property=\"og:image:width\" content=\"300\" \/>\n\t<meta property=\"og:image:height\" content=\"279\" \/>\n\t<meta property=\"og:image:type\" content=\"image\/webp\" \/>\n<meta name=\"twitter:card\" content=\"summary_large_image\" \/>\n<script type=\"application\/ld+json\" class=\"yoast-schema-graph\">{\"@context\":\"https:\/\/schema.org\",\"@graph\":[{\"@type\":\"WebPage\",\"@id\":\"https:\/\/www.fusion.servicevision.es\/es\/producto\/grips\/vehiculos\/e-scorpion\/\",\"url\":\"https:\/\/www.fusion.servicevision.es\/es\/producto\/grips\/vehiculos\/e-scorpion\/\",\"name\":\"E-SCORPION - ServiceVision\",\"isPartOf\":{\"@id\":\"https:\/\/www.fusion.servicevision.es\/es\/#website\"},\"datePublished\":\"2026-03-23T01:04:45+00:00\",\"dateModified\":\"2026-03-27T20:23:45+00:00\",\"description\":\"E-Scorpion es un veh\u00edculo el\u00e9ctrico todo terreno compacto dise\u00f1ado para llevar la Scorpio 45' o la Scorpio 38' a lugares de dif\u00edcil acceso.\",\"breadcrumb\":{\"@id\":\"https:\/\/www.fusion.servicevision.es\/es\/producto\/grips\/vehiculos\/e-scorpion\/#breadcrumb\"},\"inLanguage\":\"es\",\"potentialAction\":[{\"@type\":\"ReadAction\",\"target\":[\"https:\/\/www.fusion.servicevision.es\/es\/producto\/grips\/vehiculos\/e-scorpion\/\"]}]},{\"@type\":\"BreadcrumbList\",\"@id\":\"https:\/\/www.fusion.servicevision.es\/es\/producto\/grips\/vehiculos\/e-scorpion\/#breadcrumb\",\"itemListElement\":[{\"@type\":\"ListItem\",\"position\":1,\"name\":\"Alquiler\",\"item\":\"https:\/\/www.fusion.servicevision.es\/es\/alquiler\/\"},{\"@type\":\"ListItem\",\"position\":2,\"name\":\"E-SCORPION\"}]},{\"@type\":\"WebSite\",\"@id\":\"https:\/\/www.fusion.servicevision.es\/es\/#website\",\"url\":\"https:\/\/www.fusion.servicevision.es\/es\/\",\"name\":\"ServiceVision\",\"description\":\"\",\"potentialAction\":[{\"@type\":\"SearchAction\",\"target\":{\"@type\":\"EntryPoint\",\"urlTemplate\":\"https:\/\/www.fusion.servicevision.es\/es\/?s={search_term_string}\"},\"query-input\":\"required name=search_term_string\"}],\"inLanguage\":\"es\"}]}<\/script>\n<!-- \/ Yoast SEO plugin. -->","yoast_head_json":{"title":"E-SCORPION - ServiceVision","description":"E-Scorpion es un veh\u00edculo el\u00e9ctrico todo terreno compacto dise\u00f1ado para llevar la Scorpio 45' o la Scorpio 38' a lugares de dif\u00edcil acceso.","robots":{"index":"index","follow":"follow","max-snippet":"max-snippet:-1","max-image-preview":"max-image-preview:large","max-video-preview":"max-video-preview:-1"},"canonical":"https:\/\/www.fusion.servicevision.es\/es\/producto\/grips\/vehiculos\/e-scorpion\/","og_locale":"es_ES","og_type":"article","og_title":"E-SCORPION - ServiceVision","og_description":"E-Scorpion es un veh\u00edculo el\u00e9ctrico todo terreno compacto dise\u00f1ado para llevar la Scorpio 45' o la Scorpio 38' a lugares de dif\u00edcil acceso.","og_url":"https:\/\/www.fusion.servicevision.es\/es\/producto\/grips\/vehiculos\/e-scorpion\/","og_site_name":"ServiceVision","article_modified_time":"2026-03-27T20:23:45+00:00","og_image":[{"width":300,"height":279,"url":"https:\/\/www.fusion.servicevision.es\/wp-content\/uploads\/2026\/03\/SVS_2110-300x279-1.webp","type":"image\/webp"}],"twitter_card":"summary_large_image","schema":{"@context":"https:\/\/schema.org","@graph":[{"@type":"WebPage","@id":"https:\/\/www.fusion.servicevision.es\/es\/producto\/grips\/vehiculos\/e-scorpion\/","url":"https:\/\/www.fusion.servicevision.es\/es\/producto\/grips\/vehiculos\/e-scorpion\/","name":"E-SCORPION - ServiceVision","isPartOf":{"@id":"https:\/\/www.fusion.servicevision.es\/es\/#website"},"datePublished":"2026-03-23T01:04:45+00:00","dateModified":"2026-03-27T20:23:45+00:00","description":"E-Scorpion es un veh\u00edculo el\u00e9ctrico todo terreno compacto dise\u00f1ado para llevar la Scorpio 45' o la Scorpio 38' a lugares de dif\u00edcil acceso.","breadcrumb":{"@id":"https:\/\/www.fusion.servicevision.es\/es\/producto\/grips\/vehiculos\/e-scorpion\/#breadcrumb"},"inLanguage":"es","potentialAction":[{"@type":"ReadAction","target":["https:\/\/www.fusion.servicevision.es\/es\/producto\/grips\/vehiculos\/e-scorpion\/"]}]},{"@type":"BreadcrumbList","@id":"https:\/\/www.fusion.servicevision.es\/es\/producto\/grips\/vehiculos\/e-scorpion\/#breadcrumb","itemListElement":[{"@type":"ListItem","position":1,"name":"Alquiler","item":"https:\/\/www.fusion.servicevision.es\/es\/alquiler\/"},{"@type":"ListItem","position":2,"name":"E-SCORPION"}]},{"@type":"WebSite","@id":"https:\/\/www.fusion.servicevision.es\/es\/#website","url":"https:\/\/www.fusion.servicevision.es\/es\/","name":"ServiceVision","description":"","potentialAction":[{"@type":"SearchAction","target":{"@type":"EntryPoint","urlTemplate":"https:\/\/www.fusion.servicevision.es\/es\/?s={search_term_string}"},"query-input":"required name=search_term_string"}],"inLanguage":"es"}]}},"jetpack_publicize_connections":[],"_links":{"self":[{"href":"https:\/\/www.fusion.servicevision.es\/es\/wp-json\/wp\/v2\/product\/14593"}],"collection":[{"href":"https:\/\/www.fusion.servicevision.es\/es\/wp-json\/wp\/v2\/product"}],"about":[{"href":"https:\/\/www.fusion.servicevision.es\/es\/wp-json\/wp\/v2\/types\/product"}],"replies":[{"embeddable":true,"href":"https:\/\/www.fusion.servicevision.es\/es\/wp-json\/wp\/v2\/comments?post=14593"}],"wp:featuredmedia":[{"embeddable":true,"href":"https:\/\/www.fusion.servicevision.es\/es\/wp-json\/wp\/v2\/media\/16617"}],"wp:attachment":[{"href":"https:\/\/www.fusion.servicevision.es\/es\/wp-json\/wp\/v2\/media?parent=14593"}],"wp:term":[{"taxonomy":"product_cat","embeddable":true,"href":"https:\/\/www.fusion.servicevision.es\/es\/wp-json\/wp\/v2\/product_cat?post=14593"},{"taxonomy":"product_tag","embeddable":true,"href":"https:\/\/www.fusion.servicevision.es\/es\/wp-json\/wp\/v2\/product_tag?post=14593"}],"curies":[{"name":"wp","href":"https:\/\/api.w.org\/{rel}","templated":true}]}}