{"id":14590,"date":"2026-03-23T01:04:42","date_gmt":"2026-03-23T01:04:42","guid":{"rendered":"https:\/\/www.fusion.servicevision.es\/producto\/scorpio-23-copia\/"},"modified":"2026-03-23T01:04:42","modified_gmt":"2026-03-23T01:04:42","slug":"scorpio-23-copia","status":"publish","type":"product","link":"https:\/\/www.fusion.servicevision.es\/es\/producto\/grips\/gruas-telescopicas-grips\/scorpio-23\/scorpio-23-copia\/","title":{"rendered":"SCORPIO 23 (copia)"},"content":{"rendered":"<p><strong>Sistema para rastrear la posici\u00f3n de la c\u00e1mara en 3D<\/strong><br \/>\nn<br \/>\nnEs un sistema de seguimiento de c\u00e1mara para estudio virtual y realidad aumentada. Las gr\u00faas, cabezas y viajes Scorpio pueden realizar el seguimiento de la c\u00e1mara con el sistema de integraci\u00f3n para la realidad aumentada en tiempo real y la transmisi\u00f3n de estudio virtual.<br \/>\nnPosibilidad de interconexi\u00f3n entre la cabeza del Scorpio y la gr\u00faa, lo que nos permite realizar un giro hacia atr\u00e1s, la cabeza seguir\u00e1 un objetivo, previamente elegido al establecer la distancia, de acuerdo con los movimientos de la gr\u00faa (movimientos de giro, inclinaci\u00f3n y telesc\u00f3pico).<\/p>\n","protected":false},"excerpt":{"rendered":"<p>Sistema para rastrear la posici\u00f3n de la c\u00e1mara en 3D n nEs un sistema de seguimiento de c\u00e1mara para estudio virtual y realidad aumentada. Las gr\u00faas, cabezas y viajes Scorpio pueden realizar el seguimiento de la c\u00e1mara con el sistema de integraci\u00f3n para la realidad aumentada en tiempo real y la transmisi\u00f3n de estudio virtual.&hellip;<\/p>\n","protected":false},"featured_media":10564,"comment_status":"open","ping_status":"closed","template":"","meta":[],"product_cat":[172],"product_tag":[],"yoast_head":"<!-- This site is optimized with the Yoast SEO plugin v19.9 - https:\/\/yoast.com\/wordpress\/plugins\/seo\/ -->\n<title>Veh\u00edculos y gruas para rodajes - SCORPIO 23 - ServiceVision<\/title>\n<meta name=\"description\" content=\"SCORPIO 23&#039;. Consultas y soporte t\u00e9cnico en Servicevision, fabricaci\u00f3n y alquiler de equipos para rodajes cinematogr\u00e1ficos.\" \/>\n<meta name=\"robots\" content=\"index, follow, max-snippet:-1, max-image-preview:large, max-video-preview:-1\" \/>\n<link rel=\"canonical\" href=\"https:\/\/www.fusion.servicevision.es\/es\/producto\/grips\/gruas-telescopicas-grips\/scorpio-23\/scorpio-23-copia\/\" \/>\n<meta property=\"og:locale\" content=\"es_ES\" \/>\n<meta property=\"og:type\" content=\"article\" \/>\n<meta property=\"og:title\" content=\"Veh\u00edculos y gruas para rodajes - SCORPIO 23 - ServiceVision\" \/>\n<meta property=\"og:description\" content=\"SCORPIO 23&#039;. Consultas y soporte t\u00e9cnico en Servicevision, fabricaci\u00f3n y alquiler de equipos para rodajes cinematogr\u00e1ficos.\" \/>\n<meta property=\"og:url\" content=\"https:\/\/www.fusion.servicevision.es\/es\/producto\/grips\/gruas-telescopicas-grips\/scorpio-23\/scorpio-23-copia\/\" \/>\n<meta property=\"og:site_name\" content=\"ServiceVision\" \/>\n<meta property=\"og:image\" content=\"https:\/\/www.fusion.servicevision.es\/wp-content\/uploads\/2019\/05\/scorpio23.png\" \/>\n\t<meta property=\"og:image:width\" content=\"1389\" \/>\n\t<meta property=\"og:image:height\" content=\"1255\" \/>\n\t<meta property=\"og:image:type\" content=\"image\/png\" \/>\n<meta name=\"twitter:card\" content=\"summary_large_image\" \/>\n<meta name=\"twitter:label1\" content=\"Tiempo de lectura\" \/>\n\t<meta name=\"twitter:data1\" content=\"1 minuto\" \/>\n<script type=\"application\/ld+json\" class=\"yoast-schema-graph\">{\"@context\":\"https:\/\/schema.org\",\"@graph\":[{\"@type\":\"WebPage\",\"@id\":\"https:\/\/www.fusion.servicevision.es\/es\/producto\/grips\/gruas-telescopicas-grips\/scorpio-23\/scorpio-23-copia\/\",\"url\":\"https:\/\/www.fusion.servicevision.es\/es\/producto\/grips\/gruas-telescopicas-grips\/scorpio-23\/scorpio-23-copia\/\",\"name\":\"Veh\u00edculos y gruas para rodajes - SCORPIO 23 - ServiceVision\",\"isPartOf\":{\"@id\":\"https:\/\/www.fusion.servicevision.es\/es\/#website\"},\"datePublished\":\"2026-03-23T01:04:42+00:00\",\"dateModified\":\"2026-03-23T01:04:42+00:00\",\"description\":\"SCORPIO 23'. Consultas y soporte t\u00e9cnico en Servicevision, fabricaci\u00f3n y alquiler de equipos para rodajes cinematogr\u00e1ficos.\",\"breadcrumb\":{\"@id\":\"https:\/\/www.fusion.servicevision.es\/es\/producto\/grips\/gruas-telescopicas-grips\/scorpio-23\/scorpio-23-copia\/#breadcrumb\"},\"inLanguage\":\"es\",\"potentialAction\":[{\"@type\":\"ReadAction\",\"target\":[\"https:\/\/www.fusion.servicevision.es\/es\/producto\/grips\/gruas-telescopicas-grips\/scorpio-23\/scorpio-23-copia\/\"]}]},{\"@type\":\"BreadcrumbList\",\"@id\":\"https:\/\/www.fusion.servicevision.es\/es\/producto\/grips\/gruas-telescopicas-grips\/scorpio-23\/scorpio-23-copia\/#breadcrumb\",\"itemListElement\":[{\"@type\":\"ListItem\",\"position\":1,\"name\":\"Alquiler\",\"item\":\"https:\/\/www.fusion.servicevision.es\/es\/alquiler\/\"},{\"@type\":\"ListItem\",\"position\":2,\"name\":\"SCORPIO 23 (copia)\"}]},{\"@type\":\"WebSite\",\"@id\":\"https:\/\/www.fusion.servicevision.es\/es\/#website\",\"url\":\"https:\/\/www.fusion.servicevision.es\/es\/\",\"name\":\"ServiceVision\",\"description\":\"\",\"potentialAction\":[{\"@type\":\"SearchAction\",\"target\":{\"@type\":\"EntryPoint\",\"urlTemplate\":\"https:\/\/www.fusion.servicevision.es\/es\/?s={search_term_string}\"},\"query-input\":\"required name=search_term_string\"}],\"inLanguage\":\"es\"}]}<\/script>\n<!-- \/ Yoast SEO plugin. -->","yoast_head_json":{"title":"Veh\u00edculos y gruas para rodajes - SCORPIO 23 - ServiceVision","description":"SCORPIO 23'. Consultas y soporte t\u00e9cnico en Servicevision, fabricaci\u00f3n y alquiler de equipos para rodajes cinematogr\u00e1ficos.","robots":{"index":"index","follow":"follow","max-snippet":"max-snippet:-1","max-image-preview":"max-image-preview:large","max-video-preview":"max-video-preview:-1"},"canonical":"https:\/\/www.fusion.servicevision.es\/es\/producto\/grips\/gruas-telescopicas-grips\/scorpio-23\/scorpio-23-copia\/","og_locale":"es_ES","og_type":"article","og_title":"Veh\u00edculos y gruas para rodajes - SCORPIO 23 - ServiceVision","og_description":"SCORPIO 23'. Consultas y soporte t\u00e9cnico en Servicevision, fabricaci\u00f3n y alquiler de equipos para rodajes cinematogr\u00e1ficos.","og_url":"https:\/\/www.fusion.servicevision.es\/es\/producto\/grips\/gruas-telescopicas-grips\/scorpio-23\/scorpio-23-copia\/","og_site_name":"ServiceVision","og_image":[{"width":1389,"height":1255,"url":"https:\/\/www.fusion.servicevision.es\/wp-content\/uploads\/2019\/05\/scorpio23.png","type":"image\/png"}],"twitter_card":"summary_large_image","twitter_misc":{"Tiempo de lectura":"1 minuto"},"schema":{"@context":"https:\/\/schema.org","@graph":[{"@type":"WebPage","@id":"https:\/\/www.fusion.servicevision.es\/es\/producto\/grips\/gruas-telescopicas-grips\/scorpio-23\/scorpio-23-copia\/","url":"https:\/\/www.fusion.servicevision.es\/es\/producto\/grips\/gruas-telescopicas-grips\/scorpio-23\/scorpio-23-copia\/","name":"Veh\u00edculos y gruas para rodajes - SCORPIO 23 - ServiceVision","isPartOf":{"@id":"https:\/\/www.fusion.servicevision.es\/es\/#website"},"datePublished":"2026-03-23T01:04:42+00:00","dateModified":"2026-03-23T01:04:42+00:00","description":"SCORPIO 23'. Consultas y soporte t\u00e9cnico en Servicevision, fabricaci\u00f3n y alquiler de equipos para rodajes cinematogr\u00e1ficos.","breadcrumb":{"@id":"https:\/\/www.fusion.servicevision.es\/es\/producto\/grips\/gruas-telescopicas-grips\/scorpio-23\/scorpio-23-copia\/#breadcrumb"},"inLanguage":"es","potentialAction":[{"@type":"ReadAction","target":["https:\/\/www.fusion.servicevision.es\/es\/producto\/grips\/gruas-telescopicas-grips\/scorpio-23\/scorpio-23-copia\/"]}]},{"@type":"BreadcrumbList","@id":"https:\/\/www.fusion.servicevision.es\/es\/producto\/grips\/gruas-telescopicas-grips\/scorpio-23\/scorpio-23-copia\/#breadcrumb","itemListElement":[{"@type":"ListItem","position":1,"name":"Alquiler","item":"https:\/\/www.fusion.servicevision.es\/es\/alquiler\/"},{"@type":"ListItem","position":2,"name":"SCORPIO 23 (copia)"}]},{"@type":"WebSite","@id":"https:\/\/www.fusion.servicevision.es\/es\/#website","url":"https:\/\/www.fusion.servicevision.es\/es\/","name":"ServiceVision","description":"","potentialAction":[{"@type":"SearchAction","target":{"@type":"EntryPoint","urlTemplate":"https:\/\/www.fusion.servicevision.es\/es\/?s={search_term_string}"},"query-input":"required name=search_term_string"}],"inLanguage":"es"}]}},"jetpack_publicize_connections":[],"_links":{"self":[{"href":"https:\/\/www.fusion.servicevision.es\/es\/wp-json\/wp\/v2\/product\/14590"}],"collection":[{"href":"https:\/\/www.fusion.servicevision.es\/es\/wp-json\/wp\/v2\/product"}],"about":[{"href":"https:\/\/www.fusion.servicevision.es\/es\/wp-json\/wp\/v2\/types\/product"}],"replies":[{"embeddable":true,"href":"https:\/\/www.fusion.servicevision.es\/es\/wp-json\/wp\/v2\/comments?post=14590"}],"wp:featuredmedia":[{"embeddable":true,"href":"https:\/\/www.fusion.servicevision.es\/es\/wp-json\/wp\/v2\/media\/10564"}],"wp:attachment":[{"href":"https:\/\/www.fusion.servicevision.es\/es\/wp-json\/wp\/v2\/media?parent=14590"}],"wp:term":[{"taxonomy":"product_cat","embeddable":true,"href":"https:\/\/www.fusion.servicevision.es\/es\/wp-json\/wp\/v2\/product_cat?post=14590"},{"taxonomy":"product_tag","embeddable":true,"href":"https:\/\/www.fusion.servicevision.es\/es\/wp-json\/wp\/v2\/product_tag?post=14590"}],"curies":[{"name":"wp","href":"https:\/\/api.w.org\/{rel}","templated":true}]}}