{"id":14589,"date":"2026-03-23T01:04:42","date_gmt":"2026-03-23T01:04:42","guid":{"rendered":"https:\/\/www.fusion.servicevision.es\/producto\/cooke-s8-i-ff-2\/"},"modified":"2026-03-23T01:04:42","modified_gmt":"2026-03-23T01:04:42","slug":"cooke-s8-i-ff-2","status":"publish","type":"product","link":"https:\/\/www.fusion.servicevision.es\/es\/producto\/camaras\/objetivos-y-zooms\/esfericos\/cooke-s8-i-ff-2\/","title":{"rendered":"COOKE S8\/i FF"},"content":{"rendered":"<p><span style=\"color: #000000\">Los objetivos fijos S8\/i de Cooke son m\u00e1s ligeros y peque\u00f1os que los objetivos Cooke de Full Frame anteriores y con mayor apertura. Exhibe la agradable calidez y el aspecto creativo de Cooke. Cada lente presenta un dise\u00f1o Cooke uniforme de alta calidad y utiliza i\/Data de Cooke para la captura inteligente de metadatos.<\/span><br \/>\nn<br \/>\nn<span style=\"color: #000000\"><a style=\"color: #000000\" href=\"https:\/\/cookeoptics.com\/es\/lens\/s8-i-ff\/\">Estos objetivos ofrecen una calidad cinematogr\u00e1fica org\u00e1nica \u00fanica, con un hermoso&nbsp;bokeh suave y esf\u00e9rico&nbsp;y&nbsp;aberraciones crom\u00e1ticas m\u00ednimas<\/a>. Su dise\u00f1o totalmente esf\u00e9rico y su gran apertura los convierten en una elecci\u00f3n fant\u00e1stica para cineastas y directores de fotograf\u00eda.<\/span><\/p>\n","protected":false},"excerpt":{"rendered":"<p>Los objetivos fijos S8\/i de Cooke son m\u00e1s ligeros y peque\u00f1os que los objetivos Cooke de Full Frame anteriores y con mayor apertura. Exhibe la agradable calidez y el aspecto creativo de Cooke. Cada lente presenta un dise\u00f1o Cooke uniforme de alta calidad y utiliza i\/Data de Cooke para la captura inteligente de metadatos. n&hellip;<\/p>\n","protected":false},"featured_media":11940,"comment_status":"open","ping_status":"closed","template":"","meta":[],"product_cat":[150,141],"product_tag":[],"yoast_head":"<!-- This site is optimized with the Yoast SEO plugin v19.9 - https:\/\/yoast.com\/wordpress\/plugins\/seo\/ -->\n<title>COOKE S8\/i FF - ServiceVision<\/title>\n<meta name=\"description\" content=\"El S8\/i FF es una gama de objetivos de cine de fotograma completo de alta velocidad de Cooke Optics. Consta de 16 distancias focales diferentes de 18 mm a 350 mm, todas creadas con el mismo est\u00e1ndar exacto y hechas a mano con la misma calidad y fiabilidad excepcionales. La l\u00ednea de 11 lentes ya est\u00e1 disponible (18, 25, 27, 32, 35, 40, 50, 65, 75, 100 y 135 mm), con m\u00e1s distancias focales m\u00e1s adelante en 2023. ServiceVision - COOKE S8\/i FF\" \/>\n<meta name=\"robots\" content=\"index, follow, max-snippet:-1, max-image-preview:large, max-video-preview:-1\" \/>\n<link rel=\"canonical\" href=\"https:\/\/www.fusion.servicevision.es\/es\/producto\/camaras\/objetivos-y-zooms\/esfericos\/cooke-s8-i-ff-2\/\" \/>\n<meta property=\"og:locale\" content=\"es_ES\" \/>\n<meta property=\"og:type\" content=\"article\" \/>\n<meta property=\"og:title\" content=\"COOKE S8\/i FF - ServiceVision\" \/>\n<meta property=\"og:description\" content=\"El S8\/i FF es una gama de objetivos de cine de fotograma completo de alta velocidad de Cooke Optics. Consta de 16 distancias focales diferentes de 18 mm a 350 mm, todas creadas con el mismo est\u00e1ndar exacto y hechas a mano con la misma calidad y fiabilidad excepcionales. La l\u00ednea de 11 lentes ya est\u00e1 disponible (18, 25, 27, 32, 35, 40, 50, 65, 75, 100 y 135 mm), con m\u00e1s distancias focales m\u00e1s adelante en 2023. ServiceVision - COOKE S8\/i FF\" \/>\n<meta property=\"og:url\" content=\"https:\/\/www.fusion.servicevision.es\/es\/producto\/camaras\/objetivos-y-zooms\/esfericos\/cooke-s8-i-ff-2\/\" \/>\n<meta property=\"og:site_name\" content=\"ServiceVision\" \/>\n<meta property=\"og:image\" content=\"https:\/\/www.fusion.servicevision.es\/wp-content\/uploads\/2023\/05\/CookeS8_SinFondo_WebOk.jpg\" \/>\n\t<meta property=\"og:image:width\" content=\"2500\" \/>\n\t<meta property=\"og:image:height\" content=\"1668\" \/>\n\t<meta property=\"og:image:type\" content=\"image\/jpeg\" \/>\n<meta name=\"twitter:card\" content=\"summary_large_image\" \/>\n<meta name=\"twitter:label1\" content=\"Tiempo de lectura\" \/>\n\t<meta name=\"twitter:data1\" content=\"1 minuto\" \/>\n<script type=\"application\/ld+json\" class=\"yoast-schema-graph\">{\"@context\":\"https:\/\/schema.org\",\"@graph\":[{\"@type\":\"WebPage\",\"@id\":\"https:\/\/www.fusion.servicevision.es\/es\/producto\/camaras\/objetivos-y-zooms\/esfericos\/cooke-s8-i-ff-2\/\",\"url\":\"https:\/\/www.fusion.servicevision.es\/es\/producto\/camaras\/objetivos-y-zooms\/esfericos\/cooke-s8-i-ff-2\/\",\"name\":\"COOKE S8\/i FF - ServiceVision\",\"isPartOf\":{\"@id\":\"https:\/\/www.fusion.servicevision.es\/es\/#website\"},\"datePublished\":\"2026-03-23T01:04:42+00:00\",\"dateModified\":\"2026-03-23T01:04:42+00:00\",\"description\":\"El S8\/i FF es una gama de objetivos de cine de fotograma completo de alta velocidad de Cooke Optics. Consta de 16 distancias focales diferentes de 18 mm a 350 mm, todas creadas con el mismo est\u00e1ndar exacto y hechas a mano con la misma calidad y fiabilidad excepcionales. La l\u00ednea de 11 lentes ya est\u00e1 disponible (18, 25, 27, 32, 35, 40, 50, 65, 75, 100 y 135 mm), con m\u00e1s distancias focales m\u00e1s adelante en 2023. ServiceVision - COOKE S8\/i FF\",\"breadcrumb\":{\"@id\":\"https:\/\/www.fusion.servicevision.es\/es\/producto\/camaras\/objetivos-y-zooms\/esfericos\/cooke-s8-i-ff-2\/#breadcrumb\"},\"inLanguage\":\"es\",\"potentialAction\":[{\"@type\":\"ReadAction\",\"target\":[\"https:\/\/www.fusion.servicevision.es\/es\/producto\/camaras\/objetivos-y-zooms\/esfericos\/cooke-s8-i-ff-2\/\"]}]},{\"@type\":\"BreadcrumbList\",\"@id\":\"https:\/\/www.fusion.servicevision.es\/es\/producto\/camaras\/objetivos-y-zooms\/esfericos\/cooke-s8-i-ff-2\/#breadcrumb\",\"itemListElement\":[{\"@type\":\"ListItem\",\"position\":1,\"name\":\"Alquiler\",\"item\":\"https:\/\/www.fusion.servicevision.es\/es\/alquiler\/\"},{\"@type\":\"ListItem\",\"position\":2,\"name\":\"COOKE S8\/i FF\"}]},{\"@type\":\"WebSite\",\"@id\":\"https:\/\/www.fusion.servicevision.es\/es\/#website\",\"url\":\"https:\/\/www.fusion.servicevision.es\/es\/\",\"name\":\"ServiceVision\",\"description\":\"\",\"potentialAction\":[{\"@type\":\"SearchAction\",\"target\":{\"@type\":\"EntryPoint\",\"urlTemplate\":\"https:\/\/www.fusion.servicevision.es\/es\/?s={search_term_string}\"},\"query-input\":\"required name=search_term_string\"}],\"inLanguage\":\"es\"}]}<\/script>\n<!-- \/ Yoast SEO plugin. -->","yoast_head_json":{"title":"COOKE S8\/i FF - ServiceVision","description":"El S8\/i FF es una gama de objetivos de cine de fotograma completo de alta velocidad de Cooke Optics. Consta de 16 distancias focales diferentes de 18 mm a 350 mm, todas creadas con el mismo est\u00e1ndar exacto y hechas a mano con la misma calidad y fiabilidad excepcionales. La l\u00ednea de 11 lentes ya est\u00e1 disponible (18, 25, 27, 32, 35, 40, 50, 65, 75, 100 y 135 mm), con m\u00e1s distancias focales m\u00e1s adelante en 2023. ServiceVision - COOKE S8\/i FF","robots":{"index":"index","follow":"follow","max-snippet":"max-snippet:-1","max-image-preview":"max-image-preview:large","max-video-preview":"max-video-preview:-1"},"canonical":"https:\/\/www.fusion.servicevision.es\/es\/producto\/camaras\/objetivos-y-zooms\/esfericos\/cooke-s8-i-ff-2\/","og_locale":"es_ES","og_type":"article","og_title":"COOKE S8\/i FF - ServiceVision","og_description":"El S8\/i FF es una gama de objetivos de cine de fotograma completo de alta velocidad de Cooke Optics. Consta de 16 distancias focales diferentes de 18 mm a 350 mm, todas creadas con el mismo est\u00e1ndar exacto y hechas a mano con la misma calidad y fiabilidad excepcionales. La l\u00ednea de 11 lentes ya est\u00e1 disponible (18, 25, 27, 32, 35, 40, 50, 65, 75, 100 y 135 mm), con m\u00e1s distancias focales m\u00e1s adelante en 2023. ServiceVision - COOKE S8\/i FF","og_url":"https:\/\/www.fusion.servicevision.es\/es\/producto\/camaras\/objetivos-y-zooms\/esfericos\/cooke-s8-i-ff-2\/","og_site_name":"ServiceVision","og_image":[{"width":2500,"height":1668,"url":"https:\/\/www.fusion.servicevision.es\/wp-content\/uploads\/2023\/05\/CookeS8_SinFondo_WebOk.jpg","type":"image\/jpeg"}],"twitter_card":"summary_large_image","twitter_misc":{"Tiempo de lectura":"1 minuto"},"schema":{"@context":"https:\/\/schema.org","@graph":[{"@type":"WebPage","@id":"https:\/\/www.fusion.servicevision.es\/es\/producto\/camaras\/objetivos-y-zooms\/esfericos\/cooke-s8-i-ff-2\/","url":"https:\/\/www.fusion.servicevision.es\/es\/producto\/camaras\/objetivos-y-zooms\/esfericos\/cooke-s8-i-ff-2\/","name":"COOKE S8\/i FF - ServiceVision","isPartOf":{"@id":"https:\/\/www.fusion.servicevision.es\/es\/#website"},"datePublished":"2026-03-23T01:04:42+00:00","dateModified":"2026-03-23T01:04:42+00:00","description":"El S8\/i FF es una gama de objetivos de cine de fotograma completo de alta velocidad de Cooke Optics. Consta de 16 distancias focales diferentes de 18 mm a 350 mm, todas creadas con el mismo est\u00e1ndar exacto y hechas a mano con la misma calidad y fiabilidad excepcionales. La l\u00ednea de 11 lentes ya est\u00e1 disponible (18, 25, 27, 32, 35, 40, 50, 65, 75, 100 y 135 mm), con m\u00e1s distancias focales m\u00e1s adelante en 2023. ServiceVision - COOKE S8\/i FF","breadcrumb":{"@id":"https:\/\/www.fusion.servicevision.es\/es\/producto\/camaras\/objetivos-y-zooms\/esfericos\/cooke-s8-i-ff-2\/#breadcrumb"},"inLanguage":"es","potentialAction":[{"@type":"ReadAction","target":["https:\/\/www.fusion.servicevision.es\/es\/producto\/camaras\/objetivos-y-zooms\/esfericos\/cooke-s8-i-ff-2\/"]}]},{"@type":"BreadcrumbList","@id":"https:\/\/www.fusion.servicevision.es\/es\/producto\/camaras\/objetivos-y-zooms\/esfericos\/cooke-s8-i-ff-2\/#breadcrumb","itemListElement":[{"@type":"ListItem","position":1,"name":"Alquiler","item":"https:\/\/www.fusion.servicevision.es\/es\/alquiler\/"},{"@type":"ListItem","position":2,"name":"COOKE S8\/i FF"}]},{"@type":"WebSite","@id":"https:\/\/www.fusion.servicevision.es\/es\/#website","url":"https:\/\/www.fusion.servicevision.es\/es\/","name":"ServiceVision","description":"","potentialAction":[{"@type":"SearchAction","target":{"@type":"EntryPoint","urlTemplate":"https:\/\/www.fusion.servicevision.es\/es\/?s={search_term_string}"},"query-input":"required name=search_term_string"}],"inLanguage":"es"}]}},"jetpack_publicize_connections":[],"_links":{"self":[{"href":"https:\/\/www.fusion.servicevision.es\/es\/wp-json\/wp\/v2\/product\/14589"}],"collection":[{"href":"https:\/\/www.fusion.servicevision.es\/es\/wp-json\/wp\/v2\/product"}],"about":[{"href":"https:\/\/www.fusion.servicevision.es\/es\/wp-json\/wp\/v2\/types\/product"}],"replies":[{"embeddable":true,"href":"https:\/\/www.fusion.servicevision.es\/es\/wp-json\/wp\/v2\/comments?post=14589"}],"wp:featuredmedia":[{"embeddable":true,"href":"https:\/\/www.fusion.servicevision.es\/es\/wp-json\/wp\/v2\/media\/11940"}],"wp:attachment":[{"href":"https:\/\/www.fusion.servicevision.es\/es\/wp-json\/wp\/v2\/media?parent=14589"}],"wp:term":[{"taxonomy":"product_cat","embeddable":true,"href":"https:\/\/www.fusion.servicevision.es\/es\/wp-json\/wp\/v2\/product_cat?post=14589"},{"taxonomy":"product_tag","embeddable":true,"href":"https:\/\/www.fusion.servicevision.es\/es\/wp-json\/wp\/v2\/product_tag?post=14589"}],"curies":[{"name":"wp","href":"https:\/\/api.w.org\/{rel}","templated":true}]}}