{"id":14588,"date":"2026-03-23T01:04:41","date_gmt":"2026-03-23T01:04:41","guid":{"rendered":"https:\/\/www.fusion.servicevision.es\/producto\/tribe7-blackwing-t-tuned\/"},"modified":"2026-03-27T06:27:59","modified_gmt":"2026-03-27T06:27:59","slug":"tribe7-blackwing-t-tuned","status":"publish","type":"product","link":"https:\/\/www.fusion.servicevision.es\/es\/producto\/camaras\/objetivos-y-zooms\/objetivos-y-juegos-pl-full-frame-objetivos-y-zooms\/tribe7-blackwing-t-tuned\/","title":{"rendered":"TRIBE7 BLACKWING T-TUNED"},"content":{"rendered":"","protected":false},"excerpt":{"rendered":"<p><span style=\"color: #000000;\">Cada lente BLACKWING7 est\u00e1 construida a mano, utilizando procesos de producci\u00f3n patentados que permiten que el rendimiento \u00f3ptico de cada lente de la gama se configure y ajuste de manera \u00fanica seg\u00fan los deseos y el estilo creativo de su propietario. Tres tonalidades preestablecidas est\u00e1n disponibles bajo pedido.<\/span><\/p>\n<p><span style=\"color: #000000;\">El ajuste Tuned \u00abT\u00bb proporciona una imagen m\u00e1s suave con un poco m\u00e1s de enfoque y deslumbramiento.<\/span><\/p>\n<p><span style=\"color: #000000;\">Muchas de las claves del dise\u00f1o de los objetivos BLACKWING7 se originan en \u00f3pticas fabricadas entre 1930 y 1960<\/span><\/p>\n<p><span style=\"color: #000000;\">La gama de lentes comprende nueve distancias focales: un conjunto b\u00e1sico de siete m\u00e1s dos lentes gran angular adicionales, configurables y personalizables en el punto de fabricaci\u00f3n.<\/span><\/p>\n","protected":false},"featured_media":11904,"comment_status":"open","ping_status":"closed","template":"","meta":[],"product_cat":[150,147,141,15],"product_tag":[],"yoast_head":"<!-- This site is optimized with the Yoast SEO plugin v19.9 - https:\/\/yoast.com\/wordpress\/plugins\/seo\/ -->\n<title>TRIBE7 BLACKWING T-TUNED - ServiceVision<\/title>\n<meta name=\"description\" content=\"Los objetivos Tribe7 Blackwing7 T-tuned son en gran medida los objetivos caballos de batalla de la gama Blackwing7. Tienen un perfil de afinaci\u00f3n que exagera a\u00fan m\u00e1s la ca\u00edda del contraste hacia el borde del marco y proporciona una mayor halaci\u00f3n del borde.\" \/>\n<meta name=\"robots\" content=\"index, follow, max-snippet:-1, max-image-preview:large, max-video-preview:-1\" \/>\n<link rel=\"canonical\" href=\"https:\/\/www.fusion.servicevision.es\/es\/producto\/camaras\/objetivos-y-zooms\/objetivos-y-juegos-pl-full-frame-objetivos-y-zooms\/tribe7-blackwing-t-tuned\/\" \/>\n<meta property=\"og:locale\" content=\"es_ES\" \/>\n<meta property=\"og:type\" content=\"article\" \/>\n<meta property=\"og:title\" content=\"TRIBE7 BLACKWING T-TUNED - ServiceVision\" \/>\n<meta property=\"og:description\" content=\"Los objetivos Tribe7 Blackwing7 T-tuned son en gran medida los objetivos caballos de batalla de la gama Blackwing7. Tienen un perfil de afinaci\u00f3n que exagera a\u00fan m\u00e1s la ca\u00edda del contraste hacia el borde del marco y proporciona una mayor halaci\u00f3n del borde.\" \/>\n<meta property=\"og:url\" content=\"https:\/\/www.fusion.servicevision.es\/es\/producto\/camaras\/objetivos-y-zooms\/objetivos-y-juegos-pl-full-frame-objetivos-y-zooms\/tribe7-blackwing-t-tuned\/\" \/>\n<meta property=\"og:site_name\" content=\"ServiceVision\" \/>\n<meta property=\"article:modified_time\" content=\"2026-03-27T06:27:59+00:00\" \/>\n<meta property=\"og:image\" content=\"https:\/\/www.fusion.servicevision.es\/wp-content\/uploads\/2023\/04\/BlackwingTribe7_SinFondo_WebOk.jpg\" \/>\n\t<meta property=\"og:image:width\" content=\"2473\" \/>\n\t<meta property=\"og:image:height\" content=\"1650\" \/>\n\t<meta property=\"og:image:type\" content=\"image\/jpeg\" \/>\n<meta name=\"twitter:card\" content=\"summary_large_image\" \/>\n<script type=\"application\/ld+json\" class=\"yoast-schema-graph\">{\"@context\":\"https:\/\/schema.org\",\"@graph\":[{\"@type\":\"WebPage\",\"@id\":\"https:\/\/www.fusion.servicevision.es\/es\/producto\/camaras\/objetivos-y-zooms\/objetivos-y-juegos-pl-full-frame-objetivos-y-zooms\/tribe7-blackwing-t-tuned\/\",\"url\":\"https:\/\/www.fusion.servicevision.es\/es\/producto\/camaras\/objetivos-y-zooms\/objetivos-y-juegos-pl-full-frame-objetivos-y-zooms\/tribe7-blackwing-t-tuned\/\",\"name\":\"TRIBE7 BLACKWING T-TUNED - ServiceVision\",\"isPartOf\":{\"@id\":\"https:\/\/www.fusion.servicevision.es\/es\/#website\"},\"datePublished\":\"2026-03-23T01:04:41+00:00\",\"dateModified\":\"2026-03-27T06:27:59+00:00\",\"description\":\"Los objetivos Tribe7 Blackwing7 T-tuned son en gran medida los objetivos caballos de batalla de la gama Blackwing7. Tienen un perfil de afinaci\u00f3n que exagera a\u00fan m\u00e1s la ca\u00edda del contraste hacia el borde del marco y proporciona una mayor halaci\u00f3n del borde.\",\"breadcrumb\":{\"@id\":\"https:\/\/www.fusion.servicevision.es\/es\/producto\/camaras\/objetivos-y-zooms\/objetivos-y-juegos-pl-full-frame-objetivos-y-zooms\/tribe7-blackwing-t-tuned\/#breadcrumb\"},\"inLanguage\":\"es\",\"potentialAction\":[{\"@type\":\"ReadAction\",\"target\":[\"https:\/\/www.fusion.servicevision.es\/es\/producto\/camaras\/objetivos-y-zooms\/objetivos-y-juegos-pl-full-frame-objetivos-y-zooms\/tribe7-blackwing-t-tuned\/\"]}]},{\"@type\":\"BreadcrumbList\",\"@id\":\"https:\/\/www.fusion.servicevision.es\/es\/producto\/camaras\/objetivos-y-zooms\/objetivos-y-juegos-pl-full-frame-objetivos-y-zooms\/tribe7-blackwing-t-tuned\/#breadcrumb\",\"itemListElement\":[{\"@type\":\"ListItem\",\"position\":1,\"name\":\"Alquiler\",\"item\":\"https:\/\/www.fusion.servicevision.es\/es\/alquiler\/\"},{\"@type\":\"ListItem\",\"position\":2,\"name\":\"TRIBE7 BLACKWING T-TUNED\"}]},{\"@type\":\"WebSite\",\"@id\":\"https:\/\/www.fusion.servicevision.es\/es\/#website\",\"url\":\"https:\/\/www.fusion.servicevision.es\/es\/\",\"name\":\"ServiceVision\",\"description\":\"\",\"potentialAction\":[{\"@type\":\"SearchAction\",\"target\":{\"@type\":\"EntryPoint\",\"urlTemplate\":\"https:\/\/www.fusion.servicevision.es\/es\/?s={search_term_string}\"},\"query-input\":\"required name=search_term_string\"}],\"inLanguage\":\"es\"}]}<\/script>\n<!-- \/ Yoast SEO plugin. -->","yoast_head_json":{"title":"TRIBE7 BLACKWING T-TUNED - ServiceVision","description":"Los objetivos Tribe7 Blackwing7 T-tuned son en gran medida los objetivos caballos de batalla de la gama Blackwing7. Tienen un perfil de afinaci\u00f3n que exagera a\u00fan m\u00e1s la ca\u00edda del contraste hacia el borde del marco y proporciona una mayor halaci\u00f3n del borde.","robots":{"index":"index","follow":"follow","max-snippet":"max-snippet:-1","max-image-preview":"max-image-preview:large","max-video-preview":"max-video-preview:-1"},"canonical":"https:\/\/www.fusion.servicevision.es\/es\/producto\/camaras\/objetivos-y-zooms\/objetivos-y-juegos-pl-full-frame-objetivos-y-zooms\/tribe7-blackwing-t-tuned\/","og_locale":"es_ES","og_type":"article","og_title":"TRIBE7 BLACKWING T-TUNED - ServiceVision","og_description":"Los objetivos Tribe7 Blackwing7 T-tuned son en gran medida los objetivos caballos de batalla de la gama Blackwing7. Tienen un perfil de afinaci\u00f3n que exagera a\u00fan m\u00e1s la ca\u00edda del contraste hacia el borde del marco y proporciona una mayor halaci\u00f3n del borde.","og_url":"https:\/\/www.fusion.servicevision.es\/es\/producto\/camaras\/objetivos-y-zooms\/objetivos-y-juegos-pl-full-frame-objetivos-y-zooms\/tribe7-blackwing-t-tuned\/","og_site_name":"ServiceVision","article_modified_time":"2026-03-27T06:27:59+00:00","og_image":[{"width":2473,"height":1650,"url":"https:\/\/www.fusion.servicevision.es\/wp-content\/uploads\/2023\/04\/BlackwingTribe7_SinFondo_WebOk.jpg","type":"image\/jpeg"}],"twitter_card":"summary_large_image","schema":{"@context":"https:\/\/schema.org","@graph":[{"@type":"WebPage","@id":"https:\/\/www.fusion.servicevision.es\/es\/producto\/camaras\/objetivos-y-zooms\/objetivos-y-juegos-pl-full-frame-objetivos-y-zooms\/tribe7-blackwing-t-tuned\/","url":"https:\/\/www.fusion.servicevision.es\/es\/producto\/camaras\/objetivos-y-zooms\/objetivos-y-juegos-pl-full-frame-objetivos-y-zooms\/tribe7-blackwing-t-tuned\/","name":"TRIBE7 BLACKWING T-TUNED - ServiceVision","isPartOf":{"@id":"https:\/\/www.fusion.servicevision.es\/es\/#website"},"datePublished":"2026-03-23T01:04:41+00:00","dateModified":"2026-03-27T06:27:59+00:00","description":"Los objetivos Tribe7 Blackwing7 T-tuned son en gran medida los objetivos caballos de batalla de la gama Blackwing7. Tienen un perfil de afinaci\u00f3n que exagera a\u00fan m\u00e1s la ca\u00edda del contraste hacia el borde del marco y proporciona una mayor halaci\u00f3n del borde.","breadcrumb":{"@id":"https:\/\/www.fusion.servicevision.es\/es\/producto\/camaras\/objetivos-y-zooms\/objetivos-y-juegos-pl-full-frame-objetivos-y-zooms\/tribe7-blackwing-t-tuned\/#breadcrumb"},"inLanguage":"es","potentialAction":[{"@type":"ReadAction","target":["https:\/\/www.fusion.servicevision.es\/es\/producto\/camaras\/objetivos-y-zooms\/objetivos-y-juegos-pl-full-frame-objetivos-y-zooms\/tribe7-blackwing-t-tuned\/"]}]},{"@type":"BreadcrumbList","@id":"https:\/\/www.fusion.servicevision.es\/es\/producto\/camaras\/objetivos-y-zooms\/objetivos-y-juegos-pl-full-frame-objetivos-y-zooms\/tribe7-blackwing-t-tuned\/#breadcrumb","itemListElement":[{"@type":"ListItem","position":1,"name":"Alquiler","item":"https:\/\/www.fusion.servicevision.es\/es\/alquiler\/"},{"@type":"ListItem","position":2,"name":"TRIBE7 BLACKWING T-TUNED"}]},{"@type":"WebSite","@id":"https:\/\/www.fusion.servicevision.es\/es\/#website","url":"https:\/\/www.fusion.servicevision.es\/es\/","name":"ServiceVision","description":"","potentialAction":[{"@type":"SearchAction","target":{"@type":"EntryPoint","urlTemplate":"https:\/\/www.fusion.servicevision.es\/es\/?s={search_term_string}"},"query-input":"required name=search_term_string"}],"inLanguage":"es"}]}},"jetpack_publicize_connections":[],"_links":{"self":[{"href":"https:\/\/www.fusion.servicevision.es\/es\/wp-json\/wp\/v2\/product\/14588"}],"collection":[{"href":"https:\/\/www.fusion.servicevision.es\/es\/wp-json\/wp\/v2\/product"}],"about":[{"href":"https:\/\/www.fusion.servicevision.es\/es\/wp-json\/wp\/v2\/types\/product"}],"replies":[{"embeddable":true,"href":"https:\/\/www.fusion.servicevision.es\/es\/wp-json\/wp\/v2\/comments?post=14588"}],"wp:featuredmedia":[{"embeddable":true,"href":"https:\/\/www.fusion.servicevision.es\/es\/wp-json\/wp\/v2\/media\/11904"}],"wp:attachment":[{"href":"https:\/\/www.fusion.servicevision.es\/es\/wp-json\/wp\/v2\/media?parent=14588"}],"wp:term":[{"taxonomy":"product_cat","embeddable":true,"href":"https:\/\/www.fusion.servicevision.es\/es\/wp-json\/wp\/v2\/product_cat?post=14588"},{"taxonomy":"product_tag","embeddable":true,"href":"https:\/\/www.fusion.servicevision.es\/es\/wp-json\/wp\/v2\/product_tag?post=14588"}],"curies":[{"name":"wp","href":"https:\/\/api.w.org\/{rel}","templated":true}]}}