{"id":14585,"date":"2026-03-23T01:04:40","date_gmt":"2026-03-23T01:04:40","guid":{"rendered":"https:\/\/www.fusion.servicevision.es\/producto\/red-v-raptor-xl-x-8k-vv\/"},"modified":"2026-03-23T01:04:40","modified_gmt":"2026-03-23T01:04:40","slug":"red-v-raptor-xl-x-8k-vv","status":"publish","type":"product","link":"https:\/\/www.fusion.servicevision.es\/es\/producto\/camaras\/digital-camaras\/red-v-raptor-xl-x-8k-vv\/","title":{"rendered":"RED V-RAPTOR XL X &#8211; 8K VV"},"content":{"rendered":"<p><span style=\"color: #000000\">La c\u00e1mara <strong>Red V-Raptor XL<\/strong>, se caracteriza por su sensor Global Shutter de 8K en VV con una m\u00e1xima velocidad de 120 fps. y a 6K S35 con una m\u00e1xima velocidad 160 fps. Es una c\u00e1mara de gran formato 8K con un sensor 40.96 mm x 21.60 mm (Diagonal 46.31 mm) y a 4K puedes llegar 240 fps. como m\u00e1xima velocidad.<\/span><\/p>\n","protected":false},"excerpt":{"rendered":"<p>La c\u00e1mara Red V-Raptor XL, se caracteriza por su sensor Global Shutter de 8K en VV con una m\u00e1xima velocidad de 120 fps. y a 6K S35 con una m\u00e1xima velocidad 160 fps. Es una c\u00e1mara de gran formato 8K con un sensor 40.96 mm x 21.60 mm (Diagonal 46.31 mm) y a 4K puedes&hellip;<\/p>\n","protected":false},"featured_media":11894,"comment_status":"open","ping_status":"closed","template":"","meta":[],"product_cat":[135,15],"product_tag":[],"yoast_head":"<!-- This site is optimized with the Yoast SEO plugin v19.9 - https:\/\/yoast.com\/wordpress\/plugins\/seo\/ -->\n<title>C\u00e1mara RED V-RAPTOR XL - ServiceVision<\/title>\n<meta name=\"description\" content=\"Alquiler de C\u00e1mara para Cinematograf\u00eda digital: Red V-Raptor XL. Consultas y soporte t\u00e9cnico en Servicevision, fabricaci\u00f3n y alquiler.\" \/>\n<meta name=\"robots\" content=\"index, follow, max-snippet:-1, max-image-preview:large, max-video-preview:-1\" \/>\n<link rel=\"canonical\" href=\"https:\/\/www.fusion.servicevision.es\/es\/producto\/camaras\/digital-camaras\/red-v-raptor-xl-x-8k-vv\/\" \/>\n<meta property=\"og:locale\" content=\"es_ES\" \/>\n<meta property=\"og:type\" content=\"article\" \/>\n<meta property=\"og:title\" content=\"C\u00e1mara RED V-RAPTOR XL - ServiceVision\" \/>\n<meta property=\"og:description\" content=\"Alquiler de C\u00e1mara para Cinematograf\u00eda digital: Red V-Raptor XL. Consultas y soporte t\u00e9cnico en Servicevision, fabricaci\u00f3n y alquiler.\" \/>\n<meta property=\"og:url\" content=\"https:\/\/www.fusion.servicevision.es\/es\/producto\/camaras\/digital-camaras\/red-v-raptor-xl-x-8k-vv\/\" \/>\n<meta property=\"og:site_name\" content=\"ServiceVision\" \/>\n<meta property=\"og:image\" content=\"https:\/\/www.fusion.servicevision.es\/wp-content\/uploads\/2023\/01\/red_v-raptor_xl_8k_vv_production_pack_without_batteries_v-lock_710-0370_2_.jpg\" \/>\n\t<meta property=\"og:image:width\" content=\"940\" \/>\n\t<meta property=\"og:image:height\" content=\"587\" \/>\n\t<meta property=\"og:image:type\" content=\"image\/jpeg\" \/>\n<meta name=\"twitter:card\" content=\"summary_large_image\" \/>\n<script type=\"application\/ld+json\" class=\"yoast-schema-graph\">{\"@context\":\"https:\/\/schema.org\",\"@graph\":[{\"@type\":\"WebPage\",\"@id\":\"https:\/\/www.fusion.servicevision.es\/es\/producto\/camaras\/digital-camaras\/red-v-raptor-xl-x-8k-vv\/\",\"url\":\"https:\/\/www.fusion.servicevision.es\/es\/producto\/camaras\/digital-camaras\/red-v-raptor-xl-x-8k-vv\/\",\"name\":\"C\u00e1mara RED V-RAPTOR XL - ServiceVision\",\"isPartOf\":{\"@id\":\"https:\/\/www.fusion.servicevision.es\/es\/#website\"},\"datePublished\":\"2026-03-23T01:04:40+00:00\",\"dateModified\":\"2026-03-23T01:04:40+00:00\",\"description\":\"Alquiler de C\u00e1mara para Cinematograf\u00eda digital: Red V-Raptor XL. Consultas y soporte t\u00e9cnico en Servicevision, fabricaci\u00f3n y alquiler.\",\"breadcrumb\":{\"@id\":\"https:\/\/www.fusion.servicevision.es\/es\/producto\/camaras\/digital-camaras\/red-v-raptor-xl-x-8k-vv\/#breadcrumb\"},\"inLanguage\":\"es\",\"potentialAction\":[{\"@type\":\"ReadAction\",\"target\":[\"https:\/\/www.fusion.servicevision.es\/es\/producto\/camaras\/digital-camaras\/red-v-raptor-xl-x-8k-vv\/\"]}]},{\"@type\":\"BreadcrumbList\",\"@id\":\"https:\/\/www.fusion.servicevision.es\/es\/producto\/camaras\/digital-camaras\/red-v-raptor-xl-x-8k-vv\/#breadcrumb\",\"itemListElement\":[{\"@type\":\"ListItem\",\"position\":1,\"name\":\"Alquiler\",\"item\":\"https:\/\/www.fusion.servicevision.es\/es\/alquiler\/\"},{\"@type\":\"ListItem\",\"position\":2,\"name\":\"RED V-RAPTOR XL X &#8211; 8K VV\"}]},{\"@type\":\"WebSite\",\"@id\":\"https:\/\/www.fusion.servicevision.es\/es\/#website\",\"url\":\"https:\/\/www.fusion.servicevision.es\/es\/\",\"name\":\"ServiceVision\",\"description\":\"\",\"potentialAction\":[{\"@type\":\"SearchAction\",\"target\":{\"@type\":\"EntryPoint\",\"urlTemplate\":\"https:\/\/www.fusion.servicevision.es\/es\/?s={search_term_string}\"},\"query-input\":\"required name=search_term_string\"}],\"inLanguage\":\"es\"}]}<\/script>\n<!-- \/ Yoast SEO plugin. -->","yoast_head_json":{"title":"C\u00e1mara RED V-RAPTOR XL - ServiceVision","description":"Alquiler de C\u00e1mara para Cinematograf\u00eda digital: Red V-Raptor XL. Consultas y soporte t\u00e9cnico en Servicevision, fabricaci\u00f3n y alquiler.","robots":{"index":"index","follow":"follow","max-snippet":"max-snippet:-1","max-image-preview":"max-image-preview:large","max-video-preview":"max-video-preview:-1"},"canonical":"https:\/\/www.fusion.servicevision.es\/es\/producto\/camaras\/digital-camaras\/red-v-raptor-xl-x-8k-vv\/","og_locale":"es_ES","og_type":"article","og_title":"C\u00e1mara RED V-RAPTOR XL - ServiceVision","og_description":"Alquiler de C\u00e1mara para Cinematograf\u00eda digital: Red V-Raptor XL. Consultas y soporte t\u00e9cnico en Servicevision, fabricaci\u00f3n y alquiler.","og_url":"https:\/\/www.fusion.servicevision.es\/es\/producto\/camaras\/digital-camaras\/red-v-raptor-xl-x-8k-vv\/","og_site_name":"ServiceVision","og_image":[{"width":940,"height":587,"url":"https:\/\/www.fusion.servicevision.es\/wp-content\/uploads\/2023\/01\/red_v-raptor_xl_8k_vv_production_pack_without_batteries_v-lock_710-0370_2_.jpg","type":"image\/jpeg"}],"twitter_card":"summary_large_image","schema":{"@context":"https:\/\/schema.org","@graph":[{"@type":"WebPage","@id":"https:\/\/www.fusion.servicevision.es\/es\/producto\/camaras\/digital-camaras\/red-v-raptor-xl-x-8k-vv\/","url":"https:\/\/www.fusion.servicevision.es\/es\/producto\/camaras\/digital-camaras\/red-v-raptor-xl-x-8k-vv\/","name":"C\u00e1mara RED V-RAPTOR XL - ServiceVision","isPartOf":{"@id":"https:\/\/www.fusion.servicevision.es\/es\/#website"},"datePublished":"2026-03-23T01:04:40+00:00","dateModified":"2026-03-23T01:04:40+00:00","description":"Alquiler de C\u00e1mara para Cinematograf\u00eda digital: Red V-Raptor XL. Consultas y soporte t\u00e9cnico en Servicevision, fabricaci\u00f3n y alquiler.","breadcrumb":{"@id":"https:\/\/www.fusion.servicevision.es\/es\/producto\/camaras\/digital-camaras\/red-v-raptor-xl-x-8k-vv\/#breadcrumb"},"inLanguage":"es","potentialAction":[{"@type":"ReadAction","target":["https:\/\/www.fusion.servicevision.es\/es\/producto\/camaras\/digital-camaras\/red-v-raptor-xl-x-8k-vv\/"]}]},{"@type":"BreadcrumbList","@id":"https:\/\/www.fusion.servicevision.es\/es\/producto\/camaras\/digital-camaras\/red-v-raptor-xl-x-8k-vv\/#breadcrumb","itemListElement":[{"@type":"ListItem","position":1,"name":"Alquiler","item":"https:\/\/www.fusion.servicevision.es\/es\/alquiler\/"},{"@type":"ListItem","position":2,"name":"RED V-RAPTOR XL X &#8211; 8K VV"}]},{"@type":"WebSite","@id":"https:\/\/www.fusion.servicevision.es\/es\/#website","url":"https:\/\/www.fusion.servicevision.es\/es\/","name":"ServiceVision","description":"","potentialAction":[{"@type":"SearchAction","target":{"@type":"EntryPoint","urlTemplate":"https:\/\/www.fusion.servicevision.es\/es\/?s={search_term_string}"},"query-input":"required name=search_term_string"}],"inLanguage":"es"}]}},"jetpack_publicize_connections":[],"_links":{"self":[{"href":"https:\/\/www.fusion.servicevision.es\/es\/wp-json\/wp\/v2\/product\/14585"}],"collection":[{"href":"https:\/\/www.fusion.servicevision.es\/es\/wp-json\/wp\/v2\/product"}],"about":[{"href":"https:\/\/www.fusion.servicevision.es\/es\/wp-json\/wp\/v2\/types\/product"}],"replies":[{"embeddable":true,"href":"https:\/\/www.fusion.servicevision.es\/es\/wp-json\/wp\/v2\/comments?post=14585"}],"wp:featuredmedia":[{"embeddable":true,"href":"https:\/\/www.fusion.servicevision.es\/es\/wp-json\/wp\/v2\/media\/11894"}],"wp:attachment":[{"href":"https:\/\/www.fusion.servicevision.es\/es\/wp-json\/wp\/v2\/media?parent=14585"}],"wp:term":[{"taxonomy":"product_cat","embeddable":true,"href":"https:\/\/www.fusion.servicevision.es\/es\/wp-json\/wp\/v2\/product_cat?post=14585"},{"taxonomy":"product_tag","embeddable":true,"href":"https:\/\/www.fusion.servicevision.es\/es\/wp-json\/wp\/v2\/product_tag?post=14585"}],"curies":[{"name":"wp","href":"https:\/\/api.w.org\/{rel}","templated":true}]}}