{"id":14555,"date":"2026-03-23T01:04:19","date_gmt":"2026-03-23T01:04:19","guid":{"rendered":"https:\/\/www.fusion.servicevision.es\/producto\/zeiss-supreme-radiance\/"},"modified":"2026-03-27T06:30:48","modified_gmt":"2026-03-27T06:30:48","slug":"zeiss-supreme-radiance","status":"publish","type":"product","link":"https:\/\/www.fusion.servicevision.es\/es\/producto\/camaras\/objetivos-y-zooms\/esfericos\/zeiss-supreme-radiance\/","title":{"rendered":"ZEISS SUPREME RADIANCE"},"content":{"rendered":"","protected":false},"excerpt":{"rendered":"<p><span class=\"HwtZe\" lang=\"es\" style=\"color: #000000;\"><span class=\"jCAhz JxVs2d ChMk0b\"><span class=\"ryNqvb\">Los objetivos ZEISS Supreme Prime Radiance permiten a los directores de fotograf\u00eda crear destellos hermosos, consistentes y controlados en la imagen mientras mantienen el contraste y evitan la p\u00e9rdida de transmisi\u00f3n.<\/span><\/span> <span class=\"jCAhz JxVs2d\"><span class=\"ryNqvb\">Sin embargo, ofrecen todos los atributos de un objetivo de cine moderno: cobertura de gran formato, alta velocidad, robustez y enfoque suave y fiable. <\/span><\/span><\/span><\/p>\n<p><span class=\"HwtZe\" lang=\"es\" style=\"color: #000000;\"><span class=\"jCAhz JxVs2d\"><span class=\"ryNqvb\"><span class=\"jCAhz JxVs2d ChMk0b\">Los objetivos<\/span> Zeiss Supreme Prime Radiance son todas T1.5.<\/span><\/span> <span class=\"jCAhz JxVs2d ChMk0b\"><span class=\"ryNqvb\">Aunque son un poco m\u00e1s c\u00e1lidos que los Supreme Primes normales, combinan muy bien con ellos. <\/span><\/span><\/span><\/p>\n<p><span class=\"HwtZe\" lang=\"es\" style=\"color: #000000;\"><span class=\"jCAhz JxVs2d ChMk0b\"><span class=\"ryNqvb\">Los Supreme Primes Radiance son una modificaci\u00f3n del Supreme Prime original.<\/span><\/span> <span class=\"jCAhz JxVs2d ChMk0b\"><span class=\"ryNqvb\">Ofrecen las mismas caracter\u00edsticas que las Supremes originales, pero cuentan con un proceso de recubrimiento diferente que mejora y controla los destellos sin p\u00e9rdida de contraste o T-stop.<\/span><\/span><\/span><\/p>\n","protected":false},"featured_media":11806,"comment_status":"open","ping_status":"closed","template":"","meta":[],"product_cat":[150,141,15],"product_tag":[],"yoast_head":"<!-- This site is optimized with the Yoast SEO plugin v19.9 - https:\/\/yoast.com\/wordpress\/plugins\/seo\/ -->\n<title>Objetivo para c\u00e1mara ZEISS SUPREME T1.5 - ServiceVision<\/title>\n<meta name=\"description\" content=\"Alquiler de Objetivo para c\u00e1mara - objetivos y juegos PL Full Frame: ZEISS SUPREME RADIANCE T1.5. Consultas y soporte t\u00e9cnico en Servicevision, fabricaci\u00f3n y alquiler de equipos para rodajes cinematogr\u00e1ficos.\" \/>\n<meta name=\"robots\" content=\"index, follow, max-snippet:-1, max-image-preview:large, max-video-preview:-1\" \/>\n<link rel=\"canonical\" href=\"https:\/\/www.fusion.servicevision.es\/es\/producto\/camaras\/objetivos-y-zooms\/esfericos\/zeiss-supreme-radiance\/\" \/>\n<meta property=\"og:locale\" content=\"es_ES\" \/>\n<meta property=\"og:type\" content=\"article\" \/>\n<meta property=\"og:title\" content=\"Objetivo para c\u00e1mara ZEISS SUPREME T1.5 - ServiceVision\" \/>\n<meta property=\"og:description\" content=\"Alquiler de Objetivo para c\u00e1mara - objetivos y juegos PL Full Frame: ZEISS SUPREME RADIANCE T1.5. Consultas y soporte t\u00e9cnico en Servicevision, fabricaci\u00f3n y alquiler de equipos para rodajes cinematogr\u00e1ficos.\" \/>\n<meta property=\"og:url\" content=\"https:\/\/www.fusion.servicevision.es\/es\/producto\/camaras\/objetivos-y-zooms\/esfericos\/zeiss-supreme-radiance\/\" \/>\n<meta property=\"og:site_name\" content=\"ServiceVision\" \/>\n<meta property=\"article:modified_time\" content=\"2026-03-27T06:30:48+00:00\" \/>\n<meta property=\"og:image\" content=\"https:\/\/www.fusion.servicevision.es\/wp-content\/uploads\/2021\/09\/Supreme-Radiance.jpg\" \/>\n\t<meta property=\"og:image:width\" content=\"2222\" \/>\n\t<meta property=\"og:image:height\" content=\"1483\" \/>\n\t<meta property=\"og:image:type\" content=\"image\/jpeg\" \/>\n<meta name=\"twitter:card\" content=\"summary_large_image\" \/>\n<script type=\"application\/ld+json\" class=\"yoast-schema-graph\">{\"@context\":\"https:\/\/schema.org\",\"@graph\":[{\"@type\":\"WebPage\",\"@id\":\"https:\/\/www.fusion.servicevision.es\/es\/producto\/camaras\/objetivos-y-zooms\/esfericos\/zeiss-supreme-radiance\/\",\"url\":\"https:\/\/www.fusion.servicevision.es\/es\/producto\/camaras\/objetivos-y-zooms\/esfericos\/zeiss-supreme-radiance\/\",\"name\":\"Objetivo para c\u00e1mara ZEISS SUPREME T1.5 - ServiceVision\",\"isPartOf\":{\"@id\":\"https:\/\/www.fusion.servicevision.es\/es\/#website\"},\"datePublished\":\"2026-03-23T01:04:19+00:00\",\"dateModified\":\"2026-03-27T06:30:48+00:00\",\"description\":\"Alquiler de Objetivo para c\u00e1mara - objetivos y juegos PL Full Frame: ZEISS SUPREME RADIANCE T1.5. Consultas y soporte t\u00e9cnico en Servicevision, fabricaci\u00f3n y alquiler de equipos para rodajes cinematogr\u00e1ficos.\",\"breadcrumb\":{\"@id\":\"https:\/\/www.fusion.servicevision.es\/es\/producto\/camaras\/objetivos-y-zooms\/esfericos\/zeiss-supreme-radiance\/#breadcrumb\"},\"inLanguage\":\"es\",\"potentialAction\":[{\"@type\":\"ReadAction\",\"target\":[\"https:\/\/www.fusion.servicevision.es\/es\/producto\/camaras\/objetivos-y-zooms\/esfericos\/zeiss-supreme-radiance\/\"]}]},{\"@type\":\"BreadcrumbList\",\"@id\":\"https:\/\/www.fusion.servicevision.es\/es\/producto\/camaras\/objetivos-y-zooms\/esfericos\/zeiss-supreme-radiance\/#breadcrumb\",\"itemListElement\":[{\"@type\":\"ListItem\",\"position\":1,\"name\":\"Alquiler\",\"item\":\"https:\/\/www.fusion.servicevision.es\/es\/alquiler\/\"},{\"@type\":\"ListItem\",\"position\":2,\"name\":\"ZEISS SUPREME RADIANCE\"}]},{\"@type\":\"WebSite\",\"@id\":\"https:\/\/www.fusion.servicevision.es\/es\/#website\",\"url\":\"https:\/\/www.fusion.servicevision.es\/es\/\",\"name\":\"ServiceVision\",\"description\":\"\",\"potentialAction\":[{\"@type\":\"SearchAction\",\"target\":{\"@type\":\"EntryPoint\",\"urlTemplate\":\"https:\/\/www.fusion.servicevision.es\/es\/?s={search_term_string}\"},\"query-input\":\"required name=search_term_string\"}],\"inLanguage\":\"es\"}]}<\/script>\n<!-- \/ Yoast SEO plugin. -->","yoast_head_json":{"title":"Objetivo para c\u00e1mara ZEISS SUPREME T1.5 - ServiceVision","description":"Alquiler de Objetivo para c\u00e1mara - objetivos y juegos PL Full Frame: ZEISS SUPREME RADIANCE T1.5. Consultas y soporte t\u00e9cnico en Servicevision, fabricaci\u00f3n y alquiler de equipos para rodajes cinematogr\u00e1ficos.","robots":{"index":"index","follow":"follow","max-snippet":"max-snippet:-1","max-image-preview":"max-image-preview:large","max-video-preview":"max-video-preview:-1"},"canonical":"https:\/\/www.fusion.servicevision.es\/es\/producto\/camaras\/objetivos-y-zooms\/esfericos\/zeiss-supreme-radiance\/","og_locale":"es_ES","og_type":"article","og_title":"Objetivo para c\u00e1mara ZEISS SUPREME T1.5 - ServiceVision","og_description":"Alquiler de Objetivo para c\u00e1mara - objetivos y juegos PL Full Frame: ZEISS SUPREME RADIANCE T1.5. Consultas y soporte t\u00e9cnico en Servicevision, fabricaci\u00f3n y alquiler de equipos para rodajes cinematogr\u00e1ficos.","og_url":"https:\/\/www.fusion.servicevision.es\/es\/producto\/camaras\/objetivos-y-zooms\/esfericos\/zeiss-supreme-radiance\/","og_site_name":"ServiceVision","article_modified_time":"2026-03-27T06:30:48+00:00","og_image":[{"width":2222,"height":1483,"url":"https:\/\/www.fusion.servicevision.es\/wp-content\/uploads\/2021\/09\/Supreme-Radiance.jpg","type":"image\/jpeg"}],"twitter_card":"summary_large_image","schema":{"@context":"https:\/\/schema.org","@graph":[{"@type":"WebPage","@id":"https:\/\/www.fusion.servicevision.es\/es\/producto\/camaras\/objetivos-y-zooms\/esfericos\/zeiss-supreme-radiance\/","url":"https:\/\/www.fusion.servicevision.es\/es\/producto\/camaras\/objetivos-y-zooms\/esfericos\/zeiss-supreme-radiance\/","name":"Objetivo para c\u00e1mara ZEISS SUPREME T1.5 - ServiceVision","isPartOf":{"@id":"https:\/\/www.fusion.servicevision.es\/es\/#website"},"datePublished":"2026-03-23T01:04:19+00:00","dateModified":"2026-03-27T06:30:48+00:00","description":"Alquiler de Objetivo para c\u00e1mara - objetivos y juegos PL Full Frame: ZEISS SUPREME RADIANCE T1.5. Consultas y soporte t\u00e9cnico en Servicevision, fabricaci\u00f3n y alquiler de equipos para rodajes cinematogr\u00e1ficos.","breadcrumb":{"@id":"https:\/\/www.fusion.servicevision.es\/es\/producto\/camaras\/objetivos-y-zooms\/esfericos\/zeiss-supreme-radiance\/#breadcrumb"},"inLanguage":"es","potentialAction":[{"@type":"ReadAction","target":["https:\/\/www.fusion.servicevision.es\/es\/producto\/camaras\/objetivos-y-zooms\/esfericos\/zeiss-supreme-radiance\/"]}]},{"@type":"BreadcrumbList","@id":"https:\/\/www.fusion.servicevision.es\/es\/producto\/camaras\/objetivos-y-zooms\/esfericos\/zeiss-supreme-radiance\/#breadcrumb","itemListElement":[{"@type":"ListItem","position":1,"name":"Alquiler","item":"https:\/\/www.fusion.servicevision.es\/es\/alquiler\/"},{"@type":"ListItem","position":2,"name":"ZEISS SUPREME RADIANCE"}]},{"@type":"WebSite","@id":"https:\/\/www.fusion.servicevision.es\/es\/#website","url":"https:\/\/www.fusion.servicevision.es\/es\/","name":"ServiceVision","description":"","potentialAction":[{"@type":"SearchAction","target":{"@type":"EntryPoint","urlTemplate":"https:\/\/www.fusion.servicevision.es\/es\/?s={search_term_string}"},"query-input":"required name=search_term_string"}],"inLanguage":"es"}]}},"jetpack_publicize_connections":[],"_links":{"self":[{"href":"https:\/\/www.fusion.servicevision.es\/es\/wp-json\/wp\/v2\/product\/14555"}],"collection":[{"href":"https:\/\/www.fusion.servicevision.es\/es\/wp-json\/wp\/v2\/product"}],"about":[{"href":"https:\/\/www.fusion.servicevision.es\/es\/wp-json\/wp\/v2\/types\/product"}],"replies":[{"embeddable":true,"href":"https:\/\/www.fusion.servicevision.es\/es\/wp-json\/wp\/v2\/comments?post=14555"}],"wp:featuredmedia":[{"embeddable":true,"href":"https:\/\/www.fusion.servicevision.es\/es\/wp-json\/wp\/v2\/media\/11806"}],"wp:attachment":[{"href":"https:\/\/www.fusion.servicevision.es\/es\/wp-json\/wp\/v2\/media?parent=14555"}],"wp:term":[{"taxonomy":"product_cat","embeddable":true,"href":"https:\/\/www.fusion.servicevision.es\/es\/wp-json\/wp\/v2\/product_cat?post=14555"},{"taxonomy":"product_tag","embeddable":true,"href":"https:\/\/www.fusion.servicevision.es\/es\/wp-json\/wp\/v2\/product_tag?post=14555"}],"curies":[{"name":"wp","href":"https:\/\/api.w.org\/{rel}","templated":true}]}}