{"id":14551,"date":"2026-03-23T01:04:16","date_gmt":"2026-03-23T01:04:16","guid":{"rendered":"https:\/\/www.fusion.servicevision.es\/producto\/arri-16-sr3-advanced\/"},"modified":"2026-03-27T06:22:15","modified_gmt":"2026-03-27T06:22:15","slug":"arri-16-sr3-advanced","status":"publish","type":"product","link":"https:\/\/www.fusion.servicevision.es\/es\/producto\/camaras\/camaras-16mm-film\/arri-16-sr3-advanced\/","title":{"rendered":"ARRI 16 SR3 ADVANCED"},"content":{"rendered":"","protected":false},"excerpt":{"rendered":"<p>La c\u00e1mara <strong>ARRI 16SR3 ADVANCED<\/strong> es una c\u00e1mara de film en <strong>S16 o N16<\/strong>, para sonido directo estando \u2013 de 20 dB, con montura PL, con un obturador mec\u00e1nico variable <strong>de 45\u00ba a 180\u00ba<\/strong>, con un rango de velocidad de 5 a 75 fps. marcha adelante.<\/p>\n","protected":false},"featured_media":9664,"comment_status":"open","ping_status":"closed","template":"","meta":[],"product_cat":[140,15],"product_tag":[],"yoast_head":"<!-- This site is optimized with the Yoast SEO plugin v19.9 - https:\/\/yoast.com\/wordpress\/plugins\/seo\/ -->\n<title>C\u00e1mara ARRI 16 SR3 Advanced - ServiceVision<\/title>\n<meta name=\"description\" content=\"Alquiler de C\u00e1mara de 16mm: ARRI 16 SR3 Advanced. Consultas y soporte t\u00e9cnico en Servicevision, fabricaci\u00f3n y alquiler de equipos para rodajes cinematogr\u00e1ficos.\" \/>\n<meta name=\"robots\" content=\"index, follow, max-snippet:-1, max-image-preview:large, max-video-preview:-1\" \/>\n<link rel=\"canonical\" href=\"https:\/\/www.fusion.servicevision.es\/es\/producto\/camaras\/camaras-16mm-film\/arri-16-sr3-advanced\/\" \/>\n<meta property=\"og:locale\" content=\"es_ES\" \/>\n<meta property=\"og:type\" content=\"article\" \/>\n<meta property=\"og:title\" content=\"C\u00e1mara ARRI 16 SR3 Advanced - ServiceVision\" \/>\n<meta property=\"og:description\" content=\"Alquiler de C\u00e1mara de 16mm: ARRI 16 SR3 Advanced. Consultas y soporte t\u00e9cnico en Servicevision, fabricaci\u00f3n y alquiler de equipos para rodajes cinematogr\u00e1ficos.\" \/>\n<meta property=\"og:url\" content=\"https:\/\/www.fusion.servicevision.es\/es\/producto\/camaras\/camaras-16mm-film\/arri-16-sr3-advanced\/\" \/>\n<meta property=\"og:site_name\" content=\"ServiceVision\" \/>\n<meta property=\"article:modified_time\" content=\"2026-03-27T06:22:15+00:00\" \/>\n<meta property=\"og:image\" content=\"https:\/\/www.fusion.servicevision.es\/wp-content\/uploads\/2019\/05\/2_G_ARRI_16-SR3.jpg\" \/>\n\t<meta property=\"og:image:width\" content=\"360\" \/>\n\t<meta property=\"og:image:height\" content=\"360\" \/>\n\t<meta property=\"og:image:type\" content=\"image\/jpeg\" \/>\n<meta name=\"twitter:card\" content=\"summary_large_image\" \/>\n<script type=\"application\/ld+json\" class=\"yoast-schema-graph\">{\"@context\":\"https:\/\/schema.org\",\"@graph\":[{\"@type\":\"WebPage\",\"@id\":\"https:\/\/www.fusion.servicevision.es\/es\/producto\/camaras\/camaras-16mm-film\/arri-16-sr3-advanced\/\",\"url\":\"https:\/\/www.fusion.servicevision.es\/es\/producto\/camaras\/camaras-16mm-film\/arri-16-sr3-advanced\/\",\"name\":\"C\u00e1mara ARRI 16 SR3 Advanced - ServiceVision\",\"isPartOf\":{\"@id\":\"https:\/\/www.fusion.servicevision.es\/es\/#website\"},\"datePublished\":\"2026-03-23T01:04:16+00:00\",\"dateModified\":\"2026-03-27T06:22:15+00:00\",\"description\":\"Alquiler de C\u00e1mara de 16mm: ARRI 16 SR3 Advanced. Consultas y soporte t\u00e9cnico en Servicevision, fabricaci\u00f3n y alquiler de equipos para rodajes cinematogr\u00e1ficos.\",\"breadcrumb\":{\"@id\":\"https:\/\/www.fusion.servicevision.es\/es\/producto\/camaras\/camaras-16mm-film\/arri-16-sr3-advanced\/#breadcrumb\"},\"inLanguage\":\"es\",\"potentialAction\":[{\"@type\":\"ReadAction\",\"target\":[\"https:\/\/www.fusion.servicevision.es\/es\/producto\/camaras\/camaras-16mm-film\/arri-16-sr3-advanced\/\"]}]},{\"@type\":\"BreadcrumbList\",\"@id\":\"https:\/\/www.fusion.servicevision.es\/es\/producto\/camaras\/camaras-16mm-film\/arri-16-sr3-advanced\/#breadcrumb\",\"itemListElement\":[{\"@type\":\"ListItem\",\"position\":1,\"name\":\"Alquiler\",\"item\":\"https:\/\/www.fusion.servicevision.es\/es\/alquiler\/\"},{\"@type\":\"ListItem\",\"position\":2,\"name\":\"ARRI 16 SR3 ADVANCED\"}]},{\"@type\":\"WebSite\",\"@id\":\"https:\/\/www.fusion.servicevision.es\/es\/#website\",\"url\":\"https:\/\/www.fusion.servicevision.es\/es\/\",\"name\":\"ServiceVision\",\"description\":\"\",\"potentialAction\":[{\"@type\":\"SearchAction\",\"target\":{\"@type\":\"EntryPoint\",\"urlTemplate\":\"https:\/\/www.fusion.servicevision.es\/es\/?s={search_term_string}\"},\"query-input\":\"required name=search_term_string\"}],\"inLanguage\":\"es\"}]}<\/script>\n<!-- \/ Yoast SEO plugin. -->","yoast_head_json":{"title":"C\u00e1mara ARRI 16 SR3 Advanced - ServiceVision","description":"Alquiler de C\u00e1mara de 16mm: ARRI 16 SR3 Advanced. Consultas y soporte t\u00e9cnico en Servicevision, fabricaci\u00f3n y alquiler de equipos para rodajes cinematogr\u00e1ficos.","robots":{"index":"index","follow":"follow","max-snippet":"max-snippet:-1","max-image-preview":"max-image-preview:large","max-video-preview":"max-video-preview:-1"},"canonical":"https:\/\/www.fusion.servicevision.es\/es\/producto\/camaras\/camaras-16mm-film\/arri-16-sr3-advanced\/","og_locale":"es_ES","og_type":"article","og_title":"C\u00e1mara ARRI 16 SR3 Advanced - ServiceVision","og_description":"Alquiler de C\u00e1mara de 16mm: ARRI 16 SR3 Advanced. Consultas y soporte t\u00e9cnico en Servicevision, fabricaci\u00f3n y alquiler de equipos para rodajes cinematogr\u00e1ficos.","og_url":"https:\/\/www.fusion.servicevision.es\/es\/producto\/camaras\/camaras-16mm-film\/arri-16-sr3-advanced\/","og_site_name":"ServiceVision","article_modified_time":"2026-03-27T06:22:15+00:00","og_image":[{"width":360,"height":360,"url":"https:\/\/www.fusion.servicevision.es\/wp-content\/uploads\/2019\/05\/2_G_ARRI_16-SR3.jpg","type":"image\/jpeg"}],"twitter_card":"summary_large_image","schema":{"@context":"https:\/\/schema.org","@graph":[{"@type":"WebPage","@id":"https:\/\/www.fusion.servicevision.es\/es\/producto\/camaras\/camaras-16mm-film\/arri-16-sr3-advanced\/","url":"https:\/\/www.fusion.servicevision.es\/es\/producto\/camaras\/camaras-16mm-film\/arri-16-sr3-advanced\/","name":"C\u00e1mara ARRI 16 SR3 Advanced - ServiceVision","isPartOf":{"@id":"https:\/\/www.fusion.servicevision.es\/es\/#website"},"datePublished":"2026-03-23T01:04:16+00:00","dateModified":"2026-03-27T06:22:15+00:00","description":"Alquiler de C\u00e1mara de 16mm: ARRI 16 SR3 Advanced. Consultas y soporte t\u00e9cnico en Servicevision, fabricaci\u00f3n y alquiler de equipos para rodajes cinematogr\u00e1ficos.","breadcrumb":{"@id":"https:\/\/www.fusion.servicevision.es\/es\/producto\/camaras\/camaras-16mm-film\/arri-16-sr3-advanced\/#breadcrumb"},"inLanguage":"es","potentialAction":[{"@type":"ReadAction","target":["https:\/\/www.fusion.servicevision.es\/es\/producto\/camaras\/camaras-16mm-film\/arri-16-sr3-advanced\/"]}]},{"@type":"BreadcrumbList","@id":"https:\/\/www.fusion.servicevision.es\/es\/producto\/camaras\/camaras-16mm-film\/arri-16-sr3-advanced\/#breadcrumb","itemListElement":[{"@type":"ListItem","position":1,"name":"Alquiler","item":"https:\/\/www.fusion.servicevision.es\/es\/alquiler\/"},{"@type":"ListItem","position":2,"name":"ARRI 16 SR3 ADVANCED"}]},{"@type":"WebSite","@id":"https:\/\/www.fusion.servicevision.es\/es\/#website","url":"https:\/\/www.fusion.servicevision.es\/es\/","name":"ServiceVision","description":"","potentialAction":[{"@type":"SearchAction","target":{"@type":"EntryPoint","urlTemplate":"https:\/\/www.fusion.servicevision.es\/es\/?s={search_term_string}"},"query-input":"required name=search_term_string"}],"inLanguage":"es"}]}},"jetpack_publicize_connections":[],"_links":{"self":[{"href":"https:\/\/www.fusion.servicevision.es\/es\/wp-json\/wp\/v2\/product\/14551"}],"collection":[{"href":"https:\/\/www.fusion.servicevision.es\/es\/wp-json\/wp\/v2\/product"}],"about":[{"href":"https:\/\/www.fusion.servicevision.es\/es\/wp-json\/wp\/v2\/types\/product"}],"replies":[{"embeddable":true,"href":"https:\/\/www.fusion.servicevision.es\/es\/wp-json\/wp\/v2\/comments?post=14551"}],"wp:featuredmedia":[{"embeddable":true,"href":"https:\/\/www.fusion.servicevision.es\/es\/wp-json\/wp\/v2\/media\/9664"}],"wp:attachment":[{"href":"https:\/\/www.fusion.servicevision.es\/es\/wp-json\/wp\/v2\/media?parent=14551"}],"wp:term":[{"taxonomy":"product_cat","embeddable":true,"href":"https:\/\/www.fusion.servicevision.es\/es\/wp-json\/wp\/v2\/product_cat?post=14551"},{"taxonomy":"product_tag","embeddable":true,"href":"https:\/\/www.fusion.servicevision.es\/es\/wp-json\/wp\/v2\/product_tag?post=14551"}],"curies":[{"name":"wp","href":"https:\/\/api.w.org\/{rel}","templated":true}]}}