{"id":14531,"date":"2026-03-23T01:04:02","date_gmt":"2026-03-23T01:04:02","guid":{"rendered":"https:\/\/www.fusion.servicevision.es\/producto\/twin-dolly\/"},"modified":"2026-03-28T00:30:25","modified_gmt":"2026-03-28T00:30:25","slug":"twin-dolly","status":"publish","type":"product","link":"https:\/\/www.fusion.servicevision.es\/es\/producto\/grips\/dollies-grips\/twin-dolly\/","title":{"rendered":"Twin Dolly"},"content":{"rendered":"","protected":false},"excerpt":{"rendered":"<p>El <strong>TWIN Dolly<\/strong> es b\u00e1sicamente un hi-hat\/low-bowl con ruedas, de dise\u00f1o eficaz. Junto con los ra\u00edles\/v\u00edas TwinTube se puede comparar con el CAMRAIL de la vieja escuela. Puede ser utilizado tanto en su sistema de railes TwinTube como en cualquier Truss o BarTruss.<\/p>\n","protected":false},"featured_media":11316,"comment_status":"open","ping_status":"closed","template":"","meta":[],"product_cat":[182],"product_tag":[],"yoast_head":"<!-- This site is optimized with the Yoast SEO plugin v19.9 - https:\/\/yoast.com\/wordpress\/plugins\/seo\/ -->\n<title>Veh\u00edculos y gruas para rodajes - Dollies: Alquiler de Twin dolly - ServiceVision<\/title>\n<meta name=\"description\" content=\"Alquiler de Veh\u00edculos y gruas para rodajes - Dollies: Twin dolly. Consultas y soporte t\u00e9cnico en Servicevision, fabricaci\u00f3n y alquiler de equipos para rodajes cinematogr\u00e1ficos.\" \/>\n<meta name=\"robots\" content=\"index, follow, max-snippet:-1, max-image-preview:large, max-video-preview:-1\" \/>\n<link rel=\"canonical\" href=\"https:\/\/www.fusion.servicevision.es\/es\/producto\/grips\/dollies-grips\/twin-dolly\/\" \/>\n<meta property=\"og:locale\" content=\"es_ES\" \/>\n<meta property=\"og:type\" content=\"article\" \/>\n<meta property=\"og:title\" content=\"Veh\u00edculos y gruas para rodajes - Dollies: Alquiler de Twin dolly - ServiceVision\" \/>\n<meta property=\"og:description\" content=\"Alquiler de Veh\u00edculos y gruas para rodajes - Dollies: Twin dolly. Consultas y soporte t\u00e9cnico en Servicevision, fabricaci\u00f3n y alquiler de equipos para rodajes cinematogr\u00e1ficos.\" \/>\n<meta property=\"og:url\" content=\"https:\/\/www.fusion.servicevision.es\/es\/producto\/grips\/dollies-grips\/twin-dolly\/\" \/>\n<meta property=\"og:site_name\" content=\"ServiceVision\" \/>\n<meta property=\"article:modified_time\" content=\"2026-03-28T00:30:25+00:00\" \/>\n<meta property=\"og:image\" content=\"https:\/\/www.fusion.servicevision.es\/wp-content\/uploads\/2021\/02\/twindolly5-1.jpg\" \/>\n\t<meta property=\"og:image:width\" content=\"420\" \/>\n\t<meta property=\"og:image:height\" content=\"279\" \/>\n\t<meta property=\"og:image:type\" content=\"image\/jpeg\" \/>\n<meta name=\"twitter:card\" content=\"summary_large_image\" \/>\n<script type=\"application\/ld+json\" class=\"yoast-schema-graph\">{\"@context\":\"https:\/\/schema.org\",\"@graph\":[{\"@type\":\"WebPage\",\"@id\":\"https:\/\/www.fusion.servicevision.es\/es\/producto\/grips\/dollies-grips\/twin-dolly\/\",\"url\":\"https:\/\/www.fusion.servicevision.es\/es\/producto\/grips\/dollies-grips\/twin-dolly\/\",\"name\":\"Veh\u00edculos y gruas para rodajes - Dollies: Alquiler de Twin dolly - ServiceVision\",\"isPartOf\":{\"@id\":\"https:\/\/www.fusion.servicevision.es\/es\/#website\"},\"datePublished\":\"2026-03-23T01:04:02+00:00\",\"dateModified\":\"2026-03-28T00:30:25+00:00\",\"description\":\"Alquiler de Veh\u00edculos y gruas para rodajes - Dollies: Twin dolly. Consultas y soporte t\u00e9cnico en Servicevision, fabricaci\u00f3n y alquiler de equipos para rodajes cinematogr\u00e1ficos.\",\"breadcrumb\":{\"@id\":\"https:\/\/www.fusion.servicevision.es\/es\/producto\/grips\/dollies-grips\/twin-dolly\/#breadcrumb\"},\"inLanguage\":\"es\",\"potentialAction\":[{\"@type\":\"ReadAction\",\"target\":[\"https:\/\/www.fusion.servicevision.es\/es\/producto\/grips\/dollies-grips\/twin-dolly\/\"]}]},{\"@type\":\"BreadcrumbList\",\"@id\":\"https:\/\/www.fusion.servicevision.es\/es\/producto\/grips\/dollies-grips\/twin-dolly\/#breadcrumb\",\"itemListElement\":[{\"@type\":\"ListItem\",\"position\":1,\"name\":\"Alquiler\",\"item\":\"https:\/\/www.fusion.servicevision.es\/es\/alquiler\/\"},{\"@type\":\"ListItem\",\"position\":2,\"name\":\"Twin Dolly\"}]},{\"@type\":\"WebSite\",\"@id\":\"https:\/\/www.fusion.servicevision.es\/es\/#website\",\"url\":\"https:\/\/www.fusion.servicevision.es\/es\/\",\"name\":\"ServiceVision\",\"description\":\"\",\"potentialAction\":[{\"@type\":\"SearchAction\",\"target\":{\"@type\":\"EntryPoint\",\"urlTemplate\":\"https:\/\/www.fusion.servicevision.es\/es\/?s={search_term_string}\"},\"query-input\":\"required name=search_term_string\"}],\"inLanguage\":\"es\"}]}<\/script>\n<!-- \/ Yoast SEO plugin. -->","yoast_head_json":{"title":"Veh\u00edculos y gruas para rodajes - Dollies: Alquiler de Twin dolly - ServiceVision","description":"Alquiler de Veh\u00edculos y gruas para rodajes - Dollies: Twin dolly. Consultas y soporte t\u00e9cnico en Servicevision, fabricaci\u00f3n y alquiler de equipos para rodajes cinematogr\u00e1ficos.","robots":{"index":"index","follow":"follow","max-snippet":"max-snippet:-1","max-image-preview":"max-image-preview:large","max-video-preview":"max-video-preview:-1"},"canonical":"https:\/\/www.fusion.servicevision.es\/es\/producto\/grips\/dollies-grips\/twin-dolly\/","og_locale":"es_ES","og_type":"article","og_title":"Veh\u00edculos y gruas para rodajes - Dollies: Alquiler de Twin dolly - ServiceVision","og_description":"Alquiler de Veh\u00edculos y gruas para rodajes - Dollies: Twin dolly. Consultas y soporte t\u00e9cnico en Servicevision, fabricaci\u00f3n y alquiler de equipos para rodajes cinematogr\u00e1ficos.","og_url":"https:\/\/www.fusion.servicevision.es\/es\/producto\/grips\/dollies-grips\/twin-dolly\/","og_site_name":"ServiceVision","article_modified_time":"2026-03-28T00:30:25+00:00","og_image":[{"width":420,"height":279,"url":"https:\/\/www.fusion.servicevision.es\/wp-content\/uploads\/2021\/02\/twindolly5-1.jpg","type":"image\/jpeg"}],"twitter_card":"summary_large_image","schema":{"@context":"https:\/\/schema.org","@graph":[{"@type":"WebPage","@id":"https:\/\/www.fusion.servicevision.es\/es\/producto\/grips\/dollies-grips\/twin-dolly\/","url":"https:\/\/www.fusion.servicevision.es\/es\/producto\/grips\/dollies-grips\/twin-dolly\/","name":"Veh\u00edculos y gruas para rodajes - Dollies: Alquiler de Twin dolly - ServiceVision","isPartOf":{"@id":"https:\/\/www.fusion.servicevision.es\/es\/#website"},"datePublished":"2026-03-23T01:04:02+00:00","dateModified":"2026-03-28T00:30:25+00:00","description":"Alquiler de Veh\u00edculos y gruas para rodajes - Dollies: Twin dolly. Consultas y soporte t\u00e9cnico en Servicevision, fabricaci\u00f3n y alquiler de equipos para rodajes cinematogr\u00e1ficos.","breadcrumb":{"@id":"https:\/\/www.fusion.servicevision.es\/es\/producto\/grips\/dollies-grips\/twin-dolly\/#breadcrumb"},"inLanguage":"es","potentialAction":[{"@type":"ReadAction","target":["https:\/\/www.fusion.servicevision.es\/es\/producto\/grips\/dollies-grips\/twin-dolly\/"]}]},{"@type":"BreadcrumbList","@id":"https:\/\/www.fusion.servicevision.es\/es\/producto\/grips\/dollies-grips\/twin-dolly\/#breadcrumb","itemListElement":[{"@type":"ListItem","position":1,"name":"Alquiler","item":"https:\/\/www.fusion.servicevision.es\/es\/alquiler\/"},{"@type":"ListItem","position":2,"name":"Twin Dolly"}]},{"@type":"WebSite","@id":"https:\/\/www.fusion.servicevision.es\/es\/#website","url":"https:\/\/www.fusion.servicevision.es\/es\/","name":"ServiceVision","description":"","potentialAction":[{"@type":"SearchAction","target":{"@type":"EntryPoint","urlTemplate":"https:\/\/www.fusion.servicevision.es\/es\/?s={search_term_string}"},"query-input":"required name=search_term_string"}],"inLanguage":"es"}]}},"jetpack_publicize_connections":[],"_links":{"self":[{"href":"https:\/\/www.fusion.servicevision.es\/es\/wp-json\/wp\/v2\/product\/14531"}],"collection":[{"href":"https:\/\/www.fusion.servicevision.es\/es\/wp-json\/wp\/v2\/product"}],"about":[{"href":"https:\/\/www.fusion.servicevision.es\/es\/wp-json\/wp\/v2\/types\/product"}],"replies":[{"embeddable":true,"href":"https:\/\/www.fusion.servicevision.es\/es\/wp-json\/wp\/v2\/comments?post=14531"}],"wp:featuredmedia":[{"embeddable":true,"href":"https:\/\/www.fusion.servicevision.es\/es\/wp-json\/wp\/v2\/media\/11316"}],"wp:attachment":[{"href":"https:\/\/www.fusion.servicevision.es\/es\/wp-json\/wp\/v2\/media?parent=14531"}],"wp:term":[{"taxonomy":"product_cat","embeddable":true,"href":"https:\/\/www.fusion.servicevision.es\/es\/wp-json\/wp\/v2\/product_cat?post=14531"},{"taxonomy":"product_tag","embeddable":true,"href":"https:\/\/www.fusion.servicevision.es\/es\/wp-json\/wp\/v2\/product_tag?post=14531"}],"curies":[{"name":"wp","href":"https:\/\/api.w.org\/{rel}","templated":true}]}}