{"id":14409,"date":"2026-03-23T01:02:43","date_gmt":"2026-03-23T01:02:43","guid":{"rendered":"https:\/\/www.fusion.servicevision.es\/producto\/6-mm-leitz-century-s2000\/"},"modified":"2026-03-23T01:02:43","modified_gmt":"2026-03-23T01:02:43","slug":"6-mm-leitz-century-s2000","status":"publish","type":"product","link":"https:\/\/www.fusion.servicevision.es\/es\/producto\/camaras\/objetivos-y-zooms\/objetivos-super-16\/6-mm-leitz-century-s2000\/","title":{"rendered":"6 mm Leitz-Century S2000"},"content":{"rendered":"","protected":false},"excerpt":{"rendered":"","protected":false},"featured_media":10004,"comment_status":"open","ping_status":"closed","template":"","meta":[],"product_cat":[193,141,15],"product_tag":[],"yoast_head":"<!-- This site is optimized with the Yoast SEO plugin v19.9 - https:\/\/yoast.com\/wordpress\/plugins\/seo\/ -->\n<title>C\u00e1maras 6 mm Leitz-Century S2000 T1.9 - ServiceVision<\/title>\n<meta name=\"description\" content=\"Alquiler de C\u00e1maras - Objetivos Super 16: 6 mm Leitz-Century S2000 T1.9. Consultas y soporte t\u00e9cnico en Servicevision, fabricaci\u00f3n y alquiler de equipos para rodajes cinematogr\u00e1ficos.\" \/>\n<meta name=\"robots\" content=\"index, follow, max-snippet:-1, max-image-preview:large, max-video-preview:-1\" \/>\n<link rel=\"canonical\" href=\"https:\/\/www.fusion.servicevision.es\/es\/producto\/camaras\/objetivos-y-zooms\/objetivos-super-16\/6-mm-leitz-century-s2000\/\" \/>\n<meta property=\"og:locale\" content=\"es_ES\" \/>\n<meta property=\"og:type\" content=\"article\" \/>\n<meta property=\"og:title\" content=\"C\u00e1maras 6 mm Leitz-Century S2000 T1.9 - ServiceVision\" \/>\n<meta property=\"og:description\" content=\"Alquiler de C\u00e1maras - Objetivos Super 16: 6 mm Leitz-Century S2000 T1.9. Consultas y soporte t\u00e9cnico en Servicevision, fabricaci\u00f3n y alquiler de equipos para rodajes cinematogr\u00e1ficos.\" \/>\n<meta property=\"og:url\" content=\"https:\/\/www.fusion.servicevision.es\/es\/producto\/camaras\/objetivos-y-zooms\/objetivos-super-16\/6-mm-leitz-century-s2000\/\" \/>\n<meta property=\"og:site_name\" content=\"ServiceVision\" \/>\n<meta property=\"og:image\" content=\"https:\/\/www.fusion.servicevision.es\/wp-content\/uploads\/2019\/05\/a6d717-60706d-screen_shot_2017-07-26_at_10_05_45_pm.png\" \/>\n\t<meta property=\"og:image:width\" content=\"660\" \/>\n\t<meta property=\"og:image:height\" content=\"440\" \/>\n\t<meta property=\"og:image:type\" content=\"image\/png\" \/>\n<meta name=\"twitter:card\" content=\"summary_large_image\" \/>\n<script type=\"application\/ld+json\" class=\"yoast-schema-graph\">{\"@context\":\"https:\/\/schema.org\",\"@graph\":[{\"@type\":\"WebPage\",\"@id\":\"https:\/\/www.fusion.servicevision.es\/es\/producto\/camaras\/objetivos-y-zooms\/objetivos-super-16\/6-mm-leitz-century-s2000\/\",\"url\":\"https:\/\/www.fusion.servicevision.es\/es\/producto\/camaras\/objetivos-y-zooms\/objetivos-super-16\/6-mm-leitz-century-s2000\/\",\"name\":\"C\u00e1maras 6 mm Leitz-Century S2000 T1.9 - ServiceVision\",\"isPartOf\":{\"@id\":\"https:\/\/www.fusion.servicevision.es\/es\/#website\"},\"datePublished\":\"2026-03-23T01:02:43+00:00\",\"dateModified\":\"2026-03-23T01:02:43+00:00\",\"description\":\"Alquiler de C\u00e1maras - Objetivos Super 16: 6 mm Leitz-Century S2000 T1.9. Consultas y soporte t\u00e9cnico en Servicevision, fabricaci\u00f3n y alquiler de equipos para rodajes cinematogr\u00e1ficos.\",\"breadcrumb\":{\"@id\":\"https:\/\/www.fusion.servicevision.es\/es\/producto\/camaras\/objetivos-y-zooms\/objetivos-super-16\/6-mm-leitz-century-s2000\/#breadcrumb\"},\"inLanguage\":\"es\",\"potentialAction\":[{\"@type\":\"ReadAction\",\"target\":[\"https:\/\/www.fusion.servicevision.es\/es\/producto\/camaras\/objetivos-y-zooms\/objetivos-super-16\/6-mm-leitz-century-s2000\/\"]}]},{\"@type\":\"BreadcrumbList\",\"@id\":\"https:\/\/www.fusion.servicevision.es\/es\/producto\/camaras\/objetivos-y-zooms\/objetivos-super-16\/6-mm-leitz-century-s2000\/#breadcrumb\",\"itemListElement\":[{\"@type\":\"ListItem\",\"position\":1,\"name\":\"Alquiler\",\"item\":\"https:\/\/www.fusion.servicevision.es\/es\/alquiler\/\"},{\"@type\":\"ListItem\",\"position\":2,\"name\":\"6 mm Leitz-Century S2000\"}]},{\"@type\":\"WebSite\",\"@id\":\"https:\/\/www.fusion.servicevision.es\/es\/#website\",\"url\":\"https:\/\/www.fusion.servicevision.es\/es\/\",\"name\":\"ServiceVision\",\"description\":\"\",\"potentialAction\":[{\"@type\":\"SearchAction\",\"target\":{\"@type\":\"EntryPoint\",\"urlTemplate\":\"https:\/\/www.fusion.servicevision.es\/es\/?s={search_term_string}\"},\"query-input\":\"required name=search_term_string\"}],\"inLanguage\":\"es\"}]}<\/script>\n<!-- \/ Yoast SEO plugin. -->","yoast_head_json":{"title":"C\u00e1maras 6 mm Leitz-Century S2000 T1.9 - ServiceVision","description":"Alquiler de C\u00e1maras - Objetivos Super 16: 6 mm Leitz-Century S2000 T1.9. Consultas y soporte t\u00e9cnico en Servicevision, fabricaci\u00f3n y alquiler de equipos para rodajes cinematogr\u00e1ficos.","robots":{"index":"index","follow":"follow","max-snippet":"max-snippet:-1","max-image-preview":"max-image-preview:large","max-video-preview":"max-video-preview:-1"},"canonical":"https:\/\/www.fusion.servicevision.es\/es\/producto\/camaras\/objetivos-y-zooms\/objetivos-super-16\/6-mm-leitz-century-s2000\/","og_locale":"es_ES","og_type":"article","og_title":"C\u00e1maras 6 mm Leitz-Century S2000 T1.9 - ServiceVision","og_description":"Alquiler de C\u00e1maras - Objetivos Super 16: 6 mm Leitz-Century S2000 T1.9. Consultas y soporte t\u00e9cnico en Servicevision, fabricaci\u00f3n y alquiler de equipos para rodajes cinematogr\u00e1ficos.","og_url":"https:\/\/www.fusion.servicevision.es\/es\/producto\/camaras\/objetivos-y-zooms\/objetivos-super-16\/6-mm-leitz-century-s2000\/","og_site_name":"ServiceVision","og_image":[{"width":660,"height":440,"url":"https:\/\/www.fusion.servicevision.es\/wp-content\/uploads\/2019\/05\/a6d717-60706d-screen_shot_2017-07-26_at_10_05_45_pm.png","type":"image\/png"}],"twitter_card":"summary_large_image","schema":{"@context":"https:\/\/schema.org","@graph":[{"@type":"WebPage","@id":"https:\/\/www.fusion.servicevision.es\/es\/producto\/camaras\/objetivos-y-zooms\/objetivos-super-16\/6-mm-leitz-century-s2000\/","url":"https:\/\/www.fusion.servicevision.es\/es\/producto\/camaras\/objetivos-y-zooms\/objetivos-super-16\/6-mm-leitz-century-s2000\/","name":"C\u00e1maras 6 mm Leitz-Century S2000 T1.9 - ServiceVision","isPartOf":{"@id":"https:\/\/www.fusion.servicevision.es\/es\/#website"},"datePublished":"2026-03-23T01:02:43+00:00","dateModified":"2026-03-23T01:02:43+00:00","description":"Alquiler de C\u00e1maras - Objetivos Super 16: 6 mm Leitz-Century S2000 T1.9. Consultas y soporte t\u00e9cnico en Servicevision, fabricaci\u00f3n y alquiler de equipos para rodajes cinematogr\u00e1ficos.","breadcrumb":{"@id":"https:\/\/www.fusion.servicevision.es\/es\/producto\/camaras\/objetivos-y-zooms\/objetivos-super-16\/6-mm-leitz-century-s2000\/#breadcrumb"},"inLanguage":"es","potentialAction":[{"@type":"ReadAction","target":["https:\/\/www.fusion.servicevision.es\/es\/producto\/camaras\/objetivos-y-zooms\/objetivos-super-16\/6-mm-leitz-century-s2000\/"]}]},{"@type":"BreadcrumbList","@id":"https:\/\/www.fusion.servicevision.es\/es\/producto\/camaras\/objetivos-y-zooms\/objetivos-super-16\/6-mm-leitz-century-s2000\/#breadcrumb","itemListElement":[{"@type":"ListItem","position":1,"name":"Alquiler","item":"https:\/\/www.fusion.servicevision.es\/es\/alquiler\/"},{"@type":"ListItem","position":2,"name":"6 mm Leitz-Century S2000"}]},{"@type":"WebSite","@id":"https:\/\/www.fusion.servicevision.es\/es\/#website","url":"https:\/\/www.fusion.servicevision.es\/es\/","name":"ServiceVision","description":"","potentialAction":[{"@type":"SearchAction","target":{"@type":"EntryPoint","urlTemplate":"https:\/\/www.fusion.servicevision.es\/es\/?s={search_term_string}"},"query-input":"required name=search_term_string"}],"inLanguage":"es"}]}},"jetpack_publicize_connections":[],"_links":{"self":[{"href":"https:\/\/www.fusion.servicevision.es\/es\/wp-json\/wp\/v2\/product\/14409"}],"collection":[{"href":"https:\/\/www.fusion.servicevision.es\/es\/wp-json\/wp\/v2\/product"}],"about":[{"href":"https:\/\/www.fusion.servicevision.es\/es\/wp-json\/wp\/v2\/types\/product"}],"replies":[{"embeddable":true,"href":"https:\/\/www.fusion.servicevision.es\/es\/wp-json\/wp\/v2\/comments?post=14409"}],"wp:featuredmedia":[{"embeddable":true,"href":"https:\/\/www.fusion.servicevision.es\/es\/wp-json\/wp\/v2\/media\/10004"}],"wp:attachment":[{"href":"https:\/\/www.fusion.servicevision.es\/es\/wp-json\/wp\/v2\/media?parent=14409"}],"wp:term":[{"taxonomy":"product_cat","embeddable":true,"href":"https:\/\/www.fusion.servicevision.es\/es\/wp-json\/wp\/v2\/product_cat?post=14409"},{"taxonomy":"product_tag","embeddable":true,"href":"https:\/\/www.fusion.servicevision.es\/es\/wp-json\/wp\/v2\/product_tag?post=14409"}],"curies":[{"name":"wp","href":"https:\/\/api.w.org\/{rel}","templated":true}]}}