{"id":14294,"date":"2026-03-23T01:01:42","date_gmt":"2026-03-23T01:01:42","guid":{"rendered":"https:\/\/www.fusion.servicevision.es\/producto\/twister-dolly-panther\/"},"modified":"2026-03-28T00:31:45","modified_gmt":"2026-03-28T00:31:45","slug":"twister-dolly-panther","status":"publish","type":"product","link":"https:\/\/www.fusion.servicevision.es\/es\/producto\/grips\/dollies-grips\/twister-dolly-panther\/","title":{"rendered":"TWISTER DOLLY PANTHER"},"content":{"rendered":"","protected":false},"excerpt":{"rendered":"<p>La <strong>TWISTER Dolly de Panther<\/strong> es la mejor para cine y filmaciones HD. Realiza giros en todas direcciones seleccionando uno de los tres modos de direcci\u00f3n: delantera, trasera y circular (Round-A-Round). Estas nuevas opciones de direcci\u00f3n proporcionan movimientos precisos alrededor del sujeto y su dise\u00f1o compacto permite que gire f\u00e1cilmente, incluso en los espacios m\u00e1s reducidos.<\/p>\n","protected":false},"featured_media":10676,"comment_status":"open","ping_status":"closed","template":"","meta":[],"product_cat":[182],"product_tag":[],"yoast_head":"<!-- This site is optimized with the Yoast SEO plugin v19.9 - https:\/\/yoast.com\/wordpress\/plugins\/seo\/ -->\n<title>Veh\u00edculos y gruas para rodajes - Dollies: Alquiler de Twister dolly panther - ServiceVision<\/title>\n<meta name=\"description\" content=\"Alquiler de Veh\u00edculos y gruas para rodajes - Dollies: Twister dolly panther. Consultas y soporte t\u00e9cnico en Servicevision, fabricaci\u00f3n y alquiler de equipos para rodajes cinematogr\u00e1ficos.\" \/>\n<meta name=\"robots\" content=\"index, follow, max-snippet:-1, max-image-preview:large, max-video-preview:-1\" \/>\n<link rel=\"canonical\" href=\"https:\/\/www.fusion.servicevision.es\/es\/producto\/grips\/dollies-grips\/twister-dolly-panther\/\" \/>\n<meta property=\"og:locale\" content=\"es_ES\" \/>\n<meta property=\"og:type\" content=\"article\" \/>\n<meta property=\"og:title\" content=\"Veh\u00edculos y gruas para rodajes - Dollies: Alquiler de Twister dolly panther - ServiceVision\" \/>\n<meta property=\"og:description\" content=\"Alquiler de Veh\u00edculos y gruas para rodajes - Dollies: Twister dolly panther. Consultas y soporte t\u00e9cnico en Servicevision, fabricaci\u00f3n y alquiler de equipos para rodajes cinematogr\u00e1ficos.\" \/>\n<meta property=\"og:url\" content=\"https:\/\/www.fusion.servicevision.es\/es\/producto\/grips\/dollies-grips\/twister-dolly-panther\/\" \/>\n<meta property=\"og:site_name\" content=\"ServiceVision\" \/>\n<meta property=\"article:modified_time\" content=\"2026-03-28T00:31:45+00:00\" \/>\n<meta property=\"og:image\" content=\"https:\/\/www.fusion.servicevision.es\/wp-content\/uploads\/2019\/05\/twister-dolly-phanter.jpg\" \/>\n\t<meta property=\"og:image:width\" content=\"610\" \/>\n\t<meta property=\"og:image:height\" content=\"610\" \/>\n\t<meta property=\"og:image:type\" content=\"image\/jpeg\" \/>\n<meta name=\"twitter:card\" content=\"summary_large_image\" \/>\n<script type=\"application\/ld+json\" class=\"yoast-schema-graph\">{\"@context\":\"https:\/\/schema.org\",\"@graph\":[{\"@type\":\"WebPage\",\"@id\":\"https:\/\/www.fusion.servicevision.es\/es\/producto\/grips\/dollies-grips\/twister-dolly-panther\/\",\"url\":\"https:\/\/www.fusion.servicevision.es\/es\/producto\/grips\/dollies-grips\/twister-dolly-panther\/\",\"name\":\"Veh\u00edculos y gruas para rodajes - Dollies: Alquiler de Twister dolly panther - ServiceVision\",\"isPartOf\":{\"@id\":\"https:\/\/www.fusion.servicevision.es\/es\/#website\"},\"datePublished\":\"2026-03-23T01:01:42+00:00\",\"dateModified\":\"2026-03-28T00:31:45+00:00\",\"description\":\"Alquiler de Veh\u00edculos y gruas para rodajes - Dollies: Twister dolly panther. Consultas y soporte t\u00e9cnico en Servicevision, fabricaci\u00f3n y alquiler de equipos para rodajes cinematogr\u00e1ficos.\",\"breadcrumb\":{\"@id\":\"https:\/\/www.fusion.servicevision.es\/es\/producto\/grips\/dollies-grips\/twister-dolly-panther\/#breadcrumb\"},\"inLanguage\":\"es\",\"potentialAction\":[{\"@type\":\"ReadAction\",\"target\":[\"https:\/\/www.fusion.servicevision.es\/es\/producto\/grips\/dollies-grips\/twister-dolly-panther\/\"]}]},{\"@type\":\"BreadcrumbList\",\"@id\":\"https:\/\/www.fusion.servicevision.es\/es\/producto\/grips\/dollies-grips\/twister-dolly-panther\/#breadcrumb\",\"itemListElement\":[{\"@type\":\"ListItem\",\"position\":1,\"name\":\"Alquiler\",\"item\":\"https:\/\/www.fusion.servicevision.es\/es\/alquiler\/\"},{\"@type\":\"ListItem\",\"position\":2,\"name\":\"TWISTER DOLLY PANTHER\"}]},{\"@type\":\"WebSite\",\"@id\":\"https:\/\/www.fusion.servicevision.es\/es\/#website\",\"url\":\"https:\/\/www.fusion.servicevision.es\/es\/\",\"name\":\"ServiceVision\",\"description\":\"\",\"potentialAction\":[{\"@type\":\"SearchAction\",\"target\":{\"@type\":\"EntryPoint\",\"urlTemplate\":\"https:\/\/www.fusion.servicevision.es\/es\/?s={search_term_string}\"},\"query-input\":\"required name=search_term_string\"}],\"inLanguage\":\"es\"}]}<\/script>\n<!-- \/ Yoast SEO plugin. -->","yoast_head_json":{"title":"Veh\u00edculos y gruas para rodajes - Dollies: Alquiler de Twister dolly panther - ServiceVision","description":"Alquiler de Veh\u00edculos y gruas para rodajes - Dollies: Twister dolly panther. Consultas y soporte t\u00e9cnico en Servicevision, fabricaci\u00f3n y alquiler de equipos para rodajes cinematogr\u00e1ficos.","robots":{"index":"index","follow":"follow","max-snippet":"max-snippet:-1","max-image-preview":"max-image-preview:large","max-video-preview":"max-video-preview:-1"},"canonical":"https:\/\/www.fusion.servicevision.es\/es\/producto\/grips\/dollies-grips\/twister-dolly-panther\/","og_locale":"es_ES","og_type":"article","og_title":"Veh\u00edculos y gruas para rodajes - Dollies: Alquiler de Twister dolly panther - ServiceVision","og_description":"Alquiler de Veh\u00edculos y gruas para rodajes - Dollies: Twister dolly panther. Consultas y soporte t\u00e9cnico en Servicevision, fabricaci\u00f3n y alquiler de equipos para rodajes cinematogr\u00e1ficos.","og_url":"https:\/\/www.fusion.servicevision.es\/es\/producto\/grips\/dollies-grips\/twister-dolly-panther\/","og_site_name":"ServiceVision","article_modified_time":"2026-03-28T00:31:45+00:00","og_image":[{"width":610,"height":610,"url":"https:\/\/www.fusion.servicevision.es\/wp-content\/uploads\/2019\/05\/twister-dolly-phanter.jpg","type":"image\/jpeg"}],"twitter_card":"summary_large_image","schema":{"@context":"https:\/\/schema.org","@graph":[{"@type":"WebPage","@id":"https:\/\/www.fusion.servicevision.es\/es\/producto\/grips\/dollies-grips\/twister-dolly-panther\/","url":"https:\/\/www.fusion.servicevision.es\/es\/producto\/grips\/dollies-grips\/twister-dolly-panther\/","name":"Veh\u00edculos y gruas para rodajes - Dollies: Alquiler de Twister dolly panther - ServiceVision","isPartOf":{"@id":"https:\/\/www.fusion.servicevision.es\/es\/#website"},"datePublished":"2026-03-23T01:01:42+00:00","dateModified":"2026-03-28T00:31:45+00:00","description":"Alquiler de Veh\u00edculos y gruas para rodajes - Dollies: Twister dolly panther. Consultas y soporte t\u00e9cnico en Servicevision, fabricaci\u00f3n y alquiler de equipos para rodajes cinematogr\u00e1ficos.","breadcrumb":{"@id":"https:\/\/www.fusion.servicevision.es\/es\/producto\/grips\/dollies-grips\/twister-dolly-panther\/#breadcrumb"},"inLanguage":"es","potentialAction":[{"@type":"ReadAction","target":["https:\/\/www.fusion.servicevision.es\/es\/producto\/grips\/dollies-grips\/twister-dolly-panther\/"]}]},{"@type":"BreadcrumbList","@id":"https:\/\/www.fusion.servicevision.es\/es\/producto\/grips\/dollies-grips\/twister-dolly-panther\/#breadcrumb","itemListElement":[{"@type":"ListItem","position":1,"name":"Alquiler","item":"https:\/\/www.fusion.servicevision.es\/es\/alquiler\/"},{"@type":"ListItem","position":2,"name":"TWISTER DOLLY PANTHER"}]},{"@type":"WebSite","@id":"https:\/\/www.fusion.servicevision.es\/es\/#website","url":"https:\/\/www.fusion.servicevision.es\/es\/","name":"ServiceVision","description":"","potentialAction":[{"@type":"SearchAction","target":{"@type":"EntryPoint","urlTemplate":"https:\/\/www.fusion.servicevision.es\/es\/?s={search_term_string}"},"query-input":"required name=search_term_string"}],"inLanguage":"es"}]}},"jetpack_publicize_connections":[],"_links":{"self":[{"href":"https:\/\/www.fusion.servicevision.es\/es\/wp-json\/wp\/v2\/product\/14294"}],"collection":[{"href":"https:\/\/www.fusion.servicevision.es\/es\/wp-json\/wp\/v2\/product"}],"about":[{"href":"https:\/\/www.fusion.servicevision.es\/es\/wp-json\/wp\/v2\/types\/product"}],"replies":[{"embeddable":true,"href":"https:\/\/www.fusion.servicevision.es\/es\/wp-json\/wp\/v2\/comments?post=14294"}],"wp:featuredmedia":[{"embeddable":true,"href":"https:\/\/www.fusion.servicevision.es\/es\/wp-json\/wp\/v2\/media\/10676"}],"wp:attachment":[{"href":"https:\/\/www.fusion.servicevision.es\/es\/wp-json\/wp\/v2\/media?parent=14294"}],"wp:term":[{"taxonomy":"product_cat","embeddable":true,"href":"https:\/\/www.fusion.servicevision.es\/es\/wp-json\/wp\/v2\/product_cat?post=14294"},{"taxonomy":"product_tag","embeddable":true,"href":"https:\/\/www.fusion.servicevision.es\/es\/wp-json\/wp\/v2\/product_tag?post=14294"}],"curies":[{"name":"wp","href":"https:\/\/api.w.org\/{rel}","templated":true}]}}