{"id":14264,"date":"2026-03-23T01:01:26","date_gmt":"2026-03-23T01:01:26","guid":{"rendered":"https:\/\/www.fusion.servicevision.es\/producto\/kino-1-tubo-120\/"},"modified":"2026-03-27T15:12:55","modified_gmt":"2026-03-27T15:12:55","slug":"kino-1-tubo-120","status":"publish","type":"product","link":"https:\/\/www.fusion.servicevision.es\/es\/producto\/luces\/fluorescencia\/kinoflo-system\/kino-1-tubo-120\/","title":{"rendered":"KINO 1 TUBO 1,20"},"content":{"rendered":"<p>Conector: Schuco Med.(mm):90(AN)x115(AL)x1320(LA), Peso 1,9Kg, (4,9Kg + EB), Pin:10mm, 1 x EB 1bank, Tubos: 1 K32 + 1 K55, 1 x Rejilla Negra, Cable EB.<\/p>\n","protected":false},"excerpt":{"rendered":"<p>Conector: Schuco Med.(mm):90(AN)x115(AL)x1320(LA), Peso 1,9Kg, (4,9Kg + EB), Pin:10mm, 1 x EB 1bank, Tubos: 1 K32 + 1 K55, 1 x Rejilla Negra, Cable EB.<\/p>\n","protected":false},"featured_media":10320,"comment_status":"open","ping_status":"closed","template":"","meta":[],"product_cat":[180,17,27],"product_tag":[],"yoast_head":"<!-- This site is optimized with the Yoast SEO plugin v19.9 - https:\/\/yoast.com\/wordpress\/plugins\/seo\/ -->\n<title>Luces fluorescencia - Alquiler de KINO 1 TUBO 1,20 - ServiceVision<\/title>\n<meta name=\"description\" content=\"Alquiler de Luces fluorescencia - Kinoflo system: KINO 1 TUBO 1,20. Consultas y soporte t\u00e9cnico en Servicevision, fabricaci\u00f3n y alquiler de equipos para rodajes cinematogr\u00e1ficos.\" \/>\n<meta name=\"robots\" content=\"index, follow, max-snippet:-1, max-image-preview:large, max-video-preview:-1\" \/>\n<link rel=\"canonical\" href=\"https:\/\/www.fusion.servicevision.es\/es\/producto\/luces\/fluorescencia\/kinoflo-system\/kino-1-tubo-120\/\" \/>\n<meta property=\"og:locale\" content=\"es_ES\" \/>\n<meta property=\"og:type\" content=\"article\" \/>\n<meta property=\"og:title\" content=\"Luces fluorescencia - Alquiler de KINO 1 TUBO 1,20 - ServiceVision\" \/>\n<meta property=\"og:description\" content=\"Alquiler de Luces fluorescencia - Kinoflo system: KINO 1 TUBO 1,20. Consultas y soporte t\u00e9cnico en Servicevision, fabricaci\u00f3n y alquiler de equipos para rodajes cinematogr\u00e1ficos.\" \/>\n<meta property=\"og:url\" content=\"https:\/\/www.fusion.servicevision.es\/es\/producto\/luces\/fluorescencia\/kinoflo-system\/kino-1-tubo-120\/\" \/>\n<meta property=\"og:site_name\" content=\"ServiceVision\" \/>\n<meta property=\"article:modified_time\" content=\"2026-03-27T15:12:55+00:00\" \/>\n<meta property=\"og:image\" content=\"https:\/\/www.fusion.servicevision.es\/wp-content\/uploads\/2019\/05\/kino_1_tubo_120.jpg\" \/>\n\t<meta property=\"og:image:width\" content=\"1200\" \/>\n\t<meta property=\"og:image:height\" content=\"1200\" \/>\n\t<meta property=\"og:image:type\" content=\"image\/jpeg\" \/>\n<meta name=\"twitter:card\" content=\"summary_large_image\" \/>\n<meta name=\"twitter:label1\" content=\"Tiempo de lectura\" \/>\n\t<meta name=\"twitter:data1\" content=\"1 minuto\" \/>\n<script type=\"application\/ld+json\" class=\"yoast-schema-graph\">{\"@context\":\"https:\/\/schema.org\",\"@graph\":[{\"@type\":\"WebPage\",\"@id\":\"https:\/\/www.fusion.servicevision.es\/es\/producto\/luces\/fluorescencia\/kinoflo-system\/kino-1-tubo-120\/\",\"url\":\"https:\/\/www.fusion.servicevision.es\/es\/producto\/luces\/fluorescencia\/kinoflo-system\/kino-1-tubo-120\/\",\"name\":\"Luces fluorescencia - Alquiler de KINO 1 TUBO 1,20 - ServiceVision\",\"isPartOf\":{\"@id\":\"https:\/\/www.fusion.servicevision.es\/es\/#website\"},\"datePublished\":\"2026-03-23T01:01:26+00:00\",\"dateModified\":\"2026-03-27T15:12:55+00:00\",\"description\":\"Alquiler de Luces fluorescencia - Kinoflo system: KINO 1 TUBO 1,20. Consultas y soporte t\u00e9cnico en Servicevision, fabricaci\u00f3n y alquiler de equipos para rodajes cinematogr\u00e1ficos.\",\"breadcrumb\":{\"@id\":\"https:\/\/www.fusion.servicevision.es\/es\/producto\/luces\/fluorescencia\/kinoflo-system\/kino-1-tubo-120\/#breadcrumb\"},\"inLanguage\":\"es\",\"potentialAction\":[{\"@type\":\"ReadAction\",\"target\":[\"https:\/\/www.fusion.servicevision.es\/es\/producto\/luces\/fluorescencia\/kinoflo-system\/kino-1-tubo-120\/\"]}]},{\"@type\":\"BreadcrumbList\",\"@id\":\"https:\/\/www.fusion.servicevision.es\/es\/producto\/luces\/fluorescencia\/kinoflo-system\/kino-1-tubo-120\/#breadcrumb\",\"itemListElement\":[{\"@type\":\"ListItem\",\"position\":1,\"name\":\"Alquiler\",\"item\":\"https:\/\/www.fusion.servicevision.es\/es\/alquiler\/\"},{\"@type\":\"ListItem\",\"position\":2,\"name\":\"KINO 1 TUBO 1,20\"}]},{\"@type\":\"WebSite\",\"@id\":\"https:\/\/www.fusion.servicevision.es\/es\/#website\",\"url\":\"https:\/\/www.fusion.servicevision.es\/es\/\",\"name\":\"ServiceVision\",\"description\":\"\",\"potentialAction\":[{\"@type\":\"SearchAction\",\"target\":{\"@type\":\"EntryPoint\",\"urlTemplate\":\"https:\/\/www.fusion.servicevision.es\/es\/?s={search_term_string}\"},\"query-input\":\"required name=search_term_string\"}],\"inLanguage\":\"es\"}]}<\/script>\n<!-- \/ Yoast SEO plugin. -->","yoast_head_json":{"title":"Luces fluorescencia - Alquiler de KINO 1 TUBO 1,20 - ServiceVision","description":"Alquiler de Luces fluorescencia - Kinoflo system: KINO 1 TUBO 1,20. Consultas y soporte t\u00e9cnico en Servicevision, fabricaci\u00f3n y alquiler de equipos para rodajes cinematogr\u00e1ficos.","robots":{"index":"index","follow":"follow","max-snippet":"max-snippet:-1","max-image-preview":"max-image-preview:large","max-video-preview":"max-video-preview:-1"},"canonical":"https:\/\/www.fusion.servicevision.es\/es\/producto\/luces\/fluorescencia\/kinoflo-system\/kino-1-tubo-120\/","og_locale":"es_ES","og_type":"article","og_title":"Luces fluorescencia - Alquiler de KINO 1 TUBO 1,20 - ServiceVision","og_description":"Alquiler de Luces fluorescencia - Kinoflo system: KINO 1 TUBO 1,20. Consultas y soporte t\u00e9cnico en Servicevision, fabricaci\u00f3n y alquiler de equipos para rodajes cinematogr\u00e1ficos.","og_url":"https:\/\/www.fusion.servicevision.es\/es\/producto\/luces\/fluorescencia\/kinoflo-system\/kino-1-tubo-120\/","og_site_name":"ServiceVision","article_modified_time":"2026-03-27T15:12:55+00:00","og_image":[{"width":1200,"height":1200,"url":"https:\/\/www.fusion.servicevision.es\/wp-content\/uploads\/2019\/05\/kino_1_tubo_120.jpg","type":"image\/jpeg"}],"twitter_card":"summary_large_image","twitter_misc":{"Tiempo de lectura":"1 minuto"},"schema":{"@context":"https:\/\/schema.org","@graph":[{"@type":"WebPage","@id":"https:\/\/www.fusion.servicevision.es\/es\/producto\/luces\/fluorescencia\/kinoflo-system\/kino-1-tubo-120\/","url":"https:\/\/www.fusion.servicevision.es\/es\/producto\/luces\/fluorescencia\/kinoflo-system\/kino-1-tubo-120\/","name":"Luces fluorescencia - Alquiler de KINO 1 TUBO 1,20 - ServiceVision","isPartOf":{"@id":"https:\/\/www.fusion.servicevision.es\/es\/#website"},"datePublished":"2026-03-23T01:01:26+00:00","dateModified":"2026-03-27T15:12:55+00:00","description":"Alquiler de Luces fluorescencia - Kinoflo system: KINO 1 TUBO 1,20. Consultas y soporte t\u00e9cnico en Servicevision, fabricaci\u00f3n y alquiler de equipos para rodajes cinematogr\u00e1ficos.","breadcrumb":{"@id":"https:\/\/www.fusion.servicevision.es\/es\/producto\/luces\/fluorescencia\/kinoflo-system\/kino-1-tubo-120\/#breadcrumb"},"inLanguage":"es","potentialAction":[{"@type":"ReadAction","target":["https:\/\/www.fusion.servicevision.es\/es\/producto\/luces\/fluorescencia\/kinoflo-system\/kino-1-tubo-120\/"]}]},{"@type":"BreadcrumbList","@id":"https:\/\/www.fusion.servicevision.es\/es\/producto\/luces\/fluorescencia\/kinoflo-system\/kino-1-tubo-120\/#breadcrumb","itemListElement":[{"@type":"ListItem","position":1,"name":"Alquiler","item":"https:\/\/www.fusion.servicevision.es\/es\/alquiler\/"},{"@type":"ListItem","position":2,"name":"KINO 1 TUBO 1,20"}]},{"@type":"WebSite","@id":"https:\/\/www.fusion.servicevision.es\/es\/#website","url":"https:\/\/www.fusion.servicevision.es\/es\/","name":"ServiceVision","description":"","potentialAction":[{"@type":"SearchAction","target":{"@type":"EntryPoint","urlTemplate":"https:\/\/www.fusion.servicevision.es\/es\/?s={search_term_string}"},"query-input":"required name=search_term_string"}],"inLanguage":"es"}]}},"jetpack_publicize_connections":[],"_links":{"self":[{"href":"https:\/\/www.fusion.servicevision.es\/es\/wp-json\/wp\/v2\/product\/14264"}],"collection":[{"href":"https:\/\/www.fusion.servicevision.es\/es\/wp-json\/wp\/v2\/product"}],"about":[{"href":"https:\/\/www.fusion.servicevision.es\/es\/wp-json\/wp\/v2\/types\/product"}],"replies":[{"embeddable":true,"href":"https:\/\/www.fusion.servicevision.es\/es\/wp-json\/wp\/v2\/comments?post=14264"}],"wp:featuredmedia":[{"embeddable":true,"href":"https:\/\/www.fusion.servicevision.es\/es\/wp-json\/wp\/v2\/media\/10320"}],"wp:attachment":[{"href":"https:\/\/www.fusion.servicevision.es\/es\/wp-json\/wp\/v2\/media?parent=14264"}],"wp:term":[{"taxonomy":"product_cat","embeddable":true,"href":"https:\/\/www.fusion.servicevision.es\/es\/wp-json\/wp\/v2\/product_cat?post=14264"},{"taxonomy":"product_tag","embeddable":true,"href":"https:\/\/www.fusion.servicevision.es\/es\/wp-json\/wp\/v2\/product_tag?post=14264"}],"curies":[{"name":"wp","href":"https:\/\/api.w.org\/{rel}","templated":true}]}}