{"id":14248,"date":"2026-03-23T01:01:17","date_gmt":"2026-03-23T01:01:17","guid":{"rendered":"https:\/\/www.fusion.servicevision.es\/producto\/dedolight-400\/"},"modified":"2026-03-27T15:01:01","modified_gmt":"2026-03-27T15:01:01","slug":"dedolight-400","status":"publish","type":"product","link":"https:\/\/www.fusion.servicevision.es\/es\/producto\/luces\/hmi\/dedolight\/dedolight-400\/","title":{"rendered":"DEDOLIGHT 400"},"content":{"rendered":"","protected":false},"excerpt":{"rendered":"<ul class=\"svs-list-caracteristicas\">\n<li>Conector: Schuco.<\/li>\n<li>Medidas (mm): 223(AN)x230(AL)x247(LA).<\/li>\n<li>Peso 4,4Kg, Lente 250mm, Socket 16mm, Gasas Met.<\/li>\n<li>Lentes, Cable y Elect.Ballast.<\/li>\n<\/ul>\n","protected":false},"featured_media":870,"comment_status":"open","ping_status":"closed","template":"","meta":[],"product_cat":[113,17],"product_tag":[],"yoast_head":"<!-- This site is optimized with the Yoast SEO plugin v19.9 - https:\/\/yoast.com\/wordpress\/plugins\/seo\/ -->\n<title>Luces HMI - Alquiler de DEDOLIGHT 400 - ServiceVision<\/title>\n<meta name=\"description\" content=\"Alquiler de Luces HMI - Dedolight 400: DEDOLIGHT 400. Consultas y soporte t\u00e9cnico en Servicevision, fabricaci\u00f3n y alquiler de equipos para rodajes cinematogr\u00e1ficos.\" \/>\n<meta name=\"robots\" content=\"index, follow, max-snippet:-1, max-image-preview:large, max-video-preview:-1\" \/>\n<link rel=\"canonical\" href=\"https:\/\/www.fusion.servicevision.es\/es\/producto\/luces\/hmi\/dedolight\/dedolight-400\/\" \/>\n<meta property=\"og:locale\" content=\"es_ES\" \/>\n<meta property=\"og:type\" content=\"article\" \/>\n<meta property=\"og:title\" content=\"Luces HMI - Alquiler de DEDOLIGHT 400 - ServiceVision\" \/>\n<meta property=\"og:description\" content=\"Alquiler de Luces HMI - Dedolight 400: DEDOLIGHT 400. Consultas y soporte t\u00e9cnico en Servicevision, fabricaci\u00f3n y alquiler de equipos para rodajes cinematogr\u00e1ficos.\" \/>\n<meta property=\"og:url\" content=\"https:\/\/www.fusion.servicevision.es\/es\/producto\/luces\/hmi\/dedolight\/dedolight-400\/\" \/>\n<meta property=\"og:site_name\" content=\"ServiceVision\" \/>\n<meta property=\"article:modified_time\" content=\"2026-03-27T15:01:01+00:00\" \/>\n<meta property=\"og:image\" content=\"https:\/\/www.fusion.servicevision.es\/wp-content\/uploads\/2019\/02\/dedolighthmi400wts-1-scaled.jpg\" \/>\n\t<meta property=\"og:image:width\" content=\"2560\" \/>\n\t<meta property=\"og:image:height\" content=\"2560\" \/>\n\t<meta property=\"og:image:type\" content=\"image\/jpeg\" \/>\n<meta name=\"twitter:card\" content=\"summary_large_image\" \/>\n<script type=\"application\/ld+json\" class=\"yoast-schema-graph\">{\"@context\":\"https:\/\/schema.org\",\"@graph\":[{\"@type\":\"WebPage\",\"@id\":\"https:\/\/www.fusion.servicevision.es\/es\/producto\/luces\/hmi\/dedolight\/dedolight-400\/\",\"url\":\"https:\/\/www.fusion.servicevision.es\/es\/producto\/luces\/hmi\/dedolight\/dedolight-400\/\",\"name\":\"Luces HMI - Alquiler de DEDOLIGHT 400 - ServiceVision\",\"isPartOf\":{\"@id\":\"https:\/\/www.fusion.servicevision.es\/es\/#website\"},\"datePublished\":\"2026-03-23T01:01:17+00:00\",\"dateModified\":\"2026-03-27T15:01:01+00:00\",\"description\":\"Alquiler de Luces HMI - Dedolight 400: DEDOLIGHT 400. Consultas y soporte t\u00e9cnico en Servicevision, fabricaci\u00f3n y alquiler de equipos para rodajes cinematogr\u00e1ficos.\",\"breadcrumb\":{\"@id\":\"https:\/\/www.fusion.servicevision.es\/es\/producto\/luces\/hmi\/dedolight\/dedolight-400\/#breadcrumb\"},\"inLanguage\":\"es\",\"potentialAction\":[{\"@type\":\"ReadAction\",\"target\":[\"https:\/\/www.fusion.servicevision.es\/es\/producto\/luces\/hmi\/dedolight\/dedolight-400\/\"]}]},{\"@type\":\"BreadcrumbList\",\"@id\":\"https:\/\/www.fusion.servicevision.es\/es\/producto\/luces\/hmi\/dedolight\/dedolight-400\/#breadcrumb\",\"itemListElement\":[{\"@type\":\"ListItem\",\"position\":1,\"name\":\"Alquiler\",\"item\":\"https:\/\/www.fusion.servicevision.es\/es\/alquiler\/\"},{\"@type\":\"ListItem\",\"position\":2,\"name\":\"DEDOLIGHT 400\"}]},{\"@type\":\"WebSite\",\"@id\":\"https:\/\/www.fusion.servicevision.es\/es\/#website\",\"url\":\"https:\/\/www.fusion.servicevision.es\/es\/\",\"name\":\"ServiceVision\",\"description\":\"\",\"potentialAction\":[{\"@type\":\"SearchAction\",\"target\":{\"@type\":\"EntryPoint\",\"urlTemplate\":\"https:\/\/www.fusion.servicevision.es\/es\/?s={search_term_string}\"},\"query-input\":\"required name=search_term_string\"}],\"inLanguage\":\"es\"}]}<\/script>\n<!-- \/ Yoast SEO plugin. -->","yoast_head_json":{"title":"Luces HMI - Alquiler de DEDOLIGHT 400 - ServiceVision","description":"Alquiler de Luces HMI - Dedolight 400: DEDOLIGHT 400. Consultas y soporte t\u00e9cnico en Servicevision, fabricaci\u00f3n y alquiler de equipos para rodajes cinematogr\u00e1ficos.","robots":{"index":"index","follow":"follow","max-snippet":"max-snippet:-1","max-image-preview":"max-image-preview:large","max-video-preview":"max-video-preview:-1"},"canonical":"https:\/\/www.fusion.servicevision.es\/es\/producto\/luces\/hmi\/dedolight\/dedolight-400\/","og_locale":"es_ES","og_type":"article","og_title":"Luces HMI - Alquiler de DEDOLIGHT 400 - ServiceVision","og_description":"Alquiler de Luces HMI - Dedolight 400: DEDOLIGHT 400. Consultas y soporte t\u00e9cnico en Servicevision, fabricaci\u00f3n y alquiler de equipos para rodajes cinematogr\u00e1ficos.","og_url":"https:\/\/www.fusion.servicevision.es\/es\/producto\/luces\/hmi\/dedolight\/dedolight-400\/","og_site_name":"ServiceVision","article_modified_time":"2026-03-27T15:01:01+00:00","og_image":[{"width":2560,"height":2560,"url":"https:\/\/www.fusion.servicevision.es\/wp-content\/uploads\/2019\/02\/dedolighthmi400wts-1-scaled.jpg","type":"image\/jpeg"}],"twitter_card":"summary_large_image","schema":{"@context":"https:\/\/schema.org","@graph":[{"@type":"WebPage","@id":"https:\/\/www.fusion.servicevision.es\/es\/producto\/luces\/hmi\/dedolight\/dedolight-400\/","url":"https:\/\/www.fusion.servicevision.es\/es\/producto\/luces\/hmi\/dedolight\/dedolight-400\/","name":"Luces HMI - Alquiler de DEDOLIGHT 400 - ServiceVision","isPartOf":{"@id":"https:\/\/www.fusion.servicevision.es\/es\/#website"},"datePublished":"2026-03-23T01:01:17+00:00","dateModified":"2026-03-27T15:01:01+00:00","description":"Alquiler de Luces HMI - Dedolight 400: DEDOLIGHT 400. Consultas y soporte t\u00e9cnico en Servicevision, fabricaci\u00f3n y alquiler de equipos para rodajes cinematogr\u00e1ficos.","breadcrumb":{"@id":"https:\/\/www.fusion.servicevision.es\/es\/producto\/luces\/hmi\/dedolight\/dedolight-400\/#breadcrumb"},"inLanguage":"es","potentialAction":[{"@type":"ReadAction","target":["https:\/\/www.fusion.servicevision.es\/es\/producto\/luces\/hmi\/dedolight\/dedolight-400\/"]}]},{"@type":"BreadcrumbList","@id":"https:\/\/www.fusion.servicevision.es\/es\/producto\/luces\/hmi\/dedolight\/dedolight-400\/#breadcrumb","itemListElement":[{"@type":"ListItem","position":1,"name":"Alquiler","item":"https:\/\/www.fusion.servicevision.es\/es\/alquiler\/"},{"@type":"ListItem","position":2,"name":"DEDOLIGHT 400"}]},{"@type":"WebSite","@id":"https:\/\/www.fusion.servicevision.es\/es\/#website","url":"https:\/\/www.fusion.servicevision.es\/es\/","name":"ServiceVision","description":"","potentialAction":[{"@type":"SearchAction","target":{"@type":"EntryPoint","urlTemplate":"https:\/\/www.fusion.servicevision.es\/es\/?s={search_term_string}"},"query-input":"required name=search_term_string"}],"inLanguage":"es"}]}},"jetpack_publicize_connections":[],"_links":{"self":[{"href":"https:\/\/www.fusion.servicevision.es\/es\/wp-json\/wp\/v2\/product\/14248"}],"collection":[{"href":"https:\/\/www.fusion.servicevision.es\/es\/wp-json\/wp\/v2\/product"}],"about":[{"href":"https:\/\/www.fusion.servicevision.es\/es\/wp-json\/wp\/v2\/types\/product"}],"replies":[{"embeddable":true,"href":"https:\/\/www.fusion.servicevision.es\/es\/wp-json\/wp\/v2\/comments?post=14248"}],"wp:featuredmedia":[{"embeddable":true,"href":"https:\/\/www.fusion.servicevision.es\/es\/wp-json\/wp\/v2\/media\/870"}],"wp:attachment":[{"href":"https:\/\/www.fusion.servicevision.es\/es\/wp-json\/wp\/v2\/media?parent=14248"}],"wp:term":[{"taxonomy":"product_cat","embeddable":true,"href":"https:\/\/www.fusion.servicevision.es\/es\/wp-json\/wp\/v2\/product_cat?post=14248"},{"taxonomy":"product_tag","embeddable":true,"href":"https:\/\/www.fusion.servicevision.es\/es\/wp-json\/wp\/v2\/product_tag?post=14248"}],"curies":[{"name":"wp","href":"https:\/\/api.w.org\/{rel}","templated":true}]}}