{"id":14242,"date":"2026-03-23T01:01:14","date_gmt":"2026-03-23T01:01:14","guid":{"rendered":"https:\/\/www.fusion.servicevision.es\/producto\/plato-4\/"},"modified":"2026-03-23T01:01:14","modified_gmt":"2026-03-23T01:01:14","slug":"plato-4","status":"publish","type":"product","link":"https:\/\/www.fusion.servicevision.es\/es\/producto\/plato\/plato-4\/plato-4\/","title":{"rendered":"PLAT\u00d3 4"},"content":{"rendered":"<p><strong>Plat\u00f3 de 15 m x 15 m x 9 m <\/strong>(Altura). \u00c1rea del plat\u00f3: 225 m2. Zona mixta de 53 m2 con WIFI. Sala de 6 m\u00b2. Camerino vestuario con dos puestos de maquillaje de 9 m2. 1 aseo con ducha. Ciclorama en forma de \u201cU\u201d de 15 m (frontal) x 6 m (altura); 8 m (izquierda) x 4 m (altura); 15 m (derecha) x 6 m (altura). 6 religas (6 m x 3 m) de luces regulables en altura e inclinaci\u00f3n. Suelo de cemento y ciclorama de pladur. Puerta de plat\u00f3 de 4 m x 4 m (para camiones). Wifi. Fuente de agua.<\/p>\n","protected":false},"excerpt":{"rendered":"<p>Plat\u00f3 de 15 m x 15 m x 9 m (Altura). \u00c1rea del plat\u00f3: 225 m2. Zona mixta de 53 m2 con WIFI. Sala de 6 m\u00b2. Camerino vestuario con dos puestos de maquillaje de 9 m2. 1 aseo con ducha. Ciclorama en forma de \u201cU\u201d de 15 m (frontal) x 6 m (altura); 8&hellip;<\/p>\n","protected":false},"featured_media":9848,"comment_status":"open","ping_status":"closed","template":"","meta":[],"product_cat":[47,44],"product_tag":[],"yoast_head":"<!-- This site is optimized with the Yoast SEO plugin v19.9 - https:\/\/yoast.com\/wordpress\/plugins\/seo\/ -->\n<title>Plat\u00f3 para rodaje - Alquiler de PLAT\u00d3 4 - ServiceVision<\/title>\n<meta name=\"description\" content=\"Alquiler de Plat\u00f3 para rodaje - Plat\u00f3 4: PLAT\u00d3 4. Consultas y soporte t\u00e9cnico en Servicevision, fabricaci\u00f3n y alquiler de equipos para rodajes cinematogr\u00e1ficos.\" \/>\n<meta name=\"robots\" content=\"index, follow, max-snippet:-1, max-image-preview:large, max-video-preview:-1\" \/>\n<link rel=\"canonical\" href=\"https:\/\/www.fusion.servicevision.es\/es\/producto\/plato\/plato-4\/plato-4\/\" \/>\n<meta property=\"og:locale\" content=\"es_ES\" \/>\n<meta property=\"og:type\" content=\"article\" \/>\n<meta property=\"og:title\" content=\"Plat\u00f3 para rodaje - Alquiler de PLAT\u00d3 4 - ServiceVision\" \/>\n<meta property=\"og:description\" content=\"Alquiler de Plat\u00f3 para rodaje - Plat\u00f3 4: PLAT\u00d3 4. Consultas y soporte t\u00e9cnico en Servicevision, fabricaci\u00f3n y alquiler de equipos para rodajes cinematogr\u00e1ficos.\" \/>\n<meta property=\"og:url\" content=\"https:\/\/www.fusion.servicevision.es\/es\/producto\/plato\/plato-4\/plato-4\/\" \/>\n<meta property=\"og:site_name\" content=\"ServiceVision\" \/>\n<meta property=\"og:image\" content=\"https:\/\/www.fusion.servicevision.es\/wp-content\/uploads\/2019\/05\/PRINCIPAL-1.jpg\" \/>\n\t<meta property=\"og:image:width\" content=\"1920\" \/>\n\t<meta property=\"og:image:height\" content=\"1080\" \/>\n\t<meta property=\"og:image:type\" content=\"image\/jpeg\" \/>\n<meta name=\"twitter:card\" content=\"summary_large_image\" \/>\n<script type=\"application\/ld+json\" class=\"yoast-schema-graph\">{\"@context\":\"https:\/\/schema.org\",\"@graph\":[{\"@type\":\"WebPage\",\"@id\":\"https:\/\/www.fusion.servicevision.es\/es\/producto\/plato\/plato-4\/plato-4\/\",\"url\":\"https:\/\/www.fusion.servicevision.es\/es\/producto\/plato\/plato-4\/plato-4\/\",\"name\":\"Plat\u00f3 para rodaje - Alquiler de PLAT\u00d3 4 - ServiceVision\",\"isPartOf\":{\"@id\":\"https:\/\/www.fusion.servicevision.es\/es\/#website\"},\"datePublished\":\"2026-03-23T01:01:14+00:00\",\"dateModified\":\"2026-03-23T01:01:14+00:00\",\"description\":\"Alquiler de Plat\u00f3 para rodaje - Plat\u00f3 4: PLAT\u00d3 4. Consultas y soporte t\u00e9cnico en Servicevision, fabricaci\u00f3n y alquiler de equipos para rodajes cinematogr\u00e1ficos.\",\"breadcrumb\":{\"@id\":\"https:\/\/www.fusion.servicevision.es\/es\/producto\/plato\/plato-4\/plato-4\/#breadcrumb\"},\"inLanguage\":\"es\",\"potentialAction\":[{\"@type\":\"ReadAction\",\"target\":[\"https:\/\/www.fusion.servicevision.es\/es\/producto\/plato\/plato-4\/plato-4\/\"]}]},{\"@type\":\"BreadcrumbList\",\"@id\":\"https:\/\/www.fusion.servicevision.es\/es\/producto\/plato\/plato-4\/plato-4\/#breadcrumb\",\"itemListElement\":[{\"@type\":\"ListItem\",\"position\":1,\"name\":\"Alquiler\",\"item\":\"https:\/\/www.fusion.servicevision.es\/es\/alquiler\/\"},{\"@type\":\"ListItem\",\"position\":2,\"name\":\"PLAT\u00d3 4\"}]},{\"@type\":\"WebSite\",\"@id\":\"https:\/\/www.fusion.servicevision.es\/es\/#website\",\"url\":\"https:\/\/www.fusion.servicevision.es\/es\/\",\"name\":\"ServiceVision\",\"description\":\"\",\"potentialAction\":[{\"@type\":\"SearchAction\",\"target\":{\"@type\":\"EntryPoint\",\"urlTemplate\":\"https:\/\/www.fusion.servicevision.es\/es\/?s={search_term_string}\"},\"query-input\":\"required name=search_term_string\"}],\"inLanguage\":\"es\"}]}<\/script>\n<!-- \/ Yoast SEO plugin. -->","yoast_head_json":{"title":"Plat\u00f3 para rodaje - Alquiler de PLAT\u00d3 4 - ServiceVision","description":"Alquiler de Plat\u00f3 para rodaje - Plat\u00f3 4: PLAT\u00d3 4. Consultas y soporte t\u00e9cnico en Servicevision, fabricaci\u00f3n y alquiler de equipos para rodajes cinematogr\u00e1ficos.","robots":{"index":"index","follow":"follow","max-snippet":"max-snippet:-1","max-image-preview":"max-image-preview:large","max-video-preview":"max-video-preview:-1"},"canonical":"https:\/\/www.fusion.servicevision.es\/es\/producto\/plato\/plato-4\/plato-4\/","og_locale":"es_ES","og_type":"article","og_title":"Plat\u00f3 para rodaje - Alquiler de PLAT\u00d3 4 - ServiceVision","og_description":"Alquiler de Plat\u00f3 para rodaje - Plat\u00f3 4: PLAT\u00d3 4. Consultas y soporte t\u00e9cnico en Servicevision, fabricaci\u00f3n y alquiler de equipos para rodajes cinematogr\u00e1ficos.","og_url":"https:\/\/www.fusion.servicevision.es\/es\/producto\/plato\/plato-4\/plato-4\/","og_site_name":"ServiceVision","og_image":[{"width":1920,"height":1080,"url":"https:\/\/www.fusion.servicevision.es\/wp-content\/uploads\/2019\/05\/PRINCIPAL-1.jpg","type":"image\/jpeg"}],"twitter_card":"summary_large_image","schema":{"@context":"https:\/\/schema.org","@graph":[{"@type":"WebPage","@id":"https:\/\/www.fusion.servicevision.es\/es\/producto\/plato\/plato-4\/plato-4\/","url":"https:\/\/www.fusion.servicevision.es\/es\/producto\/plato\/plato-4\/plato-4\/","name":"Plat\u00f3 para rodaje - Alquiler de PLAT\u00d3 4 - ServiceVision","isPartOf":{"@id":"https:\/\/www.fusion.servicevision.es\/es\/#website"},"datePublished":"2026-03-23T01:01:14+00:00","dateModified":"2026-03-23T01:01:14+00:00","description":"Alquiler de Plat\u00f3 para rodaje - Plat\u00f3 4: PLAT\u00d3 4. Consultas y soporte t\u00e9cnico en Servicevision, fabricaci\u00f3n y alquiler de equipos para rodajes cinematogr\u00e1ficos.","breadcrumb":{"@id":"https:\/\/www.fusion.servicevision.es\/es\/producto\/plato\/plato-4\/plato-4\/#breadcrumb"},"inLanguage":"es","potentialAction":[{"@type":"ReadAction","target":["https:\/\/www.fusion.servicevision.es\/es\/producto\/plato\/plato-4\/plato-4\/"]}]},{"@type":"BreadcrumbList","@id":"https:\/\/www.fusion.servicevision.es\/es\/producto\/plato\/plato-4\/plato-4\/#breadcrumb","itemListElement":[{"@type":"ListItem","position":1,"name":"Alquiler","item":"https:\/\/www.fusion.servicevision.es\/es\/alquiler\/"},{"@type":"ListItem","position":2,"name":"PLAT\u00d3 4"}]},{"@type":"WebSite","@id":"https:\/\/www.fusion.servicevision.es\/es\/#website","url":"https:\/\/www.fusion.servicevision.es\/es\/","name":"ServiceVision","description":"","potentialAction":[{"@type":"SearchAction","target":{"@type":"EntryPoint","urlTemplate":"https:\/\/www.fusion.servicevision.es\/es\/?s={search_term_string}"},"query-input":"required name=search_term_string"}],"inLanguage":"es"}]}},"jetpack_publicize_connections":[],"_links":{"self":[{"href":"https:\/\/www.fusion.servicevision.es\/es\/wp-json\/wp\/v2\/product\/14242"}],"collection":[{"href":"https:\/\/www.fusion.servicevision.es\/es\/wp-json\/wp\/v2\/product"}],"about":[{"href":"https:\/\/www.fusion.servicevision.es\/es\/wp-json\/wp\/v2\/types\/product"}],"replies":[{"embeddable":true,"href":"https:\/\/www.fusion.servicevision.es\/es\/wp-json\/wp\/v2\/comments?post=14242"}],"wp:featuredmedia":[{"embeddable":true,"href":"https:\/\/www.fusion.servicevision.es\/es\/wp-json\/wp\/v2\/media\/9848"}],"wp:attachment":[{"href":"https:\/\/www.fusion.servicevision.es\/es\/wp-json\/wp\/v2\/media?parent=14242"}],"wp:term":[{"taxonomy":"product_cat","embeddable":true,"href":"https:\/\/www.fusion.servicevision.es\/es\/wp-json\/wp\/v2\/product_cat?post=14242"},{"taxonomy":"product_tag","embeddable":true,"href":"https:\/\/www.fusion.servicevision.es\/es\/wp-json\/wp\/v2\/product_tag?post=14242"}],"curies":[{"name":"wp","href":"https:\/\/api.w.org\/{rel}","templated":true}]}}