{"id":14202,"date":"2026-03-23T01:00:50","date_gmt":"2026-03-23T01:00:50","guid":{"rendered":"https:\/\/www.fusion.servicevision.es\/producto\/coche-electrico-scorpio-10stabilized-head\/"},"modified":"2026-03-27T20:32:39","modified_gmt":"2026-03-27T20:32:39","slug":"coche-electrico-scorpio-10stabilized-head","status":"publish","type":"product","link":"https:\/\/www.fusion.servicevision.es\/es\/producto\/grips\/vehiculos\/coche-electrico\/coche-electrico-scorpio-10stabilized-head\/","title":{"rendered":"COCHE EL\u00c9CTRICO + SCORPIO 10&#8217;STABILIZED HEAD"},"content":{"rendered":"","protected":false},"excerpt":{"rendered":"","protected":false},"featured_media":0,"comment_status":"open","ping_status":"closed","template":"","meta":[],"product_cat":[138],"product_tag":[],"yoast_head":"<!-- This site is optimized with the Yoast SEO plugin v19.9 - https:\/\/yoast.com\/wordpress\/plugins\/seo\/ -->\n<title>Veh\u00edculos y gruas para rodajes - Alquiler de COCHE EL\u00c9CTRICO + SCORPIO 10&#039;STABILIZED HEAD - ServiceVision<\/title>\n<meta name=\"description\" content=\"Alquiler de Veh\u00edculos y gruas para rodajes - Coche el\u00e9ctrico: COCHE EL\u00c9CTRICO + SCORPIO 10&#039;STABILIZED HEAD. Consultas y soporte t\u00e9cnico en Servicevision, fabricaci\u00f3n y alquiler de equipos para rodajes cinematogr\u00e1ficos.\" \/>\n<meta name=\"robots\" content=\"index, follow, max-snippet:-1, max-image-preview:large, max-video-preview:-1\" \/>\n<link rel=\"canonical\" href=\"https:\/\/www.fusion.servicevision.es\/es\/producto\/grips\/vehiculos\/coche-electrico\/coche-electrico-scorpio-10stabilized-head\/\" \/>\n<meta property=\"og:locale\" content=\"es_ES\" \/>\n<meta property=\"og:type\" content=\"article\" \/>\n<meta property=\"og:title\" content=\"Veh\u00edculos y gruas para rodajes - Alquiler de COCHE EL\u00c9CTRICO + SCORPIO 10&#039;STABILIZED HEAD - ServiceVision\" \/>\n<meta property=\"og:description\" content=\"Alquiler de Veh\u00edculos y gruas para rodajes - Coche el\u00e9ctrico: COCHE EL\u00c9CTRICO + SCORPIO 10&#039;STABILIZED HEAD. Consultas y soporte t\u00e9cnico en Servicevision, fabricaci\u00f3n y alquiler de equipos para rodajes cinematogr\u00e1ficos.\" \/>\n<meta property=\"og:url\" content=\"https:\/\/www.fusion.servicevision.es\/es\/producto\/grips\/vehiculos\/coche-electrico\/coche-electrico-scorpio-10stabilized-head\/\" \/>\n<meta property=\"og:site_name\" content=\"ServiceVision\" \/>\n<meta property=\"article:modified_time\" content=\"2026-03-27T20:32:39+00:00\" \/>\n<meta name=\"twitter:card\" content=\"summary_large_image\" \/>\n<script type=\"application\/ld+json\" class=\"yoast-schema-graph\">{\"@context\":\"https:\/\/schema.org\",\"@graph\":[{\"@type\":\"WebPage\",\"@id\":\"https:\/\/www.fusion.servicevision.es\/es\/producto\/grips\/vehiculos\/coche-electrico\/coche-electrico-scorpio-10stabilized-head\/\",\"url\":\"https:\/\/www.fusion.servicevision.es\/es\/producto\/grips\/vehiculos\/coche-electrico\/coche-electrico-scorpio-10stabilized-head\/\",\"name\":\"Veh\u00edculos y gruas para rodajes - Alquiler de COCHE EL\u00c9CTRICO + SCORPIO 10'STABILIZED HEAD - ServiceVision\",\"isPartOf\":{\"@id\":\"https:\/\/www.fusion.servicevision.es\/es\/#website\"},\"datePublished\":\"2026-03-23T01:00:50+00:00\",\"dateModified\":\"2026-03-27T20:32:39+00:00\",\"description\":\"Alquiler de Veh\u00edculos y gruas para rodajes - Coche el\u00e9ctrico: COCHE EL\u00c9CTRICO + SCORPIO 10'STABILIZED HEAD. Consultas y soporte t\u00e9cnico en Servicevision, fabricaci\u00f3n y alquiler de equipos para rodajes cinematogr\u00e1ficos.\",\"breadcrumb\":{\"@id\":\"https:\/\/www.fusion.servicevision.es\/es\/producto\/grips\/vehiculos\/coche-electrico\/coche-electrico-scorpio-10stabilized-head\/#breadcrumb\"},\"inLanguage\":\"es\",\"potentialAction\":[{\"@type\":\"ReadAction\",\"target\":[\"https:\/\/www.fusion.servicevision.es\/es\/producto\/grips\/vehiculos\/coche-electrico\/coche-electrico-scorpio-10stabilized-head\/\"]}]},{\"@type\":\"BreadcrumbList\",\"@id\":\"https:\/\/www.fusion.servicevision.es\/es\/producto\/grips\/vehiculos\/coche-electrico\/coche-electrico-scorpio-10stabilized-head\/#breadcrumb\",\"itemListElement\":[{\"@type\":\"ListItem\",\"position\":1,\"name\":\"Alquiler\",\"item\":\"https:\/\/www.fusion.servicevision.es\/es\/alquiler\/\"},{\"@type\":\"ListItem\",\"position\":2,\"name\":\"COCHE EL\u00c9CTRICO + SCORPIO 10&#8217;STABILIZED HEAD\"}]},{\"@type\":\"WebSite\",\"@id\":\"https:\/\/www.fusion.servicevision.es\/es\/#website\",\"url\":\"https:\/\/www.fusion.servicevision.es\/es\/\",\"name\":\"ServiceVision\",\"description\":\"\",\"potentialAction\":[{\"@type\":\"SearchAction\",\"target\":{\"@type\":\"EntryPoint\",\"urlTemplate\":\"https:\/\/www.fusion.servicevision.es\/es\/?s={search_term_string}\"},\"query-input\":\"required name=search_term_string\"}],\"inLanguage\":\"es\"}]}<\/script>\n<!-- \/ Yoast SEO plugin. -->","yoast_head_json":{"title":"Veh\u00edculos y gruas para rodajes - Alquiler de COCHE EL\u00c9CTRICO + SCORPIO 10'STABILIZED HEAD - ServiceVision","description":"Alquiler de Veh\u00edculos y gruas para rodajes - Coche el\u00e9ctrico: COCHE EL\u00c9CTRICO + SCORPIO 10'STABILIZED HEAD. Consultas y soporte t\u00e9cnico en Servicevision, fabricaci\u00f3n y alquiler de equipos para rodajes cinematogr\u00e1ficos.","robots":{"index":"index","follow":"follow","max-snippet":"max-snippet:-1","max-image-preview":"max-image-preview:large","max-video-preview":"max-video-preview:-1"},"canonical":"https:\/\/www.fusion.servicevision.es\/es\/producto\/grips\/vehiculos\/coche-electrico\/coche-electrico-scorpio-10stabilized-head\/","og_locale":"es_ES","og_type":"article","og_title":"Veh\u00edculos y gruas para rodajes - Alquiler de COCHE EL\u00c9CTRICO + SCORPIO 10'STABILIZED HEAD - ServiceVision","og_description":"Alquiler de Veh\u00edculos y gruas para rodajes - Coche el\u00e9ctrico: COCHE EL\u00c9CTRICO + SCORPIO 10'STABILIZED HEAD. Consultas y soporte t\u00e9cnico en Servicevision, fabricaci\u00f3n y alquiler de equipos para rodajes cinematogr\u00e1ficos.","og_url":"https:\/\/www.fusion.servicevision.es\/es\/producto\/grips\/vehiculos\/coche-electrico\/coche-electrico-scorpio-10stabilized-head\/","og_site_name":"ServiceVision","article_modified_time":"2026-03-27T20:32:39+00:00","twitter_card":"summary_large_image","schema":{"@context":"https:\/\/schema.org","@graph":[{"@type":"WebPage","@id":"https:\/\/www.fusion.servicevision.es\/es\/producto\/grips\/vehiculos\/coche-electrico\/coche-electrico-scorpio-10stabilized-head\/","url":"https:\/\/www.fusion.servicevision.es\/es\/producto\/grips\/vehiculos\/coche-electrico\/coche-electrico-scorpio-10stabilized-head\/","name":"Veh\u00edculos y gruas para rodajes - Alquiler de COCHE EL\u00c9CTRICO + SCORPIO 10'STABILIZED HEAD - ServiceVision","isPartOf":{"@id":"https:\/\/www.fusion.servicevision.es\/es\/#website"},"datePublished":"2026-03-23T01:00:50+00:00","dateModified":"2026-03-27T20:32:39+00:00","description":"Alquiler de Veh\u00edculos y gruas para rodajes - Coche el\u00e9ctrico: COCHE EL\u00c9CTRICO + SCORPIO 10'STABILIZED HEAD. Consultas y soporte t\u00e9cnico en Servicevision, fabricaci\u00f3n y alquiler de equipos para rodajes cinematogr\u00e1ficos.","breadcrumb":{"@id":"https:\/\/www.fusion.servicevision.es\/es\/producto\/grips\/vehiculos\/coche-electrico\/coche-electrico-scorpio-10stabilized-head\/#breadcrumb"},"inLanguage":"es","potentialAction":[{"@type":"ReadAction","target":["https:\/\/www.fusion.servicevision.es\/es\/producto\/grips\/vehiculos\/coche-electrico\/coche-electrico-scorpio-10stabilized-head\/"]}]},{"@type":"BreadcrumbList","@id":"https:\/\/www.fusion.servicevision.es\/es\/producto\/grips\/vehiculos\/coche-electrico\/coche-electrico-scorpio-10stabilized-head\/#breadcrumb","itemListElement":[{"@type":"ListItem","position":1,"name":"Alquiler","item":"https:\/\/www.fusion.servicevision.es\/es\/alquiler\/"},{"@type":"ListItem","position":2,"name":"COCHE EL\u00c9CTRICO + SCORPIO 10&#8217;STABILIZED HEAD"}]},{"@type":"WebSite","@id":"https:\/\/www.fusion.servicevision.es\/es\/#website","url":"https:\/\/www.fusion.servicevision.es\/es\/","name":"ServiceVision","description":"","potentialAction":[{"@type":"SearchAction","target":{"@type":"EntryPoint","urlTemplate":"https:\/\/www.fusion.servicevision.es\/es\/?s={search_term_string}"},"query-input":"required name=search_term_string"}],"inLanguage":"es"}]}},"jetpack_publicize_connections":[],"_links":{"self":[{"href":"https:\/\/www.fusion.servicevision.es\/es\/wp-json\/wp\/v2\/product\/14202"}],"collection":[{"href":"https:\/\/www.fusion.servicevision.es\/es\/wp-json\/wp\/v2\/product"}],"about":[{"href":"https:\/\/www.fusion.servicevision.es\/es\/wp-json\/wp\/v2\/types\/product"}],"replies":[{"embeddable":true,"href":"https:\/\/www.fusion.servicevision.es\/es\/wp-json\/wp\/v2\/comments?post=14202"}],"wp:attachment":[{"href":"https:\/\/www.fusion.servicevision.es\/es\/wp-json\/wp\/v2\/media?parent=14202"}],"wp:term":[{"taxonomy":"product_cat","embeddable":true,"href":"https:\/\/www.fusion.servicevision.es\/es\/wp-json\/wp\/v2\/product_cat?post=14202"},{"taxonomy":"product_tag","embeddable":true,"href":"https:\/\/www.fusion.servicevision.es\/es\/wp-json\/wp\/v2\/product_tag?post=14202"}],"curies":[{"name":"wp","href":"https:\/\/api.w.org\/{rel}","templated":true}]}}