{"id":14152,"date":"2026-03-23T01:00:24","date_gmt":"2026-03-23T01:00:24","guid":{"rendered":"https:\/\/www.fusion.servicevision.es\/producto\/100-mm-macro-leica-r-ultra-super\/"},"modified":"2026-03-23T01:00:24","modified_gmt":"2026-03-23T01:00:24","slug":"100-mm-macro-leica-r-ultra-super","status":"publish","type":"product","link":"https:\/\/www.fusion.servicevision.es\/es\/producto\/camaras\/objetivos-y-zooms\/esfericos\/leica-macro\/100-mm-macro-leica-r-ultra-super\/","title":{"rendered":"100 mm macro Leica R Ultra Super"},"content":{"rendered":"","protected":false},"excerpt":{"rendered":"","protected":false},"featured_media":0,"comment_status":"open","ping_status":"closed","template":"","meta":[],"product_cat":[150,157],"product_tag":[],"yoast_head":"<!-- This site is optimized with the Yoast SEO plugin v19.9 - https:\/\/yoast.com\/wordpress\/plugins\/seo\/ -->\n<title>C\u00e1maras 100 mm macro Leica R Ultra Super T2.9 - ServiceVision<\/title>\n<meta name=\"description\" content=\"Alquiler de C\u00e1maras - objetivos y zooms esf\u00e9ricos: 100 mm macro Leica R Ultra Super T2.9. Consultas y soporte t\u00e9cnico en Servicevision, fabricaci\u00f3n y alquiler de equipos para rodajes cinematogr\u00e1ficos.\" \/>\n<meta name=\"robots\" content=\"index, follow, max-snippet:-1, max-image-preview:large, max-video-preview:-1\" \/>\n<link rel=\"canonical\" href=\"https:\/\/www.fusion.servicevision.es\/es\/producto\/camaras\/objetivos-y-zooms\/esfericos\/leica-macro\/100-mm-macro-leica-r-ultra-super\/\" \/>\n<meta property=\"og:locale\" content=\"es_ES\" \/>\n<meta property=\"og:type\" content=\"article\" \/>\n<meta property=\"og:title\" content=\"C\u00e1maras 100 mm macro Leica R Ultra Super T2.9 - ServiceVision\" \/>\n<meta property=\"og:description\" content=\"Alquiler de C\u00e1maras - objetivos y zooms esf\u00e9ricos: 100 mm macro Leica R Ultra Super T2.9. Consultas y soporte t\u00e9cnico en Servicevision, fabricaci\u00f3n y alquiler de equipos para rodajes cinematogr\u00e1ficos.\" \/>\n<meta property=\"og:url\" content=\"https:\/\/www.fusion.servicevision.es\/es\/producto\/camaras\/objetivos-y-zooms\/esfericos\/leica-macro\/100-mm-macro-leica-r-ultra-super\/\" \/>\n<meta property=\"og:site_name\" content=\"ServiceVision\" \/>\n<meta name=\"twitter:card\" content=\"summary_large_image\" \/>\n<script type=\"application\/ld+json\" class=\"yoast-schema-graph\">{\"@context\":\"https:\/\/schema.org\",\"@graph\":[{\"@type\":\"WebPage\",\"@id\":\"https:\/\/www.fusion.servicevision.es\/es\/producto\/camaras\/objetivos-y-zooms\/esfericos\/leica-macro\/100-mm-macro-leica-r-ultra-super\/\",\"url\":\"https:\/\/www.fusion.servicevision.es\/es\/producto\/camaras\/objetivos-y-zooms\/esfericos\/leica-macro\/100-mm-macro-leica-r-ultra-super\/\",\"name\":\"C\u00e1maras 100 mm macro Leica R Ultra Super T2.9 - ServiceVision\",\"isPartOf\":{\"@id\":\"https:\/\/www.fusion.servicevision.es\/es\/#website\"},\"datePublished\":\"2026-03-23T01:00:24+00:00\",\"dateModified\":\"2026-03-23T01:00:24+00:00\",\"description\":\"Alquiler de C\u00e1maras - objetivos y zooms esf\u00e9ricos: 100 mm macro Leica R Ultra Super T2.9. Consultas y soporte t\u00e9cnico en Servicevision, fabricaci\u00f3n y alquiler de equipos para rodajes cinematogr\u00e1ficos.\",\"breadcrumb\":{\"@id\":\"https:\/\/www.fusion.servicevision.es\/es\/producto\/camaras\/objetivos-y-zooms\/esfericos\/leica-macro\/100-mm-macro-leica-r-ultra-super\/#breadcrumb\"},\"inLanguage\":\"es\",\"potentialAction\":[{\"@type\":\"ReadAction\",\"target\":[\"https:\/\/www.fusion.servicevision.es\/es\/producto\/camaras\/objetivos-y-zooms\/esfericos\/leica-macro\/100-mm-macro-leica-r-ultra-super\/\"]}]},{\"@type\":\"BreadcrumbList\",\"@id\":\"https:\/\/www.fusion.servicevision.es\/es\/producto\/camaras\/objetivos-y-zooms\/esfericos\/leica-macro\/100-mm-macro-leica-r-ultra-super\/#breadcrumb\",\"itemListElement\":[{\"@type\":\"ListItem\",\"position\":1,\"name\":\"Alquiler\",\"item\":\"https:\/\/www.fusion.servicevision.es\/es\/alquiler\/\"},{\"@type\":\"ListItem\",\"position\":2,\"name\":\"100 mm macro Leica R Ultra Super\"}]},{\"@type\":\"WebSite\",\"@id\":\"https:\/\/www.fusion.servicevision.es\/es\/#website\",\"url\":\"https:\/\/www.fusion.servicevision.es\/es\/\",\"name\":\"ServiceVision\",\"description\":\"\",\"potentialAction\":[{\"@type\":\"SearchAction\",\"target\":{\"@type\":\"EntryPoint\",\"urlTemplate\":\"https:\/\/www.fusion.servicevision.es\/es\/?s={search_term_string}\"},\"query-input\":\"required name=search_term_string\"}],\"inLanguage\":\"es\"}]}<\/script>\n<!-- \/ Yoast SEO plugin. -->","yoast_head_json":{"title":"C\u00e1maras 100 mm macro Leica R Ultra Super T2.9 - ServiceVision","description":"Alquiler de C\u00e1maras - objetivos y zooms esf\u00e9ricos: 100 mm macro Leica R Ultra Super T2.9. Consultas y soporte t\u00e9cnico en Servicevision, fabricaci\u00f3n y alquiler de equipos para rodajes cinematogr\u00e1ficos.","robots":{"index":"index","follow":"follow","max-snippet":"max-snippet:-1","max-image-preview":"max-image-preview:large","max-video-preview":"max-video-preview:-1"},"canonical":"https:\/\/www.fusion.servicevision.es\/es\/producto\/camaras\/objetivos-y-zooms\/esfericos\/leica-macro\/100-mm-macro-leica-r-ultra-super\/","og_locale":"es_ES","og_type":"article","og_title":"C\u00e1maras 100 mm macro Leica R Ultra Super T2.9 - ServiceVision","og_description":"Alquiler de C\u00e1maras - objetivos y zooms esf\u00e9ricos: 100 mm macro Leica R Ultra Super T2.9. Consultas y soporte t\u00e9cnico en Servicevision, fabricaci\u00f3n y alquiler de equipos para rodajes cinematogr\u00e1ficos.","og_url":"https:\/\/www.fusion.servicevision.es\/es\/producto\/camaras\/objetivos-y-zooms\/esfericos\/leica-macro\/100-mm-macro-leica-r-ultra-super\/","og_site_name":"ServiceVision","twitter_card":"summary_large_image","schema":{"@context":"https:\/\/schema.org","@graph":[{"@type":"WebPage","@id":"https:\/\/www.fusion.servicevision.es\/es\/producto\/camaras\/objetivos-y-zooms\/esfericos\/leica-macro\/100-mm-macro-leica-r-ultra-super\/","url":"https:\/\/www.fusion.servicevision.es\/es\/producto\/camaras\/objetivos-y-zooms\/esfericos\/leica-macro\/100-mm-macro-leica-r-ultra-super\/","name":"C\u00e1maras 100 mm macro Leica R Ultra Super T2.9 - ServiceVision","isPartOf":{"@id":"https:\/\/www.fusion.servicevision.es\/es\/#website"},"datePublished":"2026-03-23T01:00:24+00:00","dateModified":"2026-03-23T01:00:24+00:00","description":"Alquiler de C\u00e1maras - objetivos y zooms esf\u00e9ricos: 100 mm macro Leica R Ultra Super T2.9. Consultas y soporte t\u00e9cnico en Servicevision, fabricaci\u00f3n y alquiler de equipos para rodajes cinematogr\u00e1ficos.","breadcrumb":{"@id":"https:\/\/www.fusion.servicevision.es\/es\/producto\/camaras\/objetivos-y-zooms\/esfericos\/leica-macro\/100-mm-macro-leica-r-ultra-super\/#breadcrumb"},"inLanguage":"es","potentialAction":[{"@type":"ReadAction","target":["https:\/\/www.fusion.servicevision.es\/es\/producto\/camaras\/objetivos-y-zooms\/esfericos\/leica-macro\/100-mm-macro-leica-r-ultra-super\/"]}]},{"@type":"BreadcrumbList","@id":"https:\/\/www.fusion.servicevision.es\/es\/producto\/camaras\/objetivos-y-zooms\/esfericos\/leica-macro\/100-mm-macro-leica-r-ultra-super\/#breadcrumb","itemListElement":[{"@type":"ListItem","position":1,"name":"Alquiler","item":"https:\/\/www.fusion.servicevision.es\/es\/alquiler\/"},{"@type":"ListItem","position":2,"name":"100 mm macro Leica R Ultra Super"}]},{"@type":"WebSite","@id":"https:\/\/www.fusion.servicevision.es\/es\/#website","url":"https:\/\/www.fusion.servicevision.es\/es\/","name":"ServiceVision","description":"","potentialAction":[{"@type":"SearchAction","target":{"@type":"EntryPoint","urlTemplate":"https:\/\/www.fusion.servicevision.es\/es\/?s={search_term_string}"},"query-input":"required name=search_term_string"}],"inLanguage":"es"}]}},"jetpack_publicize_connections":[],"_links":{"self":[{"href":"https:\/\/www.fusion.servicevision.es\/es\/wp-json\/wp\/v2\/product\/14152"}],"collection":[{"href":"https:\/\/www.fusion.servicevision.es\/es\/wp-json\/wp\/v2\/product"}],"about":[{"href":"https:\/\/www.fusion.servicevision.es\/es\/wp-json\/wp\/v2\/types\/product"}],"replies":[{"embeddable":true,"href":"https:\/\/www.fusion.servicevision.es\/es\/wp-json\/wp\/v2\/comments?post=14152"}],"wp:attachment":[{"href":"https:\/\/www.fusion.servicevision.es\/es\/wp-json\/wp\/v2\/media?parent=14152"}],"wp:term":[{"taxonomy":"product_cat","embeddable":true,"href":"https:\/\/www.fusion.servicevision.es\/es\/wp-json\/wp\/v2\/product_cat?post=14152"},{"taxonomy":"product_tag","embeddable":true,"href":"https:\/\/www.fusion.servicevision.es\/es\/wp-json\/wp\/v2\/product_tag?post=14152"}],"curies":[{"name":"wp","href":"https:\/\/api.w.org\/{rel}","templated":true}]}}