{"id":14129,"date":"2026-03-23T01:00:13","date_gmt":"2026-03-23T01:00:13","guid":{"rendered":"https:\/\/www.fusion.servicevision.es\/producto\/arri-435-es-3-perf-4-perf\/"},"modified":"2026-03-27T06:17:40","modified_gmt":"2026-03-27T06:17:40","slug":"arri-435-es-3-perf-4-perf","status":"publish","type":"product","link":"https:\/\/www.fusion.servicevision.es\/es\/producto\/camaras\/camaras-35mm-film\/arri-435-es-3-perf-4-perf\/","title":{"rendered":"ARRI 435-ES 3 Perf\/4 Perf"},"content":{"rendered":"","protected":false},"excerpt":{"rendered":"<p>La c\u00e1mara ARRI 435-ES es una c\u00e1mara de film en S35 o N35, con montura PL, con un obturador electr\u00f3nico variable de 11.2\u00ba a 180\u00ba, con un rango de velocidad de 1 a 150 fps. marcha adelante y atr\u00e1s.<\/p>\n<p>La 435-ES va adaptada a la nueva era con el <strong>Video Tap en HD de IndieAssist<\/strong>\u00a0para tener el video out en HD, con el\u00a0<strong>adapter V-Lock<\/strong>\u00a0de Elokuvakonepaja para poder alimentar la c\u00e1mara con las bater\u00edas V-Lock y con el\u00a0<strong>Side Plate<\/strong>\u00a0de Elokuvakonepaja con muchas roscas 3\/8\u201d y 1\/4\u201d para poder enganchar todos los nuevos accesorios.<\/p>\n","protected":false},"featured_media":9648,"comment_status":"open","ping_status":"closed","template":"","meta":[],"product_cat":[139,15],"product_tag":[],"yoast_head":"<!-- This site is optimized with the Yoast SEO plugin v19.9 - https:\/\/yoast.com\/wordpress\/plugins\/seo\/ -->\n<title>C\u00e1mara ARRI 435-3Perf - ServiceVision<\/title>\n<meta name=\"description\" content=\"Alquiler de C\u00e1mara de 35mm: ARRI 435-3Perf. Consultas y soporte t\u00e9cnico en Servicevision, fabricaci\u00f3n y alquiler de equipos para rodajes cinematogr\u00e1ficos.\" \/>\n<meta name=\"robots\" content=\"index, follow, max-snippet:-1, max-image-preview:large, max-video-preview:-1\" \/>\n<link rel=\"canonical\" href=\"https:\/\/www.fusion.servicevision.es\/es\/producto\/camaras\/camaras-35mm-film\/arri-435-es-3-perf-4-perf\/\" \/>\n<meta property=\"og:locale\" content=\"es_ES\" \/>\n<meta property=\"og:type\" content=\"article\" \/>\n<meta property=\"og:title\" content=\"C\u00e1mara ARRI 435-3Perf - ServiceVision\" \/>\n<meta property=\"og:description\" content=\"Alquiler de C\u00e1mara de 35mm: ARRI 435-3Perf. Consultas y soporte t\u00e9cnico en Servicevision, fabricaci\u00f3n y alquiler de equipos para rodajes cinematogr\u00e1ficos.\" \/>\n<meta property=\"og:url\" content=\"https:\/\/www.fusion.servicevision.es\/es\/producto\/camaras\/camaras-35mm-film\/arri-435-es-3-perf-4-perf\/\" \/>\n<meta property=\"og:site_name\" content=\"ServiceVision\" \/>\n<meta property=\"article:modified_time\" content=\"2026-03-27T06:17:40+00:00\" \/>\n<meta property=\"og:image\" content=\"https:\/\/www.fusion.servicevision.es\/wp-content\/uploads\/2019\/05\/20230322_164538-copia.jpg\" \/>\n\t<meta property=\"og:image:width\" content=\"1094\" \/>\n\t<meta property=\"og:image:height\" content=\"1080\" \/>\n\t<meta property=\"og:image:type\" content=\"image\/jpeg\" \/>\n<meta name=\"twitter:card\" content=\"summary_large_image\" \/>\n<script type=\"application\/ld+json\" class=\"yoast-schema-graph\">{\"@context\":\"https:\/\/schema.org\",\"@graph\":[{\"@type\":\"WebPage\",\"@id\":\"https:\/\/www.fusion.servicevision.es\/es\/producto\/camaras\/camaras-35mm-film\/arri-435-es-3-perf-4-perf\/\",\"url\":\"https:\/\/www.fusion.servicevision.es\/es\/producto\/camaras\/camaras-35mm-film\/arri-435-es-3-perf-4-perf\/\",\"name\":\"C\u00e1mara ARRI 435-3Perf - ServiceVision\",\"isPartOf\":{\"@id\":\"https:\/\/www.fusion.servicevision.es\/es\/#website\"},\"datePublished\":\"2026-03-23T01:00:13+00:00\",\"dateModified\":\"2026-03-27T06:17:40+00:00\",\"description\":\"Alquiler de C\u00e1mara de 35mm: ARRI 435-3Perf. Consultas y soporte t\u00e9cnico en Servicevision, fabricaci\u00f3n y alquiler de equipos para rodajes cinematogr\u00e1ficos.\",\"breadcrumb\":{\"@id\":\"https:\/\/www.fusion.servicevision.es\/es\/producto\/camaras\/camaras-35mm-film\/arri-435-es-3-perf-4-perf\/#breadcrumb\"},\"inLanguage\":\"es\",\"potentialAction\":[{\"@type\":\"ReadAction\",\"target\":[\"https:\/\/www.fusion.servicevision.es\/es\/producto\/camaras\/camaras-35mm-film\/arri-435-es-3-perf-4-perf\/\"]}]},{\"@type\":\"BreadcrumbList\",\"@id\":\"https:\/\/www.fusion.servicevision.es\/es\/producto\/camaras\/camaras-35mm-film\/arri-435-es-3-perf-4-perf\/#breadcrumb\",\"itemListElement\":[{\"@type\":\"ListItem\",\"position\":1,\"name\":\"Alquiler\",\"item\":\"https:\/\/www.fusion.servicevision.es\/es\/alquiler\/\"},{\"@type\":\"ListItem\",\"position\":2,\"name\":\"ARRI 435-ES 3 Perf\/4 Perf\"}]},{\"@type\":\"WebSite\",\"@id\":\"https:\/\/www.fusion.servicevision.es\/es\/#website\",\"url\":\"https:\/\/www.fusion.servicevision.es\/es\/\",\"name\":\"ServiceVision\",\"description\":\"\",\"potentialAction\":[{\"@type\":\"SearchAction\",\"target\":{\"@type\":\"EntryPoint\",\"urlTemplate\":\"https:\/\/www.fusion.servicevision.es\/es\/?s={search_term_string}\"},\"query-input\":\"required name=search_term_string\"}],\"inLanguage\":\"es\"}]}<\/script>\n<!-- \/ Yoast SEO plugin. -->","yoast_head_json":{"title":"C\u00e1mara ARRI 435-3Perf - ServiceVision","description":"Alquiler de C\u00e1mara de 35mm: ARRI 435-3Perf. Consultas y soporte t\u00e9cnico en Servicevision, fabricaci\u00f3n y alquiler de equipos para rodajes cinematogr\u00e1ficos.","robots":{"index":"index","follow":"follow","max-snippet":"max-snippet:-1","max-image-preview":"max-image-preview:large","max-video-preview":"max-video-preview:-1"},"canonical":"https:\/\/www.fusion.servicevision.es\/es\/producto\/camaras\/camaras-35mm-film\/arri-435-es-3-perf-4-perf\/","og_locale":"es_ES","og_type":"article","og_title":"C\u00e1mara ARRI 435-3Perf - ServiceVision","og_description":"Alquiler de C\u00e1mara de 35mm: ARRI 435-3Perf. Consultas y soporte t\u00e9cnico en Servicevision, fabricaci\u00f3n y alquiler de equipos para rodajes cinematogr\u00e1ficos.","og_url":"https:\/\/www.fusion.servicevision.es\/es\/producto\/camaras\/camaras-35mm-film\/arri-435-es-3-perf-4-perf\/","og_site_name":"ServiceVision","article_modified_time":"2026-03-27T06:17:40+00:00","og_image":[{"width":1094,"height":1080,"url":"https:\/\/www.fusion.servicevision.es\/wp-content\/uploads\/2019\/05\/20230322_164538-copia.jpg","type":"image\/jpeg"}],"twitter_card":"summary_large_image","schema":{"@context":"https:\/\/schema.org","@graph":[{"@type":"WebPage","@id":"https:\/\/www.fusion.servicevision.es\/es\/producto\/camaras\/camaras-35mm-film\/arri-435-es-3-perf-4-perf\/","url":"https:\/\/www.fusion.servicevision.es\/es\/producto\/camaras\/camaras-35mm-film\/arri-435-es-3-perf-4-perf\/","name":"C\u00e1mara ARRI 435-3Perf - ServiceVision","isPartOf":{"@id":"https:\/\/www.fusion.servicevision.es\/es\/#website"},"datePublished":"2026-03-23T01:00:13+00:00","dateModified":"2026-03-27T06:17:40+00:00","description":"Alquiler de C\u00e1mara de 35mm: ARRI 435-3Perf. Consultas y soporte t\u00e9cnico en Servicevision, fabricaci\u00f3n y alquiler de equipos para rodajes cinematogr\u00e1ficos.","breadcrumb":{"@id":"https:\/\/www.fusion.servicevision.es\/es\/producto\/camaras\/camaras-35mm-film\/arri-435-es-3-perf-4-perf\/#breadcrumb"},"inLanguage":"es","potentialAction":[{"@type":"ReadAction","target":["https:\/\/www.fusion.servicevision.es\/es\/producto\/camaras\/camaras-35mm-film\/arri-435-es-3-perf-4-perf\/"]}]},{"@type":"BreadcrumbList","@id":"https:\/\/www.fusion.servicevision.es\/es\/producto\/camaras\/camaras-35mm-film\/arri-435-es-3-perf-4-perf\/#breadcrumb","itemListElement":[{"@type":"ListItem","position":1,"name":"Alquiler","item":"https:\/\/www.fusion.servicevision.es\/es\/alquiler\/"},{"@type":"ListItem","position":2,"name":"ARRI 435-ES 3 Perf\/4 Perf"}]},{"@type":"WebSite","@id":"https:\/\/www.fusion.servicevision.es\/es\/#website","url":"https:\/\/www.fusion.servicevision.es\/es\/","name":"ServiceVision","description":"","potentialAction":[{"@type":"SearchAction","target":{"@type":"EntryPoint","urlTemplate":"https:\/\/www.fusion.servicevision.es\/es\/?s={search_term_string}"},"query-input":"required name=search_term_string"}],"inLanguage":"es"}]}},"jetpack_publicize_connections":[],"_links":{"self":[{"href":"https:\/\/www.fusion.servicevision.es\/es\/wp-json\/wp\/v2\/product\/14129"}],"collection":[{"href":"https:\/\/www.fusion.servicevision.es\/es\/wp-json\/wp\/v2\/product"}],"about":[{"href":"https:\/\/www.fusion.servicevision.es\/es\/wp-json\/wp\/v2\/types\/product"}],"replies":[{"embeddable":true,"href":"https:\/\/www.fusion.servicevision.es\/es\/wp-json\/wp\/v2\/comments?post=14129"}],"wp:featuredmedia":[{"embeddable":true,"href":"https:\/\/www.fusion.servicevision.es\/es\/wp-json\/wp\/v2\/media\/9648"}],"wp:attachment":[{"href":"https:\/\/www.fusion.servicevision.es\/es\/wp-json\/wp\/v2\/media?parent=14129"}],"wp:term":[{"taxonomy":"product_cat","embeddable":true,"href":"https:\/\/www.fusion.servicevision.es\/es\/wp-json\/wp\/v2\/product_cat?post=14129"},{"taxonomy":"product_tag","embeddable":true,"href":"https:\/\/www.fusion.servicevision.es\/es\/wp-json\/wp\/v2\/product_tag?post=14129"}],"curies":[{"name":"wp","href":"https:\/\/api.w.org\/{rel}","templated":true}]}}