{"id":14104,"date":"2026-03-23T00:59:56","date_gmt":"2026-03-23T00:59:56","guid":{"rendered":"https:\/\/www.fusion.servicevision.es\/producto\/super-baltar-rehoused-by-tls\/"},"modified":"2026-03-27T06:44:14","modified_gmt":"2026-03-27T06:44:14","slug":"super-baltar-rehoused-by-tls","status":"publish","type":"product","link":"https:\/\/www.fusion.servicevision.es\/es\/producto\/camaras\/objetivos-y-zooms\/esfericos\/super-baltar-rehoused-by-tls\/","title":{"rendered":"SUPER BALTAR REHOUSED by TLS"},"content":{"rendered":"","protected":false},"excerpt":{"rendered":"<div id=\"ow21\" data-show-delay-ms=\"250\" data-append-to-body=\"true\" data-propagate-tooltip-mouseover-events=\"true\" data-anchor-corner=\"bottom-left\" data-enable-skip-handler=\"true\" data-popup-corner=\"top-left\">\n<p><span style=\"color: #000000;\">Los lentes Baltar presentan destellos \u00fanicos y un menor contraste que los lentes modernos. La conversi\u00f3n TLS se ha reubicado en una carcasa de aluminio de estilo moderno con un espaciado de engranajes a juego y di\u00e1metros frontales uniformes.<\/span><\/p>\n<p><span style=\"color: #000000;\">A diferencia de los lentes actuales extremadamente n\u00edtidos y altamente corregidos, los lentes Super Baltar de Bausch and Lomb pueden darle a su proyecto un aspecto retro cl\u00e1sico y distintivo. Con contrastes c\u00e1lidos y bajos y caracter\u00edsticas de destellos \u00fanicas, estos lentes son perfectos para crear im\u00e1genes vintage.<\/span><\/p>\n<\/div>\n<div class=\"usGWQd\">\n<div class=\"KkbLmb\">\n<div class=\"lRu31\" dir=\"ltr\">\n<div class=\"OvtS8d\"><\/div>\n<div id=\"ow30\"><\/div>\n<\/div>\n<div class=\"UdTY9 WdefRb\" aria-hidden=\"true\" data-location=\"2\">\n<div class=\"kO6q6e\"><\/div>\n<\/div>\n<\/div>\n<\/div>\n","protected":false},"featured_media":9208,"comment_status":"open","ping_status":"closed","template":"","meta":[],"product_cat":[150,151,141,15],"product_tag":[],"yoast_head":"<!-- This site is optimized with the Yoast SEO plugin v19.9 - https:\/\/yoast.com\/wordpress\/plugins\/seo\/ -->\n<title>Objetivo para c\u00e1mara SUPER BALTAR PRIME REHOUSED TLS - ServiceVision<\/title>\n<meta name=\"description\" content=\"Alquiler de Objetivo para c\u00e1mara - objetivos y juegos Vintage PL 35mm: SUPER BALTAR PRIME REHOUSED TLS. Consultas y soporte t\u00e9cnico en Servicevision, fabricaci\u00f3n y alquiler de equipos para rodajes cinematogr\u00e1ficos.\" \/>\n<meta name=\"robots\" content=\"index, follow, max-snippet:-1, max-image-preview:large, max-video-preview:-1\" \/>\n<link rel=\"canonical\" href=\"https:\/\/www.fusion.servicevision.es\/es\/producto\/camaras\/objetivos-y-zooms\/esfericos\/super-baltar-rehoused-by-tls\/\" \/>\n<meta property=\"og:locale\" content=\"es_ES\" \/>\n<meta property=\"og:type\" content=\"article\" \/>\n<meta property=\"og:title\" content=\"Objetivo para c\u00e1mara SUPER BALTAR PRIME REHOUSED TLS - ServiceVision\" \/>\n<meta property=\"og:description\" content=\"Alquiler de Objetivo para c\u00e1mara - objetivos y juegos Vintage PL 35mm: SUPER BALTAR PRIME REHOUSED TLS. Consultas y soporte t\u00e9cnico en Servicevision, fabricaci\u00f3n y alquiler de equipos para rodajes cinematogr\u00e1ficos.\" \/>\n<meta property=\"og:url\" content=\"https:\/\/www.fusion.servicevision.es\/es\/producto\/camaras\/objetivos-y-zooms\/esfericos\/super-baltar-rehoused-by-tls\/\" \/>\n<meta property=\"og:site_name\" content=\"ServiceVision\" \/>\n<meta property=\"article:modified_time\" content=\"2026-03-27T06:44:14+00:00\" \/>\n<meta property=\"og:image\" content=\"https:\/\/www.fusion.servicevision.es\/wp-content\/uploads\/2019\/02\/022_SuperBaltarByTLS-scaled.jpg\" \/>\n\t<meta property=\"og:image:width\" content=\"2560\" \/>\n\t<meta property=\"og:image:height\" content=\"1692\" \/>\n\t<meta property=\"og:image:type\" content=\"image\/jpeg\" \/>\n<meta name=\"twitter:card\" content=\"summary_large_image\" \/>\n<script type=\"application\/ld+json\" class=\"yoast-schema-graph\">{\"@context\":\"https:\/\/schema.org\",\"@graph\":[{\"@type\":\"WebPage\",\"@id\":\"https:\/\/www.fusion.servicevision.es\/es\/producto\/camaras\/objetivos-y-zooms\/esfericos\/super-baltar-rehoused-by-tls\/\",\"url\":\"https:\/\/www.fusion.servicevision.es\/es\/producto\/camaras\/objetivos-y-zooms\/esfericos\/super-baltar-rehoused-by-tls\/\",\"name\":\"Objetivo para c\u00e1mara SUPER BALTAR PRIME REHOUSED TLS - ServiceVision\",\"isPartOf\":{\"@id\":\"https:\/\/www.fusion.servicevision.es\/es\/#website\"},\"datePublished\":\"2026-03-23T00:59:56+00:00\",\"dateModified\":\"2026-03-27T06:44:14+00:00\",\"description\":\"Alquiler de Objetivo para c\u00e1mara - objetivos y juegos Vintage PL 35mm: SUPER BALTAR PRIME REHOUSED TLS. Consultas y soporte t\u00e9cnico en Servicevision, fabricaci\u00f3n y alquiler de equipos para rodajes cinematogr\u00e1ficos.\",\"breadcrumb\":{\"@id\":\"https:\/\/www.fusion.servicevision.es\/es\/producto\/camaras\/objetivos-y-zooms\/esfericos\/super-baltar-rehoused-by-tls\/#breadcrumb\"},\"inLanguage\":\"es\",\"potentialAction\":[{\"@type\":\"ReadAction\",\"target\":[\"https:\/\/www.fusion.servicevision.es\/es\/producto\/camaras\/objetivos-y-zooms\/esfericos\/super-baltar-rehoused-by-tls\/\"]}]},{\"@type\":\"BreadcrumbList\",\"@id\":\"https:\/\/www.fusion.servicevision.es\/es\/producto\/camaras\/objetivos-y-zooms\/esfericos\/super-baltar-rehoused-by-tls\/#breadcrumb\",\"itemListElement\":[{\"@type\":\"ListItem\",\"position\":1,\"name\":\"Alquiler\",\"item\":\"https:\/\/www.fusion.servicevision.es\/es\/alquiler\/\"},{\"@type\":\"ListItem\",\"position\":2,\"name\":\"SUPER BALTAR REHOUSED by TLS\"}]},{\"@type\":\"WebSite\",\"@id\":\"https:\/\/www.fusion.servicevision.es\/es\/#website\",\"url\":\"https:\/\/www.fusion.servicevision.es\/es\/\",\"name\":\"ServiceVision\",\"description\":\"\",\"potentialAction\":[{\"@type\":\"SearchAction\",\"target\":{\"@type\":\"EntryPoint\",\"urlTemplate\":\"https:\/\/www.fusion.servicevision.es\/es\/?s={search_term_string}\"},\"query-input\":\"required name=search_term_string\"}],\"inLanguage\":\"es\"}]}<\/script>\n<!-- \/ Yoast SEO plugin. -->","yoast_head_json":{"title":"Objetivo para c\u00e1mara SUPER BALTAR PRIME REHOUSED TLS - ServiceVision","description":"Alquiler de Objetivo para c\u00e1mara - objetivos y juegos Vintage PL 35mm: SUPER BALTAR PRIME REHOUSED TLS. Consultas y soporte t\u00e9cnico en Servicevision, fabricaci\u00f3n y alquiler de equipos para rodajes cinematogr\u00e1ficos.","robots":{"index":"index","follow":"follow","max-snippet":"max-snippet:-1","max-image-preview":"max-image-preview:large","max-video-preview":"max-video-preview:-1"},"canonical":"https:\/\/www.fusion.servicevision.es\/es\/producto\/camaras\/objetivos-y-zooms\/esfericos\/super-baltar-rehoused-by-tls\/","og_locale":"es_ES","og_type":"article","og_title":"Objetivo para c\u00e1mara SUPER BALTAR PRIME REHOUSED TLS - ServiceVision","og_description":"Alquiler de Objetivo para c\u00e1mara - objetivos y juegos Vintage PL 35mm: SUPER BALTAR PRIME REHOUSED TLS. Consultas y soporte t\u00e9cnico en Servicevision, fabricaci\u00f3n y alquiler de equipos para rodajes cinematogr\u00e1ficos.","og_url":"https:\/\/www.fusion.servicevision.es\/es\/producto\/camaras\/objetivos-y-zooms\/esfericos\/super-baltar-rehoused-by-tls\/","og_site_name":"ServiceVision","article_modified_time":"2026-03-27T06:44:14+00:00","og_image":[{"width":2560,"height":1692,"url":"https:\/\/www.fusion.servicevision.es\/wp-content\/uploads\/2019\/02\/022_SuperBaltarByTLS-scaled.jpg","type":"image\/jpeg"}],"twitter_card":"summary_large_image","schema":{"@context":"https:\/\/schema.org","@graph":[{"@type":"WebPage","@id":"https:\/\/www.fusion.servicevision.es\/es\/producto\/camaras\/objetivos-y-zooms\/esfericos\/super-baltar-rehoused-by-tls\/","url":"https:\/\/www.fusion.servicevision.es\/es\/producto\/camaras\/objetivos-y-zooms\/esfericos\/super-baltar-rehoused-by-tls\/","name":"Objetivo para c\u00e1mara SUPER BALTAR PRIME REHOUSED TLS - ServiceVision","isPartOf":{"@id":"https:\/\/www.fusion.servicevision.es\/es\/#website"},"datePublished":"2026-03-23T00:59:56+00:00","dateModified":"2026-03-27T06:44:14+00:00","description":"Alquiler de Objetivo para c\u00e1mara - objetivos y juegos Vintage PL 35mm: SUPER BALTAR PRIME REHOUSED TLS. Consultas y soporte t\u00e9cnico en Servicevision, fabricaci\u00f3n y alquiler de equipos para rodajes cinematogr\u00e1ficos.","breadcrumb":{"@id":"https:\/\/www.fusion.servicevision.es\/es\/producto\/camaras\/objetivos-y-zooms\/esfericos\/super-baltar-rehoused-by-tls\/#breadcrumb"},"inLanguage":"es","potentialAction":[{"@type":"ReadAction","target":["https:\/\/www.fusion.servicevision.es\/es\/producto\/camaras\/objetivos-y-zooms\/esfericos\/super-baltar-rehoused-by-tls\/"]}]},{"@type":"BreadcrumbList","@id":"https:\/\/www.fusion.servicevision.es\/es\/producto\/camaras\/objetivos-y-zooms\/esfericos\/super-baltar-rehoused-by-tls\/#breadcrumb","itemListElement":[{"@type":"ListItem","position":1,"name":"Alquiler","item":"https:\/\/www.fusion.servicevision.es\/es\/alquiler\/"},{"@type":"ListItem","position":2,"name":"SUPER BALTAR REHOUSED by TLS"}]},{"@type":"WebSite","@id":"https:\/\/www.fusion.servicevision.es\/es\/#website","url":"https:\/\/www.fusion.servicevision.es\/es\/","name":"ServiceVision","description":"","potentialAction":[{"@type":"SearchAction","target":{"@type":"EntryPoint","urlTemplate":"https:\/\/www.fusion.servicevision.es\/es\/?s={search_term_string}"},"query-input":"required name=search_term_string"}],"inLanguage":"es"}]}},"jetpack_publicize_connections":[],"_links":{"self":[{"href":"https:\/\/www.fusion.servicevision.es\/es\/wp-json\/wp\/v2\/product\/14104"}],"collection":[{"href":"https:\/\/www.fusion.servicevision.es\/es\/wp-json\/wp\/v2\/product"}],"about":[{"href":"https:\/\/www.fusion.servicevision.es\/es\/wp-json\/wp\/v2\/types\/product"}],"replies":[{"embeddable":true,"href":"https:\/\/www.fusion.servicevision.es\/es\/wp-json\/wp\/v2\/comments?post=14104"}],"wp:featuredmedia":[{"embeddable":true,"href":"https:\/\/www.fusion.servicevision.es\/es\/wp-json\/wp\/v2\/media\/9208"}],"wp:attachment":[{"href":"https:\/\/www.fusion.servicevision.es\/es\/wp-json\/wp\/v2\/media?parent=14104"}],"wp:term":[{"taxonomy":"product_cat","embeddable":true,"href":"https:\/\/www.fusion.servicevision.es\/es\/wp-json\/wp\/v2\/product_cat?post=14104"},{"taxonomy":"product_tag","embeddable":true,"href":"https:\/\/www.fusion.servicevision.es\/es\/wp-json\/wp\/v2\/product_tag?post=14104"}],"curies":[{"name":"wp","href":"https:\/\/api.w.org\/{rel}","templated":true}]}}