{"id":14064,"date":"2026-03-23T00:59:32","date_gmt":"2026-03-23T00:59:32","guid":{"rendered":"https:\/\/www.fusion.servicevision.es\/producto\/daylight-fresnel-4-kw\/"},"modified":"2026-03-27T14:28:27","modified_gmt":"2026-03-27T14:28:27","slug":"daylight-fresnel-4-kw","status":"publish","type":"product","link":"https:\/\/www.fusion.servicevision.es\/es\/producto\/luces\/hmi\/daylight-fresnel\/daylight-fresnel-4-kw\/","title":{"rendered":"Daylight Fresnel 4 kW"},"content":{"rendered":"<p>Conector: <strong>Cetac 32 amp<\/strong>. Azul monofasico Medidas (mm): 830(AN)x747(AL)x630(LA),Peso 30 Kg, Lente 500 mm, Spigot: 28 mm, Visera 4 hojas.<\/p>\n","protected":false},"excerpt":{"rendered":"<p>Conector: <strong>Cetac 32 amp<\/strong>. Azul monofasico Medidas (mm): 830(AN)x747(AL)x630(LA),Peso 30 Kg, Lente 500 mm, Spigot: 28 mm, Visera 4 hojas.<\/p>\n","protected":false},"featured_media":785,"comment_status":"open","ping_status":"closed","template":"","meta":[],"product_cat":[75,17],"product_tag":[],"yoast_head":"<!-- This site is optimized with the Yoast SEO plugin v19.9 - https:\/\/yoast.com\/wordpress\/plugins\/seo\/ -->\n<title>Luces HMI - Alquiler de Daylight Fresnel 4 kW - ServiceVision<\/title>\n<meta name=\"description\" content=\"Alquiler de Luces HMI - Daylight fresnel: Daylight Fresnel 4 kW. Consultas y soporte t\u00e9cnico en Servicevision, fabricaci\u00f3n y alquiler de equipos para rodajes cinematogr\u00e1ficos.\" \/>\n<meta name=\"robots\" content=\"index, follow, max-snippet:-1, max-image-preview:large, max-video-preview:-1\" \/>\n<link rel=\"canonical\" href=\"https:\/\/www.fusion.servicevision.es\/es\/producto\/luces\/hmi\/daylight-fresnel\/daylight-fresnel-4-kw\/\" \/>\n<meta property=\"og:locale\" content=\"es_ES\" \/>\n<meta property=\"og:type\" content=\"article\" \/>\n<meta property=\"og:title\" content=\"Luces HMI - Alquiler de Daylight Fresnel 4 kW - ServiceVision\" \/>\n<meta property=\"og:description\" content=\"Alquiler de Luces HMI - Daylight fresnel: Daylight Fresnel 4 kW. Consultas y soporte t\u00e9cnico en Servicevision, fabricaci\u00f3n y alquiler de equipos para rodajes cinematogr\u00e1ficos.\" \/>\n<meta property=\"og:url\" content=\"https:\/\/www.fusion.servicevision.es\/es\/producto\/luces\/hmi\/daylight-fresnel\/daylight-fresnel-4-kw\/\" \/>\n<meta property=\"og:site_name\" content=\"ServiceVision\" \/>\n<meta property=\"article:modified_time\" content=\"2026-03-27T14:28:27+00:00\" \/>\n<meta property=\"og:image\" content=\"https:\/\/www.fusion.servicevision.es\/wp-content\/uploads\/2019\/02\/hmi4kws.jpeg\" \/>\n\t<meta property=\"og:image:width\" content=\"1200\" \/>\n\t<meta property=\"og:image:height\" content=\"1200\" \/>\n\t<meta property=\"og:image:type\" content=\"image\/jpeg\" \/>\n<meta name=\"twitter:card\" content=\"summary_large_image\" \/>\n<meta name=\"twitter:label1\" content=\"Tiempo de lectura\" \/>\n\t<meta name=\"twitter:data1\" content=\"1 minuto\" \/>\n<script type=\"application\/ld+json\" class=\"yoast-schema-graph\">{\"@context\":\"https:\/\/schema.org\",\"@graph\":[{\"@type\":\"WebPage\",\"@id\":\"https:\/\/www.fusion.servicevision.es\/es\/producto\/luces\/hmi\/daylight-fresnel\/daylight-fresnel-4-kw\/\",\"url\":\"https:\/\/www.fusion.servicevision.es\/es\/producto\/luces\/hmi\/daylight-fresnel\/daylight-fresnel-4-kw\/\",\"name\":\"Luces HMI - Alquiler de Daylight Fresnel 4 kW - ServiceVision\",\"isPartOf\":{\"@id\":\"https:\/\/www.fusion.servicevision.es\/es\/#website\"},\"datePublished\":\"2026-03-23T00:59:32+00:00\",\"dateModified\":\"2026-03-27T14:28:27+00:00\",\"description\":\"Alquiler de Luces HMI - Daylight fresnel: Daylight Fresnel 4 kW. Consultas y soporte t\u00e9cnico en Servicevision, fabricaci\u00f3n y alquiler de equipos para rodajes cinematogr\u00e1ficos.\",\"breadcrumb\":{\"@id\":\"https:\/\/www.fusion.servicevision.es\/es\/producto\/luces\/hmi\/daylight-fresnel\/daylight-fresnel-4-kw\/#breadcrumb\"},\"inLanguage\":\"es\",\"potentialAction\":[{\"@type\":\"ReadAction\",\"target\":[\"https:\/\/www.fusion.servicevision.es\/es\/producto\/luces\/hmi\/daylight-fresnel\/daylight-fresnel-4-kw\/\"]}]},{\"@type\":\"BreadcrumbList\",\"@id\":\"https:\/\/www.fusion.servicevision.es\/es\/producto\/luces\/hmi\/daylight-fresnel\/daylight-fresnel-4-kw\/#breadcrumb\",\"itemListElement\":[{\"@type\":\"ListItem\",\"position\":1,\"name\":\"Alquiler\",\"item\":\"https:\/\/www.fusion.servicevision.es\/es\/alquiler\/\"},{\"@type\":\"ListItem\",\"position\":2,\"name\":\"Daylight Fresnel 4 kW\"}]},{\"@type\":\"WebSite\",\"@id\":\"https:\/\/www.fusion.servicevision.es\/es\/#website\",\"url\":\"https:\/\/www.fusion.servicevision.es\/es\/\",\"name\":\"ServiceVision\",\"description\":\"\",\"potentialAction\":[{\"@type\":\"SearchAction\",\"target\":{\"@type\":\"EntryPoint\",\"urlTemplate\":\"https:\/\/www.fusion.servicevision.es\/es\/?s={search_term_string}\"},\"query-input\":\"required name=search_term_string\"}],\"inLanguage\":\"es\"}]}<\/script>\n<!-- \/ Yoast SEO plugin. -->","yoast_head_json":{"title":"Luces HMI - Alquiler de Daylight Fresnel 4 kW - ServiceVision","description":"Alquiler de Luces HMI - Daylight fresnel: Daylight Fresnel 4 kW. Consultas y soporte t\u00e9cnico en Servicevision, fabricaci\u00f3n y alquiler de equipos para rodajes cinematogr\u00e1ficos.","robots":{"index":"index","follow":"follow","max-snippet":"max-snippet:-1","max-image-preview":"max-image-preview:large","max-video-preview":"max-video-preview:-1"},"canonical":"https:\/\/www.fusion.servicevision.es\/es\/producto\/luces\/hmi\/daylight-fresnel\/daylight-fresnel-4-kw\/","og_locale":"es_ES","og_type":"article","og_title":"Luces HMI - Alquiler de Daylight Fresnel 4 kW - ServiceVision","og_description":"Alquiler de Luces HMI - Daylight fresnel: Daylight Fresnel 4 kW. Consultas y soporte t\u00e9cnico en Servicevision, fabricaci\u00f3n y alquiler de equipos para rodajes cinematogr\u00e1ficos.","og_url":"https:\/\/www.fusion.servicevision.es\/es\/producto\/luces\/hmi\/daylight-fresnel\/daylight-fresnel-4-kw\/","og_site_name":"ServiceVision","article_modified_time":"2026-03-27T14:28:27+00:00","og_image":[{"width":1200,"height":1200,"url":"https:\/\/www.fusion.servicevision.es\/wp-content\/uploads\/2019\/02\/hmi4kws.jpeg","type":"image\/jpeg"}],"twitter_card":"summary_large_image","twitter_misc":{"Tiempo de lectura":"1 minuto"},"schema":{"@context":"https:\/\/schema.org","@graph":[{"@type":"WebPage","@id":"https:\/\/www.fusion.servicevision.es\/es\/producto\/luces\/hmi\/daylight-fresnel\/daylight-fresnel-4-kw\/","url":"https:\/\/www.fusion.servicevision.es\/es\/producto\/luces\/hmi\/daylight-fresnel\/daylight-fresnel-4-kw\/","name":"Luces HMI - Alquiler de Daylight Fresnel 4 kW - ServiceVision","isPartOf":{"@id":"https:\/\/www.fusion.servicevision.es\/es\/#website"},"datePublished":"2026-03-23T00:59:32+00:00","dateModified":"2026-03-27T14:28:27+00:00","description":"Alquiler de Luces HMI - Daylight fresnel: Daylight Fresnel 4 kW. Consultas y soporte t\u00e9cnico en Servicevision, fabricaci\u00f3n y alquiler de equipos para rodajes cinematogr\u00e1ficos.","breadcrumb":{"@id":"https:\/\/www.fusion.servicevision.es\/es\/producto\/luces\/hmi\/daylight-fresnel\/daylight-fresnel-4-kw\/#breadcrumb"},"inLanguage":"es","potentialAction":[{"@type":"ReadAction","target":["https:\/\/www.fusion.servicevision.es\/es\/producto\/luces\/hmi\/daylight-fresnel\/daylight-fresnel-4-kw\/"]}]},{"@type":"BreadcrumbList","@id":"https:\/\/www.fusion.servicevision.es\/es\/producto\/luces\/hmi\/daylight-fresnel\/daylight-fresnel-4-kw\/#breadcrumb","itemListElement":[{"@type":"ListItem","position":1,"name":"Alquiler","item":"https:\/\/www.fusion.servicevision.es\/es\/alquiler\/"},{"@type":"ListItem","position":2,"name":"Daylight Fresnel 4 kW"}]},{"@type":"WebSite","@id":"https:\/\/www.fusion.servicevision.es\/es\/#website","url":"https:\/\/www.fusion.servicevision.es\/es\/","name":"ServiceVision","description":"","potentialAction":[{"@type":"SearchAction","target":{"@type":"EntryPoint","urlTemplate":"https:\/\/www.fusion.servicevision.es\/es\/?s={search_term_string}"},"query-input":"required name=search_term_string"}],"inLanguage":"es"}]}},"jetpack_publicize_connections":[],"_links":{"self":[{"href":"https:\/\/www.fusion.servicevision.es\/es\/wp-json\/wp\/v2\/product\/14064"}],"collection":[{"href":"https:\/\/www.fusion.servicevision.es\/es\/wp-json\/wp\/v2\/product"}],"about":[{"href":"https:\/\/www.fusion.servicevision.es\/es\/wp-json\/wp\/v2\/types\/product"}],"replies":[{"embeddable":true,"href":"https:\/\/www.fusion.servicevision.es\/es\/wp-json\/wp\/v2\/comments?post=14064"}],"wp:featuredmedia":[{"embeddable":true,"href":"https:\/\/www.fusion.servicevision.es\/es\/wp-json\/wp\/v2\/media\/785"}],"wp:attachment":[{"href":"https:\/\/www.fusion.servicevision.es\/es\/wp-json\/wp\/v2\/media?parent=14064"}],"wp:term":[{"taxonomy":"product_cat","embeddable":true,"href":"https:\/\/www.fusion.servicevision.es\/es\/wp-json\/wp\/v2\/product_cat?post=14064"},{"taxonomy":"product_tag","embeddable":true,"href":"https:\/\/www.fusion.servicevision.es\/es\/wp-json\/wp\/v2\/product_tag?post=14064"}],"curies":[{"name":"wp","href":"https:\/\/api.w.org\/{rel}","templated":true}]}}