{"id":14054,"date":"2026-03-23T00:59:26","date_gmt":"2026-03-23T00:59:26","guid":{"rendered":"https:\/\/www.fusion.servicevision.es\/producto\/arri-435-4perf\/"},"modified":"2026-03-23T00:59:26","modified_gmt":"2026-03-23T00:59:26","slug":"arri-435-4perf","status":"publish","type":"product","link":"https:\/\/www.fusion.servicevision.es\/es\/producto\/camaras\/camaras-35mm-film\/arri-435-4perf\/","title":{"rendered":"ARRI 435-4Perf"},"content":{"rendered":"<p>Arriflex 435 es una l\u00ednea de productos de c\u00e1maras de cine creada por Arri en 1995 para reemplazar la l\u00ednea Arriflex 35III. El n\u00famero refleja su posici\u00f3n como c\u00e1mara sucesora de la Arri III y el hecho de que est\u00e1 dise\u00f1ada para pel\u00edculas de 35 mm. Las c\u00e1maras 435 est\u00e1n dise\u00f1adas espec\u00edficamente como c\u00e1maras MOS, lo que significa que convencionalmente se las considera demasiado ruidosas para grabar un sonido de ubicaci\u00f3n utilizable. Sin embargo, esto tambi\u00e9n libera la c\u00e1mara para que se optimice para usos de sonido no sincronizados, particularmente cualquier filmaci\u00f3n que no requiera sonido o filmar a velocidad no sincronizada, filmar en reversa o rampar entre diferentes velocidades. Como tal, sus aplicaciones potenciales est\u00e1n muy extendidas y, por lo tanto, se usa regularmente en videos musicales, comerciales, trabajos de segunda unidad en funciones, trabajos de efectos especiales y control de movimiento, entre otros usos.<\/p>\n","protected":false},"excerpt":{"rendered":"<p>Arriflex 435 es una l\u00ednea de productos de c\u00e1maras de cine creada por Arri en 1995 para reemplazar la l\u00ednea Arriflex 35III. El n\u00famero refleja su posici\u00f3n como c\u00e1mara sucesora de la Arri III y el hecho de que est\u00e1 dise\u00f1ada para pel\u00edculas de 35 mm. Las c\u00e1maras 435 est\u00e1n dise\u00f1adas espec\u00edficamente como c\u00e1maras MOS,&hellip;<\/p>\n","protected":false},"featured_media":751,"comment_status":"open","ping_status":"closed","template":"","meta":[],"product_cat":[139,15],"product_tag":[],"yoast_head":"<!-- This site is optimized with the Yoast SEO plugin v19.9 - https:\/\/yoast.com\/wordpress\/plugins\/seo\/ -->\n<title>C\u00e1mara ARRI 435-4Perf - ServiceVision<\/title>\n<meta name=\"description\" content=\"Alquiler de C\u00e1mara de 35mm: ARRI 435-4Perf. Consultas y soporte t\u00e9cnico en Servicevision, fabricaci\u00f3n y alquiler de equipos para rodajes cinematogr\u00e1ficos.\" \/>\n<meta name=\"robots\" content=\"index, follow, max-snippet:-1, max-image-preview:large, max-video-preview:-1\" \/>\n<link rel=\"canonical\" href=\"https:\/\/www.fusion.servicevision.es\/es\/producto\/camaras\/camaras-35mm-film\/arri-435-4perf\/\" \/>\n<meta property=\"og:locale\" content=\"es_ES\" \/>\n<meta property=\"og:type\" content=\"article\" \/>\n<meta property=\"og:title\" content=\"C\u00e1mara ARRI 435-4Perf - ServiceVision\" \/>\n<meta property=\"og:description\" content=\"Alquiler de C\u00e1mara de 35mm: ARRI 435-4Perf. Consultas y soporte t\u00e9cnico en Servicevision, fabricaci\u00f3n y alquiler de equipos para rodajes cinematogr\u00e1ficos.\" \/>\n<meta property=\"og:url\" content=\"https:\/\/www.fusion.servicevision.es\/es\/producto\/camaras\/camaras-35mm-film\/arri-435-4perf\/\" \/>\n<meta property=\"og:site_name\" content=\"ServiceVision\" \/>\n<meta property=\"og:image\" content=\"https:\/\/www.fusion.servicevision.es\/wp-content\/uploads\/2019\/02\/arri435.jpg\" \/>\n\t<meta property=\"og:image:width\" content=\"355\" \/>\n\t<meta property=\"og:image:height\" content=\"355\" \/>\n\t<meta property=\"og:image:type\" content=\"image\/jpeg\" \/>\n<meta name=\"twitter:card\" content=\"summary_large_image\" \/>\n<meta name=\"twitter:label1\" content=\"Tiempo de lectura\" \/>\n\t<meta name=\"twitter:data1\" content=\"1 minuto\" \/>\n<script type=\"application\/ld+json\" class=\"yoast-schema-graph\">{\"@context\":\"https:\/\/schema.org\",\"@graph\":[{\"@type\":\"WebPage\",\"@id\":\"https:\/\/www.fusion.servicevision.es\/es\/producto\/camaras\/camaras-35mm-film\/arri-435-4perf\/\",\"url\":\"https:\/\/www.fusion.servicevision.es\/es\/producto\/camaras\/camaras-35mm-film\/arri-435-4perf\/\",\"name\":\"C\u00e1mara ARRI 435-4Perf - ServiceVision\",\"isPartOf\":{\"@id\":\"https:\/\/www.fusion.servicevision.es\/es\/#website\"},\"datePublished\":\"2026-03-23T00:59:26+00:00\",\"dateModified\":\"2026-03-23T00:59:26+00:00\",\"description\":\"Alquiler de C\u00e1mara de 35mm: ARRI 435-4Perf. Consultas y soporte t\u00e9cnico en Servicevision, fabricaci\u00f3n y alquiler de equipos para rodajes cinematogr\u00e1ficos.\",\"breadcrumb\":{\"@id\":\"https:\/\/www.fusion.servicevision.es\/es\/producto\/camaras\/camaras-35mm-film\/arri-435-4perf\/#breadcrumb\"},\"inLanguage\":\"es\",\"potentialAction\":[{\"@type\":\"ReadAction\",\"target\":[\"https:\/\/www.fusion.servicevision.es\/es\/producto\/camaras\/camaras-35mm-film\/arri-435-4perf\/\"]}]},{\"@type\":\"BreadcrumbList\",\"@id\":\"https:\/\/www.fusion.servicevision.es\/es\/producto\/camaras\/camaras-35mm-film\/arri-435-4perf\/#breadcrumb\",\"itemListElement\":[{\"@type\":\"ListItem\",\"position\":1,\"name\":\"Alquiler\",\"item\":\"https:\/\/www.fusion.servicevision.es\/es\/alquiler\/\"},{\"@type\":\"ListItem\",\"position\":2,\"name\":\"ARRI 435-4Perf\"}]},{\"@type\":\"WebSite\",\"@id\":\"https:\/\/www.fusion.servicevision.es\/es\/#website\",\"url\":\"https:\/\/www.fusion.servicevision.es\/es\/\",\"name\":\"ServiceVision\",\"description\":\"\",\"potentialAction\":[{\"@type\":\"SearchAction\",\"target\":{\"@type\":\"EntryPoint\",\"urlTemplate\":\"https:\/\/www.fusion.servicevision.es\/es\/?s={search_term_string}\"},\"query-input\":\"required name=search_term_string\"}],\"inLanguage\":\"es\"}]}<\/script>\n<!-- \/ Yoast SEO plugin. -->","yoast_head_json":{"title":"C\u00e1mara ARRI 435-4Perf - ServiceVision","description":"Alquiler de C\u00e1mara de 35mm: ARRI 435-4Perf. Consultas y soporte t\u00e9cnico en Servicevision, fabricaci\u00f3n y alquiler de equipos para rodajes cinematogr\u00e1ficos.","robots":{"index":"index","follow":"follow","max-snippet":"max-snippet:-1","max-image-preview":"max-image-preview:large","max-video-preview":"max-video-preview:-1"},"canonical":"https:\/\/www.fusion.servicevision.es\/es\/producto\/camaras\/camaras-35mm-film\/arri-435-4perf\/","og_locale":"es_ES","og_type":"article","og_title":"C\u00e1mara ARRI 435-4Perf - ServiceVision","og_description":"Alquiler de C\u00e1mara de 35mm: ARRI 435-4Perf. Consultas y soporte t\u00e9cnico en Servicevision, fabricaci\u00f3n y alquiler de equipos para rodajes cinematogr\u00e1ficos.","og_url":"https:\/\/www.fusion.servicevision.es\/es\/producto\/camaras\/camaras-35mm-film\/arri-435-4perf\/","og_site_name":"ServiceVision","og_image":[{"width":355,"height":355,"url":"https:\/\/www.fusion.servicevision.es\/wp-content\/uploads\/2019\/02\/arri435.jpg","type":"image\/jpeg"}],"twitter_card":"summary_large_image","twitter_misc":{"Tiempo de lectura":"1 minuto"},"schema":{"@context":"https:\/\/schema.org","@graph":[{"@type":"WebPage","@id":"https:\/\/www.fusion.servicevision.es\/es\/producto\/camaras\/camaras-35mm-film\/arri-435-4perf\/","url":"https:\/\/www.fusion.servicevision.es\/es\/producto\/camaras\/camaras-35mm-film\/arri-435-4perf\/","name":"C\u00e1mara ARRI 435-4Perf - ServiceVision","isPartOf":{"@id":"https:\/\/www.fusion.servicevision.es\/es\/#website"},"datePublished":"2026-03-23T00:59:26+00:00","dateModified":"2026-03-23T00:59:26+00:00","description":"Alquiler de C\u00e1mara de 35mm: ARRI 435-4Perf. Consultas y soporte t\u00e9cnico en Servicevision, fabricaci\u00f3n y alquiler de equipos para rodajes cinematogr\u00e1ficos.","breadcrumb":{"@id":"https:\/\/www.fusion.servicevision.es\/es\/producto\/camaras\/camaras-35mm-film\/arri-435-4perf\/#breadcrumb"},"inLanguage":"es","potentialAction":[{"@type":"ReadAction","target":["https:\/\/www.fusion.servicevision.es\/es\/producto\/camaras\/camaras-35mm-film\/arri-435-4perf\/"]}]},{"@type":"BreadcrumbList","@id":"https:\/\/www.fusion.servicevision.es\/es\/producto\/camaras\/camaras-35mm-film\/arri-435-4perf\/#breadcrumb","itemListElement":[{"@type":"ListItem","position":1,"name":"Alquiler","item":"https:\/\/www.fusion.servicevision.es\/es\/alquiler\/"},{"@type":"ListItem","position":2,"name":"ARRI 435-4Perf"}]},{"@type":"WebSite","@id":"https:\/\/www.fusion.servicevision.es\/es\/#website","url":"https:\/\/www.fusion.servicevision.es\/es\/","name":"ServiceVision","description":"","potentialAction":[{"@type":"SearchAction","target":{"@type":"EntryPoint","urlTemplate":"https:\/\/www.fusion.servicevision.es\/es\/?s={search_term_string}"},"query-input":"required name=search_term_string"}],"inLanguage":"es"}]}},"jetpack_publicize_connections":[],"_links":{"self":[{"href":"https:\/\/www.fusion.servicevision.es\/es\/wp-json\/wp\/v2\/product\/14054"}],"collection":[{"href":"https:\/\/www.fusion.servicevision.es\/es\/wp-json\/wp\/v2\/product"}],"about":[{"href":"https:\/\/www.fusion.servicevision.es\/es\/wp-json\/wp\/v2\/types\/product"}],"replies":[{"embeddable":true,"href":"https:\/\/www.fusion.servicevision.es\/es\/wp-json\/wp\/v2\/comments?post=14054"}],"wp:featuredmedia":[{"embeddable":true,"href":"https:\/\/www.fusion.servicevision.es\/es\/wp-json\/wp\/v2\/media\/751"}],"wp:attachment":[{"href":"https:\/\/www.fusion.servicevision.es\/es\/wp-json\/wp\/v2\/media?parent=14054"}],"wp:term":[{"taxonomy":"product_cat","embeddable":true,"href":"https:\/\/www.fusion.servicevision.es\/es\/wp-json\/wp\/v2\/product_cat?post=14054"},{"taxonomy":"product_tag","embeddable":true,"href":"https:\/\/www.fusion.servicevision.es\/es\/wp-json\/wp\/v2\/product_tag?post=14054"}],"curies":[{"name":"wp","href":"https:\/\/api.w.org\/{rel}","templated":true}]}}