{"id":14046,"date":"2026-03-23T00:59:21","date_gmt":"2026-03-23T00:59:21","guid":{"rendered":"https:\/\/www.fusion.servicevision.es\/producto\/skylight\/"},"modified":"2026-03-23T00:59:21","modified_gmt":"2026-03-23T00:59:21","slug":"skylight","status":"publish","type":"product","link":"https:\/\/www.fusion.servicevision.es\/es\/producto\/luces\/fluorescencia\/skylight\/","title":{"rendered":"SKYLIGHT"},"content":{"rendered":"<p>SKYLIGHT<br \/>\nn<br \/>\nnE <strong>Sky Light<\/strong> es un accesorio ideal para realizar fotos o rodajes en los que aparezcan veh\u00edculos. Las medidas del techo son&lt;strong&gt; 12,6 m por su lado largo y 5,1 m de ancho&lt;\/strong&gt;, teniendo una altura total, una vez montado, de 0,5 m. Esta corta medida permite trabajar a gran altura y lo m\u00e1s cerca posible del techo del estudio.<br \/>\nn<br \/>\nnLa l\u00e1mapara consta de 40 m\u00f3dulos de luz con 6 tubos Tino KinoFlo cada uno. La cantidad total es de &lt;strong&gt;240 tubos (cada uno 80 w)&lt;\/strong&gt; y en total suma una potencia de&lt;strong&gt; 19,2 kW&lt;\/strong&gt;. Cada m\u00f3dulo es DMX regulable y se pueden manejar con un controlador DMX normal o con el programa Licht-Technik instalado en el PC que se alquila junto al Sky Light.<\/p>\n","protected":false},"excerpt":{"rendered":"<p>SKYLIGHT n nE Sky Light es un accesorio ideal para realizar fotos o rodajes en los que aparezcan veh\u00edculos. Las medidas del techo son&lt;strong&gt; 12,6 m por su lado largo y 5,1 m de ancho&lt;\/strong&gt;, teniendo una altura total, una vez montado, de 0,5 m. Esta corta medida permite trabajar a gran altura y lo&hellip;<\/p>\n","protected":false},"featured_media":0,"comment_status":"open","ping_status":"closed","template":"","meta":[],"product_cat":[17,27],"product_tag":[],"yoast_head":"<!-- This site is optimized with the Yoast SEO plugin v19.9 - https:\/\/yoast.com\/wordpress\/plugins\/seo\/ -->\n<title>Luces para rodaje - Alquiler de SKYLIGHT - ServiceVision<\/title>\n<meta name=\"description\" content=\"Alquiler de Luces para rodaje - Fluorescencia: SKYLIGHT. Consultas y soporte t\u00e9cnico en Servicevision, fabricaci\u00f3n y alquiler de equipos para rodajes cinematogr\u00e1ficos.\" \/>\n<meta name=\"robots\" content=\"index, follow, max-snippet:-1, max-image-preview:large, max-video-preview:-1\" \/>\n<link rel=\"canonical\" href=\"https:\/\/www.fusion.servicevision.es\/es\/producto\/luces\/fluorescencia\/skylight\/\" \/>\n<meta property=\"og:locale\" content=\"es_ES\" \/>\n<meta property=\"og:type\" content=\"article\" \/>\n<meta property=\"og:title\" content=\"Luces para rodaje - Alquiler de SKYLIGHT - ServiceVision\" \/>\n<meta property=\"og:description\" content=\"Alquiler de Luces para rodaje - Fluorescencia: SKYLIGHT. Consultas y soporte t\u00e9cnico en Servicevision, fabricaci\u00f3n y alquiler de equipos para rodajes cinematogr\u00e1ficos.\" \/>\n<meta property=\"og:url\" content=\"https:\/\/www.fusion.servicevision.es\/es\/producto\/luces\/fluorescencia\/skylight\/\" \/>\n<meta property=\"og:site_name\" content=\"ServiceVision\" \/>\n<meta name=\"twitter:card\" content=\"summary_large_image\" \/>\n<meta name=\"twitter:label1\" content=\"Tiempo de lectura\" \/>\n\t<meta name=\"twitter:data1\" content=\"1 minuto\" \/>\n<script type=\"application\/ld+json\" class=\"yoast-schema-graph\">{\"@context\":\"https:\/\/schema.org\",\"@graph\":[{\"@type\":\"WebPage\",\"@id\":\"https:\/\/www.fusion.servicevision.es\/es\/producto\/luces\/fluorescencia\/skylight\/\",\"url\":\"https:\/\/www.fusion.servicevision.es\/es\/producto\/luces\/fluorescencia\/skylight\/\",\"name\":\"Luces para rodaje - Alquiler de SKYLIGHT - ServiceVision\",\"isPartOf\":{\"@id\":\"https:\/\/www.fusion.servicevision.es\/es\/#website\"},\"datePublished\":\"2026-03-23T00:59:21+00:00\",\"dateModified\":\"2026-03-23T00:59:21+00:00\",\"description\":\"Alquiler de Luces para rodaje - Fluorescencia: SKYLIGHT. Consultas y soporte t\u00e9cnico en Servicevision, fabricaci\u00f3n y alquiler de equipos para rodajes cinematogr\u00e1ficos.\",\"breadcrumb\":{\"@id\":\"https:\/\/www.fusion.servicevision.es\/es\/producto\/luces\/fluorescencia\/skylight\/#breadcrumb\"},\"inLanguage\":\"es\",\"potentialAction\":[{\"@type\":\"ReadAction\",\"target\":[\"https:\/\/www.fusion.servicevision.es\/es\/producto\/luces\/fluorescencia\/skylight\/\"]}]},{\"@type\":\"BreadcrumbList\",\"@id\":\"https:\/\/www.fusion.servicevision.es\/es\/producto\/luces\/fluorescencia\/skylight\/#breadcrumb\",\"itemListElement\":[{\"@type\":\"ListItem\",\"position\":1,\"name\":\"Alquiler\",\"item\":\"https:\/\/www.fusion.servicevision.es\/es\/alquiler\/\"},{\"@type\":\"ListItem\",\"position\":2,\"name\":\"SKYLIGHT\"}]},{\"@type\":\"WebSite\",\"@id\":\"https:\/\/www.fusion.servicevision.es\/es\/#website\",\"url\":\"https:\/\/www.fusion.servicevision.es\/es\/\",\"name\":\"ServiceVision\",\"description\":\"\",\"potentialAction\":[{\"@type\":\"SearchAction\",\"target\":{\"@type\":\"EntryPoint\",\"urlTemplate\":\"https:\/\/www.fusion.servicevision.es\/es\/?s={search_term_string}\"},\"query-input\":\"required name=search_term_string\"}],\"inLanguage\":\"es\"}]}<\/script>\n<!-- \/ Yoast SEO plugin. -->","yoast_head_json":{"title":"Luces para rodaje - Alquiler de SKYLIGHT - ServiceVision","description":"Alquiler de Luces para rodaje - Fluorescencia: SKYLIGHT. Consultas y soporte t\u00e9cnico en Servicevision, fabricaci\u00f3n y alquiler de equipos para rodajes cinematogr\u00e1ficos.","robots":{"index":"index","follow":"follow","max-snippet":"max-snippet:-1","max-image-preview":"max-image-preview:large","max-video-preview":"max-video-preview:-1"},"canonical":"https:\/\/www.fusion.servicevision.es\/es\/producto\/luces\/fluorescencia\/skylight\/","og_locale":"es_ES","og_type":"article","og_title":"Luces para rodaje - Alquiler de SKYLIGHT - ServiceVision","og_description":"Alquiler de Luces para rodaje - Fluorescencia: SKYLIGHT. Consultas y soporte t\u00e9cnico en Servicevision, fabricaci\u00f3n y alquiler de equipos para rodajes cinematogr\u00e1ficos.","og_url":"https:\/\/www.fusion.servicevision.es\/es\/producto\/luces\/fluorescencia\/skylight\/","og_site_name":"ServiceVision","twitter_card":"summary_large_image","twitter_misc":{"Tiempo de lectura":"1 minuto"},"schema":{"@context":"https:\/\/schema.org","@graph":[{"@type":"WebPage","@id":"https:\/\/www.fusion.servicevision.es\/es\/producto\/luces\/fluorescencia\/skylight\/","url":"https:\/\/www.fusion.servicevision.es\/es\/producto\/luces\/fluorescencia\/skylight\/","name":"Luces para rodaje - Alquiler de SKYLIGHT - ServiceVision","isPartOf":{"@id":"https:\/\/www.fusion.servicevision.es\/es\/#website"},"datePublished":"2026-03-23T00:59:21+00:00","dateModified":"2026-03-23T00:59:21+00:00","description":"Alquiler de Luces para rodaje - Fluorescencia: SKYLIGHT. Consultas y soporte t\u00e9cnico en Servicevision, fabricaci\u00f3n y alquiler de equipos para rodajes cinematogr\u00e1ficos.","breadcrumb":{"@id":"https:\/\/www.fusion.servicevision.es\/es\/producto\/luces\/fluorescencia\/skylight\/#breadcrumb"},"inLanguage":"es","potentialAction":[{"@type":"ReadAction","target":["https:\/\/www.fusion.servicevision.es\/es\/producto\/luces\/fluorescencia\/skylight\/"]}]},{"@type":"BreadcrumbList","@id":"https:\/\/www.fusion.servicevision.es\/es\/producto\/luces\/fluorescencia\/skylight\/#breadcrumb","itemListElement":[{"@type":"ListItem","position":1,"name":"Alquiler","item":"https:\/\/www.fusion.servicevision.es\/es\/alquiler\/"},{"@type":"ListItem","position":2,"name":"SKYLIGHT"}]},{"@type":"WebSite","@id":"https:\/\/www.fusion.servicevision.es\/es\/#website","url":"https:\/\/www.fusion.servicevision.es\/es\/","name":"ServiceVision","description":"","potentialAction":[{"@type":"SearchAction","target":{"@type":"EntryPoint","urlTemplate":"https:\/\/www.fusion.servicevision.es\/es\/?s={search_term_string}"},"query-input":"required name=search_term_string"}],"inLanguage":"es"}]}},"jetpack_publicize_connections":[],"_links":{"self":[{"href":"https:\/\/www.fusion.servicevision.es\/es\/wp-json\/wp\/v2\/product\/14046"}],"collection":[{"href":"https:\/\/www.fusion.servicevision.es\/es\/wp-json\/wp\/v2\/product"}],"about":[{"href":"https:\/\/www.fusion.servicevision.es\/es\/wp-json\/wp\/v2\/types\/product"}],"replies":[{"embeddable":true,"href":"https:\/\/www.fusion.servicevision.es\/es\/wp-json\/wp\/v2\/comments?post=14046"}],"wp:attachment":[{"href":"https:\/\/www.fusion.servicevision.es\/es\/wp-json\/wp\/v2\/media?parent=14046"}],"wp:term":[{"taxonomy":"product_cat","embeddable":true,"href":"https:\/\/www.fusion.servicevision.es\/es\/wp-json\/wp\/v2\/product_cat?post=14046"},{"taxonomy":"product_tag","embeddable":true,"href":"https:\/\/www.fusion.servicevision.es\/es\/wp-json\/wp\/v2\/product_tag?post=14046"}],"curies":[{"name":"wp","href":"https:\/\/api.w.org\/{rel}","templated":true}]}}