{"id":14039,"date":"2026-03-23T00:59:16","date_gmt":"2026-03-23T00:59:16","guid":{"rendered":"https:\/\/www.fusion.servicevision.es\/producto\/soportes-y-estativos\/"},"modified":"2026-03-23T00:59:16","modified_gmt":"2026-03-23T00:59:16","slug":"soportes-y-estativos","status":"publish","type":"product","link":"https:\/\/www.fusion.servicevision.es\/es\/producto\/camaras\/accesorios-camaras\/cabeza\/soportes-y-estativos\/","title":{"rendered":"SOPORTES Y ESTATIVOS"},"content":{"rendered":"<p><strong>SOPORTES Y ESTATIVOS<br \/>\nn<\/strong><\/p>\n","protected":false},"excerpt":{"rendered":"<p>SOPORTES Y ESTATIVOS n<\/p>\n","protected":false},"featured_media":670,"comment_status":"open","ping_status":"closed","template":"","meta":[],"product_cat":[143,24],"product_tag":[],"yoast_head":"<!-- This site is optimized with the Yoast SEO plugin v19.9 - https:\/\/yoast.com\/wordpress\/plugins\/seo\/ -->\n<title>Accesorios para C\u00e1maras SOPORTES Y ESTATIVOS - ServiceVision<\/title>\n<meta name=\"description\" content=\"Alquiler de Accesorios para C\u00e1maras - Cabezales y tripodes: SOPORTES Y ESTATIVOS. Consultas y soporte t\u00e9cnico en Servicevision, fabricaci\u00f3n y alquiler de equipos para rodajes cinematogr\u00e1ficos.\" \/>\n<meta name=\"robots\" content=\"index, follow, max-snippet:-1, max-image-preview:large, max-video-preview:-1\" \/>\n<link rel=\"canonical\" href=\"https:\/\/www.fusion.servicevision.es\/es\/producto\/camaras\/accesorios-camaras\/cabeza\/soportes-y-estativos\/\" \/>\n<meta property=\"og:locale\" content=\"es_ES\" \/>\n<meta property=\"og:type\" content=\"article\" \/>\n<meta property=\"og:title\" content=\"Accesorios para C\u00e1maras SOPORTES Y ESTATIVOS - ServiceVision\" \/>\n<meta property=\"og:description\" content=\"Alquiler de Accesorios para C\u00e1maras - Cabezales y tripodes: SOPORTES Y ESTATIVOS. Consultas y soporte t\u00e9cnico en Servicevision, fabricaci\u00f3n y alquiler de equipos para rodajes cinematogr\u00e1ficos.\" \/>\n<meta property=\"og:url\" content=\"https:\/\/www.fusion.servicevision.es\/es\/producto\/camaras\/accesorios-camaras\/cabeza\/soportes-y-estativos\/\" \/>\n<meta property=\"og:site_name\" content=\"ServiceVision\" \/>\n<meta property=\"og:image\" content=\"https:\/\/www.fusion.servicevision.es\/wp-content\/uploads\/2019\/02\/soportes.png\" \/>\n\t<meta property=\"og:image:width\" content=\"458\" \/>\n\t<meta property=\"og:image:height\" content=\"458\" \/>\n\t<meta property=\"og:image:type\" content=\"image\/png\" \/>\n<meta name=\"twitter:card\" content=\"summary_large_image\" \/>\n<script type=\"application\/ld+json\" class=\"yoast-schema-graph\">{\"@context\":\"https:\/\/schema.org\",\"@graph\":[{\"@type\":\"WebPage\",\"@id\":\"https:\/\/www.fusion.servicevision.es\/es\/producto\/camaras\/accesorios-camaras\/cabeza\/soportes-y-estativos\/\",\"url\":\"https:\/\/www.fusion.servicevision.es\/es\/producto\/camaras\/accesorios-camaras\/cabeza\/soportes-y-estativos\/\",\"name\":\"Accesorios para C\u00e1maras SOPORTES Y ESTATIVOS - ServiceVision\",\"isPartOf\":{\"@id\":\"https:\/\/www.fusion.servicevision.es\/es\/#website\"},\"datePublished\":\"2026-03-23T00:59:16+00:00\",\"dateModified\":\"2026-03-23T00:59:16+00:00\",\"description\":\"Alquiler de Accesorios para C\u00e1maras - Cabezales y tripodes: SOPORTES Y ESTATIVOS. Consultas y soporte t\u00e9cnico en Servicevision, fabricaci\u00f3n y alquiler de equipos para rodajes cinematogr\u00e1ficos.\",\"breadcrumb\":{\"@id\":\"https:\/\/www.fusion.servicevision.es\/es\/producto\/camaras\/accesorios-camaras\/cabeza\/soportes-y-estativos\/#breadcrumb\"},\"inLanguage\":\"es\",\"potentialAction\":[{\"@type\":\"ReadAction\",\"target\":[\"https:\/\/www.fusion.servicevision.es\/es\/producto\/camaras\/accesorios-camaras\/cabeza\/soportes-y-estativos\/\"]}]},{\"@type\":\"BreadcrumbList\",\"@id\":\"https:\/\/www.fusion.servicevision.es\/es\/producto\/camaras\/accesorios-camaras\/cabeza\/soportes-y-estativos\/#breadcrumb\",\"itemListElement\":[{\"@type\":\"ListItem\",\"position\":1,\"name\":\"Alquiler\",\"item\":\"https:\/\/www.fusion.servicevision.es\/es\/alquiler\/\"},{\"@type\":\"ListItem\",\"position\":2,\"name\":\"SOPORTES Y ESTATIVOS\"}]},{\"@type\":\"WebSite\",\"@id\":\"https:\/\/www.fusion.servicevision.es\/es\/#website\",\"url\":\"https:\/\/www.fusion.servicevision.es\/es\/\",\"name\":\"ServiceVision\",\"description\":\"\",\"potentialAction\":[{\"@type\":\"SearchAction\",\"target\":{\"@type\":\"EntryPoint\",\"urlTemplate\":\"https:\/\/www.fusion.servicevision.es\/es\/?s={search_term_string}\"},\"query-input\":\"required name=search_term_string\"}],\"inLanguage\":\"es\"}]}<\/script>\n<!-- \/ Yoast SEO plugin. -->","yoast_head_json":{"title":"Accesorios para C\u00e1maras SOPORTES Y ESTATIVOS - ServiceVision","description":"Alquiler de Accesorios para C\u00e1maras - Cabezales y tripodes: SOPORTES Y ESTATIVOS. Consultas y soporte t\u00e9cnico en Servicevision, fabricaci\u00f3n y alquiler de equipos para rodajes cinematogr\u00e1ficos.","robots":{"index":"index","follow":"follow","max-snippet":"max-snippet:-1","max-image-preview":"max-image-preview:large","max-video-preview":"max-video-preview:-1"},"canonical":"https:\/\/www.fusion.servicevision.es\/es\/producto\/camaras\/accesorios-camaras\/cabeza\/soportes-y-estativos\/","og_locale":"es_ES","og_type":"article","og_title":"Accesorios para C\u00e1maras SOPORTES Y ESTATIVOS - ServiceVision","og_description":"Alquiler de Accesorios para C\u00e1maras - Cabezales y tripodes: SOPORTES Y ESTATIVOS. Consultas y soporte t\u00e9cnico en Servicevision, fabricaci\u00f3n y alquiler de equipos para rodajes cinematogr\u00e1ficos.","og_url":"https:\/\/www.fusion.servicevision.es\/es\/producto\/camaras\/accesorios-camaras\/cabeza\/soportes-y-estativos\/","og_site_name":"ServiceVision","og_image":[{"width":458,"height":458,"url":"https:\/\/www.fusion.servicevision.es\/wp-content\/uploads\/2019\/02\/soportes.png","type":"image\/png"}],"twitter_card":"summary_large_image","schema":{"@context":"https:\/\/schema.org","@graph":[{"@type":"WebPage","@id":"https:\/\/www.fusion.servicevision.es\/es\/producto\/camaras\/accesorios-camaras\/cabeza\/soportes-y-estativos\/","url":"https:\/\/www.fusion.servicevision.es\/es\/producto\/camaras\/accesorios-camaras\/cabeza\/soportes-y-estativos\/","name":"Accesorios para C\u00e1maras SOPORTES Y ESTATIVOS - ServiceVision","isPartOf":{"@id":"https:\/\/www.fusion.servicevision.es\/es\/#website"},"datePublished":"2026-03-23T00:59:16+00:00","dateModified":"2026-03-23T00:59:16+00:00","description":"Alquiler de Accesorios para C\u00e1maras - Cabezales y tripodes: SOPORTES Y ESTATIVOS. Consultas y soporte t\u00e9cnico en Servicevision, fabricaci\u00f3n y alquiler de equipos para rodajes cinematogr\u00e1ficos.","breadcrumb":{"@id":"https:\/\/www.fusion.servicevision.es\/es\/producto\/camaras\/accesorios-camaras\/cabeza\/soportes-y-estativos\/#breadcrumb"},"inLanguage":"es","potentialAction":[{"@type":"ReadAction","target":["https:\/\/www.fusion.servicevision.es\/es\/producto\/camaras\/accesorios-camaras\/cabeza\/soportes-y-estativos\/"]}]},{"@type":"BreadcrumbList","@id":"https:\/\/www.fusion.servicevision.es\/es\/producto\/camaras\/accesorios-camaras\/cabeza\/soportes-y-estativos\/#breadcrumb","itemListElement":[{"@type":"ListItem","position":1,"name":"Alquiler","item":"https:\/\/www.fusion.servicevision.es\/es\/alquiler\/"},{"@type":"ListItem","position":2,"name":"SOPORTES Y ESTATIVOS"}]},{"@type":"WebSite","@id":"https:\/\/www.fusion.servicevision.es\/es\/#website","url":"https:\/\/www.fusion.servicevision.es\/es\/","name":"ServiceVision","description":"","potentialAction":[{"@type":"SearchAction","target":{"@type":"EntryPoint","urlTemplate":"https:\/\/www.fusion.servicevision.es\/es\/?s={search_term_string}"},"query-input":"required name=search_term_string"}],"inLanguage":"es"}]}},"jetpack_publicize_connections":[],"_links":{"self":[{"href":"https:\/\/www.fusion.servicevision.es\/es\/wp-json\/wp\/v2\/product\/14039"}],"collection":[{"href":"https:\/\/www.fusion.servicevision.es\/es\/wp-json\/wp\/v2\/product"}],"about":[{"href":"https:\/\/www.fusion.servicevision.es\/es\/wp-json\/wp\/v2\/types\/product"}],"replies":[{"embeddable":true,"href":"https:\/\/www.fusion.servicevision.es\/es\/wp-json\/wp\/v2\/comments?post=14039"}],"wp:featuredmedia":[{"embeddable":true,"href":"https:\/\/www.fusion.servicevision.es\/es\/wp-json\/wp\/v2\/media\/670"}],"wp:attachment":[{"href":"https:\/\/www.fusion.servicevision.es\/es\/wp-json\/wp\/v2\/media?parent=14039"}],"wp:term":[{"taxonomy":"product_cat","embeddable":true,"href":"https:\/\/www.fusion.servicevision.es\/es\/wp-json\/wp\/v2\/product_cat?post=14039"},{"taxonomy":"product_tag","embeddable":true,"href":"https:\/\/www.fusion.servicevision.es\/es\/wp-json\/wp\/v2\/product_tag?post=14039"}],"curies":[{"name":"wp","href":"https:\/\/api.w.org\/{rel}","templated":true}]}}