{"id":14010,"date":"2026-03-23T00:58:57","date_gmt":"2026-03-23T00:58:57","guid":{"rendered":"https:\/\/www.fusion.servicevision.es\/producto\/arri-alexa-studio-sxt\/"},"modified":"2026-03-23T00:58:57","modified_gmt":"2026-03-23T00:58:57","slug":"arri-alexa-studio-sxt","status":"publish","type":"product","link":"https:\/\/www.fusion.servicevision.es\/es\/producto\/camaras\/digital-camaras\/arri-alexa-studio-sxt\/","title":{"rendered":"ARRI ALEXA STUDIO SXT"},"content":{"rendered":"<p>Disfrute de una captura verdaderamente cinematogr\u00e1fica con el obturador de espejo giratorio y el visor \u00f3ptico (disponible por separado) del cuerpo de la c\u00e1mara de estudio ARRI ALEXA SXT (LDS PL). Las caracter\u00edsticas de esta c\u00e1mara de cine digital tambi\u00e9n incluyen el control de lente y c\u00e1mara inal\u00e1mbricos integrados, sensores de inclinaci\u00f3n y balanceo, cuarto puerto de salida de monitor y tercer conector RS \/ accesorio de la ALEXA SXT Plus. Grabe en UHD 4K, Cine 4K, 2K o HD con procesamiento de 16 bits para obtener im\u00e1genes n\u00edtidas y de aspecto natural. ALEXA SXT Studio ofrece una variedad de opciones de formato de grabaci\u00f3n en ARRIRAW y ProRes, incluidos los modos anam\u00f3rficos 6: 5 y 8: 9 (con SUP 3.0). Con una sensibilidad base de EI 800 y un rango din\u00e1mico de m\u00e1s de 14 pasos, su metraje est\u00e1 efectivamente preparado para el futuro para su compatibilidad con pantallas HDR. La amplia gama de colores de ALEXA SXT Studio supera los est\u00e1ndares de visualizaci\u00f3n actuales y es compatible con el espacio de color Rec 2020. Las velocidades de fotogramas de imagen completa de hasta 120 fps permiten la captura para proyectos HFR (alta frecuencia de fotogramas) de mayor claridad.<\/p>\n","protected":false},"excerpt":{"rendered":"<p>Disfrute de una captura verdaderamente cinematogr\u00e1fica con el obturador de espejo giratorio y el visor \u00f3ptico (disponible por separado) del cuerpo de la c\u00e1mara de estudio ARRI ALEXA SXT (LDS PL). Las caracter\u00edsticas de esta c\u00e1mara de cine digital tambi\u00e9n incluyen el control de lente y c\u00e1mara inal\u00e1mbricos integrados, sensores de inclinaci\u00f3n y balanceo, cuarto&hellip;<\/p>\n","protected":false},"featured_media":550,"comment_status":"open","ping_status":"closed","template":"","meta":[],"product_cat":[135,15],"product_tag":[],"yoast_head":"<!-- This site is optimized with the Yoast SEO plugin v19.9 - https:\/\/yoast.com\/wordpress\/plugins\/seo\/ -->\n<title>C\u00e1mara ARRI ALEXA STUDIO SXT - ServiceVision<\/title>\n<meta name=\"description\" content=\"Alquiler de C\u00e1mara para Cinematograf\u00eda digital: ARRI ALEXA STUDIO SXT. Consultas y soporte t\u00e9cnico en Servicevision, fabricaci\u00f3n y alquiler de equipos para rodajes cinematogr\u00e1ficos.\" \/>\n<meta name=\"robots\" content=\"index, follow, max-snippet:-1, max-image-preview:large, max-video-preview:-1\" \/>\n<link rel=\"canonical\" href=\"https:\/\/www.fusion.servicevision.es\/es\/producto\/camaras\/digital-camaras\/arri-alexa-studio-sxt\/\" \/>\n<meta property=\"og:locale\" content=\"es_ES\" \/>\n<meta property=\"og:type\" content=\"article\" \/>\n<meta property=\"og:title\" content=\"C\u00e1mara ARRI ALEXA STUDIO SXT - ServiceVision\" \/>\n<meta property=\"og:description\" content=\"Alquiler de C\u00e1mara para Cinematograf\u00eda digital: ARRI ALEXA STUDIO SXT. Consultas y soporte t\u00e9cnico en Servicevision, fabricaci\u00f3n y alquiler de equipos para rodajes cinematogr\u00e1ficos.\" \/>\n<meta property=\"og:url\" content=\"https:\/\/www.fusion.servicevision.es\/es\/producto\/camaras\/digital-camaras\/arri-alexa-studio-sxt\/\" \/>\n<meta property=\"og:site_name\" content=\"ServiceVision\" \/>\n<meta property=\"og:image\" content=\"https:\/\/www.fusion.servicevision.es\/wp-content\/uploads\/2019\/02\/ARRI-ALEXA-STUDIO.jpg\" \/>\n\t<meta property=\"og:image:width\" content=\"1024\" \/>\n\t<meta property=\"og:image:height\" content=\"1024\" \/>\n\t<meta property=\"og:image:type\" content=\"image\/jpeg\" \/>\n<meta name=\"twitter:card\" content=\"summary_large_image\" \/>\n<meta name=\"twitter:label1\" content=\"Tiempo de lectura\" \/>\n\t<meta name=\"twitter:data1\" content=\"1 minuto\" \/>\n<script type=\"application\/ld+json\" class=\"yoast-schema-graph\">{\"@context\":\"https:\/\/schema.org\",\"@graph\":[{\"@type\":\"WebPage\",\"@id\":\"https:\/\/www.fusion.servicevision.es\/es\/producto\/camaras\/digital-camaras\/arri-alexa-studio-sxt\/\",\"url\":\"https:\/\/www.fusion.servicevision.es\/es\/producto\/camaras\/digital-camaras\/arri-alexa-studio-sxt\/\",\"name\":\"C\u00e1mara ARRI ALEXA STUDIO SXT - ServiceVision\",\"isPartOf\":{\"@id\":\"https:\/\/www.fusion.servicevision.es\/es\/#website\"},\"datePublished\":\"2026-03-23T00:58:57+00:00\",\"dateModified\":\"2026-03-23T00:58:57+00:00\",\"description\":\"Alquiler de C\u00e1mara para Cinematograf\u00eda digital: ARRI ALEXA STUDIO SXT. Consultas y soporte t\u00e9cnico en Servicevision, fabricaci\u00f3n y alquiler de equipos para rodajes cinematogr\u00e1ficos.\",\"breadcrumb\":{\"@id\":\"https:\/\/www.fusion.servicevision.es\/es\/producto\/camaras\/digital-camaras\/arri-alexa-studio-sxt\/#breadcrumb\"},\"inLanguage\":\"es\",\"potentialAction\":[{\"@type\":\"ReadAction\",\"target\":[\"https:\/\/www.fusion.servicevision.es\/es\/producto\/camaras\/digital-camaras\/arri-alexa-studio-sxt\/\"]}]},{\"@type\":\"BreadcrumbList\",\"@id\":\"https:\/\/www.fusion.servicevision.es\/es\/producto\/camaras\/digital-camaras\/arri-alexa-studio-sxt\/#breadcrumb\",\"itemListElement\":[{\"@type\":\"ListItem\",\"position\":1,\"name\":\"Alquiler\",\"item\":\"https:\/\/www.fusion.servicevision.es\/es\/alquiler\/\"},{\"@type\":\"ListItem\",\"position\":2,\"name\":\"ARRI ALEXA STUDIO SXT\"}]},{\"@type\":\"WebSite\",\"@id\":\"https:\/\/www.fusion.servicevision.es\/es\/#website\",\"url\":\"https:\/\/www.fusion.servicevision.es\/es\/\",\"name\":\"ServiceVision\",\"description\":\"\",\"potentialAction\":[{\"@type\":\"SearchAction\",\"target\":{\"@type\":\"EntryPoint\",\"urlTemplate\":\"https:\/\/www.fusion.servicevision.es\/es\/?s={search_term_string}\"},\"query-input\":\"required name=search_term_string\"}],\"inLanguage\":\"es\"}]}<\/script>\n<!-- \/ Yoast SEO plugin. -->","yoast_head_json":{"title":"C\u00e1mara ARRI ALEXA STUDIO SXT - ServiceVision","description":"Alquiler de C\u00e1mara para Cinematograf\u00eda digital: ARRI ALEXA STUDIO SXT. Consultas y soporte t\u00e9cnico en Servicevision, fabricaci\u00f3n y alquiler de equipos para rodajes cinematogr\u00e1ficos.","robots":{"index":"index","follow":"follow","max-snippet":"max-snippet:-1","max-image-preview":"max-image-preview:large","max-video-preview":"max-video-preview:-1"},"canonical":"https:\/\/www.fusion.servicevision.es\/es\/producto\/camaras\/digital-camaras\/arri-alexa-studio-sxt\/","og_locale":"es_ES","og_type":"article","og_title":"C\u00e1mara ARRI ALEXA STUDIO SXT - ServiceVision","og_description":"Alquiler de C\u00e1mara para Cinematograf\u00eda digital: ARRI ALEXA STUDIO SXT. Consultas y soporte t\u00e9cnico en Servicevision, fabricaci\u00f3n y alquiler de equipos para rodajes cinematogr\u00e1ficos.","og_url":"https:\/\/www.fusion.servicevision.es\/es\/producto\/camaras\/digital-camaras\/arri-alexa-studio-sxt\/","og_site_name":"ServiceVision","og_image":[{"width":1024,"height":1024,"url":"https:\/\/www.fusion.servicevision.es\/wp-content\/uploads\/2019\/02\/ARRI-ALEXA-STUDIO.jpg","type":"image\/jpeg"}],"twitter_card":"summary_large_image","twitter_misc":{"Tiempo de lectura":"1 minuto"},"schema":{"@context":"https:\/\/schema.org","@graph":[{"@type":"WebPage","@id":"https:\/\/www.fusion.servicevision.es\/es\/producto\/camaras\/digital-camaras\/arri-alexa-studio-sxt\/","url":"https:\/\/www.fusion.servicevision.es\/es\/producto\/camaras\/digital-camaras\/arri-alexa-studio-sxt\/","name":"C\u00e1mara ARRI ALEXA STUDIO SXT - ServiceVision","isPartOf":{"@id":"https:\/\/www.fusion.servicevision.es\/es\/#website"},"datePublished":"2026-03-23T00:58:57+00:00","dateModified":"2026-03-23T00:58:57+00:00","description":"Alquiler de C\u00e1mara para Cinematograf\u00eda digital: ARRI ALEXA STUDIO SXT. Consultas y soporte t\u00e9cnico en Servicevision, fabricaci\u00f3n y alquiler de equipos para rodajes cinematogr\u00e1ficos.","breadcrumb":{"@id":"https:\/\/www.fusion.servicevision.es\/es\/producto\/camaras\/digital-camaras\/arri-alexa-studio-sxt\/#breadcrumb"},"inLanguage":"es","potentialAction":[{"@type":"ReadAction","target":["https:\/\/www.fusion.servicevision.es\/es\/producto\/camaras\/digital-camaras\/arri-alexa-studio-sxt\/"]}]},{"@type":"BreadcrumbList","@id":"https:\/\/www.fusion.servicevision.es\/es\/producto\/camaras\/digital-camaras\/arri-alexa-studio-sxt\/#breadcrumb","itemListElement":[{"@type":"ListItem","position":1,"name":"Alquiler","item":"https:\/\/www.fusion.servicevision.es\/es\/alquiler\/"},{"@type":"ListItem","position":2,"name":"ARRI ALEXA STUDIO SXT"}]},{"@type":"WebSite","@id":"https:\/\/www.fusion.servicevision.es\/es\/#website","url":"https:\/\/www.fusion.servicevision.es\/es\/","name":"ServiceVision","description":"","potentialAction":[{"@type":"SearchAction","target":{"@type":"EntryPoint","urlTemplate":"https:\/\/www.fusion.servicevision.es\/es\/?s={search_term_string}"},"query-input":"required name=search_term_string"}],"inLanguage":"es"}]}},"jetpack_publicize_connections":[],"_links":{"self":[{"href":"https:\/\/www.fusion.servicevision.es\/es\/wp-json\/wp\/v2\/product\/14010"}],"collection":[{"href":"https:\/\/www.fusion.servicevision.es\/es\/wp-json\/wp\/v2\/product"}],"about":[{"href":"https:\/\/www.fusion.servicevision.es\/es\/wp-json\/wp\/v2\/types\/product"}],"replies":[{"embeddable":true,"href":"https:\/\/www.fusion.servicevision.es\/es\/wp-json\/wp\/v2\/comments?post=14010"}],"wp:featuredmedia":[{"embeddable":true,"href":"https:\/\/www.fusion.servicevision.es\/es\/wp-json\/wp\/v2\/media\/550"}],"wp:attachment":[{"href":"https:\/\/www.fusion.servicevision.es\/es\/wp-json\/wp\/v2\/media?parent=14010"}],"wp:term":[{"taxonomy":"product_cat","embeddable":true,"href":"https:\/\/www.fusion.servicevision.es\/es\/wp-json\/wp\/v2\/product_cat?post=14010"},{"taxonomy":"product_tag","embeddable":true,"href":"https:\/\/www.fusion.servicevision.es\/es\/wp-json\/wp\/v2\/product_tag?post=14010"}],"curies":[{"name":"wp","href":"https:\/\/api.w.org\/{rel}","templated":true}]}}