{"id":5602,"date":"2019-06-03T12:43:26","date_gmt":"2019-06-03T12:43:26","guid":{"rendered":"http:\/\/servicevisionalq.bcntic.com\/?page_id=1718"},"modified":"2026-03-27T03:22:45","modified_gmt":"2026-03-27T03:22:45","slug":"plato","status":"publish","type":"page","link":"https:\/\/www.fusion.servicevision.es\/es\/rental\/plato\/","title":{"rendered":"Plat\u00f3"},"content":{"rendered":"<p>[vc_row][vc_column][vc_column_text]<div id=\"mega-menu-wrap-max_mega_menu_2\" class=\"mega-menu-wrap\"><div class=\"mega-menu-toggle\"><div class=\"mega-toggle-blocks-left\"><\/div><div class=\"mega-toggle-blocks-center\"><\/div><div class=\"mega-toggle-blocks-right\"><div class='mega-toggle-block mega-menu-toggle-animated-block mega-toggle-block-0' id='mega-toggle-block-0'><button aria-label=\"Toggle Menu\" class=\"mega-toggle-animated mega-toggle-animated-slider\" type=\"button\" aria-expanded=\"false\">\n                  <span class=\"mega-toggle-animated-box\">\n                    <span class=\"mega-toggle-animated-inner\"><\/span>\n                  <\/span>\n                <\/button><\/div><\/div><\/div><ul id=\"mega-menu-max_mega_menu_2\" class=\"mega-menu max-mega-menu mega-menu-horizontal mega-no-js\" data-event=\"hover\" data-effect=\"fade_up\" data-effect-speed=\"200\" data-effect-mobile=\"disabled\" data-effect-speed-mobile=\"0\" data-mobile-force-width=\"false\" data-second-click=\"go\" data-document-click=\"collapse\" data-vertical-behaviour=\"accordion\" data-breakpoint=\"600\" data-unbind=\"true\" data-mobile-state=\"collapse_all\" data-mobile-direction=\"vertical\" data-hover-intent-timeout=\"300\" data-hover-intent-interval=\"100\" data-sticky-enabled=\"true\" data-sticky-desktop=\"true\" data-sticky-mobile=\"false\" data-sticky-offset=\"260\" data-sticky-expand=\"false\" data-sticky-expand-mobile=\"false\"><li class=\"mega-menu-item mega-menu-item-type-custom mega-menu-item-object-custom mega-menu-item-has-children mega-align-bottom-left mega-menu-flyout mega-menu-item-16174\" id=\"mega-menu-item-16174\"><a class=\"mega-menu-link\" href=\"\/rental\/camaras\" aria-expanded=\"false\" tabindex=\"0\">C\u00c1MARAS<span class=\"mega-indicator\" aria-hidden=\"true\"><\/span><\/a>\n<ul class=\"mega-sub-menu\">\n<li class=\"mega-menu-item mega-menu-item-type-custom mega-menu-item-object-custom mega-menu-item-16178\" id=\"mega-menu-item-16178\"><a class=\"mega-menu-link\" href=\"\/es\/rental\/camaras\/#camaras\">C\u00c1MARAS<\/a><\/li><li class=\"mega-menu-item mega-menu-item-type-custom mega-menu-item-object-custom mega-menu-item-16179\" id=\"mega-menu-item-16179\"><a class=\"mega-menu-link\" href=\"\/es\/rental\/camaras\/#objetivosyzooms\">OBJETIVOS Y ZOOMS<\/a><\/li><li class=\"mega-menu-item mega-menu-item-type-custom mega-menu-item-object-custom mega-menu-item-16180\" id=\"mega-menu-item-16180\"><a class=\"mega-menu-link\" href=\"\/es\/rental\/camaras\/#videoassist\">VIDEO ASSIST<\/a><\/li><li class=\"mega-menu-item mega-menu-item-type-custom mega-menu-item-object-custom mega-menu-item-16181\" id=\"mega-menu-item-16181\"><a class=\"mega-menu-link\" href=\"\/es\/rental\/camaras\/#accesorios\">ACCESORIOS<\/a><\/li><\/ul>\n<\/li><li class=\"mega-menu-item mega-menu-item-type-custom mega-menu-item-object-custom mega-menu-item-has-children mega-align-bottom-left mega-menu-flyout mega-menu-item-16175\" id=\"mega-menu-item-16175\"><a class=\"mega-menu-link\" href=\"\/rental\/luces\" aria-expanded=\"false\" tabindex=\"0\">LUCES<span class=\"mega-indicator\" aria-hidden=\"true\"><\/span><\/a>\n<ul class=\"mega-sub-menu\">\n<li class=\"mega-menu-item mega-menu-item-type-custom mega-menu-item-object-custom mega-menu-item-16182\" id=\"mega-menu-item-16182\"><a class=\"mega-menu-link\" href=\"\/es\/rental\/luces\/#hmi\">HMI<\/a><\/li><li class=\"mega-menu-item mega-menu-item-type-custom mega-menu-item-object-custom mega-menu-item-16183\" id=\"mega-menu-item-16183\"><a class=\"mega-menu-link\" href=\"\/es\/rental\/luces\/#alpha\">ALPHA<\/a><\/li><li class=\"mega-menu-item mega-menu-item-type-custom mega-menu-item-object-custom mega-menu-item-16184\" id=\"mega-menu-item-16184\"><a class=\"mega-menu-link\" href=\"\/es\/rental\/luces\/#fluorescencia\">FLUORESCENCIA<\/a><\/li><li class=\"mega-menu-item mega-menu-item-type-custom mega-menu-item-object-custom mega-menu-item-16185\" id=\"mega-menu-item-16185\"><a class=\"mega-menu-link\" href=\"\/es\/rental\/luces\/#incandescencia\">INCANDESCENCIA<\/a><\/li><li class=\"mega-menu-item mega-menu-item-type-custom mega-menu-item-object-custom mega-menu-item-16186\" id=\"mega-menu-item-16186\"><a class=\"mega-menu-link\" href=\"\/es\/rental\/luces\/#jocker\">JOCKER<\/a><\/li><li class=\"mega-menu-item mega-menu-item-type-custom mega-menu-item-object-custom mega-menu-item-16187\" id=\"mega-menu-item-16187\"><a class=\"mega-menu-link\" href=\"\/es\/rental\/luces\/#leds\">LEDS<\/a><\/li><li class=\"mega-menu-item mega-menu-item-type-custom mega-menu-item-object-custom mega-menu-item-16188\" id=\"mega-menu-item-16188\"><a class=\"mega-menu-link\" href=\"\/es\/rental\/luces\/#accesoriosluces\">ACCESORIOS<\/a><\/li><\/ul>\n<\/li><li class=\"mega-menu-item mega-menu-item-type-custom mega-menu-item-object-custom mega-menu-item-has-children mega-align-bottom-left mega-menu-flyout mega-menu-item-16176\" id=\"mega-menu-item-16176\"><a class=\"mega-menu-link\" href=\"\/rental\/grips\" aria-expanded=\"false\" tabindex=\"0\">GRIPS<span class=\"mega-indicator\" aria-hidden=\"true\"><\/span><\/a>\n<ul class=\"mega-sub-menu\">\n<li class=\"mega-menu-item mega-menu-item-type-custom mega-menu-item-object-custom mega-menu-item-16189\" id=\"mega-menu-item-16189\"><a class=\"mega-menu-link\" href=\"\/es\/rental\/grips\/#vehiculos\">VEH\u00cdCULOS<\/a><\/li><li class=\"mega-menu-item mega-menu-item-type-custom mega-menu-item-object-custom mega-menu-item-16190\" id=\"mega-menu-item-16190\"><a class=\"mega-menu-link\" href=\"\/es\/rental\/grips\/#gruasfijas\">GRUAS FIJAS<\/a><\/li><li class=\"mega-menu-item mega-menu-item-type-custom mega-menu-item-object-custom mega-menu-item-16191\" id=\"mega-menu-item-16191\"><a class=\"mega-menu-link\" href=\"\/es\/rental\/grips\/#gruastelescopicas\">GRUAS TELESC\u00d3PICAS<\/a><\/li><li class=\"mega-menu-item mega-menu-item-type-custom mega-menu-item-object-custom mega-menu-item-16192\" id=\"mega-menu-item-16192\"><a class=\"mega-menu-link\" href=\"\/es\/rental\/grips\/#scorpioheads\">SCORPIO HEADS<\/a><\/li><li class=\"mega-menu-item mega-menu-item-type-custom mega-menu-item-object-custom mega-menu-item-16193\" id=\"mega-menu-item-16193\"><a class=\"mega-menu-link\" href=\"\/es\/rental\/grips\/#dollies\">DOLLIES<\/a><\/li><li class=\"mega-menu-item mega-menu-item-type-custom mega-menu-item-object-custom mega-menu-item-16194\" id=\"mega-menu-item-16194\"><a class=\"mega-menu-link\" href=\"\/es\/rental\/grips\/#travellingelectronicos\">TRAVELING ELECTR\u00d3NICOS<\/a><\/li><li class=\"mega-menu-item mega-menu-item-type-custom mega-menu-item-object-custom mega-menu-item-16195\" id=\"mega-menu-item-16195\"><a class=\"mega-menu-link\" href=\"\/es\/rental\/grips\/#gripajes\">GRIPAJES<\/a><\/li><li class=\"mega-menu-item mega-menu-item-type-custom mega-menu-item-object-custom mega-menu-item-16196\" id=\"mega-menu-item-16196\"><a class=\"mega-menu-link\" href=\"\/es\/rental\/grips\/#accesoriosgrips\">ACCESORIOS GRIPS<\/a><\/li><li class=\"mega-menu-item mega-menu-item-type-custom mega-menu-item-object-custom mega-menu-item-16197\" id=\"mega-menu-item-16197\"><a class=\"mega-menu-link\" href=\"\/es\/rental\/grips\/#vias\">VIAS<\/a><\/li><li class=\"mega-menu-item mega-menu-item-type-custom mega-menu-item-object-custom mega-menu-item-16198\" id=\"mega-menu-item-16198\"><a class=\"mega-menu-link\" href=\"\/es\/rental\/grips\/#sliders\">SLIDERS<\/a><\/li><\/ul>\n<\/li><li class=\"mega-menu-item mega-menu-item-type-custom mega-menu-item-object-custom mega-menu-item-has-children mega-align-bottom-left mega-menu-flyout mega-menu-item-16177\" id=\"mega-menu-item-16177\"><a class=\"mega-menu-link\" href=\"\/es\/rental\/plato\" aria-expanded=\"false\" tabindex=\"0\">PLAT\u00d3S<span class=\"mega-indicator\" aria-hidden=\"true\"><\/span><\/a>\n<ul class=\"mega-sub-menu\">\n<li class=\"mega-menu-item mega-menu-item-type-custom mega-menu-item-object-custom mega-menu-item-16199\" id=\"mega-menu-item-16199\"><a class=\"mega-menu-link\" href=\"\/es\/producto\/plato\/plato-1\/plato-1\/\">PLAT\u00d3 1<\/a><\/li><li class=\"mega-menu-item mega-menu-item-type-custom mega-menu-item-object-custom mega-menu-item-16200\" id=\"mega-menu-item-16200\"><a class=\"mega-menu-link\" href=\"\/es\/producto\/plato\/plato-2-3\/\">PLAT\u00d3 2 y 3<\/a><\/li><li class=\"mega-menu-item mega-menu-item-type-custom mega-menu-item-object-custom mega-menu-item-16201\" id=\"mega-menu-item-16201\"><a class=\"mega-menu-link\" href=\"\/es\/producto\/plato\/plato-4\/\">PLAT\u00d3 4<\/a><\/li><\/ul>\n<\/li><\/ul><\/div>[\/vc_column_text][\/vc_column][\/vc_row][vc_row el_class=\u00bbtabs_productos\u00bb][vc_column][vc_custom_heading text=\u00bbPLAT\u00d3S\u00bb google_fonts=\u00bbfont_family:Open%20Sans%3A300%2C300italic%2Cregular%2Citalic%2C600%2C600italic%2C700%2C700italic%2C800%2C800italic|font_style:400%20regular%3A400%3Anormal\u00bb el_class=\u00bbencabezado_productos\u00bb][vc_row_inner el_class=\u00bblink_categorias_productos\u00bb][vc_column_inner width=\u00bb1\/3&#8243;][vc_custom_heading text=\u00bbPLAT\u00d3 1&#8243; font_container=\u00bbtag:h4|text_align:left\u00bb google_fonts=\u00bbfont_family:Open%20Sans%3A300%2C300italic%2Cregular%2Citalic%2C600%2C600italic%2C700%2C700italic%2C800%2C800italic|font_style:400%20regular%3A400%3Anormal\u00bb el_class=\u00bbencabezado_productos\u00bb][vc_empty_space]<div class=\"mf-image-box style-2 title-s1 no-border \" style=\"\"><a class=\"thumbnail\" href=\"\/es\/producto\/plato\/plato-1\/plato-1\/\"><img width=\"1920\" height=\"1080\" src=\"https:\/\/www.fusion.servicevision.es\/wp-content\/uploads\/2026\/03\/PRINCIPAL.jpg\" class=\"\" alt=\"\" srcset=\"https:\/\/www.fusion.servicevision.es\/wp-content\/uploads\/2026\/03\/PRINCIPAL.jpg 1920w, https:\/\/www.fusion.servicevision.es\/wp-content\/uploads\/2026\/03\/PRINCIPAL-600x338.jpg 600w, https:\/\/www.fusion.servicevision.es\/wp-content\/uploads\/2026\/03\/PRINCIPAL-300x169.jpg 300w, https:\/\/www.fusion.servicevision.es\/wp-content\/uploads\/2026\/03\/PRINCIPAL-1024x576.jpg 1024w, https:\/\/www.fusion.servicevision.es\/wp-content\/uploads\/2026\/03\/PRINCIPAL-768x432.jpg 768w, https:\/\/www.fusion.servicevision.es\/wp-content\/uploads\/2026\/03\/PRINCIPAL-1536x864.jpg 1536w\" sizes=\"(max-width: 1920px) 100vw, 1920px\" \/><\/a><div class=\"image-content\"><h2 class=\"box-title\"><a class=\"\" href=\"\/es\/producto\/plato\/plato-1\/plato-1\/\">VER PLAT\u00d3<\/a><\/h2><ul class=\"extra-links\"><li><span class=\"extra-link style-1 no-content\" ><\/span><\/li><\/ul><\/div><\/div>[\/vc_column_inner][vc_column_inner width=\u00bb1\/3&#8243;][vc_custom_heading text=\u00bbPLAT\u00d3 2 y 3&#8243; font_container=\u00bbtag:h4|text_align:left\u00bb google_fonts=\u00bbfont_family:Open%20Sans%3A300%2C300italic%2Cregular%2Citalic%2C600%2C600italic%2C700%2C700italic%2C800%2C800italic|font_style:400%20regular%3A400%3Anormal\u00bb el_class=\u00bbencabezado_productos\u00bb][vc_empty_space]<div class=\"mf-image-box style-2 title-s1 no-border \" style=\"\"><a class=\"thumbnail\" href=\"\/producto\/plato\/plato-2-3\/\"><img width=\"1280\" height=\"720\" src=\"https:\/\/www.fusion.servicevision.es\/wp-content\/uploads\/2021\/04\/plato-2-y-3.jpg\" class=\"\" alt=\"\" srcset=\"https:\/\/www.fusion.servicevision.es\/wp-content\/uploads\/2021\/04\/plato-2-y-3.jpg 1280w, https:\/\/www.fusion.servicevision.es\/wp-content\/uploads\/2021\/04\/plato-2-y-3-600x338.jpg 600w, https:\/\/www.fusion.servicevision.es\/wp-content\/uploads\/2021\/04\/plato-2-y-3-300x169.jpg 300w, https:\/\/www.fusion.servicevision.es\/wp-content\/uploads\/2021\/04\/plato-2-y-3-1024x576.jpg 1024w, https:\/\/www.fusion.servicevision.es\/wp-content\/uploads\/2021\/04\/plato-2-y-3-768x432.jpg 768w, https:\/\/www.fusion.servicevision.es\/wp-content\/uploads\/2021\/04\/plato-2-y-3-370x208.jpg 370w\" sizes=\"(max-width: 1280px) 100vw, 1280px\" \/><\/a><div class=\"image-content\"><h2 class=\"box-title\"><a class=\"\" href=\"\/producto\/plato\/plato-2-3\/\">VER PLAT\u00d3<\/a><\/h2><ul class=\"extra-links\"><li><span class=\"extra-link style-1 no-content\" ><\/span><\/li><\/ul><\/div><\/div>[\/vc_column_inner][vc_column_inner width=\u00bb1\/3&#8243;][vc_custom_heading text=\u00bbPLAT\u00d3 4&#8243; font_container=\u00bbtag:h4|text_align:left\u00bb google_fonts=\u00bbfont_family:Open%20Sans%3A300%2C300italic%2Cregular%2Citalic%2C600%2C600italic%2C700%2C700italic%2C800%2C800italic|font_style:400%20regular%3A400%3Anormal\u00bb el_class=\u00bbencabezado_productos\u00bb][vc_empty_space]<div class=\"mf-image-box style-2 title-s1 no-border \" style=\"\"><a class=\"thumbnail\" href=\"\/producto\/plato\/plato-4\/\"><img width=\"1920\" height=\"1080\" src=\"https:\/\/www.fusion.servicevision.es\/wp-content\/uploads\/2019\/05\/PRINCIPAL-1.jpg\" class=\"\" alt=\"\" srcset=\"https:\/\/www.fusion.servicevision.es\/wp-content\/uploads\/2019\/05\/PRINCIPAL-1.jpg 1920w, https:\/\/www.fusion.servicevision.es\/wp-content\/uploads\/2019\/05\/PRINCIPAL-1-600x338.jpg 600w, https:\/\/www.fusion.servicevision.es\/wp-content\/uploads\/2019\/05\/PRINCIPAL-1-300x169.jpg 300w, https:\/\/www.fusion.servicevision.es\/wp-content\/uploads\/2019\/05\/PRINCIPAL-1-1024x576.jpg 1024w, https:\/\/www.fusion.servicevision.es\/wp-content\/uploads\/2019\/05\/PRINCIPAL-1-768x432.jpg 768w, https:\/\/www.fusion.servicevision.es\/wp-content\/uploads\/2019\/05\/PRINCIPAL-1-1536x864.jpg 1536w, https:\/\/www.fusion.servicevision.es\/wp-content\/uploads\/2019\/05\/PRINCIPAL-1-370x208.jpg 370w\" sizes=\"(max-width: 1920px) 100vw, 1920px\" \/><\/a><div class=\"image-content\"><h2 class=\"box-title\"><a class=\"\" href=\"\/producto\/plato\/plato-4\/\">VER PLAT\u00d3<\/a><\/h2><ul class=\"extra-links\"><li><span class=\"extra-link style-1 no-content\" ><\/span><\/li><\/ul><\/div><\/div>[\/vc_column_inner][\/vc_row_inner][\/vc_column][\/vc_row]<\/p>\n","protected":false},"excerpt":{"rendered":"<p>[vc_row][vc_column][vc_column_text][\/vc_column_text][\/vc_column][\/vc_row][vc_row el_class=\u00bbtabs_productos\u00bb][vc_column][vc_custom_heading text=\u00bbPLAT\u00d3S\u00bb google_fonts=\u00bbfont_family:Open%20Sans%3A300%2C300italic%2Cregular%2Citalic%2C600%2C600italic%2C700%2C700italic%2C800%2C800italic|font_style:400%20regular%3A400%3Anormal\u00bb el_class=\u00bbencabezado_productos\u00bb][vc_row_inner el_class=\u00bblink_categorias_productos\u00bb][vc_column_inner width=\u00bb1\/3&#8243;][vc_custom_heading text=\u00bbPLAT\u00d3 1&#8243; font_container=\u00bbtag:h4|text_align:left\u00bb google_fonts=\u00bbfont_family:Open%20Sans%3A300%2C300italic%2Cregular%2Citalic%2C600%2C600italic%2C700%2C700italic%2C800%2C800italic|font_style:400%20regular%3A400%3Anormal\u00bb el_class=\u00bbencabezado_productos\u00bb][vc_empty_space][\/vc_column_inner][vc_column_inner width=\u00bb1\/3&#8243;][vc_custom_heading text=\u00bbPLAT\u00d3 2 y 3&#8243; font_container=\u00bbtag:h4|text_align:left\u00bb google_fonts=\u00bbfont_family:Open%20Sans%3A300%2C300italic%2Cregular%2Citalic%2C600%2C600italic%2C700%2C700italic%2C800%2C800italic|font_style:400%20regular%3A400%3Anormal\u00bb el_class=\u00bbencabezado_productos\u00bb][vc_empty_space][\/vc_column_inner][vc_column_inner width=\u00bb1\/3&#8243;][vc_custom_heading text=\u00bbPLAT\u00d3 4&#8243; font_container=\u00bbtag:h4|text_align:left\u00bb google_fonts=\u00bbfont_family:Open%20Sans%3A300%2C300italic%2Cregular%2Citalic%2C600%2C600italic%2C700%2C700italic%2C800%2C800italic|font_style:400%20regular%3A400%3Anormal\u00bb el_class=\u00bbencabezado_productos\u00bb][vc_empty_space][\/vc_column_inner][\/vc_row_inner][\/vc_column][\/vc_row]<\/p>\n","protected":false},"author":1,"featured_media":0,"parent":3040,"menu_order":0,"comment_status":"closed","ping_status":"closed","template":"","meta":[],"yoast_head":"<!-- This site is optimized with the Yoast SEO plugin v19.9 - https:\/\/yoast.com\/wordpress\/plugins\/seo\/ -->\n<title>Plat\u00f3 - ServiceVision<\/title>\n<meta name=\"description\" content=\"Alquiler de Plat\u00f3 Servicevision. Alquiler de equipos para rodajes de cine y televisi\u00f3n.\" \/>\n<meta name=\"robots\" content=\"index, follow, max-snippet:-1, max-image-preview:large, max-video-preview:-1\" \/>\n<link rel=\"canonical\" href=\"https:\/\/www.fusion.servicevision.es\/es\/rental\/plato\/\" \/>\n<meta property=\"og:locale\" content=\"es_ES\" \/>\n<meta property=\"og:type\" content=\"article\" \/>\n<meta property=\"og:title\" content=\"Plat\u00f3 - ServiceVision\" \/>\n<meta property=\"og:description\" content=\"Alquiler de Plat\u00f3 Servicevision. Alquiler de equipos para rodajes de cine y televisi\u00f3n.\" \/>\n<meta property=\"og:url\" content=\"https:\/\/www.fusion.servicevision.es\/es\/rental\/plato\/\" \/>\n<meta property=\"og:site_name\" content=\"ServiceVision\" \/>\n<meta property=\"article:modified_time\" content=\"2026-03-27T03:22:45+00:00\" \/>\n<meta name=\"twitter:card\" content=\"summary_large_image\" \/>\n<meta name=\"twitter:label1\" content=\"Tiempo de lectura\" \/>\n\t<meta name=\"twitter:data1\" content=\"1 minuto\" \/>\n<script type=\"application\/ld+json\" class=\"yoast-schema-graph\">{\"@context\":\"https:\/\/schema.org\",\"@graph\":[{\"@type\":\"WebPage\",\"@id\":\"https:\/\/www.fusion.servicevision.es\/es\/rental\/plato\/\",\"url\":\"https:\/\/www.fusion.servicevision.es\/es\/rental\/plato\/\",\"name\":\"Plat\u00f3 - ServiceVision\",\"isPartOf\":{\"@id\":\"https:\/\/www.fusion.servicevision.es\/es\/#website\"},\"datePublished\":\"2019-06-03T12:43:26+00:00\",\"dateModified\":\"2026-03-27T03:22:45+00:00\",\"description\":\"Alquiler de Plat\u00f3 Servicevision. Alquiler de equipos para rodajes de cine y televisi\u00f3n.\",\"breadcrumb\":{\"@id\":\"https:\/\/www.fusion.servicevision.es\/es\/rental\/plato\/#breadcrumb\"},\"inLanguage\":\"es\",\"potentialAction\":[{\"@type\":\"ReadAction\",\"target\":[\"https:\/\/www.fusion.servicevision.es\/es\/rental\/plato\/\"]}]},{\"@type\":\"BreadcrumbList\",\"@id\":\"https:\/\/www.fusion.servicevision.es\/es\/rental\/plato\/#breadcrumb\",\"itemListElement\":[{\"@type\":\"ListItem\",\"position\":1,\"name\":\"Rental\",\"item\":\"https:\/\/www.fusion.servicevision.es\/es\/rental\/\"},{\"@type\":\"ListItem\",\"position\":2,\"name\":\"Plat\u00f3\"}]},{\"@type\":\"WebSite\",\"@id\":\"https:\/\/www.fusion.servicevision.es\/es\/#website\",\"url\":\"https:\/\/www.fusion.servicevision.es\/es\/\",\"name\":\"ServiceVision\",\"description\":\"\",\"potentialAction\":[{\"@type\":\"SearchAction\",\"target\":{\"@type\":\"EntryPoint\",\"urlTemplate\":\"https:\/\/www.fusion.servicevision.es\/es\/?s={search_term_string}\"},\"query-input\":\"required name=search_term_string\"}],\"inLanguage\":\"es\"}]}<\/script>\n<!-- \/ Yoast SEO plugin. -->","yoast_head_json":{"title":"Plat\u00f3 - ServiceVision","description":"Alquiler de Plat\u00f3 Servicevision. Alquiler de equipos para rodajes de cine y televisi\u00f3n.","robots":{"index":"index","follow":"follow","max-snippet":"max-snippet:-1","max-image-preview":"max-image-preview:large","max-video-preview":"max-video-preview:-1"},"canonical":"https:\/\/www.fusion.servicevision.es\/es\/rental\/plato\/","og_locale":"es_ES","og_type":"article","og_title":"Plat\u00f3 - ServiceVision","og_description":"Alquiler de Plat\u00f3 Servicevision. Alquiler de equipos para rodajes de cine y televisi\u00f3n.","og_url":"https:\/\/www.fusion.servicevision.es\/es\/rental\/plato\/","og_site_name":"ServiceVision","article_modified_time":"2026-03-27T03:22:45+00:00","twitter_card":"summary_large_image","twitter_misc":{"Tiempo de lectura":"1 minuto"},"schema":{"@context":"https:\/\/schema.org","@graph":[{"@type":"WebPage","@id":"https:\/\/www.fusion.servicevision.es\/es\/rental\/plato\/","url":"https:\/\/www.fusion.servicevision.es\/es\/rental\/plato\/","name":"Plat\u00f3 - ServiceVision","isPartOf":{"@id":"https:\/\/www.fusion.servicevision.es\/es\/#website"},"datePublished":"2019-06-03T12:43:26+00:00","dateModified":"2026-03-27T03:22:45+00:00","description":"Alquiler de Plat\u00f3 Servicevision. Alquiler de equipos para rodajes de cine y televisi\u00f3n.","breadcrumb":{"@id":"https:\/\/www.fusion.servicevision.es\/es\/rental\/plato\/#breadcrumb"},"inLanguage":"es","potentialAction":[{"@type":"ReadAction","target":["https:\/\/www.fusion.servicevision.es\/es\/rental\/plato\/"]}]},{"@type":"BreadcrumbList","@id":"https:\/\/www.fusion.servicevision.es\/es\/rental\/plato\/#breadcrumb","itemListElement":[{"@type":"ListItem","position":1,"name":"Rental","item":"https:\/\/www.fusion.servicevision.es\/es\/rental\/"},{"@type":"ListItem","position":2,"name":"Plat\u00f3"}]},{"@type":"WebSite","@id":"https:\/\/www.fusion.servicevision.es\/es\/#website","url":"https:\/\/www.fusion.servicevision.es\/es\/","name":"ServiceVision","description":"","potentialAction":[{"@type":"SearchAction","target":{"@type":"EntryPoint","urlTemplate":"https:\/\/www.fusion.servicevision.es\/es\/?s={search_term_string}"},"query-input":"required name=search_term_string"}],"inLanguage":"es"}]}},"_links":{"self":[{"href":"https:\/\/www.fusion.servicevision.es\/es\/wp-json\/wp\/v2\/pages\/5602"}],"collection":[{"href":"https:\/\/www.fusion.servicevision.es\/es\/wp-json\/wp\/v2\/pages"}],"about":[{"href":"https:\/\/www.fusion.servicevision.es\/es\/wp-json\/wp\/v2\/types\/page"}],"author":[{"embeddable":true,"href":"https:\/\/www.fusion.servicevision.es\/es\/wp-json\/wp\/v2\/users\/1"}],"replies":[{"embeddable":true,"href":"https:\/\/www.fusion.servicevision.es\/es\/wp-json\/wp\/v2\/comments?post=5602"}],"version-history":[{"count":3,"href":"https:\/\/www.fusion.servicevision.es\/es\/wp-json\/wp\/v2\/pages\/5602\/revisions"}],"predecessor-version":[{"id":16552,"href":"https:\/\/www.fusion.servicevision.es\/es\/wp-json\/wp\/v2\/pages\/5602\/revisions\/16552"}],"up":[{"embeddable":true,"href":"https:\/\/www.fusion.servicevision.es\/es\/wp-json\/wp\/v2\/pages\/3040"}],"wp:attachment":[{"href":"https:\/\/www.fusion.servicevision.es\/es\/wp-json\/wp\/v2\/media?parent=5602"}],"curies":[{"name":"wp","href":"https:\/\/api.w.org\/{rel}","templated":true}]}}