{"id":3040,"date":"2026-03-15T05:52:57","date_gmt":"2026-03-15T05:52:57","guid":{"rendered":"https:\/\/www.fusion.servicevision.es\/?page_id=3040"},"modified":"2026-03-24T16:56:21","modified_gmt":"2026-03-24T16:56:21","slug":"rental","status":"publish","type":"page","link":"https:\/\/www.fusion.servicevision.es\/es\/rental\/","title":{"rendered":"Rental"},"content":{"rendered":"<p>[vc_row full_width=\u00bbstretch_row_content_no_spaces\u00bb content_placement=\u00bbtop\u00bb el_id=\u00bbhome-slider-principal\u00bb css=\u00bb.vc_custom_1673439702785{background-color: #000000 !important;}\u00bb][vc_column][vc_raw_html]JTIwJTVCc21hcnRzbGlkZXIzJTIwc2xpZGVyJTNEJTIyMiUyMiU1RCUyMA==[\/vc_raw_html][\/vc_column][\/vc_row][vc_row full_width=\u00bbstretch_row_content\u00bb][vc_column][vc_row_inner gap=\u00bb25&#8243; css=\u00bb.vc_custom_1673439961971{padding-top: 10px !important;padding-right: 30px !important;padding-bottom: 10px !important;padding-left: 30px !important;}\u00bb][vc_column_inner el_class=\u00bbhome_row_hover\u00bb width=\u00bb1\/4&#8243;][vc_raw_html el_class=\u00bbencabezado_home\u00bb]JTNDYSUyMGhyZWYlM0QlMjIlMkZlcyUyRnJlbnRhbCUyRmNhbWFyYXMlMkYlMjIlM0VDJUMzJTgxTUFSQVMlM0MlMkZhJTNF[\/vc_raw_html][vc_empty_space height=\u00bb30px\u00bb][vc_single_image image=\u00bb227&#8243; img_size=\u00bblarge\u00bb alignment=\u00bbcenter\u00bb onclick=\u00bbcustom_link\u00bb css_animation=\u00bbnone\u00bb link=\u00bb\/es\/rental\/camaras\/\u00bb el_class=\u00bbimage-frame\u00bb][\/vc_column_inner][vc_column_inner el_class=\u00bbhome_row_hover\u00bb width=\u00bb1\/4&#8243;][vc_raw_html el_class=\u00bbencabezado_home\u00bb]JTNDYSUyMGhyZWYlM0QlMjIlMkZlcyUyRnJlbnRhbCUyRmx1Y2VzJTJGJTIyJTNFTFVDRVMlM0MlMkZhJTNF[\/vc_raw_html][vc_empty_space height=\u00bb30px\u00bb][vc_single_image image=\u00bb234&#8243; img_size=\u00bblarge\u00bb alignment=\u00bbcenter\u00bb onclick=\u00bbcustom_link\u00bb css_animation=\u00bbnone\u00bb link=\u00bb\/es\/rental\/luces\/\u00bb el_class=\u00bbimage-frame\u00bb][\/vc_column_inner][vc_column_inner el_class=\u00bbhome_row_hover\u00bb width=\u00bb1\/4&#8243;][vc_raw_html el_class=\u00bbencabezado_home\u00bb]JTNDYSUyMGhyZWYlM0QlMjIlMkZlcyUyRnJlbnRhbCUyRmdyaXBzJTJGJTIyJTNFR1JJUFMlM0MlMkZhJTNF[\/vc_raw_html][vc_empty_space height=\u00bb30px\u00bb][vc_single_image image=\u00bb224&#8243; img_size=\u00bblarge\u00bb alignment=\u00bbcenter\u00bb onclick=\u00bbcustom_link\u00bb css_animation=\u00bbnone\u00bb link=\u00bb\/es\/rental\/grips\/\u00bb el_class=\u00bbimage-frame\u00bb][\/vc_column_inner][vc_column_inner el_class=\u00bbhome_row_hover\u00bb width=\u00bb1\/4&#8243;][vc_raw_html el_class=\u00bbencabezado_home\u00bb]JTNDYSUyMGhyZWYlM0QlMjIlMkZlcyUyRnJlbnRhbCUyRnBsYXRvJTJGJTIyJTNFUExBVCVDMyU5M1MlM0MlMkZhJTNF[\/vc_raw_html][vc_empty_space height=\u00bb30px\u00bb][vc_raw_html]JTNDYSUyMGhyZWYlM0QlMjIlMkZlcyUyRnJlbnRhbCUyRnBsYXRvJTJGJTIyJTNFJTNDaW1nJTIwc3JjJTNEJTIyaHR0cHMlM0ElMkYlMkZ3d3cuZnVzaW9uLnNlcnZpY2V2aXNpb24uZXMlMkZ3cC1jb250ZW50JTJGdXBsb2FkcyUyRjIwMjYlMkYwMyUyRnBsYXRvLTc2OHg2NDAtMS53ZWJwJTIyJTIwYWx0JTNEJTIyUGxhdCVDMyVCM3MlMjIlMjBzdHlsZSUzRCUyMndpZHRoJTNBJTIwMTAwJTI1JTNCJTIwaGVpZ2h0JTNBJTIwYXV0byUzQiUyMiUzRSUzQyUyRmElM0U=[\/vc_raw_html][\/vc_column_inner][\/vc_row_inner][\/vc_column][\/vc_row][vc_row full_width=\u00bbstretch_row_content_no_spaces\u00bb equal_height=\u00bbyes\u00bb css=\u00bb.vc_custom_1673441104919{background-color: #ededed !important;}\u00bb][vc_column][vc_custom_heading text=\u00bbNOTICIAS\u00bb font_container=\u00bbtag:h1|text_align:center\u00bb use_theme_fonts=\u00bbyes\u00bb el_class=\u00bbhome_text_dashed encabezado-fuente\u00bb][vc_raw_html]JTNDZGl2JTIwY2xhc3MlM0QlMjJlbmNhYmV6YWRvLWxpbmUlMjIlM0UlM0MlMkZkaXYlM0U=[\/vc_raw_html][vc_column_text]<\/p>\n<h3 style=\"text-align: center;\">\u00daltimas noticias de SERVICEVISION<\/h3>\n<p>[\/vc_column_text][vc_empty_space height=\u00bb30px\u00bb][vc_row_inner el_class=\u00bbhome_noticias_grid\u00bb][vc_column_inner width=\u00bb1\/6&#8243;][\/vc_column_inner][vc_column_inner width=\u00bb2\/3&#8243;][vc_basic_grid post_type=\u00bbpost\u00bb max_items=\u00bb3&#8243; item=\u00bbmasonryGrid_OverlayWithRotation\u00bb initial_loading_animation=\u00bbnone\u00bb grid_id=\u00bbvc_gid:1706801844125-f5817f44-3a69-6&#8243; taxonomies=\u00bb89&#8243;][vc_empty_space][\/vc_column_inner][vc_column_inner width=\u00bb1\/6&#8243;][\/vc_column_inner][\/vc_row_inner][vc_empty_space height=\u00bb60px\u00bb][\/vc_column][\/vc_row][vc_row full_width=\u00bbstretch_row_content_no_spaces\u00bb css=\u00bb.vc_custom_1588213915375{background-color: #000000 !important;}\u00bb el_class=\u00bbmailchimp_home\u00bb][vc_column]\n<div class=\"wpcf7 no-js\" id=\"wpcf7-f1161-o1\" lang=\"es-ES\" dir=\"ltr\">\n<div class=\"screen-reader-response\"><p role=\"status\" aria-live=\"polite\" aria-atomic=\"true\"><\/p> <ul><\/ul><\/div>\n<form action=\"\/es\/wp-json\/wp\/v2\/pages\/3040#wpcf7-f1161-o1\" method=\"post\" class=\"wpcf7-form init\" aria-label=\"Formulario de contacto\" novalidate=\"novalidate\" data-status=\"init\">\n<div style=\"display: none;\">\n<input type=\"hidden\" name=\"_wpcf7\" value=\"1161\" \/>\n<input type=\"hidden\" name=\"_wpcf7_version\" value=\"5.7.7\" \/>\n<input type=\"hidden\" name=\"_wpcf7_locale\" value=\"es_ES\" \/>\n<input type=\"hidden\" name=\"_wpcf7_unit_tag\" value=\"wpcf7-f1161-o1\" \/>\n<input type=\"hidden\" name=\"_wpcf7_container_post\" value=\"0\" \/>\n<input type=\"hidden\" name=\"_wpcf7_posted_data_hash\" value=\"\" \/>\n<input type=\"hidden\" name=\"_wpcf7_recaptcha_response\" value=\"\" \/>\n<\/div>\n<div class=\"formulari-newsletter\">\n\t<h2>Suscr\u00edbete a nuestra Newsletter\n\t<\/h2>\n\t<div class=\"newsletter-contact-form\">\n\t\t<p><span class=\"wpcf7-form-control-wrap\" data-name=\"your-email\"><input size=\"40\" class=\"wpcf7-form-control wpcf7-text wpcf7-email wpcf7-validates-as-required wpcf7-validates-as-email\" aria-required=\"true\" aria-invalid=\"false\" value=\"\" type=\"email\" name=\"your-email\" \/><\/span><input class=\"wpcf7-form-control has-spinner wpcf7-submit\" type=\"submit\" value=\"Suscribirse\" \/>\n\t\t<\/p>\n\t<\/div>\n\t<div class=\"checkbox-newsletter\">\n\t\t<p><!-- Mailchimp for WordPress v4.8.10 - https:\/\/www.mc4wp.com\/ --><input type=\"hidden\" name=\"_mc4wp_subscribe_contact-form-7\" value=\"0\" \/><span class=\" mc4wp-checkbox mc4wp-checkbox-contact-form-7\" ><label><input type=\"checkbox\" name=\"_mc4wp_subscribe_contact-form-7\" value=\"1\"  \/><span>\u00a1Suscr\u00edbeme a la lista de correo!<\/span><\/label><\/span><!-- \/ Mailchimp for WordPress -->\n\t\t<\/p>\n\t<\/div>\n<\/div>\n<div class=\"formulari-newsletter-text\">\n\t<p>SERVICEVISION BIS, S.L. como responsable del tratamiento tratar\u00e1 tus datos con la finalidad de remitirte nuestra newsletter con novedades comerciales sobre nuestros servicios. Puedes acceder, rectificar y suprimir tus datos, as\u00ed como ejercer otros derechos consultando la informaci\u00f3n adicional y detallada sobre protecci\u00f3n de datos en nuestra <a href=\"\/politica-de-privacidad\" target=\"_blank\">Pol\u00edtica de privacidad<\/a>.<br \/>\n<span class=\"wpcf7-form-control-wrap\" data-name=\"acceptance-334\"><span class=\"wpcf7-form-control wpcf7-acceptance optional\"><span class=\"wpcf7-list-item\"><label><input type=\"checkbox\" name=\"acceptance-334\" value=\"1\" aria-invalid=\"false\" \/><span class=\"wpcf7-list-item-label\">He le\u00eddo y acepto las condiciones contenidas en la <a href=\"\/politica-de-privacidad\" target=\"_blank\">Pol\u00edtica de privacidad<\/a> sobre el tratamiento de mis datos para el env\u00edo de la newsletter<\/span><\/label><\/span><\/span><\/span>\n\t<\/p>\n<\/div><p style=\"display: none !important;\"><label>&#916;<textarea name=\"_wpcf7_ak_hp_textarea\" cols=\"45\" rows=\"8\" maxlength=\"100\"><\/textarea><\/label><input type=\"hidden\" id=\"ak_js_1\" name=\"_wpcf7_ak_js\" value=\"68\"\/><script>document.getElementById( \"ak_js_1\" ).setAttribute( \"value\", ( new Date() ).getTime() );<\/script><\/p><div class=\"wpcf7-response-output\" aria-hidden=\"true\"><\/div>\n<\/form>\n<\/div>\n[\/vc_column][\/vc_row][vc_row][vc_column][vc_empty_space height=\u00bb60px\u00bb][\/vc_column][\/vc_row][vc_row][vc_column width=\u00bb1\/6&#8243;][\/vc_column][vc_column width=\u00bb1\/6&#8243;][\/vc_column][\/vc_row]<\/p>\n","protected":false},"excerpt":{"rendered":"<p>[vc_row full_width=\u00bbstretch_row_content_no_spaces\u00bb content_placement=\u00bbtop\u00bb el_id=\u00bbhome-slider-principal\u00bb css=\u00bb.vc_custom_1673439702785{background-color: #000000 !important;}\u00bb][vc_column][vc_raw_html]JTIwJTVCc21hcnRzbGlkZXIzJTIwc2xpZGVyJTNEJTIyMiUyMiU1RCUyMA==[\/vc_raw_html][\/vc_column][\/vc_row][vc_row full_width=\u00bbstretch_row_content\u00bb][vc_column][vc_row_inner gap=\u00bb25&#8243; css=\u00bb.vc_custom_1673439961971{padding-top: 10px !important;padding-right: 30px !important;padding-bottom: 10px !important;padding-left: 30px !important;}\u00bb][vc_column_inner el_class=\u00bbhome_row_hover\u00bb width=\u00bb1\/4&#8243;][vc_raw_html el_class=\u00bbencabezado_home\u00bb]JTNDYSUyMGhyZWYlM0QlMjIlMkZlcyUyRnJlbnRhbCUyRmNhbWFyYXMlMkYlMjIlM0VDJUMzJTgxTUFSQVMlM0MlMkZhJTNF[\/vc_raw_html][vc_empty_space height=\u00bb30px\u00bb][vc_single_image image=\u00bb227&#8243; img_size=\u00bblarge\u00bb alignment=\u00bbcenter\u00bb onclick=\u00bbcustom_link\u00bb css_animation=\u00bbnone\u00bb link=\u00bb\/es\/rental\/camaras\/\u00bb el_class=\u00bbimage-frame\u00bb][\/vc_column_inner][vc_column_inner el_class=\u00bbhome_row_hover\u00bb width=\u00bb1\/4&#8243;][vc_raw_html el_class=\u00bbencabezado_home\u00bb]JTNDYSUyMGhyZWYlM0QlMjIlMkZlcyUyRnJlbnRhbCUyRmx1Y2VzJTJGJTIyJTNFTFVDRVMlM0MlMkZhJTNF[\/vc_raw_html][vc_empty_space height=\u00bb30px\u00bb][vc_single_image image=\u00bb234&#8243; img_size=\u00bblarge\u00bb alignment=\u00bbcenter\u00bb onclick=\u00bbcustom_link\u00bb css_animation=\u00bbnone\u00bb link=\u00bb\/es\/rental\/luces\/\u00bb el_class=\u00bbimage-frame\u00bb][\/vc_column_inner][vc_column_inner el_class=\u00bbhome_row_hover\u00bb width=\u00bb1\/4&#8243;][vc_raw_html el_class=\u00bbencabezado_home\u00bb]JTNDYSUyMGhyZWYlM0QlMjIlMkZlcyUyRnJlbnRhbCUyRmdyaXBzJTJGJTIyJTNFR1JJUFMlM0MlMkZhJTNF[\/vc_raw_html][vc_empty_space height=\u00bb30px\u00bb][vc_single_image image=\u00bb224&#8243; img_size=\u00bblarge\u00bb alignment=\u00bbcenter\u00bb onclick=\u00bbcustom_link\u00bb css_animation=\u00bbnone\u00bb link=\u00bb\/es\/rental\/grips\/\u00bb el_class=\u00bbimage-frame\u00bb][\/vc_column_inner][vc_column_inner el_class=\u00bbhome_row_hover\u00bb width=\u00bb1\/4&#8243;][vc_raw_html el_class=\u00bbencabezado_home\u00bb]JTNDYSUyMGhyZWYlM0QlMjIlMkZlcyUyRnJlbnRhbCUyRnBsYXRvJTJGJTIyJTNFUExBVCVDMyU5M1MlM0MlMkZhJTNF[\/vc_raw_html][vc_empty_space height=\u00bb30px\u00bb][vc_raw_html]JTNDYSUyMGhyZWYlM0QlMjIlMkZlcyUyRnJlbnRhbCUyRnBsYXRvJTJGJTIyJTNFJTNDaW1nJTIwc3JjJTNEJTIyaHR0cHMlM0ElMkYlMkZ3d3cuZnVzaW9uLnNlcnZpY2V2aXNpb24uZXMlMkZ3cC1jb250ZW50JTJGdXBsb2FkcyUyRjIwMjYlMkYwMyUyRnBsYXRvLTc2OHg2NDAtMS53ZWJwJTIyJTIwYWx0JTNEJTIyUGxhdCVDMyVCM3MlMjIlMjBzdHlsZSUzRCUyMndpZHRoJTNBJTIwMTAwJTI1JTNCJTIwaGVpZ2h0JTNBJTIwYXV0byUzQiUyMiUzRSUzQyUyRmElM0U=[\/vc_raw_html][\/vc_column_inner][\/vc_row_inner][\/vc_column][\/vc_row][vc_row&hellip;<\/p>\n","protected":false},"author":1,"featured_media":0,"parent":0,"menu_order":0,"comment_status":"closed","ping_status":"closed","template":"","meta":[],"yoast_head":"<!-- This site is optimized with the Yoast SEO plugin v19.9 - https:\/\/yoast.com\/wordpress\/plugins\/seo\/ -->\n<title>Rental - ServiceVision<\/title>\n<meta name=\"robots\" content=\"index, follow, max-snippet:-1, max-image-preview:large, max-video-preview:-1\" \/>\n<link rel=\"canonical\" href=\"https:\/\/www.fusion.servicevision.es\/es\/rental\/\" \/>\n<meta property=\"og:locale\" content=\"es_ES\" \/>\n<meta property=\"og:type\" content=\"article\" \/>\n<meta property=\"og:title\" content=\"Rental - ServiceVision\" \/>\n<meta property=\"og:description\" content=\"[vc_row full_width=\u00bbstretch_row_content_no_spaces\u00bb content_placement=\u00bbtop\u00bb el_id=\u00bbhome-slider-principal\u00bb css=\u00bb.vc_custom_1673439702785{background-color: #000000 !important;}\u00bb][vc_column][vc_raw_html]JTIwJTVCc21hcnRzbGlkZXIzJTIwc2xpZGVyJTNEJTIyMiUyMiU1RCUyMA==[\/vc_raw_html][\/vc_column][\/vc_row][vc_row full_width=\u00bbstretch_row_content\u00bb][vc_column][vc_row_inner gap=\u00bb25&#8243; css=\u00bb.vc_custom_1673439961971{padding-top: 10px !important;padding-right: 30px !important;padding-bottom: 10px !important;padding-left: 30px !important;}\u00bb][vc_column_inner el_class=\u00bbhome_row_hover\u00bb width=\u00bb1\/4&#8243;][vc_raw_html el_class=\u00bbencabezado_home\u00bb]JTNDYSUyMGhyZWYlM0QlMjIlMkZlcyUyRnJlbnRhbCUyRmNhbWFyYXMlMkYlMjIlM0VDJUMzJTgxTUFSQVMlM0MlMkZhJTNF[\/vc_raw_html][vc_empty_space height=\u00bb30px\u00bb][vc_single_image image=\u00bb227&#8243; img_size=\u00bblarge\u00bb alignment=\u00bbcenter\u00bb onclick=\u00bbcustom_link\u00bb css_animation=\u00bbnone\u00bb link=\u00bb\/es\/rental\/camaras\/\u00bb el_class=\u00bbimage-frame\u00bb][\/vc_column_inner][vc_column_inner el_class=\u00bbhome_row_hover\u00bb width=\u00bb1\/4&#8243;][vc_raw_html el_class=\u00bbencabezado_home\u00bb]JTNDYSUyMGhyZWYlM0QlMjIlMkZlcyUyRnJlbnRhbCUyRmx1Y2VzJTJGJTIyJTNFTFVDRVMlM0MlMkZhJTNF[\/vc_raw_html][vc_empty_space height=\u00bb30px\u00bb][vc_single_image image=\u00bb234&#8243; img_size=\u00bblarge\u00bb alignment=\u00bbcenter\u00bb onclick=\u00bbcustom_link\u00bb css_animation=\u00bbnone\u00bb link=\u00bb\/es\/rental\/luces\/\u00bb el_class=\u00bbimage-frame\u00bb][\/vc_column_inner][vc_column_inner el_class=\u00bbhome_row_hover\u00bb width=\u00bb1\/4&#8243;][vc_raw_html el_class=\u00bbencabezado_home\u00bb]JTNDYSUyMGhyZWYlM0QlMjIlMkZlcyUyRnJlbnRhbCUyRmdyaXBzJTJGJTIyJTNFR1JJUFMlM0MlMkZhJTNF[\/vc_raw_html][vc_empty_space height=\u00bb30px\u00bb][vc_single_image image=\u00bb224&#8243; img_size=\u00bblarge\u00bb alignment=\u00bbcenter\u00bb onclick=\u00bbcustom_link\u00bb css_animation=\u00bbnone\u00bb link=\u00bb\/es\/rental\/grips\/\u00bb el_class=\u00bbimage-frame\u00bb][\/vc_column_inner][vc_column_inner el_class=\u00bbhome_row_hover\u00bb width=\u00bb1\/4&#8243;][vc_raw_html el_class=\u00bbencabezado_home\u00bb]JTNDYSUyMGhyZWYlM0QlMjIlMkZlcyUyRnJlbnRhbCUyRnBsYXRvJTJGJTIyJTNFUExBVCVDMyU5M1MlM0MlMkZhJTNF[\/vc_raw_html][vc_empty_space height=\u00bb30px\u00bb][vc_raw_html]JTNDYSUyMGhyZWYlM0QlMjIlMkZlcyUyRnJlbnRhbCUyRnBsYXRvJTJGJTIyJTNFJTNDaW1nJTIwc3JjJTNEJTIyaHR0cHMlM0ElMkYlMkZ3d3cuZnVzaW9uLnNlcnZpY2V2aXNpb24uZXMlMkZ3cC1jb250ZW50JTJGdXBsb2FkcyUyRjIwMjYlMkYwMyUyRnBsYXRvLTc2OHg2NDAtMS53ZWJwJTIyJTIwYWx0JTNEJTIyUGxhdCVDMyVCM3MlMjIlMjBzdHlsZSUzRCUyMndpZHRoJTNBJTIwMTAwJTI1JTNCJTIwaGVpZ2h0JTNBJTIwYXV0byUzQiUyMiUzRSUzQyUyRmElM0U=[\/vc_raw_html][\/vc_column_inner][\/vc_row_inner][\/vc_column][\/vc_row][vc_row&hellip;\" \/>\n<meta property=\"og:url\" content=\"https:\/\/www.fusion.servicevision.es\/es\/rental\/\" \/>\n<meta property=\"og:site_name\" content=\"ServiceVision\" \/>\n<meta property=\"article:modified_time\" content=\"2026-03-24T16:56:21+00:00\" \/>\n<meta name=\"twitter:card\" content=\"summary_large_image\" \/>\n<meta name=\"twitter:label1\" content=\"Tiempo de lectura\" \/>\n\t<meta name=\"twitter:data1\" content=\"1 minuto\" \/>\n<script type=\"application\/ld+json\" class=\"yoast-schema-graph\">{\"@context\":\"https:\/\/schema.org\",\"@graph\":[{\"@type\":\"WebPage\",\"@id\":\"https:\/\/www.fusion.servicevision.es\/es\/rental\/\",\"url\":\"https:\/\/www.fusion.servicevision.es\/es\/rental\/\",\"name\":\"Rental - ServiceVision\",\"isPartOf\":{\"@id\":\"https:\/\/www.fusion.servicevision.es\/es\/#website\"},\"datePublished\":\"2026-03-15T05:52:57+00:00\",\"dateModified\":\"2026-03-24T16:56:21+00:00\",\"inLanguage\":\"es\",\"potentialAction\":[{\"@type\":\"ReadAction\",\"target\":[\"https:\/\/www.fusion.servicevision.es\/es\/rental\/\"]}]},{\"@type\":\"WebSite\",\"@id\":\"https:\/\/www.fusion.servicevision.es\/es\/#website\",\"url\":\"https:\/\/www.fusion.servicevision.es\/es\/\",\"name\":\"ServiceVision\",\"description\":\"\",\"potentialAction\":[{\"@type\":\"SearchAction\",\"target\":{\"@type\":\"EntryPoint\",\"urlTemplate\":\"https:\/\/www.fusion.servicevision.es\/es\/?s={search_term_string}\"},\"query-input\":\"required name=search_term_string\"}],\"inLanguage\":\"es\"}]}<\/script>\n<!-- \/ Yoast SEO plugin. -->","yoast_head_json":{"title":"Rental - ServiceVision","robots":{"index":"index","follow":"follow","max-snippet":"max-snippet:-1","max-image-preview":"max-image-preview:large","max-video-preview":"max-video-preview:-1"},"canonical":"https:\/\/www.fusion.servicevision.es\/es\/rental\/","og_locale":"es_ES","og_type":"article","og_title":"Rental - ServiceVision","og_description":"[vc_row full_width=\u00bbstretch_row_content_no_spaces\u00bb content_placement=\u00bbtop\u00bb el_id=\u00bbhome-slider-principal\u00bb css=\u00bb.vc_custom_1673439702785{background-color: #000000 !important;}\u00bb][vc_column][vc_raw_html]JTIwJTVCc21hcnRzbGlkZXIzJTIwc2xpZGVyJTNEJTIyMiUyMiU1RCUyMA==[\/vc_raw_html][\/vc_column][\/vc_row][vc_row full_width=\u00bbstretch_row_content\u00bb][vc_column][vc_row_inner gap=\u00bb25&#8243; css=\u00bb.vc_custom_1673439961971{padding-top: 10px !important;padding-right: 30px !important;padding-bottom: 10px !important;padding-left: 30px !important;}\u00bb][vc_column_inner el_class=\u00bbhome_row_hover\u00bb width=\u00bb1\/4&#8243;][vc_raw_html el_class=\u00bbencabezado_home\u00bb]JTNDYSUyMGhyZWYlM0QlMjIlMkZlcyUyRnJlbnRhbCUyRmNhbWFyYXMlMkYlMjIlM0VDJUMzJTgxTUFSQVMlM0MlMkZhJTNF[\/vc_raw_html][vc_empty_space height=\u00bb30px\u00bb][vc_single_image image=\u00bb227&#8243; img_size=\u00bblarge\u00bb alignment=\u00bbcenter\u00bb onclick=\u00bbcustom_link\u00bb css_animation=\u00bbnone\u00bb link=\u00bb\/es\/rental\/camaras\/\u00bb el_class=\u00bbimage-frame\u00bb][\/vc_column_inner][vc_column_inner el_class=\u00bbhome_row_hover\u00bb width=\u00bb1\/4&#8243;][vc_raw_html el_class=\u00bbencabezado_home\u00bb]JTNDYSUyMGhyZWYlM0QlMjIlMkZlcyUyRnJlbnRhbCUyRmx1Y2VzJTJGJTIyJTNFTFVDRVMlM0MlMkZhJTNF[\/vc_raw_html][vc_empty_space height=\u00bb30px\u00bb][vc_single_image image=\u00bb234&#8243; img_size=\u00bblarge\u00bb alignment=\u00bbcenter\u00bb onclick=\u00bbcustom_link\u00bb css_animation=\u00bbnone\u00bb link=\u00bb\/es\/rental\/luces\/\u00bb el_class=\u00bbimage-frame\u00bb][\/vc_column_inner][vc_column_inner el_class=\u00bbhome_row_hover\u00bb width=\u00bb1\/4&#8243;][vc_raw_html el_class=\u00bbencabezado_home\u00bb]JTNDYSUyMGhyZWYlM0QlMjIlMkZlcyUyRnJlbnRhbCUyRmdyaXBzJTJGJTIyJTNFR1JJUFMlM0MlMkZhJTNF[\/vc_raw_html][vc_empty_space height=\u00bb30px\u00bb][vc_single_image image=\u00bb224&#8243; img_size=\u00bblarge\u00bb alignment=\u00bbcenter\u00bb onclick=\u00bbcustom_link\u00bb css_animation=\u00bbnone\u00bb link=\u00bb\/es\/rental\/grips\/\u00bb el_class=\u00bbimage-frame\u00bb][\/vc_column_inner][vc_column_inner el_class=\u00bbhome_row_hover\u00bb width=\u00bb1\/4&#8243;][vc_raw_html el_class=\u00bbencabezado_home\u00bb]JTNDYSUyMGhyZWYlM0QlMjIlMkZlcyUyRnJlbnRhbCUyRnBsYXRvJTJGJTIyJTNFUExBVCVDMyU5M1MlM0MlMkZhJTNF[\/vc_raw_html][vc_empty_space height=\u00bb30px\u00bb][vc_raw_html]JTNDYSUyMGhyZWYlM0QlMjIlMkZlcyUyRnJlbnRhbCUyRnBsYXRvJTJGJTIyJTNFJTNDaW1nJTIwc3JjJTNEJTIyaHR0cHMlM0ElMkYlMkZ3d3cuZnVzaW9uLnNlcnZpY2V2aXNpb24uZXMlMkZ3cC1jb250ZW50JTJGdXBsb2FkcyUyRjIwMjYlMkYwMyUyRnBsYXRvLTc2OHg2NDAtMS53ZWJwJTIyJTIwYWx0JTNEJTIyUGxhdCVDMyVCM3MlMjIlMjBzdHlsZSUzRCUyMndpZHRoJTNBJTIwMTAwJTI1JTNCJTIwaGVpZ2h0JTNBJTIwYXV0byUzQiUyMiUzRSUzQyUyRmElM0U=[\/vc_raw_html][\/vc_column_inner][\/vc_row_inner][\/vc_column][\/vc_row][vc_row&hellip;","og_url":"https:\/\/www.fusion.servicevision.es\/es\/rental\/","og_site_name":"ServiceVision","article_modified_time":"2026-03-24T16:56:21+00:00","twitter_card":"summary_large_image","twitter_misc":{"Tiempo de lectura":"1 minuto"},"schema":{"@context":"https:\/\/schema.org","@graph":[{"@type":"WebPage","@id":"https:\/\/www.fusion.servicevision.es\/es\/rental\/","url":"https:\/\/www.fusion.servicevision.es\/es\/rental\/","name":"Rental - ServiceVision","isPartOf":{"@id":"https:\/\/www.fusion.servicevision.es\/es\/#website"},"datePublished":"2026-03-15T05:52:57+00:00","dateModified":"2026-03-24T16:56:21+00:00","inLanguage":"es","potentialAction":[{"@type":"ReadAction","target":["https:\/\/www.fusion.servicevision.es\/es\/rental\/"]}]},{"@type":"WebSite","@id":"https:\/\/www.fusion.servicevision.es\/es\/#website","url":"https:\/\/www.fusion.servicevision.es\/es\/","name":"ServiceVision","description":"","potentialAction":[{"@type":"SearchAction","target":{"@type":"EntryPoint","urlTemplate":"https:\/\/www.fusion.servicevision.es\/es\/?s={search_term_string}"},"query-input":"required name=search_term_string"}],"inLanguage":"es"}]}},"_links":{"self":[{"href":"https:\/\/www.fusion.servicevision.es\/es\/wp-json\/wp\/v2\/pages\/3040"}],"collection":[{"href":"https:\/\/www.fusion.servicevision.es\/es\/wp-json\/wp\/v2\/pages"}],"about":[{"href":"https:\/\/www.fusion.servicevision.es\/es\/wp-json\/wp\/v2\/types\/page"}],"author":[{"embeddable":true,"href":"https:\/\/www.fusion.servicevision.es\/es\/wp-json\/wp\/v2\/users\/1"}],"replies":[{"embeddable":true,"href":"https:\/\/www.fusion.servicevision.es\/es\/wp-json\/wp\/v2\/comments?post=3040"}],"version-history":[{"count":13,"href":"https:\/\/www.fusion.servicevision.es\/es\/wp-json\/wp\/v2\/pages\/3040\/revisions"}],"predecessor-version":[{"id":8855,"href":"https:\/\/www.fusion.servicevision.es\/es\/wp-json\/wp\/v2\/pages\/3040\/revisions\/8855"}],"wp:attachment":[{"href":"https:\/\/www.fusion.servicevision.es\/es\/wp-json\/wp\/v2\/media?parent=3040"}],"curies":[{"name":"wp","href":"https:\/\/api.w.org\/{rel}","templated":true}]}}