{"id":2654,"date":"2022-12-07T10:04:13","date_gmt":"2022-12-07T10:04:13","guid":{"rendered":"https:\/\/www.fusion.servicevision.es\/?page_id=2654"},"modified":"2026-03-24T19:33:30","modified_gmt":"2026-03-24T19:33:30","slug":"scorpio","status":"publish","type":"page","link":"https:\/\/www.fusion.servicevision.es\/es\/scorpio\/","title":{"rendered":"Scorpio"},"content":{"rendered":"<p>[vc_row full_width=\u00bbstretch_row_content_no_spaces\u00bb content_placement=\u00bbtop\u00bb el_id=\u00bbhome-slider-principal\u00bb][vc_column]<script type=\"text\/javascript\" src=\"https:\/\/www.fusion.servicevision.es\/wp-content\/plugins\/revslider\/public\/assets\/js\/jquery.themepunch.tools.min.js?rev=5.4.8\"><\/script><script type=\"text\/javascript\" src=\"https:\/\/www.fusion.servicevision.es\/wp-content\/plugins\/revslider\/public\/assets\/js\/jquery.themepunch.revolution.min.js?rev=5.4.8\"><\/script>\n<div id=\"rev_slider_1_1_wrapper\" class=\"rev_slider_wrapper fullwidthbanner-container\" data-source=\"gallery\" style=\"margin:0px auto;background:transparent;padding:0px;margin-top:0px;margin-bottom:0px;\">\n<!-- START REVOLUTION SLIDER 5.4.8 auto mode -->\n\t<div id=\"rev_slider_1_1\" class=\"rev_slider fullwidthabanner\" style=\"display:none;\" data-version=\"5.4.8\">\n<ul>\t<!-- SLIDE  -->\n\t<li data-index=\"rs-1\" data-transition=\"fade\" data-slotamount=\"default\" data-hideafterloop=\"0\" data-hideslideonmobile=\"off\"  data-easein=\"default\" data-easeout=\"default\" data-masterspeed=\"300\"  data-rotate=\"0\"  data-saveperformance=\"off\"  data-title=\"Slide\" data-param1=\"\" data-param2=\"\" data-param3=\"\" data-param4=\"\" data-param5=\"\" data-param6=\"\" data-param7=\"\" data-param8=\"\" data-param9=\"\" data-param10=\"\" data-description=\"\">\n\t\t<!-- MAIN IMAGE -->\n\t\t<img src=\"https:\/\/www.fusion.servicevision.es\/wp-content\/uploads\/2018\/12\/fondo.jpg\"  alt=\"\" title=\"fondo\"  width=\"1900\" height=\"800\" data-bgposition=\"center center\" data-bgfit=\"cover\" class=\"rev-slidebg\" data-no-retina>\n\t\t<!-- LAYERS -->\n\n\t\t<!-- BACKGROUND VIDEO LAYER -->\n\t\t<div class=\"rs-background-video-layer\" \n\t\t\tdata-forcerewind=\"on\" \n\t\t\tdata-volume=\"mute\" \n\t\t\tdata-ytid=\"4aUYdqWE2ew\" \n\t\t\tdata-videoattributes=\"version=3&amp;enablejsapi=1&amp;html5=1&amp;hd=1&wmode=opaque&showinfo=0&rel=0;;origin=https:\/\/www.fusion.servicevision.es;\" \n\t\t\tdata-videorate=\"1\" \n\t\t\tdata-videowidth=\"100%\" \n\t\t\tdata-videoheight=\"100%\" \n\t\t\tdata-videocontrols=\"none\" \n\t\t\tdata-videoloop=\"loopandnoslidestop\" \n\t\t\tdata-forceCover=\"1\" \n\t\t\tdata-aspectratio=\"16:9\" \n\t\t\tdata-autoplay=\"true\" \n\t\t\tdata-autoplayonlyfirsttime=\"false\" \n><\/div>\t<\/li>\n<\/ul>\n<div class=\"tp-bannertimer tp-bottom\" style=\"visibility: hidden !important;\"><\/div>\t<\/div>\n<script>var htmlDiv = document.getElementById(\"rs-plugin-settings-inline-css\"); var htmlDivCss=\"\";\r\n\t\t\t\tif(htmlDiv) {\r\n\t\t\t\t\thtmlDiv.innerHTML = htmlDiv.innerHTML + htmlDivCss;\r\n\t\t\t\t}else{\r\n\t\t\t\t\tvar htmlDiv = document.createElement(\"div\");\r\n\t\t\t\t\thtmlDiv.innerHTML = \"<style>\" + htmlDivCss + \"<\/style>\";\r\n\t\t\t\t\tdocument.getElementsByTagName(\"head\")[0].appendChild(htmlDiv.childNodes[0]);\r\n\t\t\t\t}\r\n\t\t\t<\/script>\n\t\t<script type=\"text\/javascript\">\r\nif (setREVStartSize!==undefined) setREVStartSize(\r\n\t{c: '#rev_slider_1_1', gridwidth: [1240], gridheight: [860], sliderLayout: 'auto'});\r\n\t\t\t\r\nvar revapi1,\r\n\ttpj;\t\r\n(function() {\t\t\t\r\n\tif (!\/loaded|interactive|complete\/.test(document.readyState)) document.addEventListener(\"DOMContentLoaded\",onLoad); else onLoad();\t\r\n\tfunction onLoad() {\t\t\t\t\r\n\t\tif (tpj===undefined) { tpj = jQuery; if(\"off\" == \"on\") tpj.noConflict();}\r\n\tif(tpj(\"#rev_slider_1_1\").revolution == undefined){\n\t\trevslider_showDoubleJqueryError(\"#rev_slider_1_1\");\n\t}else{\n\t\trevapi1 = tpj(\"#rev_slider_1_1\").show().revolution({\n\t\t\tsliderType:\"hero\",\n\t\t\tjsFileLocation:\"\/\/www.fusion.servicevision.es\/wp-content\/plugins\/revslider\/public\/assets\/js\/\",\n\t\t\tsliderLayout:\"auto\",\n\t\t\tdottedOverlay:\"none\",\n\t\t\tdelay:9000,\n\t\t\tvisibilityLevels:[1240,1024,778,480],\n\t\t\tgridwidth:1240,\n\t\t\tgridheight:860,\n\t\t\tlazyType:\"none\",\n\t\t\tshadow:0,\n\t\t\tspinner:\"spinner0\",\n\t\t\tautoHeight:\"off\",\n\t\t\tdisableProgressBar:\"on\",\n\t\t\thideThumbsOnMobile:\"off\",\n\t\t\thideSliderAtLimit:0,\n\t\t\thideCaptionAtLimit:0,\n\t\t\thideAllCaptionAtLilmit:0,\n\t\t\tdebugMode:false,\n\t\t\tfallbacks: {\n\t\t\t\tsimplifyAll:\"off\",\n\t\t\t\tdisableFocusListener:false,\n\t\t\t}\n\t\t});\n\t}; \/* END OF revapi call *\/\n\t\n }; \/* END OF ON LOAD FUNCTION *\/\r\n}()); \/* END OF WRAPPING FUNCTION *\/\r\n<\/script>\r\n\t\t<\/div><!-- END REVOLUTION SLIDER -->[\/vc_column][\/vc_row][vc_row full_width=\u00bbstretch_row_content\u00bb css=\u00bb.vc_custom_1630426993559{margin-top: 0px !important;margin-bottom: 90px !important;}\u00bb][vc_column][vc_row_inner gap=\u00bb25&#8243; css=\u00bb.vc_custom_1630423350544{padding-top: 10px !important;padding-right: 30px !important;padding-bottom: 10px !important;padding-left: 30px !important;}\u00bb][vc_column_inner el_class=\u00bbhome_row_hover\u00bb width=\u00bb1\/4&#8243;][\/vc_column_inner][vc_column_inner el_class=\u00bbhome_row_hover\u00bb width=\u00bb1\/4&#8243;][vc_raw_html el_class=\u00bbencabezado_home\u00bb]JTNDYSUyMGhyZWYlM0QlMjIlMkZjb21wcmElMkZncnVhcy15LWNhYmV6YXMlMjIlM0VHUiVDMyU5QUFTJTIwWSUyMENBQkVaQVMlM0MlMkZhJTNF[\/vc_raw_html][vc_empty_space height=\u00bb30px\u00bb][vc_single_image image=\u00bb224&#8243; img_size=\u00bblarge\u00bb alignment=\u00bbcenter\u00bb onclick=\u00bbcustom_link\u00bb css_animation=\u00bbnone\u00bb link=\u00bb\/compra\/gruas-y-cabezas\u00bb el_class=\u00bbimage-frame\u00bb][\/vc_column_inner][vc_column_inner el_class=\u00bbhome_row_hover\u00bb width=\u00bb1\/4&#8243;][vc_raw_html el_class=\u00bbencabezado_home\u00bb]JTNDYSUyMGhyZWYlM0QlMjIlMkZjb21wcmElMkZvcHRpY2FzJTIyJTNFJUMzJTkzUFRJQ0FTJTNDJTJGYSUzRQ==[\/vc_raw_html][vc_empty_space height=\u00bb30px\u00bb][vc_single_image image=\u00bb227&#8243; img_size=\u00bblarge\u00bb alignment=\u00bbcenter\u00bb onclick=\u00bbcustom_link\u00bb css_animation=\u00bbnone\u00bb link=\u00bb\/compra\/opticas\u00bb el_class=\u00bbimage-frame\u00bb][\/vc_column_inner][vc_column_inner el_class=\u00bbhome_row_hover\u00bb width=\u00bb1\/4&#8243;][\/vc_column_inner][\/vc_row_inner][\/vc_column][\/vc_row][vc_row full_width=\u00bbstretch_row_content_no_spaces\u00bb equal_height=\u00bbyes\u00bb css=\u00bb.vc_custom_1673440886046{background-color: #ededed !important;}\u00bb][vc_column][vc_custom_heading text=\u00bbNOTICIAS\u00bb font_container=\u00bbtag:h1|text_align:center\u00bb use_theme_fonts=\u00bbyes\u00bb el_class=\u00bbhome_text_dashed encabezado-fuente\u00bb][vc_raw_html]JTNDZGl2JTIwY2xhc3MlM0QlMjJlbmNhYmV6YWRvLWxpbmUlMjIlM0UlM0MlMkZkaXYlM0U=[\/vc_raw_html][vc_column_text]<\/p>\n<h3 style=\"text-align: center;\">\u00daltimas noticias de SERVICEVISION<\/h3>\n<p>[\/vc_column_text][vc_empty_space height=\u00bb30px\u00bb][vc_row_inner el_class=\u00bbhome_noticias_grid\u00bb][vc_column_inner width=\u00bb1\/6&#8243;][\/vc_column_inner][vc_column_inner width=\u00bb2\/3&#8243;][vc_basic_grid post_type=\u00bbpost\u00bb max_items=\u00bb3&#8243; item=\u00bbmasonryGrid_OverlayWithRotation\u00bb initial_loading_animation=\u00bbnone\u00bb grid_id=\u00bbvc_gid:1706801844125-f5817f44-3a69-6&#8243; taxonomies=\u00bb89&#8243;][vc_empty_space][\/vc_column_inner][vc_column_inner width=\u00bb1\/6&#8243;][\/vc_column_inner][\/vc_row_inner][vc_empty_space height=\u00bb60px\u00bb][\/vc_column][\/vc_row][vc_row full_width=\u00bbstretch_row_content_no_spaces\u00bb el_class=\u00bbmailchimp_home\u00bb css=\u00bb.vc_custom_1630457159415{background-color: #000000 !important;}\u00bb][vc_column]\n<div class=\"wpcf7 no-js\" id=\"wpcf7-f1161-o1\" lang=\"es-ES\" dir=\"ltr\">\n<div class=\"screen-reader-response\"><p role=\"status\" aria-live=\"polite\" aria-atomic=\"true\"><\/p> <ul><\/ul><\/div>\n<form action=\"\/es\/wp-json\/wp\/v2\/pages\/2654#wpcf7-f1161-o1\" method=\"post\" class=\"wpcf7-form init\" aria-label=\"Formulario de contacto\" novalidate=\"novalidate\" data-status=\"init\">\n<div style=\"display: none;\">\n<input type=\"hidden\" name=\"_wpcf7\" value=\"1161\" \/>\n<input type=\"hidden\" name=\"_wpcf7_version\" value=\"5.7.7\" \/>\n<input type=\"hidden\" name=\"_wpcf7_locale\" value=\"es_ES\" \/>\n<input type=\"hidden\" name=\"_wpcf7_unit_tag\" value=\"wpcf7-f1161-o1\" \/>\n<input type=\"hidden\" name=\"_wpcf7_container_post\" value=\"0\" \/>\n<input type=\"hidden\" name=\"_wpcf7_posted_data_hash\" value=\"\" \/>\n<input type=\"hidden\" name=\"_wpcf7_recaptcha_response\" value=\"\" \/>\n<\/div>\n<div class=\"formulari-newsletter\">\n\t<h2>Suscr\u00edbete a nuestra Newsletter\n\t<\/h2>\n\t<div class=\"newsletter-contact-form\">\n\t\t<p><span class=\"wpcf7-form-control-wrap\" data-name=\"your-email\"><input size=\"40\" class=\"wpcf7-form-control wpcf7-text wpcf7-email wpcf7-validates-as-required wpcf7-validates-as-email\" aria-required=\"true\" aria-invalid=\"false\" value=\"\" type=\"email\" name=\"your-email\" \/><\/span><input class=\"wpcf7-form-control has-spinner wpcf7-submit\" type=\"submit\" value=\"Suscribirse\" \/>\n\t\t<\/p>\n\t<\/div>\n\t<div class=\"checkbox-newsletter\">\n\t\t<p><!-- Mailchimp for WordPress v4.8.10 - https:\/\/www.mc4wp.com\/ --><input type=\"hidden\" name=\"_mc4wp_subscribe_contact-form-7\" value=\"0\" \/><span class=\" mc4wp-checkbox mc4wp-checkbox-contact-form-7\" ><label><input type=\"checkbox\" name=\"_mc4wp_subscribe_contact-form-7\" value=\"1\"  \/><span>\u00a1Suscr\u00edbeme a la lista de correo!<\/span><\/label><\/span><!-- \/ Mailchimp for WordPress -->\n\t\t<\/p>\n\t<\/div>\n<\/div>\n<div class=\"formulari-newsletter-text\">\n\t<p>SERVICEVISION BIS, S.L. como responsable del tratamiento tratar\u00e1 tus datos con la finalidad de remitirte nuestra newsletter con novedades comerciales sobre nuestros servicios. Puedes acceder, rectificar y suprimir tus datos, as\u00ed como ejercer otros derechos consultando la informaci\u00f3n adicional y detallada sobre protecci\u00f3n de datos en nuestra <a href=\"\/politica-de-privacidad\" target=\"_blank\">Pol\u00edtica de privacidad<\/a>.<br \/>\n<span class=\"wpcf7-form-control-wrap\" data-name=\"acceptance-334\"><span class=\"wpcf7-form-control wpcf7-acceptance optional\"><span class=\"wpcf7-list-item\"><label><input type=\"checkbox\" name=\"acceptance-334\" value=\"1\" aria-invalid=\"false\" \/><span class=\"wpcf7-list-item-label\">He le\u00eddo y acepto las condiciones contenidas en la <a href=\"\/politica-de-privacidad\" target=\"_blank\">Pol\u00edtica de privacidad<\/a> sobre el tratamiento de mis datos para el env\u00edo de la newsletter<\/span><\/label><\/span><\/span><\/span>\n\t<\/p>\n<\/div><p style=\"display: none !important;\"><label>&#916;<textarea name=\"_wpcf7_ak_hp_textarea\" cols=\"45\" rows=\"8\" maxlength=\"100\"><\/textarea><\/label><input type=\"hidden\" id=\"ak_js_1\" name=\"_wpcf7_ak_js\" value=\"204\"\/><script>document.getElementById( \"ak_js_1\" ).setAttribute( \"value\", ( new Date() ).getTime() );<\/script><\/p><div class=\"wpcf7-response-output\" aria-hidden=\"true\"><\/div>\n<\/form>\n<\/div>\n[\/vc_column][\/vc_row][vc_row][vc_column][vc_empty_space height=\u00bb60px\u00bb][\/vc_column][\/vc_row][vc_row][vc_column width=\u00bb1\/6&#8243;][\/vc_column][vc_column width=\u00bb1\/6&#8243;][\/vc_column][\/vc_row]<\/p>\n","protected":false},"excerpt":{"rendered":"<p>[vc_row full_width=\u00bbstretch_row_content_no_spaces\u00bb content_placement=\u00bbtop\u00bb el_id=\u00bbhome-slider-principal\u00bb][vc_column][\/vc_column][\/vc_row][vc_row full_width=\u00bbstretch_row_content\u00bb css=\u00bb.vc_custom_1630426993559{margin-top: 0px !important;margin-bottom: 90px !important;}\u00bb][vc_column][vc_row_inner gap=\u00bb25&#8243; css=\u00bb.vc_custom_1630423350544{padding-top: 10px !important;padding-right: 30px !important;padding-bottom: 10px !important;padding-left: 30px !important;}\u00bb][vc_column_inner el_class=\u00bbhome_row_hover\u00bb width=\u00bb1\/4&#8243;][\/vc_column_inner][vc_column_inner el_class=\u00bbhome_row_hover\u00bb width=\u00bb1\/4&#8243;][vc_raw_html el_class=\u00bbencabezado_home\u00bb]JTNDYSUyMGhyZWYlM0QlMjIlMkZjb21wcmElMkZncnVhcy15LWNhYmV6YXMlMjIlM0VHUiVDMyU5QUFTJTIwWSUyMENBQkVaQVMlM0MlMkZhJTNF[\/vc_raw_html][vc_empty_space height=\u00bb30px\u00bb][vc_single_image image=\u00bb224&#8243; img_size=\u00bblarge\u00bb alignment=\u00bbcenter\u00bb onclick=\u00bbcustom_link\u00bb css_animation=\u00bbnone\u00bb link=\u00bb\/compra\/gruas-y-cabezas\u00bb el_class=\u00bbimage-frame\u00bb][\/vc_column_inner][vc_column_inner el_class=\u00bbhome_row_hover\u00bb width=\u00bb1\/4&#8243;][vc_raw_html el_class=\u00bbencabezado_home\u00bb]JTNDYSUyMGhyZWYlM0QlMjIlMkZjb21wcmElMkZvcHRpY2FzJTIyJTNFJUMzJTkzUFRJQ0FTJTNDJTJGYSUzRQ==[\/vc_raw_html][vc_empty_space height=\u00bb30px\u00bb][vc_single_image image=\u00bb227&#8243; img_size=\u00bblarge\u00bb alignment=\u00bbcenter\u00bb onclick=\u00bbcustom_link\u00bb css_animation=\u00bbnone\u00bb link=\u00bb\/compra\/opticas\u00bb el_class=\u00bbimage-frame\u00bb][\/vc_column_inner][vc_column_inner el_class=\u00bbhome_row_hover\u00bb width=\u00bb1\/4&#8243;][\/vc_column_inner][\/vc_row_inner][\/vc_column][\/vc_row][vc_row full_width=\u00bbstretch_row_content_no_spaces\u00bb equal_height=\u00bbyes\u00bb css=\u00bb.vc_custom_1673440886046{background-color: #ededed !important;}\u00bb][vc_column][vc_custom_heading text=\u00bbNOTICIAS\u00bb font_container=\u00bbtag:h1|text_align:center\u00bb use_theme_fonts=\u00bbyes\u00bb el_class=\u00bbhome_text_dashed&hellip;<\/p>\n","protected":false},"author":1,"featured_media":0,"parent":0,"menu_order":0,"comment_status":"closed","ping_status":"closed","template":"","meta":[],"yoast_head":"<!-- This site is optimized with the Yoast SEO plugin v19.9 - https:\/\/yoast.com\/wordpress\/plugins\/seo\/ -->\n<title>Scorpio - ServiceVision<\/title>\n<meta name=\"description\" content=\"Servicevision es una singular empresa, fundada en 1986 por los hermanos Andr\u00e9s y Alfredo Vall\u00e9s con el objetivo de prestar servicios t\u00e9cnicos a la industria cinematogr\u00e1fica.\" \/>\n<meta name=\"robots\" content=\"index, follow, max-snippet:-1, max-image-preview:large, max-video-preview:-1\" \/>\n<link rel=\"canonical\" href=\"https:\/\/www.fusion.servicevision.es\/es\/scorpio\/\" \/>\n<meta property=\"og:locale\" content=\"es_ES\" \/>\n<meta property=\"og:type\" content=\"article\" \/>\n<meta property=\"og:title\" content=\"Scorpio - ServiceVision\" \/>\n<meta property=\"og:description\" content=\"Servicevision es una singular empresa, fundada en 1986 por los hermanos Andr\u00e9s y Alfredo Vall\u00e9s con el objetivo de prestar servicios t\u00e9cnicos a la industria cinematogr\u00e1fica.\" \/>\n<meta property=\"og:url\" content=\"https:\/\/www.fusion.servicevision.es\/es\/scorpio\/\" \/>\n<meta property=\"og:site_name\" content=\"ServiceVision\" \/>\n<meta property=\"article:modified_time\" content=\"2026-03-24T19:33:30+00:00\" \/>\n<meta name=\"twitter:card\" content=\"summary_large_image\" \/>\n<meta name=\"twitter:label1\" content=\"Tiempo de lectura\" \/>\n\t<meta name=\"twitter:data1\" content=\"1 minuto\" \/>\n<script type=\"application\/ld+json\" class=\"yoast-schema-graph\">{\"@context\":\"https:\/\/schema.org\",\"@graph\":[{\"@type\":\"WebPage\",\"@id\":\"https:\/\/www.fusion.servicevision.es\/es\/scorpio\/\",\"url\":\"https:\/\/www.fusion.servicevision.es\/es\/scorpio\/\",\"name\":\"Scorpio - ServiceVision\",\"isPartOf\":{\"@id\":\"https:\/\/www.fusion.servicevision.es\/es\/#website\"},\"datePublished\":\"2022-12-07T10:04:13+00:00\",\"dateModified\":\"2026-03-24T19:33:30+00:00\",\"description\":\"Servicevision es una singular empresa, fundada en 1986 por los hermanos Andr\u00e9s y Alfredo Vall\u00e9s con el objetivo de prestar servicios t\u00e9cnicos a la industria cinematogr\u00e1fica.\",\"inLanguage\":\"es\",\"potentialAction\":[{\"@type\":\"ReadAction\",\"target\":[\"https:\/\/www.fusion.servicevision.es\/es\/scorpio\/\"]}]},{\"@type\":\"WebSite\",\"@id\":\"https:\/\/www.fusion.servicevision.es\/es\/#website\",\"url\":\"https:\/\/www.fusion.servicevision.es\/es\/\",\"name\":\"ServiceVision\",\"description\":\"\",\"potentialAction\":[{\"@type\":\"SearchAction\",\"target\":{\"@type\":\"EntryPoint\",\"urlTemplate\":\"https:\/\/www.fusion.servicevision.es\/es\/?s={search_term_string}\"},\"query-input\":\"required name=search_term_string\"}],\"inLanguage\":\"es\"}]}<\/script>\n<!-- \/ Yoast SEO plugin. -->","yoast_head_json":{"title":"Scorpio - ServiceVision","description":"Servicevision es una singular empresa, fundada en 1986 por los hermanos Andr\u00e9s y Alfredo Vall\u00e9s con el objetivo de prestar servicios t\u00e9cnicos a la industria cinematogr\u00e1fica.","robots":{"index":"index","follow":"follow","max-snippet":"max-snippet:-1","max-image-preview":"max-image-preview:large","max-video-preview":"max-video-preview:-1"},"canonical":"https:\/\/www.fusion.servicevision.es\/es\/scorpio\/","og_locale":"es_ES","og_type":"article","og_title":"Scorpio - ServiceVision","og_description":"Servicevision es una singular empresa, fundada en 1986 por los hermanos Andr\u00e9s y Alfredo Vall\u00e9s con el objetivo de prestar servicios t\u00e9cnicos a la industria cinematogr\u00e1fica.","og_url":"https:\/\/www.fusion.servicevision.es\/es\/scorpio\/","og_site_name":"ServiceVision","article_modified_time":"2026-03-24T19:33:30+00:00","twitter_card":"summary_large_image","twitter_misc":{"Tiempo de lectura":"1 minuto"},"schema":{"@context":"https:\/\/schema.org","@graph":[{"@type":"WebPage","@id":"https:\/\/www.fusion.servicevision.es\/es\/scorpio\/","url":"https:\/\/www.fusion.servicevision.es\/es\/scorpio\/","name":"Scorpio - ServiceVision","isPartOf":{"@id":"https:\/\/www.fusion.servicevision.es\/es\/#website"},"datePublished":"2022-12-07T10:04:13+00:00","dateModified":"2026-03-24T19:33:30+00:00","description":"Servicevision es una singular empresa, fundada en 1986 por los hermanos Andr\u00e9s y Alfredo Vall\u00e9s con el objetivo de prestar servicios t\u00e9cnicos a la industria cinematogr\u00e1fica.","inLanguage":"es","potentialAction":[{"@type":"ReadAction","target":["https:\/\/www.fusion.servicevision.es\/es\/scorpio\/"]}]},{"@type":"WebSite","@id":"https:\/\/www.fusion.servicevision.es\/es\/#website","url":"https:\/\/www.fusion.servicevision.es\/es\/","name":"ServiceVision","description":"","potentialAction":[{"@type":"SearchAction","target":{"@type":"EntryPoint","urlTemplate":"https:\/\/www.fusion.servicevision.es\/es\/?s={search_term_string}"},"query-input":"required name=search_term_string"}],"inLanguage":"es"}]}},"_links":{"self":[{"href":"https:\/\/www.fusion.servicevision.es\/es\/wp-json\/wp\/v2\/pages\/2654"}],"collection":[{"href":"https:\/\/www.fusion.servicevision.es\/es\/wp-json\/wp\/v2\/pages"}],"about":[{"href":"https:\/\/www.fusion.servicevision.es\/es\/wp-json\/wp\/v2\/types\/page"}],"author":[{"embeddable":true,"href":"https:\/\/www.fusion.servicevision.es\/es\/wp-json\/wp\/v2\/users\/1"}],"replies":[{"embeddable":true,"href":"https:\/\/www.fusion.servicevision.es\/es\/wp-json\/wp\/v2\/comments?post=2654"}],"version-history":[{"count":12,"href":"https:\/\/www.fusion.servicevision.es\/es\/wp-json\/wp\/v2\/pages\/2654\/revisions"}],"predecessor-version":[{"id":5595,"href":"https:\/\/www.fusion.servicevision.es\/es\/wp-json\/wp\/v2\/pages\/2654\/revisions\/5595"}],"wp:attachment":[{"href":"https:\/\/www.fusion.servicevision.es\/es\/wp-json\/wp\/v2\/media?parent=2654"}],"curies":[{"name":"wp","href":"https:\/\/api.w.org\/{rel}","templated":true}]}}