{"id":18,"date":"2018-12-17T05:26:26","date_gmt":"2018-12-17T05:26:26","guid":{"rendered":"http:\/\/servicevisionland.bcntic.com\/?page_id=18"},"modified":"2023-01-30T12:04:05","modified_gmt":"2023-01-30T12:04:05","slug":"servicevision","status":"publish","type":"page","link":"https:\/\/www.fusion.servicevision.es\/es\/servicevision\/","title":{"rendered":"Servicevision"},"content":{"rendered":"<p>[vc_row][vc_column][vc_custom_heading text=\u00bbEMPRESA\u00bb font_container=\u00bbtag:h2|text_align:center\u00bb use_theme_fonts=\u00bbyes\u00bb][vc_raw_html]JTNDZGl2JTIwY2xhc3MlM0QlMjJlbmNhYmV6YWRvLWxpbmUlMjIlM0UlM0MlMkZkaXYlM0U=[\/vc_raw_html][\/vc_column][\/vc_row][vc_row][vc_column][vc_column_text css=\u00bb.vc_custom_1632302711426{padding-top: 30px !important;}\u00bb]<\/p>\n<p style=\"text-align: justify;\"><strong>SERVICEVISION<\/strong> es una singular empresa, fundada en Barcelona en 1986 por los hermanos Andr\u00e9s y Alfredo Vall\u00e9s con el objetivo de prestar servicios t\u00e9cnicos a la industria cinematogr\u00e1fica. La empresa se inici\u00f3 con el desarrollo de sistemas \u00f3pticos y m\u00e1s adelante se introdujo en la fabricaci\u00f3n y alquiler de equipos para rodajes cinematogr\u00e1ficos. En pel\u00edculas como El se\u00f1or de los anillos, King Kong, James Bond o Superman,los soportes de las c\u00e1maras presentan el emblem\u00e1tico escorpi\u00f3n de Servicevision, cuyas gr\u00faas, cabezas calientes y mandos remotos se pueden ver en rodajes en cualquier lugar del mundo. Nuestro edificio alberga tambi\u00e9n un conjunto de plat\u00f3s para cine y televisi\u00f3n.<\/p>\n<p>[\/vc_column_text][vc_empty_space][vc_gallery type=\u00bbflexslider_slide\u00bb interval=\u00bb0&#8243; images=\u00bb2448,2468,2452,2456,2462,2458,2460,2464,2466,2454&#8243; img_size=\u00bbfull\u00bb][\/vc_column][\/vc_row][vc_row equal_height=\u00bbyes\u00bb content_placement=\u00bbbottom\u00bb css=\u00bb.vc_custom_1672849849553{padding-bottom: 15px !important;}\u00bb][vc_column width=\u00bb1\/2&#8243;][vc_custom_heading text=\u00bbLA MARCA SCORPIO\u00bb font_container=\u00bbtag:h3|text_align:center\u00bb use_theme_fonts=\u00bbyes\u00bb][vc_raw_html]JTNDZGl2JTIwY2xhc3MlM0QlMjJlbmNhYmV6YWRvLWxpbmUlMjIlM0UlM0MlMkZkaXYlM0U=[\/vc_raw_html][vc_empty_space][vc_column_text]<\/p>\n<div class=\"field field-name-body field-type-text-with-summary field-label-hidden\">\n<div class=\"field-items\">\n<div class=\"field-item even\">\n<p>Servicevision es el resultado del trabajo constante de un equipo movido por la determinaci\u00f3n de los hermanos Vall\u00e9s de crear en Espa\u00f1a nuevos y sofisticados equipos que permitan a las c\u00e1maras de cine o video moverse con gran estabilidad, as\u00ed como controlar remotamente sus par\u00e1metros. Servicevision es una empresa en la que trabajan m\u00e1s de <strong>50 empleados en el desarrollo, fabricaci\u00f3n y alquiler de equipos<\/strong>.<\/p>\n<p>Nuestra sede central est\u00e1 situada en <strong>Cornell\u00e1 de Llobregat (Barcelona)<\/strong>, junto a la Ronda de Dalt, muy cercana al Aeropuerto del Prat. El buen desarrollo de la compa\u00f1\u00eda y el crecimiento de nuestras actividades, nos ha creado la necesidad de construir un edificio de siete plantas en el que se dise\u00f1an y fabrican los equipos, se almacena y gestionan los alquileres y d\u00f3nde se han construido cuatro plat\u00f3s.<\/p>\n<p>En total la sede de Servicevision dispone de una superficie construida de m\u00e1s de <strong>12.000 m<sup>2<\/sup><\/strong>.<\/p>\n<p>Los hermanos Vall\u00e9s fundaron a\u00f1os despu\u00e9s<strong> Servicevison USA<\/strong> como sede en Estados Unidos para ofrecer servicios de alquiler y de post venta de los equipos Scorpio dise\u00f1ados y fabricados en la empresa madre Servicevision Bis S.L. de Espa\u00f1a.<\/p>\n<\/div>\n<\/div>\n<\/div>\n<p>[\/vc_column_text][\/vc_column][vc_column width=\u00bb1\/2&#8243;][vc_gallery interval=\u00bb0&#8243; images=\u00bb2471,2473,2475&#8243; img_size=\u00bbfull\u00bb][\/vc_column][\/vc_row][vc_row equal_height=\u00bbyes\u00bb][vc_column width=\u00bb1\/2&#8243;][vc_gallery interval=\u00bb3&#8243; images=\u00bb2478,2480,2482,2484,2486,2488,2490,2492,2494,2496,2498&#8243; img_size=\u00bbfull\u00bb][\/vc_column][vc_column width=\u00bb1\/2&#8243;][vc_custom_heading text=\u00bbFABRICACI\u00d3N\u00bb font_container=\u00bbtag:h3|text_align:center\u00bb use_theme_fonts=\u00bbyes\u00bb][vc_raw_html]JTNDZGl2JTIwY2xhc3MlM0QlMjJlbmNhYmV6YWRvLWxpbmUlMjIlM0UlM0MlMkZkaXYlM0U=[\/vc_raw_html][vc_empty_space][vc_column_text]<\/p>\n<p style=\"text-align: right;\"><strong>Servicevision<\/strong> se ha especializado en el dise\u00f1o y fabricaci\u00f3n de soportes para el movimiento de <strong>c\u00e1maras: gr\u00faas, travellings, cabezas calientes, mandos remotos, \u00f3pticas especiales y grabadores para video asistencia<\/strong>.<\/p>\n<p style=\"text-align: right;\">Todos los equipos muy especializados, con oferta en el mercado internacional, que incorporan tecnolog\u00eda electr\u00f3nica avanzada.<\/p>\n<p>[\/vc_column_text][\/vc_column][\/vc_row][vc_row equal_height=\u00bbyes\u00bb content_placement=\u00bbmiddle\u00bb][vc_column width=\u00bb1\/2&#8243;][vc_custom_heading text=\u00bbINSTALACIONES\u00bb font_container=\u00bbtag:h3|text_align:center\u00bb use_theme_fonts=\u00bbyes\u00bb][vc_raw_html]JTNDZGl2JTIwY2xhc3MlM0QlMjJlbmNhYmV6YWRvLWxpbmUlMjIlM0UlM0MlMkZkaXYlM0U=[\/vc_raw_html][vc_empty_space][vc_column_text]Para la fabricaci\u00f3n y mantenimiento de estos equipos <strong>Servicevision<\/strong> dispone de talleres de <strong>I+D<\/strong> que atienden las \u00e1reas de software, electr\u00f3nica, \u00f3ptica y mec\u00e1nica, aparte de las naves de fabricaci\u00f3n y ensamblaje, dotadas de <strong>m\u00e1quinas de alta tecnolog\u00eda para los procesos de fabricaci\u00f3n, control de calidad y bancos de prueba<\/strong>. Todos los elementos son dise\u00f1ados y fabricados en la planta de Servicevision, ya que contamos con personal especializado en las diferentes \u00e1reas, especialmente de mec\u00e1nica, electr\u00f3nica y \u00f3ptica.<\/p>\n<p>Para el desarrollo de los prototipos y aprovechando la actividad paralela de alquiler, tenemos muy en cuenta todas las sugerencias de los clientes, a quienes acudimos para testar los prototipos antes de sacar los productos definitivos al mercado. La relaci\u00f3n que se establece con los clientes es muy estrecha, ofreciendo garant\u00eda a nuestros equipos y atenci\u00f3n t\u00e9cnica durante los rodajes.[\/vc_column_text][\/vc_column][vc_column width=\u00bb1\/2&#8243;][vc_gallery interval=\u00bb0&#8243; images=\u00bb2502,2504,2506,2508,2510,2512,2514,2516,2518&#8243; img_size=\u00bbfull\u00bb][\/vc_column][\/vc_row][vc_row][vc_column][vc_custom_heading text=\u00bbSERVICIOS DE ALQUILER\u00bb font_container=\u00bbtag:h3|text_align:center\u00bb use_theme_fonts=\u00bbyes\u00bb][vc_raw_html]JTNDZGl2JTIwY2xhc3MlM0QlMjJlbmNhYmV6YWRvLWxpbmUlMjIlM0UlM0MlMkZkaXYlM0U=[\/vc_raw_html][\/vc_column][\/vc_row][vc_row][vc_column][vc_column_text css=\u00bb.vc_custom_1632302722498{padding-top: 30px !important;}\u00bb]<\/p>\n<p style=\"text-align: justify;\">Una actividad muy importante de <strong>Servicevision<\/strong> es el alquiler de equipos para rodajes de cine y televisi\u00f3n (<strong>C\u00e1maras, \u00d3pticas, Luces, Gr\u00faas; Plat\u00f3s<\/strong>\u2026.). Disponemos de almacenes con servicio de entrega 24 horas y talleres de reparaci\u00f3n, transformaci\u00f3n y colimaci\u00f3n de objetivos, con equipos de precisi\u00f3n y personal t\u00e9cnico. En el a\u00f1o 2004 naci\u00f3 S<strong>ervicevision USA<\/strong> en Los \u00c1ngeles, para desde all\u00ed poder prestar nuestros servicios al resto del mundo con mayor eficacia.<\/p>\n<p>[\/vc_column_text][vc_empty_space][vc_gallery interval=\u00bb0&#8243; images=\u00bb2522,2524,2526,2528,2530,2532,2534,2536,2538,2540&#8243; img_size=\u00bbfull\u00bb][\/vc_column][\/vc_row]<\/p>\n","protected":false},"excerpt":{"rendered":"<p>[vc_row][vc_column][vc_custom_heading text=\u00bbEMPRESA\u00bb font_container=\u00bbtag:h2|text_align:center\u00bb use_theme_fonts=\u00bbyes\u00bb][vc_raw_html]JTNDZGl2JTIwY2xhc3MlM0QlMjJlbmNhYmV6YWRvLWxpbmUlMjIlM0UlM0MlMkZkaXYlM0U=[\/vc_raw_html][\/vc_column][\/vc_row][vc_row][vc_column][vc_column_text css=\u00bb.vc_custom_1632302711426{padding-top: 30px !important;}\u00bb] SERVICEVISION es una singular empresa, fundada en Barcelona en 1986 por los hermanos Andr\u00e9s y Alfredo Vall\u00e9s con el objetivo de prestar servicios t\u00e9cnicos a la industria cinematogr\u00e1fica. La empresa se inici\u00f3 con el desarrollo de sistemas \u00f3pticos y m\u00e1s adelante se introdujo en la fabricaci\u00f3n y alquiler&hellip;<\/p>\n","protected":false},"author":1,"featured_media":0,"parent":0,"menu_order":0,"comment_status":"closed","ping_status":"closed","template":"","meta":[],"yoast_head":"<!-- This site is optimized with the Yoast SEO plugin v19.9 - https:\/\/yoast.com\/wordpress\/plugins\/seo\/ -->\n<title>Servicevision - ServiceVision<\/title>\n<meta name=\"description\" content=\"Servicevision: fabricaci\u00f3n y alquiler de equipos para la industria cinematogr\u00e1fica\" \/>\n<meta name=\"robots\" content=\"index, follow, max-snippet:-1, max-image-preview:large, max-video-preview:-1\" \/>\n<link rel=\"canonical\" href=\"https:\/\/www.fusion.servicevision.es\/es\/servicevision\/\" \/>\n<meta property=\"og:locale\" content=\"es_ES\" \/>\n<meta property=\"og:type\" content=\"article\" \/>\n<meta property=\"og:title\" content=\"Servicevision - ServiceVision\" \/>\n<meta property=\"og:description\" content=\"Servicevision: fabricaci\u00f3n y alquiler de equipos para la industria cinematogr\u00e1fica\" \/>\n<meta property=\"og:url\" content=\"https:\/\/www.fusion.servicevision.es\/es\/servicevision\/\" \/>\n<meta property=\"og:site_name\" content=\"ServiceVision\" \/>\n<meta property=\"article:modified_time\" content=\"2023-01-30T12:04:05+00:00\" \/>\n<meta name=\"twitter:card\" content=\"summary_large_image\" \/>\n<meta name=\"twitter:label1\" content=\"Tiempo de lectura\" \/>\n\t<meta name=\"twitter:data1\" content=\"3 minutos\" \/>\n<script type=\"application\/ld+json\" class=\"yoast-schema-graph\">{\"@context\":\"https:\/\/schema.org\",\"@graph\":[{\"@type\":\"WebPage\",\"@id\":\"https:\/\/www.fusion.servicevision.es\/es\/servicevision\/\",\"url\":\"https:\/\/www.fusion.servicevision.es\/es\/servicevision\/\",\"name\":\"Servicevision - ServiceVision\",\"isPartOf\":{\"@id\":\"https:\/\/www.fusion.servicevision.es\/es\/#website\"},\"datePublished\":\"2018-12-17T05:26:26+00:00\",\"dateModified\":\"2023-01-30T12:04:05+00:00\",\"description\":\"Servicevision: fabricaci\u00f3n y alquiler de equipos para la industria cinematogr\u00e1fica\",\"inLanguage\":\"es\",\"potentialAction\":[{\"@type\":\"ReadAction\",\"target\":[\"https:\/\/www.fusion.servicevision.es\/es\/servicevision\/\"]}]},{\"@type\":\"WebSite\",\"@id\":\"https:\/\/www.fusion.servicevision.es\/es\/#website\",\"url\":\"https:\/\/www.fusion.servicevision.es\/es\/\",\"name\":\"ServiceVision\",\"description\":\"\",\"potentialAction\":[{\"@type\":\"SearchAction\",\"target\":{\"@type\":\"EntryPoint\",\"urlTemplate\":\"https:\/\/www.fusion.servicevision.es\/es\/?s={search_term_string}\"},\"query-input\":\"required name=search_term_string\"}],\"inLanguage\":\"es\"}]}<\/script>\n<!-- \/ Yoast SEO plugin. -->","yoast_head_json":{"title":"Servicevision - ServiceVision","description":"Servicevision: fabricaci\u00f3n y alquiler de equipos para la industria cinematogr\u00e1fica","robots":{"index":"index","follow":"follow","max-snippet":"max-snippet:-1","max-image-preview":"max-image-preview:large","max-video-preview":"max-video-preview:-1"},"canonical":"https:\/\/www.fusion.servicevision.es\/es\/servicevision\/","og_locale":"es_ES","og_type":"article","og_title":"Servicevision - ServiceVision","og_description":"Servicevision: fabricaci\u00f3n y alquiler de equipos para la industria cinematogr\u00e1fica","og_url":"https:\/\/www.fusion.servicevision.es\/es\/servicevision\/","og_site_name":"ServiceVision","article_modified_time":"2023-01-30T12:04:05+00:00","twitter_card":"summary_large_image","twitter_misc":{"Tiempo de lectura":"3 minutos"},"schema":{"@context":"https:\/\/schema.org","@graph":[{"@type":"WebPage","@id":"https:\/\/www.fusion.servicevision.es\/es\/servicevision\/","url":"https:\/\/www.fusion.servicevision.es\/es\/servicevision\/","name":"Servicevision - ServiceVision","isPartOf":{"@id":"https:\/\/www.fusion.servicevision.es\/es\/#website"},"datePublished":"2018-12-17T05:26:26+00:00","dateModified":"2023-01-30T12:04:05+00:00","description":"Servicevision: fabricaci\u00f3n y alquiler de equipos para la industria cinematogr\u00e1fica","inLanguage":"es","potentialAction":[{"@type":"ReadAction","target":["https:\/\/www.fusion.servicevision.es\/es\/servicevision\/"]}]},{"@type":"WebSite","@id":"https:\/\/www.fusion.servicevision.es\/es\/#website","url":"https:\/\/www.fusion.servicevision.es\/es\/","name":"ServiceVision","description":"","potentialAction":[{"@type":"SearchAction","target":{"@type":"EntryPoint","urlTemplate":"https:\/\/www.fusion.servicevision.es\/es\/?s={search_term_string}"},"query-input":"required name=search_term_string"}],"inLanguage":"es"}]}},"_links":{"self":[{"href":"https:\/\/www.fusion.servicevision.es\/es\/wp-json\/wp\/v2\/pages\/18"}],"collection":[{"href":"https:\/\/www.fusion.servicevision.es\/es\/wp-json\/wp\/v2\/pages"}],"about":[{"href":"https:\/\/www.fusion.servicevision.es\/es\/wp-json\/wp\/v2\/types\/page"}],"author":[{"embeddable":true,"href":"https:\/\/www.fusion.servicevision.es\/es\/wp-json\/wp\/v2\/users\/1"}],"replies":[{"embeddable":true,"href":"https:\/\/www.fusion.servicevision.es\/es\/wp-json\/wp\/v2\/comments?post=18"}],"version-history":[{"count":15,"href":"https:\/\/www.fusion.servicevision.es\/es\/wp-json\/wp\/v2\/pages\/18\/revisions"}],"predecessor-version":[{"id":2870,"href":"https:\/\/www.fusion.servicevision.es\/es\/wp-json\/wp\/v2\/pages\/18\/revisions\/2870"}],"wp:attachment":[{"href":"https:\/\/www.fusion.servicevision.es\/es\/wp-json\/wp\/v2\/media?parent=18"}],"curies":[{"name":"wp","href":"https:\/\/api.w.org\/{rel}","templated":true}]}}