{"id":16073,"date":"2019-06-03T11:38:57","date_gmt":"2019-06-03T11:38:57","guid":{"rendered":"http:\/\/servicevisionalq.bcntic.com\/?page_id=1710"},"modified":"2026-03-27T03:42:48","modified_gmt":"2026-03-27T03:42:48","slug":"opticas","status":"publish","type":"page","link":"https:\/\/www.fusion.servicevision.es\/es\/scorpio\/opticas\/","title":{"rendered":"Opticas"},"content":{"rendered":"<p>[vc_row][vc_column][vc_column_text]<div id=\"mega-menu-wrap-max_mega_menu_1\" class=\"mega-menu-wrap\"><div class=\"mega-menu-toggle\"><div class=\"mega-toggle-blocks-left\"><\/div><div class=\"mega-toggle-blocks-center\"><\/div><div class=\"mega-toggle-blocks-right\"><div class='mega-toggle-block mega-menu-toggle-animated-block mega-toggle-block-0' id='mega-toggle-block-0'><button aria-label=\"Toggle Menu\" class=\"mega-toggle-animated mega-toggle-animated-slider\" type=\"button\" aria-expanded=\"false\">\n                  <span class=\"mega-toggle-animated-box\">\n                    <span class=\"mega-toggle-animated-inner\"><\/span>\n                  <\/span>\n                <\/button><\/div><\/div><\/div><ul id=\"mega-menu-max_mega_menu_1\" class=\"mega-menu max-mega-menu mega-menu-horizontal mega-no-js\" data-event=\"hover\" data-effect=\"fade_up\" data-effect-speed=\"200\" data-effect-mobile=\"disabled\" data-effect-speed-mobile=\"0\" data-mobile-force-width=\"false\" data-second-click=\"go\" data-document-click=\"collapse\" data-vertical-behaviour=\"accordion\" data-breakpoint=\"600\" data-unbind=\"true\" data-mobile-state=\"collapse_all\" data-mobile-direction=\"vertical\" data-hover-intent-timeout=\"300\" data-hover-intent-interval=\"100\" data-sticky-enabled=\"true\" data-sticky-desktop=\"true\" data-sticky-mobile=\"false\" data-sticky-offset=\"260\" data-sticky-expand=\"false\" data-sticky-expand-mobile=\"false\"><li class=\"mega-menu-item mega-menu-item-type-custom mega-menu-item-object-custom mega-menu-item-has-children mega-align-bottom-left mega-menu-flyout mega-menu-item-16128\" id=\"mega-menu-item-16128\"><a class=\"mega-menu-link\" href=\"\/compra\/gruas-y-cabezas\" aria-expanded=\"false\" tabindex=\"0\">GR\u00daAS Y CABEZAS<span class=\"mega-indicator\" aria-hidden=\"true\"><\/span><\/a>\n<ul class=\"mega-sub-menu\">\n<li class=\"mega-menu-item mega-menu-item-type-custom mega-menu-item-object-custom mega-menu-item-16129\" id=\"mega-menu-item-16129\"><a class=\"mega-menu-link\" href=\"\/es\/compra\/gruas-y-cabezas\/#vehiculos\">VEH\u00cdCULOS<\/a><\/li><li class=\"mega-menu-item mega-menu-item-type-custom mega-menu-item-object-custom mega-menu-item-16130\" id=\"mega-menu-item-16130\"><a class=\"mega-menu-link\" href=\"\/es\/compra\/gruas-y-cabezas\/#gruastelescopicas\">GRUAS TELESC\u00d3PICAS<\/a><\/li><li class=\"mega-menu-item mega-menu-item-type-custom mega-menu-item-object-custom mega-menu-item-16131\" id=\"mega-menu-item-16131\"><a class=\"mega-menu-link\" href=\"\/es\/compra\/gruas-y-cabezas\/#cabezasscorpio\">SCORPIO HEADS<\/a><\/li><li class=\"mega-menu-item mega-menu-item-type-custom mega-menu-item-object-custom mega-menu-item-16132\" id=\"mega-menu-item-16132\"><a class=\"mega-menu-link\" href=\"\/es\/compra\/gruas-y-cabezas\/#travelingelectronicos\">TRAVELING ELECTR\u00d3NICOS<\/a><\/li><li class=\"mega-menu-item mega-menu-item-type-custom mega-menu-item-object-custom mega-menu-item-16164\" id=\"mega-menu-item-16164\"><a class=\"mega-menu-link\" href=\"\/es\/compra\/gruas-y-cabezas\/#control-de-lentes\">CONTROL DE LENTES<\/a><\/li><li class=\"mega-menu-item mega-menu-item-type-custom mega-menu-item-object-custom mega-menu-item-16165\" id=\"mega-menu-item-16165\"><a class=\"mega-menu-link\" href=\"\/es\/compra\/gruas-y-cabezas\/#vehiculos-gruas-telescopicas\">VEHICULOS PARA GRUAS TELESC\u00d3PICAS<\/a><\/li><\/ul>\n<\/li><li class=\"mega-menu-item mega-menu-item-type-custom mega-menu-item-object-custom mega-menu-item-has-children mega-align-bottom-left mega-menu-flyout mega-menu-item-16123\" id=\"mega-menu-item-16123\"><a class=\"mega-menu-link\" href=\"\/compra\/opticas\" aria-expanded=\"false\" tabindex=\"0\">\u00d3PTICAS<span class=\"mega-indicator\" aria-hidden=\"true\"><\/span><\/a>\n<ul class=\"mega-sub-menu\">\n<li class=\"mega-menu-item mega-menu-item-type-custom mega-menu-item-object-custom mega-menu-item-16127\" id=\"mega-menu-item-16127\"><a class=\"mega-menu-link\" href=\"\/es\/compra\/opticas\/#objetivosyzooms\">OBJETIVOS Y ZOOMS<\/a><\/li><\/ul>\n<\/li><\/ul><\/div>[\/vc_column_text][\/vc_column][\/vc_row][vc_row el_class=\u00bbtabs_productos\u00bb][vc_column][vc_custom_heading text=\u00bbOBJETIVOS Y ZOOMS\u00bb google_fonts=\u00bbfont_family:Open%20Sans%3A300%2C300italic%2Cregular%2Citalic%2C600%2C600italic%2C700%2C700italic%2C800%2C800italic|font_style:400%20regular%3A400%3Anormal\u00bb el_class=\u00bbencabezado_productos\u00bb][vc_column_text el_class=\u00bbanchor_in_tabs\u00bb]<a id=\"objetivosyzoomsanamorficos\"><\/a>.[\/vc_column_text][vc_custom_heading text=\u00bbANAM\u00d3RFICOS\u00bb font_container=\u00bbtag:h4|text_align:left\u00bb google_fonts=\u00bbfont_family:Open%20Sans%3A300%2C300italic%2Cregular%2Citalic%2C600%2C600italic%2C700%2C700italic%2C800%2C800italic|font_style:400%20regular%3A400%3Anormal\u00bb el_class=\u00bbencabezado_productos\u00bb][vc_column_text el_class=\u00bbanchor_in_tabs\u00bb]<a id=\"objetivosesfericosfullframe\"><\/a>.[\/vc_column_text][vc_row_inner el_class=\u00bblink_categorias_productos\u00bb][vc_column_inner width=\u00bb1\/3&#8243;][vc_column_text]<a href=\"\/es\/producto\/cameras-en\/lenses-en\/anamorficos-full-frame-lenses-en\/scorpio-lens-anamorphic-ffa-2x\/\">SCORPIOLENS Anamorphic FFA 2x<\/a>[\/vc_column_text][vc_column_text]<a href=\"\/es\/producto\/cameras-en\/lenses-en\/anamorficos-full-frame-lenses-en\/scorpiorama-70\/\">Scorpiorama 70<\/a>[\/vc_column_text][vc_column_text]<a href=\"\/es\/producto\/opticas\/objetivos-y-zooms\/objetivos-anamorphic-pl-35mm\/scorpiozoom-anamorphic-ffa-2x-138-405mm\/\">Scorpiozoom anamorphic FFA 2x 138-405mm<\/a>[\/vc_column_text][vc_empty_space][\/vc_column_inner][vc_column_inner el_class=\u00bbtabs_celda_categorias_vacia\u00bb width=\u00bb1\/3&#8243;][\/vc_column_inner][vc_column_inner width=\u00bb1\/3&#8243;][\/vc_column_inner][\/vc_row_inner][vc_column_text el_class=\u00bbanchor_in_tabs\u00bb]<a id=\"objetivosesfericosvintage\"><\/a>.[\/vc_column_text][vc_custom_heading text=\u00bbESF\u00c9RICOS\u00bb font_container=\u00bbtag:h4|text_align:left\u00bb google_fonts=\u00bbfont_family:Open%20Sans%3A300%2C300italic%2Cregular%2Citalic%2C600%2C600italic%2C700%2C700italic%2C800%2C800italic|font_style:400%20regular%3A400%3Anormal\u00bb el_class=\u00bbencabezado_productos\u00bb][vc_row_inner el_class=\u00bblink_categorias_productos\u00bb][vc_column_inner width=\u00bb1\/3&#8243;][vc_column_text]<a href=\"\/es\/producto\/camaras\/objetivos-y-zooms\/esfericos\/new-k-35\/\">New K-35<\/a>[\/vc_column_text][vc_column_text]<a href=\"\/es\/producto\/cameras-en\/lenses-en\/anamorficos-full-frame-lenses-en\/scorpio-wide-angle-converter\/\">Scorpio WIDE Angle converter<\/a>[\/vc_column_text][vc_empty_space][\/vc_column_inner][vc_column_inner el_class=\u00bbtabs_celda_categorias_vacia\u00bb width=\u00bb1\/3&#8243;][\/vc_column_inner][vc_column_inner width=\u00bb1\/3&#8243;][\/vc_column_inner][\/vc_row_inner][\/vc_column][\/vc_row]<\/p>\n","protected":false},"excerpt":{"rendered":"<p>[vc_row][vc_column][vc_column_text][\/vc_column_text][\/vc_column][\/vc_row][vc_row el_class=\u00bbtabs_productos\u00bb][vc_column][vc_custom_heading text=\u00bbOBJETIVOS Y ZOOMS\u00bb google_fonts=\u00bbfont_family:Open%20Sans%3A300%2C300italic%2Cregular%2Citalic%2C600%2C600italic%2C700%2C700italic%2C800%2C800italic|font_style:400%20regular%3A400%3Anormal\u00bb el_class=\u00bbencabezado_productos\u00bb][vc_column_text el_class=\u00bbanchor_in_tabs\u00bb].[\/vc_column_text][vc_custom_heading text=\u00bbANAM\u00d3RFICOS\u00bb font_container=\u00bbtag:h4|text_align:left\u00bb google_fonts=\u00bbfont_family:Open%20Sans%3A300%2C300italic%2Cregular%2Citalic%2C600%2C600italic%2C700%2C700italic%2C800%2C800italic|font_style:400%20regular%3A400%3Anormal\u00bb el_class=\u00bbencabezado_productos\u00bb][vc_column_text el_class=\u00bbanchor_in_tabs\u00bb].[\/vc_column_text][vc_row_inner el_class=\u00bblink_categorias_productos\u00bb][vc_column_inner width=\u00bb1\/3&#8243;][vc_column_text]SCORPIOLENS Anamorphic FFA 2x[\/vc_column_text][vc_column_text]Scorpiorama 70[\/vc_column_text][vc_column_text]Scorpiozoom anamorphic FFA 2x 138-405mm[\/vc_column_text][vc_empty_space][\/vc_column_inner][vc_column_inner el_class=\u00bbtabs_celda_categorias_vacia\u00bb width=\u00bb1\/3&#8243;][\/vc_column_inner][vc_column_inner width=\u00bb1\/3&#8243;][\/vc_column_inner][\/vc_row_inner][vc_column_text el_class=\u00bbanchor_in_tabs\u00bb].[\/vc_column_text][vc_custom_heading text=\u00bbESF\u00c9RICOS\u00bb font_container=\u00bbtag:h4|text_align:left\u00bb google_fonts=\u00bbfont_family:Open%20Sans%3A300%2C300italic%2Cregular%2Citalic%2C600%2C600italic%2C700%2C700italic%2C800%2C800italic|font_style:400%20regular%3A400%3Anormal\u00bb el_class=\u00bbencabezado_productos\u00bb][vc_row_inner el_class=\u00bblink_categorias_productos\u00bb][vc_column_inner width=\u00bb1\/3&#8243;][vc_column_text]New K-35[\/vc_column_text][vc_column_text]Scorpio WIDE Angle converter[\/vc_column_text][vc_empty_space][\/vc_column_inner][vc_column_inner el_class=\u00bbtabs_celda_categorias_vacia\u00bb width=\u00bb1\/3&#8243;][\/vc_column_inner][vc_column_inner width=\u00bb1\/3&#8243;][\/vc_column_inner][\/vc_row_inner][\/vc_column][\/vc_row]<\/p>\n","protected":false},"author":1,"featured_media":0,"parent":2654,"menu_order":0,"comment_status":"closed","ping_status":"closed","template":"","meta":[],"yoast_head":"<!-- This site is optimized with the Yoast SEO plugin v19.9 - https:\/\/yoast.com\/wordpress\/plugins\/seo\/ -->\n<title>Opticas - ServiceVision<\/title>\n<meta name=\"description\" content=\"Scorpio Servicevision. Compra de c\u00e1maras para filmaci\u00f3n y rodaje. Consultas y soporte t\u00e9cnico en Servicevision.\" \/>\n<meta name=\"robots\" content=\"index, follow, max-snippet:-1, max-image-preview:large, max-video-preview:-1\" \/>\n<link rel=\"canonical\" href=\"https:\/\/www.fusion.servicevision.es\/es\/scorpio\/opticas\/\" \/>\n<meta property=\"og:locale\" content=\"es_ES\" \/>\n<meta property=\"og:type\" content=\"article\" \/>\n<meta property=\"og:title\" content=\"Opticas - ServiceVision\" \/>\n<meta property=\"og:description\" content=\"Scorpio Servicevision. Compra de c\u00e1maras para filmaci\u00f3n y rodaje. Consultas y soporte t\u00e9cnico en Servicevision.\" \/>\n<meta property=\"og:url\" content=\"https:\/\/www.fusion.servicevision.es\/es\/scorpio\/opticas\/\" \/>\n<meta property=\"og:site_name\" content=\"ServiceVision\" \/>\n<meta property=\"article:modified_time\" content=\"2026-03-27T03:42:48+00:00\" \/>\n<meta name=\"twitter:card\" content=\"summary_large_image\" \/>\n<meta name=\"twitter:label1\" content=\"Tiempo de lectura\" \/>\n\t<meta name=\"twitter:data1\" content=\"1 minuto\" \/>\n<script type=\"application\/ld+json\" class=\"yoast-schema-graph\">{\"@context\":\"https:\/\/schema.org\",\"@graph\":[{\"@type\":\"WebPage\",\"@id\":\"https:\/\/www.fusion.servicevision.es\/es\/scorpio\/opticas\/\",\"url\":\"https:\/\/www.fusion.servicevision.es\/es\/scorpio\/opticas\/\",\"name\":\"Opticas - ServiceVision\",\"isPartOf\":{\"@id\":\"https:\/\/www.fusion.servicevision.es\/es\/#website\"},\"datePublished\":\"2019-06-03T11:38:57+00:00\",\"dateModified\":\"2026-03-27T03:42:48+00:00\",\"description\":\"Scorpio Servicevision. Compra de c\u00e1maras para filmaci\u00f3n y rodaje. Consultas y soporte t\u00e9cnico en Servicevision.\",\"breadcrumb\":{\"@id\":\"https:\/\/www.fusion.servicevision.es\/es\/scorpio\/opticas\/#breadcrumb\"},\"inLanguage\":\"es\",\"potentialAction\":[{\"@type\":\"ReadAction\",\"target\":[\"https:\/\/www.fusion.servicevision.es\/es\/scorpio\/opticas\/\"]}]},{\"@type\":\"BreadcrumbList\",\"@id\":\"https:\/\/www.fusion.servicevision.es\/es\/scorpio\/opticas\/#breadcrumb\",\"itemListElement\":[{\"@type\":\"ListItem\",\"position\":1,\"name\":\"Scorpio\",\"item\":\"https:\/\/www.fusion.servicevision.es\/es\/scorpio\/\"},{\"@type\":\"ListItem\",\"position\":2,\"name\":\"Opticas\"}]},{\"@type\":\"WebSite\",\"@id\":\"https:\/\/www.fusion.servicevision.es\/es\/#website\",\"url\":\"https:\/\/www.fusion.servicevision.es\/es\/\",\"name\":\"ServiceVision\",\"description\":\"\",\"potentialAction\":[{\"@type\":\"SearchAction\",\"target\":{\"@type\":\"EntryPoint\",\"urlTemplate\":\"https:\/\/www.fusion.servicevision.es\/es\/?s={search_term_string}\"},\"query-input\":\"required name=search_term_string\"}],\"inLanguage\":\"es\"}]}<\/script>\n<!-- \/ Yoast SEO plugin. -->","yoast_head_json":{"title":"Opticas - ServiceVision","description":"Scorpio Servicevision. Compra de c\u00e1maras para filmaci\u00f3n y rodaje. Consultas y soporte t\u00e9cnico en Servicevision.","robots":{"index":"index","follow":"follow","max-snippet":"max-snippet:-1","max-image-preview":"max-image-preview:large","max-video-preview":"max-video-preview:-1"},"canonical":"https:\/\/www.fusion.servicevision.es\/es\/scorpio\/opticas\/","og_locale":"es_ES","og_type":"article","og_title":"Opticas - ServiceVision","og_description":"Scorpio Servicevision. Compra de c\u00e1maras para filmaci\u00f3n y rodaje. Consultas y soporte t\u00e9cnico en Servicevision.","og_url":"https:\/\/www.fusion.servicevision.es\/es\/scorpio\/opticas\/","og_site_name":"ServiceVision","article_modified_time":"2026-03-27T03:42:48+00:00","twitter_card":"summary_large_image","twitter_misc":{"Tiempo de lectura":"1 minuto"},"schema":{"@context":"https:\/\/schema.org","@graph":[{"@type":"WebPage","@id":"https:\/\/www.fusion.servicevision.es\/es\/scorpio\/opticas\/","url":"https:\/\/www.fusion.servicevision.es\/es\/scorpio\/opticas\/","name":"Opticas - ServiceVision","isPartOf":{"@id":"https:\/\/www.fusion.servicevision.es\/es\/#website"},"datePublished":"2019-06-03T11:38:57+00:00","dateModified":"2026-03-27T03:42:48+00:00","description":"Scorpio Servicevision. Compra de c\u00e1maras para filmaci\u00f3n y rodaje. Consultas y soporte t\u00e9cnico en Servicevision.","breadcrumb":{"@id":"https:\/\/www.fusion.servicevision.es\/es\/scorpio\/opticas\/#breadcrumb"},"inLanguage":"es","potentialAction":[{"@type":"ReadAction","target":["https:\/\/www.fusion.servicevision.es\/es\/scorpio\/opticas\/"]}]},{"@type":"BreadcrumbList","@id":"https:\/\/www.fusion.servicevision.es\/es\/scorpio\/opticas\/#breadcrumb","itemListElement":[{"@type":"ListItem","position":1,"name":"Scorpio","item":"https:\/\/www.fusion.servicevision.es\/es\/scorpio\/"},{"@type":"ListItem","position":2,"name":"Opticas"}]},{"@type":"WebSite","@id":"https:\/\/www.fusion.servicevision.es\/es\/#website","url":"https:\/\/www.fusion.servicevision.es\/es\/","name":"ServiceVision","description":"","potentialAction":[{"@type":"SearchAction","target":{"@type":"EntryPoint","urlTemplate":"https:\/\/www.fusion.servicevision.es\/es\/?s={search_term_string}"},"query-input":"required name=search_term_string"}],"inLanguage":"es"}]}},"_links":{"self":[{"href":"https:\/\/www.fusion.servicevision.es\/es\/wp-json\/wp\/v2\/pages\/16073"}],"collection":[{"href":"https:\/\/www.fusion.servicevision.es\/es\/wp-json\/wp\/v2\/pages"}],"about":[{"href":"https:\/\/www.fusion.servicevision.es\/es\/wp-json\/wp\/v2\/types\/page"}],"author":[{"embeddable":true,"href":"https:\/\/www.fusion.servicevision.es\/es\/wp-json\/wp\/v2\/users\/1"}],"replies":[{"embeddable":true,"href":"https:\/\/www.fusion.servicevision.es\/es\/wp-json\/wp\/v2\/comments?post=16073"}],"version-history":[{"count":3,"href":"https:\/\/www.fusion.servicevision.es\/es\/wp-json\/wp\/v2\/pages\/16073\/revisions"}],"predecessor-version":[{"id":16557,"href":"https:\/\/www.fusion.servicevision.es\/es\/wp-json\/wp\/v2\/pages\/16073\/revisions\/16557"}],"up":[{"embeddable":true,"href":"https:\/\/www.fusion.servicevision.es\/es\/wp-json\/wp\/v2\/pages\/2654"}],"wp:attachment":[{"href":"https:\/\/www.fusion.servicevision.es\/es\/wp-json\/wp\/v2\/media?parent=16073"}],"curies":[{"name":"wp","href":"https:\/\/api.w.org\/{rel}","templated":true}]}}