{"id":16021,"date":"2026-03-23T16:25:06","date_gmt":"2026-03-23T16:25:06","guid":{"rendered":"https:\/\/www.fusion.servicevision.es\/producto\/scorpio-23l-2\/"},"modified":"2026-03-30T17:45:20","modified_gmt":"2026-03-30T17:45:20","slug":"scorpio-23l-2","status":"publish","type":"product","link":"https:\/\/www.fusion.servicevision.es\/en\/producto\/grips-en\/scorpio-23l-2\/","title":{"rendered":"SCORPIO 23&#8217;L"},"content":{"rendered":"","protected":false},"excerpt":{"rendered":"","protected":false},"featured_media":11959,"comment_status":"closed","ping_status":"closed","template":"","meta":[],"product_cat":[294,306,303],"product_tag":[],"yoast_head":"<!-- This site is optimized with the Yoast SEO plugin v19.9 - https:\/\/yoast.com\/wordpress\/plugins\/seo\/ -->\n<title>SCORPIO 23&#039;L - ServiceVision<\/title>\n<meta name=\"description\" content=\"Scorpio 23&#039; L, una gr\u00faa mucho m\u00e1s ligera en comparaci\u00f3n con el popular Scorpio 23&#039; (para una carga \u00fatil de 70 kg). E brazo m\u00e1s ligero permite que se soporte en la misma columna y en el mismo carro ajustable que el Scorpio 10 y 17.\u201d\" \/>\n<meta name=\"robots\" content=\"index, follow, max-snippet:-1, max-image-preview:large, max-video-preview:-1\" \/>\n<link rel=\"canonical\" href=\"https:\/\/www.fusion.servicevision.es\/en\/producto\/grips-en\/scorpio-23l-2\/\" \/>\n<meta property=\"og:locale\" content=\"en_US\" \/>\n<meta property=\"og:type\" content=\"article\" \/>\n<meta property=\"og:title\" content=\"SCORPIO 23&#039;L - ServiceVision\" \/>\n<meta property=\"og:description\" content=\"Scorpio 23&#039; L, una gr\u00faa mucho m\u00e1s ligera en comparaci\u00f3n con el popular Scorpio 23&#039; (para una carga \u00fatil de 70 kg). E brazo m\u00e1s ligero permite que se soporte en la misma columna y en el mismo carro ajustable que el Scorpio 10 y 17.\u201d\" \/>\n<meta property=\"og:url\" content=\"https:\/\/www.fusion.servicevision.es\/en\/producto\/grips-en\/scorpio-23l-2\/\" \/>\n<meta property=\"og:site_name\" content=\"ServiceVision\" \/>\n<meta property=\"article:modified_time\" content=\"2026-03-30T17:45:20+00:00\" \/>\n<meta property=\"og:image\" content=\"https:\/\/www.fusion.servicevision.es\/wp-content\/uploads\/2023\/05\/SCORPIO23L.jpeg\" \/>\n\t<meta property=\"og:image:width\" content=\"400\" \/>\n\t<meta property=\"og:image:height\" content=\"262\" \/>\n\t<meta property=\"og:image:type\" content=\"image\/jpeg\" \/>\n<meta name=\"twitter:card\" content=\"summary_large_image\" \/>\n<script type=\"application\/ld+json\" class=\"yoast-schema-graph\">{\"@context\":\"https:\/\/schema.org\",\"@graph\":[{\"@type\":\"WebPage\",\"@id\":\"https:\/\/www.fusion.servicevision.es\/en\/producto\/grips-en\/scorpio-23l-2\/\",\"url\":\"https:\/\/www.fusion.servicevision.es\/en\/producto\/grips-en\/scorpio-23l-2\/\",\"name\":\"SCORPIO 23'L - ServiceVision\",\"isPartOf\":{\"@id\":\"https:\/\/www.fusion.servicevision.es\/es\/#website\"},\"datePublished\":\"2026-03-23T16:25:06+00:00\",\"dateModified\":\"2026-03-30T17:45:20+00:00\",\"description\":\"Scorpio 23' L, una gr\u00faa mucho m\u00e1s ligera en comparaci\u00f3n con el popular Scorpio 23' (para una carga \u00fatil de 70 kg). E brazo m\u00e1s ligero permite que se soporte en la misma columna y en el mismo carro ajustable que el Scorpio 10 y 17.\u201d\",\"breadcrumb\":{\"@id\":\"https:\/\/www.fusion.servicevision.es\/en\/producto\/grips-en\/scorpio-23l-2\/#breadcrumb\"},\"inLanguage\":\"en-US\",\"potentialAction\":[{\"@type\":\"ReadAction\",\"target\":[\"https:\/\/www.fusion.servicevision.es\/en\/producto\/grips-en\/scorpio-23l-2\/\"]}]},{\"@type\":\"BreadcrumbList\",\"@id\":\"https:\/\/www.fusion.servicevision.es\/en\/producto\/grips-en\/scorpio-23l-2\/#breadcrumb\",\"itemListElement\":[{\"@type\":\"ListItem\",\"position\":1,\"name\":\"Alquiler\",\"item\":\"https:\/\/www.fusion.servicevision.es\/es\/alquiler\/\"},{\"@type\":\"ListItem\",\"position\":2,\"name\":\"SCORPIO 23&#8217;L\"}]},{\"@type\":\"WebSite\",\"@id\":\"https:\/\/www.fusion.servicevision.es\/es\/#website\",\"url\":\"https:\/\/www.fusion.servicevision.es\/es\/\",\"name\":\"ServiceVision\",\"description\":\"\",\"potentialAction\":[{\"@type\":\"SearchAction\",\"target\":{\"@type\":\"EntryPoint\",\"urlTemplate\":\"https:\/\/www.fusion.servicevision.es\/es\/?s={search_term_string}\"},\"query-input\":\"required name=search_term_string\"}],\"inLanguage\":\"en-US\"}]}<\/script>\n<!-- \/ Yoast SEO plugin. -->","yoast_head_json":{"title":"SCORPIO 23'L - ServiceVision","description":"Scorpio 23' L, una gr\u00faa mucho m\u00e1s ligera en comparaci\u00f3n con el popular Scorpio 23' (para una carga \u00fatil de 70 kg). E brazo m\u00e1s ligero permite que se soporte en la misma columna y en el mismo carro ajustable que el Scorpio 10 y 17.\u201d","robots":{"index":"index","follow":"follow","max-snippet":"max-snippet:-1","max-image-preview":"max-image-preview:large","max-video-preview":"max-video-preview:-1"},"canonical":"https:\/\/www.fusion.servicevision.es\/en\/producto\/grips-en\/scorpio-23l-2\/","og_locale":"en_US","og_type":"article","og_title":"SCORPIO 23'L - ServiceVision","og_description":"Scorpio 23' L, una gr\u00faa mucho m\u00e1s ligera en comparaci\u00f3n con el popular Scorpio 23' (para una carga \u00fatil de 70 kg). E brazo m\u00e1s ligero permite que se soporte en la misma columna y en el mismo carro ajustable que el Scorpio 10 y 17.\u201d","og_url":"https:\/\/www.fusion.servicevision.es\/en\/producto\/grips-en\/scorpio-23l-2\/","og_site_name":"ServiceVision","article_modified_time":"2026-03-30T17:45:20+00:00","og_image":[{"width":400,"height":262,"url":"https:\/\/www.fusion.servicevision.es\/wp-content\/uploads\/2023\/05\/SCORPIO23L.jpeg","type":"image\/jpeg"}],"twitter_card":"summary_large_image","schema":{"@context":"https:\/\/schema.org","@graph":[{"@type":"WebPage","@id":"https:\/\/www.fusion.servicevision.es\/en\/producto\/grips-en\/scorpio-23l-2\/","url":"https:\/\/www.fusion.servicevision.es\/en\/producto\/grips-en\/scorpio-23l-2\/","name":"SCORPIO 23'L - ServiceVision","isPartOf":{"@id":"https:\/\/www.fusion.servicevision.es\/es\/#website"},"datePublished":"2026-03-23T16:25:06+00:00","dateModified":"2026-03-30T17:45:20+00:00","description":"Scorpio 23' L, una gr\u00faa mucho m\u00e1s ligera en comparaci\u00f3n con el popular Scorpio 23' (para una carga \u00fatil de 70 kg). E brazo m\u00e1s ligero permite que se soporte en la misma columna y en el mismo carro ajustable que el Scorpio 10 y 17.\u201d","breadcrumb":{"@id":"https:\/\/www.fusion.servicevision.es\/en\/producto\/grips-en\/scorpio-23l-2\/#breadcrumb"},"inLanguage":"en-US","potentialAction":[{"@type":"ReadAction","target":["https:\/\/www.fusion.servicevision.es\/en\/producto\/grips-en\/scorpio-23l-2\/"]}]},{"@type":"BreadcrumbList","@id":"https:\/\/www.fusion.servicevision.es\/en\/producto\/grips-en\/scorpio-23l-2\/#breadcrumb","itemListElement":[{"@type":"ListItem","position":1,"name":"Alquiler","item":"https:\/\/www.fusion.servicevision.es\/es\/alquiler\/"},{"@type":"ListItem","position":2,"name":"SCORPIO 23&#8217;L"}]},{"@type":"WebSite","@id":"https:\/\/www.fusion.servicevision.es\/es\/#website","url":"https:\/\/www.fusion.servicevision.es\/es\/","name":"ServiceVision","description":"","potentialAction":[{"@type":"SearchAction","target":{"@type":"EntryPoint","urlTemplate":"https:\/\/www.fusion.servicevision.es\/es\/?s={search_term_string}"},"query-input":"required name=search_term_string"}],"inLanguage":"en-US"}]}},"jetpack_publicize_connections":[],"_links":{"self":[{"href":"https:\/\/www.fusion.servicevision.es\/en\/wp-json\/wp\/v2\/product\/16021"}],"collection":[{"href":"https:\/\/www.fusion.servicevision.es\/en\/wp-json\/wp\/v2\/product"}],"about":[{"href":"https:\/\/www.fusion.servicevision.es\/en\/wp-json\/wp\/v2\/types\/product"}],"replies":[{"embeddable":true,"href":"https:\/\/www.fusion.servicevision.es\/en\/wp-json\/wp\/v2\/comments?post=16021"}],"wp:featuredmedia":[{"embeddable":true,"href":"https:\/\/www.fusion.servicevision.es\/en\/wp-json\/wp\/v2\/media\/11959"}],"wp:attachment":[{"href":"https:\/\/www.fusion.servicevision.es\/en\/wp-json\/wp\/v2\/media?parent=16021"}],"wp:term":[{"taxonomy":"product_cat","embeddable":true,"href":"https:\/\/www.fusion.servicevision.es\/en\/wp-json\/wp\/v2\/product_cat?post=16021"},{"taxonomy":"product_tag","embeddable":true,"href":"https:\/\/www.fusion.servicevision.es\/en\/wp-json\/wp\/v2\/product_tag?post=16021"}],"curies":[{"name":"wp","href":"https:\/\/api.w.org\/{rel}","templated":true}]}}