{"id":16020,"date":"2026-03-23T16:25:05","date_gmt":"2026-03-23T16:25:05","guid":{"rendered":"https:\/\/www.fusion.servicevision.es\/producto\/scorpio-35-2\/"},"modified":"2026-03-30T15:48:06","modified_gmt":"2026-03-30T15:48:06","slug":"scorpio-35-2","status":"publish","type":"product","link":"https:\/\/www.fusion.servicevision.es\/en\/producto\/grips-en\/scorpio-35-2\/","title":{"rendered":"SCORPIO 35&#8242;"},"content":{"rendered":"","protected":false},"excerpt":{"rendered":"<p>The NEW Scorpio 35\u2019 is a four section light telescopic crane for payloads until 40 kg in both under and over slung. Fast, silent and very smooth it is ideal for the television and broadcast market or the film market with light payloads.<\/p>\n","protected":false},"featured_media":11973,"comment_status":"closed","ping_status":"closed","template":"","meta":[],"product_cat":[294,308,303],"product_tag":[],"yoast_head":"<!-- This site is optimized with the Yoast SEO plugin v19.9 - https:\/\/yoast.com\/wordpress\/plugins\/seo\/ -->\n<title>SCORPIO 35&#039; - ServiceVision<\/title>\n<meta name=\"description\" content=\"Scorpio 35&#039; es una gr\u00faa telesc\u00f3pica ligera para cargas \u00fatiles de hasta 40 kg tanto en la parte inferior como en la superior.\" \/>\n<meta name=\"robots\" content=\"index, follow, max-snippet:-1, max-image-preview:large, max-video-preview:-1\" \/>\n<link rel=\"canonical\" href=\"https:\/\/www.fusion.servicevision.es\/en\/producto\/grips-en\/scorpio-35-2\/\" \/>\n<meta property=\"og:locale\" content=\"en_US\" \/>\n<meta property=\"og:type\" content=\"article\" \/>\n<meta property=\"og:title\" content=\"SCORPIO 35&#039; - ServiceVision\" \/>\n<meta property=\"og:description\" content=\"Scorpio 35&#039; es una gr\u00faa telesc\u00f3pica ligera para cargas \u00fatiles de hasta 40 kg tanto en la parte inferior como en la superior.\" \/>\n<meta property=\"og:url\" content=\"https:\/\/www.fusion.servicevision.es\/en\/producto\/grips-en\/scorpio-35-2\/\" \/>\n<meta property=\"og:site_name\" content=\"ServiceVision\" \/>\n<meta property=\"article:modified_time\" content=\"2026-03-30T15:48:06+00:00\" \/>\n<meta property=\"og:image\" content=\"https:\/\/www.fusion.servicevision.es\/wp-content\/uploads\/2023\/05\/SVS_2305-scaled.jpg\" \/>\n\t<meta property=\"og:image:width\" content=\"2560\" \/>\n\t<meta property=\"og:image:height\" content=\"1707\" \/>\n\t<meta property=\"og:image:type\" content=\"image\/jpeg\" \/>\n<meta name=\"twitter:card\" content=\"summary_large_image\" \/>\n<script type=\"application\/ld+json\" class=\"yoast-schema-graph\">{\"@context\":\"https:\/\/schema.org\",\"@graph\":[{\"@type\":\"WebPage\",\"@id\":\"https:\/\/www.fusion.servicevision.es\/en\/producto\/grips-en\/scorpio-35-2\/\",\"url\":\"https:\/\/www.fusion.servicevision.es\/en\/producto\/grips-en\/scorpio-35-2\/\",\"name\":\"SCORPIO 35' - ServiceVision\",\"isPartOf\":{\"@id\":\"https:\/\/www.fusion.servicevision.es\/es\/#website\"},\"datePublished\":\"2026-03-23T16:25:05+00:00\",\"dateModified\":\"2026-03-30T15:48:06+00:00\",\"description\":\"Scorpio 35' es una gr\u00faa telesc\u00f3pica ligera para cargas \u00fatiles de hasta 40 kg tanto en la parte inferior como en la superior.\",\"breadcrumb\":{\"@id\":\"https:\/\/www.fusion.servicevision.es\/en\/producto\/grips-en\/scorpio-35-2\/#breadcrumb\"},\"inLanguage\":\"en-US\",\"potentialAction\":[{\"@type\":\"ReadAction\",\"target\":[\"https:\/\/www.fusion.servicevision.es\/en\/producto\/grips-en\/scorpio-35-2\/\"]}]},{\"@type\":\"BreadcrumbList\",\"@id\":\"https:\/\/www.fusion.servicevision.es\/en\/producto\/grips-en\/scorpio-35-2\/#breadcrumb\",\"itemListElement\":[{\"@type\":\"ListItem\",\"position\":1,\"name\":\"Alquiler\",\"item\":\"https:\/\/www.fusion.servicevision.es\/es\/alquiler\/\"},{\"@type\":\"ListItem\",\"position\":2,\"name\":\"SCORPIO 35&#8242;\"}]},{\"@type\":\"WebSite\",\"@id\":\"https:\/\/www.fusion.servicevision.es\/es\/#website\",\"url\":\"https:\/\/www.fusion.servicevision.es\/es\/\",\"name\":\"ServiceVision\",\"description\":\"\",\"potentialAction\":[{\"@type\":\"SearchAction\",\"target\":{\"@type\":\"EntryPoint\",\"urlTemplate\":\"https:\/\/www.fusion.servicevision.es\/es\/?s={search_term_string}\"},\"query-input\":\"required name=search_term_string\"}],\"inLanguage\":\"en-US\"}]}<\/script>\n<!-- \/ Yoast SEO plugin. -->","yoast_head_json":{"title":"SCORPIO 35' - ServiceVision","description":"Scorpio 35' es una gr\u00faa telesc\u00f3pica ligera para cargas \u00fatiles de hasta 40 kg tanto en la parte inferior como en la superior.","robots":{"index":"index","follow":"follow","max-snippet":"max-snippet:-1","max-image-preview":"max-image-preview:large","max-video-preview":"max-video-preview:-1"},"canonical":"https:\/\/www.fusion.servicevision.es\/en\/producto\/grips-en\/scorpio-35-2\/","og_locale":"en_US","og_type":"article","og_title":"SCORPIO 35' - ServiceVision","og_description":"Scorpio 35' es una gr\u00faa telesc\u00f3pica ligera para cargas \u00fatiles de hasta 40 kg tanto en la parte inferior como en la superior.","og_url":"https:\/\/www.fusion.servicevision.es\/en\/producto\/grips-en\/scorpio-35-2\/","og_site_name":"ServiceVision","article_modified_time":"2026-03-30T15:48:06+00:00","og_image":[{"width":2560,"height":1707,"url":"https:\/\/www.fusion.servicevision.es\/wp-content\/uploads\/2023\/05\/SVS_2305-scaled.jpg","type":"image\/jpeg"}],"twitter_card":"summary_large_image","schema":{"@context":"https:\/\/schema.org","@graph":[{"@type":"WebPage","@id":"https:\/\/www.fusion.servicevision.es\/en\/producto\/grips-en\/scorpio-35-2\/","url":"https:\/\/www.fusion.servicevision.es\/en\/producto\/grips-en\/scorpio-35-2\/","name":"SCORPIO 35' - ServiceVision","isPartOf":{"@id":"https:\/\/www.fusion.servicevision.es\/es\/#website"},"datePublished":"2026-03-23T16:25:05+00:00","dateModified":"2026-03-30T15:48:06+00:00","description":"Scorpio 35' es una gr\u00faa telesc\u00f3pica ligera para cargas \u00fatiles de hasta 40 kg tanto en la parte inferior como en la superior.","breadcrumb":{"@id":"https:\/\/www.fusion.servicevision.es\/en\/producto\/grips-en\/scorpio-35-2\/#breadcrumb"},"inLanguage":"en-US","potentialAction":[{"@type":"ReadAction","target":["https:\/\/www.fusion.servicevision.es\/en\/producto\/grips-en\/scorpio-35-2\/"]}]},{"@type":"BreadcrumbList","@id":"https:\/\/www.fusion.servicevision.es\/en\/producto\/grips-en\/scorpio-35-2\/#breadcrumb","itemListElement":[{"@type":"ListItem","position":1,"name":"Alquiler","item":"https:\/\/www.fusion.servicevision.es\/es\/alquiler\/"},{"@type":"ListItem","position":2,"name":"SCORPIO 35&#8242;"}]},{"@type":"WebSite","@id":"https:\/\/www.fusion.servicevision.es\/es\/#website","url":"https:\/\/www.fusion.servicevision.es\/es\/","name":"ServiceVision","description":"","potentialAction":[{"@type":"SearchAction","target":{"@type":"EntryPoint","urlTemplate":"https:\/\/www.fusion.servicevision.es\/es\/?s={search_term_string}"},"query-input":"required name=search_term_string"}],"inLanguage":"en-US"}]}},"jetpack_publicize_connections":[],"_links":{"self":[{"href":"https:\/\/www.fusion.servicevision.es\/en\/wp-json\/wp\/v2\/product\/16020"}],"collection":[{"href":"https:\/\/www.fusion.servicevision.es\/en\/wp-json\/wp\/v2\/product"}],"about":[{"href":"https:\/\/www.fusion.servicevision.es\/en\/wp-json\/wp\/v2\/types\/product"}],"replies":[{"embeddable":true,"href":"https:\/\/www.fusion.servicevision.es\/en\/wp-json\/wp\/v2\/comments?post=16020"}],"wp:featuredmedia":[{"embeddable":true,"href":"https:\/\/www.fusion.servicevision.es\/en\/wp-json\/wp\/v2\/media\/11973"}],"wp:attachment":[{"href":"https:\/\/www.fusion.servicevision.es\/en\/wp-json\/wp\/v2\/media?parent=16020"}],"wp:term":[{"taxonomy":"product_cat","embeddable":true,"href":"https:\/\/www.fusion.servicevision.es\/en\/wp-json\/wp\/v2\/product_cat?post=16020"},{"taxonomy":"product_tag","embeddable":true,"href":"https:\/\/www.fusion.servicevision.es\/en\/wp-json\/wp\/v2\/product_tag?post=16020"}],"curies":[{"name":"wp","href":"https:\/\/api.w.org\/{rel}","templated":true}]}}