{"id":16015,"date":"2026-03-23T16:25:02","date_gmt":"2026-03-23T16:25:02","guid":{"rendered":"https:\/\/www.fusion.servicevision.es\/producto\/cooke-s8-i-ff-3\/"},"modified":"2026-03-23T16:25:02","modified_gmt":"2026-03-23T16:25:02","slug":"cooke-s8-i-ff-3","status":"publish","type":"product","link":"https:\/\/www.fusion.servicevision.es\/en\/producto\/camaras\/objetivos-y-zooms\/esfericos\/cooke-s8-i-ff-3\/","title":{"rendered":"COOKE S8\/i FF"},"content":{"rendered":"","protected":false},"excerpt":{"rendered":"<p><span class=\"HwtZe\" lang=\"en\" style=\"color: #000000\"><span class=\"jCAhz JxVs2d ChMk0b\"><span class=\"ryNqvb\">Cooke&#8217;s S8\/i prime lenses are faster and smaller than previous Cooke Full Frame lenses and have a larger aperture.<\/span><\/span> <span class=\"jCAhz JxVs2d ChMk0b\"><span class=\"ryNqvb\">It exhibits Cooke&#8217;s pleasant warmth and creative aspect.<\/span><\/span> <span class=\"jCAhz JxVs2d ChMk0b\"><span class=\"ryNqvb\">Each lens features a consistent, high-quality Cooke design and uses Cooke i\/Data for intelligent metadata capture.<\/span><\/span><\/span><br \/>\nn<br \/>\nn<span style=\"color: #000000\">These lenses offer a unique organic cinematographic quality, with beautiful soft, spherical bokeh and minimal chromatic aberrations. Their fully spherical design and faster make them a fantastic choice for filmmakers and cinematographers.<\/span><\/p>\n","protected":false},"featured_media":11940,"comment_status":"closed","ping_status":"closed","template":"","meta":[],"product_cat":[150,141,266,270],"product_tag":[],"yoast_head":"<!-- This site is optimized with the Yoast SEO plugin v19.9 - https:\/\/yoast.com\/wordpress\/plugins\/seo\/ -->\n<title>COOKE S8\/i FF - ServiceVision<\/title>\n<meta name=\"description\" content=\"El S8\/i FF es una gama de objetivos de cine de fotograma completo de alta velocidad de Cooke Optics. Consta de 16 distancias focales diferentes de 18 mm a 350 mm, todas creadas con el mismo est\u00e1ndar exacto y hechas a mano con la misma calidad y fiabilidad excepcionales. La l\u00ednea de 11 lentes ya est\u00e1 disponible (18, 25, 27, 32, 35, 40, 50, 65, 75, 100 y 135 mm), con m\u00e1s distancias focales m\u00e1s adelante en 2023. ServiceVision - COOKE S8\/i FF\" \/>\n<meta name=\"robots\" content=\"index, follow, max-snippet:-1, max-image-preview:large, max-video-preview:-1\" \/>\n<link rel=\"canonical\" href=\"https:\/\/www.fusion.servicevision.es\/es\/producto\/camaras\/objetivos-y-zooms\/esfericos\/cooke-s8-i-ff\/\" \/>\n<meta property=\"og:locale\" content=\"en_US\" \/>\n<meta property=\"og:type\" content=\"article\" \/>\n<meta property=\"og:title\" content=\"COOKE S8\/i FF - ServiceVision\" \/>\n<meta property=\"og:description\" content=\"El S8\/i FF es una gama de objetivos de cine de fotograma completo de alta velocidad de Cooke Optics. Consta de 16 distancias focales diferentes de 18 mm a 350 mm, todas creadas con el mismo est\u00e1ndar exacto y hechas a mano con la misma calidad y fiabilidad excepcionales. La l\u00ednea de 11 lentes ya est\u00e1 disponible (18, 25, 27, 32, 35, 40, 50, 65, 75, 100 y 135 mm), con m\u00e1s distancias focales m\u00e1s adelante en 2023. ServiceVision - COOKE S8\/i FF\" \/>\n<meta property=\"og:url\" content=\"https:\/\/www.fusion.servicevision.es\/es\/producto\/camaras\/objetivos-y-zooms\/esfericos\/cooke-s8-i-ff\/\" \/>\n<meta property=\"og:site_name\" content=\"ServiceVision\" \/>\n<meta property=\"og:image\" content=\"https:\/\/www.fusion.servicevision.es\/wp-content\/uploads\/2023\/05\/CookeS8_SinFondo_WebOk.jpg\" \/>\n\t<meta property=\"og:image:width\" content=\"2500\" \/>\n\t<meta property=\"og:image:height\" content=\"1668\" \/>\n\t<meta property=\"og:image:type\" content=\"image\/jpeg\" \/>\n<meta name=\"twitter:card\" content=\"summary_large_image\" \/>\n<script type=\"application\/ld+json\" class=\"yoast-schema-graph\">{\"@context\":\"https:\/\/schema.org\",\"@graph\":[{\"@type\":\"WebPage\",\"@id\":\"https:\/\/www.fusion.servicevision.es\/es\/producto\/camaras\/objetivos-y-zooms\/esfericos\/cooke-s8-i-ff\/\",\"url\":\"https:\/\/www.fusion.servicevision.es\/es\/producto\/camaras\/objetivos-y-zooms\/esfericos\/cooke-s8-i-ff\/\",\"name\":\"COOKE S8\/i FF - ServiceVision\",\"isPartOf\":{\"@id\":\"https:\/\/www.fusion.servicevision.es\/es\/#website\"},\"datePublished\":\"2026-03-23T16:25:02+00:00\",\"dateModified\":\"2026-03-23T16:25:02+00:00\",\"description\":\"El S8\/i FF es una gama de objetivos de cine de fotograma completo de alta velocidad de Cooke Optics. Consta de 16 distancias focales diferentes de 18 mm a 350 mm, todas creadas con el mismo est\u00e1ndar exacto y hechas a mano con la misma calidad y fiabilidad excepcionales. La l\u00ednea de 11 lentes ya est\u00e1 disponible (18, 25, 27, 32, 35, 40, 50, 65, 75, 100 y 135 mm), con m\u00e1s distancias focales m\u00e1s adelante en 2023. ServiceVision - COOKE S8\/i FF\",\"breadcrumb\":{\"@id\":\"https:\/\/www.fusion.servicevision.es\/es\/producto\/camaras\/objetivos-y-zooms\/esfericos\/cooke-s8-i-ff\/#breadcrumb\"},\"inLanguage\":\"en-US\",\"potentialAction\":[{\"@type\":\"ReadAction\",\"target\":[\"https:\/\/www.fusion.servicevision.es\/es\/producto\/camaras\/objetivos-y-zooms\/esfericos\/cooke-s8-i-ff\/\"]}]},{\"@type\":\"BreadcrumbList\",\"@id\":\"https:\/\/www.fusion.servicevision.es\/es\/producto\/camaras\/objetivos-y-zooms\/esfericos\/cooke-s8-i-ff\/#breadcrumb\",\"itemListElement\":[{\"@type\":\"ListItem\",\"position\":1,\"name\":\"Alquiler\",\"item\":\"https:\/\/www.fusion.servicevision.es\/es\/alquiler\/\"},{\"@type\":\"ListItem\",\"position\":2,\"name\":\"COOKE S8\/i FF\"}]},{\"@type\":\"WebSite\",\"@id\":\"https:\/\/www.fusion.servicevision.es\/es\/#website\",\"url\":\"https:\/\/www.fusion.servicevision.es\/es\/\",\"name\":\"ServiceVision\",\"description\":\"\",\"potentialAction\":[{\"@type\":\"SearchAction\",\"target\":{\"@type\":\"EntryPoint\",\"urlTemplate\":\"https:\/\/www.fusion.servicevision.es\/es\/?s={search_term_string}\"},\"query-input\":\"required name=search_term_string\"}],\"inLanguage\":\"en-US\"}]}<\/script>\n<!-- \/ Yoast SEO plugin. -->","yoast_head_json":{"title":"COOKE S8\/i FF - ServiceVision","description":"El S8\/i FF es una gama de objetivos de cine de fotograma completo de alta velocidad de Cooke Optics. Consta de 16 distancias focales diferentes de 18 mm a 350 mm, todas creadas con el mismo est\u00e1ndar exacto y hechas a mano con la misma calidad y fiabilidad excepcionales. La l\u00ednea de 11 lentes ya est\u00e1 disponible (18, 25, 27, 32, 35, 40, 50, 65, 75, 100 y 135 mm), con m\u00e1s distancias focales m\u00e1s adelante en 2023. ServiceVision - COOKE S8\/i FF","robots":{"index":"index","follow":"follow","max-snippet":"max-snippet:-1","max-image-preview":"max-image-preview:large","max-video-preview":"max-video-preview:-1"},"canonical":"https:\/\/www.fusion.servicevision.es\/es\/producto\/camaras\/objetivos-y-zooms\/esfericos\/cooke-s8-i-ff\/","og_locale":"en_US","og_type":"article","og_title":"COOKE S8\/i FF - ServiceVision","og_description":"El S8\/i FF es una gama de objetivos de cine de fotograma completo de alta velocidad de Cooke Optics. Consta de 16 distancias focales diferentes de 18 mm a 350 mm, todas creadas con el mismo est\u00e1ndar exacto y hechas a mano con la misma calidad y fiabilidad excepcionales. La l\u00ednea de 11 lentes ya est\u00e1 disponible (18, 25, 27, 32, 35, 40, 50, 65, 75, 100 y 135 mm), con m\u00e1s distancias focales m\u00e1s adelante en 2023. ServiceVision - COOKE S8\/i FF","og_url":"https:\/\/www.fusion.servicevision.es\/es\/producto\/camaras\/objetivos-y-zooms\/esfericos\/cooke-s8-i-ff\/","og_site_name":"ServiceVision","og_image":[{"width":2500,"height":1668,"url":"https:\/\/www.fusion.servicevision.es\/wp-content\/uploads\/2023\/05\/CookeS8_SinFondo_WebOk.jpg","type":"image\/jpeg"}],"twitter_card":"summary_large_image","schema":{"@context":"https:\/\/schema.org","@graph":[{"@type":"WebPage","@id":"https:\/\/www.fusion.servicevision.es\/es\/producto\/camaras\/objetivos-y-zooms\/esfericos\/cooke-s8-i-ff\/","url":"https:\/\/www.fusion.servicevision.es\/es\/producto\/camaras\/objetivos-y-zooms\/esfericos\/cooke-s8-i-ff\/","name":"COOKE S8\/i FF - ServiceVision","isPartOf":{"@id":"https:\/\/www.fusion.servicevision.es\/es\/#website"},"datePublished":"2026-03-23T16:25:02+00:00","dateModified":"2026-03-23T16:25:02+00:00","description":"El S8\/i FF es una gama de objetivos de cine de fotograma completo de alta velocidad de Cooke Optics. Consta de 16 distancias focales diferentes de 18 mm a 350 mm, todas creadas con el mismo est\u00e1ndar exacto y hechas a mano con la misma calidad y fiabilidad excepcionales. La l\u00ednea de 11 lentes ya est\u00e1 disponible (18, 25, 27, 32, 35, 40, 50, 65, 75, 100 y 135 mm), con m\u00e1s distancias focales m\u00e1s adelante en 2023. ServiceVision - COOKE S8\/i FF","breadcrumb":{"@id":"https:\/\/www.fusion.servicevision.es\/es\/producto\/camaras\/objetivos-y-zooms\/esfericos\/cooke-s8-i-ff\/#breadcrumb"},"inLanguage":"en-US","potentialAction":[{"@type":"ReadAction","target":["https:\/\/www.fusion.servicevision.es\/es\/producto\/camaras\/objetivos-y-zooms\/esfericos\/cooke-s8-i-ff\/"]}]},{"@type":"BreadcrumbList","@id":"https:\/\/www.fusion.servicevision.es\/es\/producto\/camaras\/objetivos-y-zooms\/esfericos\/cooke-s8-i-ff\/#breadcrumb","itemListElement":[{"@type":"ListItem","position":1,"name":"Alquiler","item":"https:\/\/www.fusion.servicevision.es\/es\/alquiler\/"},{"@type":"ListItem","position":2,"name":"COOKE S8\/i FF"}]},{"@type":"WebSite","@id":"https:\/\/www.fusion.servicevision.es\/es\/#website","url":"https:\/\/www.fusion.servicevision.es\/es\/","name":"ServiceVision","description":"","potentialAction":[{"@type":"SearchAction","target":{"@type":"EntryPoint","urlTemplate":"https:\/\/www.fusion.servicevision.es\/es\/?s={search_term_string}"},"query-input":"required name=search_term_string"}],"inLanguage":"en-US"}]}},"jetpack_publicize_connections":[],"_links":{"self":[{"href":"https:\/\/www.fusion.servicevision.es\/en\/wp-json\/wp\/v2\/product\/16015"}],"collection":[{"href":"https:\/\/www.fusion.servicevision.es\/en\/wp-json\/wp\/v2\/product"}],"about":[{"href":"https:\/\/www.fusion.servicevision.es\/en\/wp-json\/wp\/v2\/types\/product"}],"replies":[{"embeddable":true,"href":"https:\/\/www.fusion.servicevision.es\/en\/wp-json\/wp\/v2\/comments?post=16015"}],"wp:featuredmedia":[{"embeddable":true,"href":"https:\/\/www.fusion.servicevision.es\/en\/wp-json\/wp\/v2\/media\/11940"}],"wp:attachment":[{"href":"https:\/\/www.fusion.servicevision.es\/en\/wp-json\/wp\/v2\/media?parent=16015"}],"wp:term":[{"taxonomy":"product_cat","embeddable":true,"href":"https:\/\/www.fusion.servicevision.es\/en\/wp-json\/wp\/v2\/product_cat?post=16015"},{"taxonomy":"product_tag","embeddable":true,"href":"https:\/\/www.fusion.servicevision.es\/en\/wp-json\/wp\/v2\/product_tag?post=16015"}],"curies":[{"name":"wp","href":"https:\/\/api.w.org\/{rel}","templated":true}]}}