{"id":15792,"date":"2026-03-23T16:22:18","date_gmt":"2026-03-23T16:22:18","guid":{"rendered":"https:\/\/www.fusion.servicevision.es\/producto\/leica-r-ultra-super-rehoused-by-tls-2\/"},"modified":"2026-03-30T03:04:30","modified_gmt":"2026-03-30T03:04:30","slug":"leica-r-ultra-super-rehoused-by-tls-2","status":"publish","type":"product","link":"https:\/\/www.fusion.servicevision.es\/en\/producto\/cameras\/leica-r-ultra-super-rehoused-by-tls-2\/","title":{"rendered":"Leica R Ultra Super Rehoused by TLS"},"content":{"rendered":"","protected":false},"excerpt":{"rendered":"<p><span style=\"color: #000000;\">Servicevision has bought Leica lenses from the 1960s until the end of the 2009 Leica R manufacturing, it is being modified and adapted.<\/span><\/p>\n<p><span style=\"color: #000000;\">The Leica R Ultra Super were manufactured in Germany, High speed, aspheric with high color range and smoothness in the image<\/span><\/p>\n<p><span style=\"color: #000000;\">The Leica-R lenses are renowned for their sharp, non-clinical resolution mixed with good contrast and subtly warm colours. The bokeh is smooth when wide open, but still produces the iconic look when stopped down. This is the reason why TLS use the original iris during the rehousing process.<\/span><\/p>\n","protected":false},"featured_media":9440,"comment_status":"closed","ping_status":"closed","template":"","meta":[],"product_cat":[257,266,270],"product_tag":[],"yoast_head":"<!-- This site is optimized with the Yoast SEO plugin v19.9 - https:\/\/yoast.com\/wordpress\/plugins\/seo\/ -->\n<title>C\u00e1maras Leica R Ultra Super Rehoused TLS - ServiceVision<\/title>\n<meta name=\"description\" content=\"Alquiler de C\u00e1maras - objetivos y zooms esf\u00e9ricos: Leica R Ultra Super Rehoused TLS. Consultas y soporte t\u00e9cnico en Servicevision, fabricaci\u00f3n y alquiler de equipos para rodajes cinematogr\u00e1ficos.\" \/>\n<meta name=\"robots\" content=\"index, follow, max-snippet:-1, max-image-preview:large, max-video-preview:-1\" \/>\n<link rel=\"canonical\" href=\"https:\/\/www.fusion.servicevision.es\/en\/producto\/cameras\/leica-r-ultra-super-rehoused-by-tls-2\/\" \/>\n<meta property=\"og:locale\" content=\"en_US\" \/>\n<meta property=\"og:type\" content=\"article\" \/>\n<meta property=\"og:title\" content=\"C\u00e1maras Leica R Ultra Super Rehoused TLS - ServiceVision\" \/>\n<meta property=\"og:description\" content=\"Alquiler de C\u00e1maras - objetivos y zooms esf\u00e9ricos: Leica R Ultra Super Rehoused TLS. Consultas y soporte t\u00e9cnico en Servicevision, fabricaci\u00f3n y alquiler de equipos para rodajes cinematogr\u00e1ficos.\" \/>\n<meta property=\"og:url\" content=\"https:\/\/www.fusion.servicevision.es\/en\/producto\/cameras\/leica-r-ultra-super-rehoused-by-tls-2\/\" \/>\n<meta property=\"og:site_name\" content=\"ServiceVision\" \/>\n<meta property=\"article:modified_time\" content=\"2026-03-30T03:04:30+00:00\" \/>\n<meta property=\"og:image\" content=\"https:\/\/www.fusion.servicevision.es\/wp-content\/uploads\/2019\/05\/015_Leica-R_UltraSuper-1-scaled.jpg\" \/>\n\t<meta property=\"og:image:width\" content=\"2560\" \/>\n\t<meta property=\"og:image:height\" content=\"1960\" \/>\n\t<meta property=\"og:image:type\" content=\"image\/jpeg\" \/>\n<meta name=\"twitter:card\" content=\"summary_large_image\" \/>\n<script type=\"application\/ld+json\" class=\"yoast-schema-graph\">{\"@context\":\"https:\/\/schema.org\",\"@graph\":[{\"@type\":\"WebPage\",\"@id\":\"https:\/\/www.fusion.servicevision.es\/en\/producto\/cameras\/leica-r-ultra-super-rehoused-by-tls-2\/\",\"url\":\"https:\/\/www.fusion.servicevision.es\/en\/producto\/cameras\/leica-r-ultra-super-rehoused-by-tls-2\/\",\"name\":\"C\u00e1maras Leica R Ultra Super Rehoused TLS - ServiceVision\",\"isPartOf\":{\"@id\":\"https:\/\/www.fusion.servicevision.es\/es\/#website\"},\"datePublished\":\"2026-03-23T16:22:18+00:00\",\"dateModified\":\"2026-03-30T03:04:30+00:00\",\"description\":\"Alquiler de C\u00e1maras - objetivos y zooms esf\u00e9ricos: Leica R Ultra Super Rehoused TLS. Consultas y soporte t\u00e9cnico en Servicevision, fabricaci\u00f3n y alquiler de equipos para rodajes cinematogr\u00e1ficos.\",\"breadcrumb\":{\"@id\":\"https:\/\/www.fusion.servicevision.es\/en\/producto\/cameras\/leica-r-ultra-super-rehoused-by-tls-2\/#breadcrumb\"},\"inLanguage\":\"en-US\",\"potentialAction\":[{\"@type\":\"ReadAction\",\"target\":[\"https:\/\/www.fusion.servicevision.es\/en\/producto\/cameras\/leica-r-ultra-super-rehoused-by-tls-2\/\"]}]},{\"@type\":\"BreadcrumbList\",\"@id\":\"https:\/\/www.fusion.servicevision.es\/en\/producto\/cameras\/leica-r-ultra-super-rehoused-by-tls-2\/#breadcrumb\",\"itemListElement\":[{\"@type\":\"ListItem\",\"position\":1,\"name\":\"Alquiler\",\"item\":\"https:\/\/www.fusion.servicevision.es\/es\/alquiler\/\"},{\"@type\":\"ListItem\",\"position\":2,\"name\":\"Leica R Ultra Super Rehoused by TLS\"}]},{\"@type\":\"WebSite\",\"@id\":\"https:\/\/www.fusion.servicevision.es\/es\/#website\",\"url\":\"https:\/\/www.fusion.servicevision.es\/es\/\",\"name\":\"ServiceVision\",\"description\":\"\",\"potentialAction\":[{\"@type\":\"SearchAction\",\"target\":{\"@type\":\"EntryPoint\",\"urlTemplate\":\"https:\/\/www.fusion.servicevision.es\/es\/?s={search_term_string}\"},\"query-input\":\"required name=search_term_string\"}],\"inLanguage\":\"en-US\"}]}<\/script>\n<!-- \/ Yoast SEO plugin. -->","yoast_head_json":{"title":"C\u00e1maras Leica R Ultra Super Rehoused TLS - ServiceVision","description":"Alquiler de C\u00e1maras - objetivos y zooms esf\u00e9ricos: Leica R Ultra Super Rehoused TLS. Consultas y soporte t\u00e9cnico en Servicevision, fabricaci\u00f3n y alquiler de equipos para rodajes cinematogr\u00e1ficos.","robots":{"index":"index","follow":"follow","max-snippet":"max-snippet:-1","max-image-preview":"max-image-preview:large","max-video-preview":"max-video-preview:-1"},"canonical":"https:\/\/www.fusion.servicevision.es\/en\/producto\/cameras\/leica-r-ultra-super-rehoused-by-tls-2\/","og_locale":"en_US","og_type":"article","og_title":"C\u00e1maras Leica R Ultra Super Rehoused TLS - ServiceVision","og_description":"Alquiler de C\u00e1maras - objetivos y zooms esf\u00e9ricos: Leica R Ultra Super Rehoused TLS. Consultas y soporte t\u00e9cnico en Servicevision, fabricaci\u00f3n y alquiler de equipos para rodajes cinematogr\u00e1ficos.","og_url":"https:\/\/www.fusion.servicevision.es\/en\/producto\/cameras\/leica-r-ultra-super-rehoused-by-tls-2\/","og_site_name":"ServiceVision","article_modified_time":"2026-03-30T03:04:30+00:00","og_image":[{"width":2560,"height":1960,"url":"https:\/\/www.fusion.servicevision.es\/wp-content\/uploads\/2019\/05\/015_Leica-R_UltraSuper-1-scaled.jpg","type":"image\/jpeg"}],"twitter_card":"summary_large_image","schema":{"@context":"https:\/\/schema.org","@graph":[{"@type":"WebPage","@id":"https:\/\/www.fusion.servicevision.es\/en\/producto\/cameras\/leica-r-ultra-super-rehoused-by-tls-2\/","url":"https:\/\/www.fusion.servicevision.es\/en\/producto\/cameras\/leica-r-ultra-super-rehoused-by-tls-2\/","name":"C\u00e1maras Leica R Ultra Super Rehoused TLS - ServiceVision","isPartOf":{"@id":"https:\/\/www.fusion.servicevision.es\/es\/#website"},"datePublished":"2026-03-23T16:22:18+00:00","dateModified":"2026-03-30T03:04:30+00:00","description":"Alquiler de C\u00e1maras - objetivos y zooms esf\u00e9ricos: Leica R Ultra Super Rehoused TLS. Consultas y soporte t\u00e9cnico en Servicevision, fabricaci\u00f3n y alquiler de equipos para rodajes cinematogr\u00e1ficos.","breadcrumb":{"@id":"https:\/\/www.fusion.servicevision.es\/en\/producto\/cameras\/leica-r-ultra-super-rehoused-by-tls-2\/#breadcrumb"},"inLanguage":"en-US","potentialAction":[{"@type":"ReadAction","target":["https:\/\/www.fusion.servicevision.es\/en\/producto\/cameras\/leica-r-ultra-super-rehoused-by-tls-2\/"]}]},{"@type":"BreadcrumbList","@id":"https:\/\/www.fusion.servicevision.es\/en\/producto\/cameras\/leica-r-ultra-super-rehoused-by-tls-2\/#breadcrumb","itemListElement":[{"@type":"ListItem","position":1,"name":"Alquiler","item":"https:\/\/www.fusion.servicevision.es\/es\/alquiler\/"},{"@type":"ListItem","position":2,"name":"Leica R Ultra Super Rehoused by TLS"}]},{"@type":"WebSite","@id":"https:\/\/www.fusion.servicevision.es\/es\/#website","url":"https:\/\/www.fusion.servicevision.es\/es\/","name":"ServiceVision","description":"","potentialAction":[{"@type":"SearchAction","target":{"@type":"EntryPoint","urlTemplate":"https:\/\/www.fusion.servicevision.es\/es\/?s={search_term_string}"},"query-input":"required name=search_term_string"}],"inLanguage":"en-US"}]}},"jetpack_publicize_connections":[],"_links":{"self":[{"href":"https:\/\/www.fusion.servicevision.es\/en\/wp-json\/wp\/v2\/product\/15792"}],"collection":[{"href":"https:\/\/www.fusion.servicevision.es\/en\/wp-json\/wp\/v2\/product"}],"about":[{"href":"https:\/\/www.fusion.servicevision.es\/en\/wp-json\/wp\/v2\/types\/product"}],"replies":[{"embeddable":true,"href":"https:\/\/www.fusion.servicevision.es\/en\/wp-json\/wp\/v2\/comments?post=15792"}],"wp:featuredmedia":[{"embeddable":true,"href":"https:\/\/www.fusion.servicevision.es\/en\/wp-json\/wp\/v2\/media\/9440"}],"wp:attachment":[{"href":"https:\/\/www.fusion.servicevision.es\/en\/wp-json\/wp\/v2\/media?parent=15792"}],"wp:term":[{"taxonomy":"product_cat","embeddable":true,"href":"https:\/\/www.fusion.servicevision.es\/en\/wp-json\/wp\/v2\/product_cat?post=15792"},{"taxonomy":"product_tag","embeddable":true,"href":"https:\/\/www.fusion.servicevision.es\/en\/wp-json\/wp\/v2\/product_tag?post=15792"}],"curies":[{"name":"wp","href":"https:\/\/api.w.org\/{rel}","templated":true}]}}