{"id":15730,"date":"2026-03-23T16:21:34","date_gmt":"2026-03-23T16:21:34","guid":{"rendered":"https:\/\/www.fusion.servicevision.es\/producto\/leica-r-super-vintage-60-rehoused-by-glo-2\/"},"modified":"2026-03-30T03:07:57","modified_gmt":"2026-03-30T03:07:57","slug":"leica-r-super-vintage-60-rehoused-by-glo-2","status":"publish","type":"product","link":"https:\/\/www.fusion.servicevision.es\/en\/producto\/cameras\/leica-r-super-vintage-60-rehoused-by-glo-2\/","title":{"rendered":"LEICA R SUPER VINTAGE 60 REHOUSED by GLO"},"content":{"rendered":"","protected":false},"excerpt":{"rendered":"<div class=\"woocommerce-product-details__short-description\">\n<div class=\"woocommerce-product-details__short-description\">\n<p><span style=\"color: #000000;\">Servicevision has bought Leica lenses from the 1960s until the end of the 2009 Leica R manufacturing, it is being modified and adapted.<\/span><\/p>\n<p><span style=\"color: #000000;\">The Leica R Super Vintage 60 series was made in Germany from the 1960s to the 1970s, lenses have been modified in Servicevision to soften the image and create flares. <\/span><\/p>\n<p><span style=\"color: #000000;\">The Leica-R lenses are renowned for their sharp, non-clinical resolution mixed with good contrast and subtly warm colours. The bokeh is smooth when wide open, but still produces the iconic look when stopped down. This is the reason why use the original iris during the rehousing process.<\/span><\/p>\n<\/div>\n<\/div>\n","protected":false},"featured_media":9448,"comment_status":"closed","ping_status":"closed","template":"","meta":[],"product_cat":[257,266,281],"product_tag":[],"yoast_head":"<!-- This site is optimized with the Yoast SEO plugin v19.9 - https:\/\/yoast.com\/wordpress\/plugins\/seo\/ -->\n<title>Objetivo para c\u00e1mara LEICA R SUPER VINTAGE 60 REHOUSED GLO - ServiceVision<\/title>\n<meta name=\"description\" content=\"Alquiler de Objetivo para c\u00e1mara - objetivos y juegos PL 35mm: LEICA R SUPER VINTAGE 60 REHOUSED GLO. Consultas y soporte t\u00e9cnico en Servicevision, fabricaci\u00f3n y alquiler de equipos para rodajes cinematogr\u00e1ficos.\" \/>\n<meta name=\"robots\" content=\"index, follow, max-snippet:-1, max-image-preview:large, max-video-preview:-1\" \/>\n<link rel=\"canonical\" href=\"https:\/\/www.fusion.servicevision.es\/en\/producto\/cameras\/leica-r-super-vintage-60-rehoused-by-glo-2\/\" \/>\n<meta property=\"og:locale\" content=\"en_US\" \/>\n<meta property=\"og:type\" content=\"article\" \/>\n<meta property=\"og:title\" content=\"Objetivo para c\u00e1mara LEICA R SUPER VINTAGE 60 REHOUSED GLO - ServiceVision\" \/>\n<meta property=\"og:description\" content=\"Alquiler de Objetivo para c\u00e1mara - objetivos y juegos PL 35mm: LEICA R SUPER VINTAGE 60 REHOUSED GLO. Consultas y soporte t\u00e9cnico en Servicevision, fabricaci\u00f3n y alquiler de equipos para rodajes cinematogr\u00e1ficos.\" \/>\n<meta property=\"og:url\" content=\"https:\/\/www.fusion.servicevision.es\/en\/producto\/cameras\/leica-r-super-vintage-60-rehoused-by-glo-2\/\" \/>\n<meta property=\"og:site_name\" content=\"ServiceVision\" \/>\n<meta property=\"article:modified_time\" content=\"2026-03-30T03:07:57+00:00\" \/>\n<meta property=\"og:image\" content=\"https:\/\/www.fusion.servicevision.es\/wp-content\/uploads\/2019\/05\/017_Leica-R_Vintage-60ByGLO-1-scaled.jpg\" \/>\n\t<meta property=\"og:image:width\" content=\"2560\" \/>\n\t<meta property=\"og:image:height\" content=\"1682\" \/>\n\t<meta property=\"og:image:type\" content=\"image\/jpeg\" \/>\n<meta name=\"twitter:card\" content=\"summary_large_image\" \/>\n<script type=\"application\/ld+json\" class=\"yoast-schema-graph\">{\"@context\":\"https:\/\/schema.org\",\"@graph\":[{\"@type\":\"WebPage\",\"@id\":\"https:\/\/www.fusion.servicevision.es\/en\/producto\/cameras\/leica-r-super-vintage-60-rehoused-by-glo-2\/\",\"url\":\"https:\/\/www.fusion.servicevision.es\/en\/producto\/cameras\/leica-r-super-vintage-60-rehoused-by-glo-2\/\",\"name\":\"Objetivo para c\u00e1mara LEICA R SUPER VINTAGE 60 REHOUSED GLO - ServiceVision\",\"isPartOf\":{\"@id\":\"https:\/\/www.fusion.servicevision.es\/es\/#website\"},\"datePublished\":\"2026-03-23T16:21:34+00:00\",\"dateModified\":\"2026-03-30T03:07:57+00:00\",\"description\":\"Alquiler de Objetivo para c\u00e1mara - objetivos y juegos PL 35mm: LEICA R SUPER VINTAGE 60 REHOUSED GLO. Consultas y soporte t\u00e9cnico en Servicevision, fabricaci\u00f3n y alquiler de equipos para rodajes cinematogr\u00e1ficos.\",\"breadcrumb\":{\"@id\":\"https:\/\/www.fusion.servicevision.es\/en\/producto\/cameras\/leica-r-super-vintage-60-rehoused-by-glo-2\/#breadcrumb\"},\"inLanguage\":\"en-US\",\"potentialAction\":[{\"@type\":\"ReadAction\",\"target\":[\"https:\/\/www.fusion.servicevision.es\/en\/producto\/cameras\/leica-r-super-vintage-60-rehoused-by-glo-2\/\"]}]},{\"@type\":\"BreadcrumbList\",\"@id\":\"https:\/\/www.fusion.servicevision.es\/en\/producto\/cameras\/leica-r-super-vintage-60-rehoused-by-glo-2\/#breadcrumb\",\"itemListElement\":[{\"@type\":\"ListItem\",\"position\":1,\"name\":\"Alquiler\",\"item\":\"https:\/\/www.fusion.servicevision.es\/es\/alquiler\/\"},{\"@type\":\"ListItem\",\"position\":2,\"name\":\"LEICA R SUPER VINTAGE 60 REHOUSED by GLO\"}]},{\"@type\":\"WebSite\",\"@id\":\"https:\/\/www.fusion.servicevision.es\/es\/#website\",\"url\":\"https:\/\/www.fusion.servicevision.es\/es\/\",\"name\":\"ServiceVision\",\"description\":\"\",\"potentialAction\":[{\"@type\":\"SearchAction\",\"target\":{\"@type\":\"EntryPoint\",\"urlTemplate\":\"https:\/\/www.fusion.servicevision.es\/es\/?s={search_term_string}\"},\"query-input\":\"required name=search_term_string\"}],\"inLanguage\":\"en-US\"}]}<\/script>\n<!-- \/ Yoast SEO plugin. -->","yoast_head_json":{"title":"Objetivo para c\u00e1mara LEICA R SUPER VINTAGE 60 REHOUSED GLO - ServiceVision","description":"Alquiler de Objetivo para c\u00e1mara - objetivos y juegos PL 35mm: LEICA R SUPER VINTAGE 60 REHOUSED GLO. Consultas y soporte t\u00e9cnico en Servicevision, fabricaci\u00f3n y alquiler de equipos para rodajes cinematogr\u00e1ficos.","robots":{"index":"index","follow":"follow","max-snippet":"max-snippet:-1","max-image-preview":"max-image-preview:large","max-video-preview":"max-video-preview:-1"},"canonical":"https:\/\/www.fusion.servicevision.es\/en\/producto\/cameras\/leica-r-super-vintage-60-rehoused-by-glo-2\/","og_locale":"en_US","og_type":"article","og_title":"Objetivo para c\u00e1mara LEICA R SUPER VINTAGE 60 REHOUSED GLO - ServiceVision","og_description":"Alquiler de Objetivo para c\u00e1mara - objetivos y juegos PL 35mm: LEICA R SUPER VINTAGE 60 REHOUSED GLO. Consultas y soporte t\u00e9cnico en Servicevision, fabricaci\u00f3n y alquiler de equipos para rodajes cinematogr\u00e1ficos.","og_url":"https:\/\/www.fusion.servicevision.es\/en\/producto\/cameras\/leica-r-super-vintage-60-rehoused-by-glo-2\/","og_site_name":"ServiceVision","article_modified_time":"2026-03-30T03:07:57+00:00","og_image":[{"width":2560,"height":1682,"url":"https:\/\/www.fusion.servicevision.es\/wp-content\/uploads\/2019\/05\/017_Leica-R_Vintage-60ByGLO-1-scaled.jpg","type":"image\/jpeg"}],"twitter_card":"summary_large_image","schema":{"@context":"https:\/\/schema.org","@graph":[{"@type":"WebPage","@id":"https:\/\/www.fusion.servicevision.es\/en\/producto\/cameras\/leica-r-super-vintage-60-rehoused-by-glo-2\/","url":"https:\/\/www.fusion.servicevision.es\/en\/producto\/cameras\/leica-r-super-vintage-60-rehoused-by-glo-2\/","name":"Objetivo para c\u00e1mara LEICA R SUPER VINTAGE 60 REHOUSED GLO - ServiceVision","isPartOf":{"@id":"https:\/\/www.fusion.servicevision.es\/es\/#website"},"datePublished":"2026-03-23T16:21:34+00:00","dateModified":"2026-03-30T03:07:57+00:00","description":"Alquiler de Objetivo para c\u00e1mara - objetivos y juegos PL 35mm: LEICA R SUPER VINTAGE 60 REHOUSED GLO. Consultas y soporte t\u00e9cnico en Servicevision, fabricaci\u00f3n y alquiler de equipos para rodajes cinematogr\u00e1ficos.","breadcrumb":{"@id":"https:\/\/www.fusion.servicevision.es\/en\/producto\/cameras\/leica-r-super-vintage-60-rehoused-by-glo-2\/#breadcrumb"},"inLanguage":"en-US","potentialAction":[{"@type":"ReadAction","target":["https:\/\/www.fusion.servicevision.es\/en\/producto\/cameras\/leica-r-super-vintage-60-rehoused-by-glo-2\/"]}]},{"@type":"BreadcrumbList","@id":"https:\/\/www.fusion.servicevision.es\/en\/producto\/cameras\/leica-r-super-vintage-60-rehoused-by-glo-2\/#breadcrumb","itemListElement":[{"@type":"ListItem","position":1,"name":"Alquiler","item":"https:\/\/www.fusion.servicevision.es\/es\/alquiler\/"},{"@type":"ListItem","position":2,"name":"LEICA R SUPER VINTAGE 60 REHOUSED by GLO"}]},{"@type":"WebSite","@id":"https:\/\/www.fusion.servicevision.es\/es\/#website","url":"https:\/\/www.fusion.servicevision.es\/es\/","name":"ServiceVision","description":"","potentialAction":[{"@type":"SearchAction","target":{"@type":"EntryPoint","urlTemplate":"https:\/\/www.fusion.servicevision.es\/es\/?s={search_term_string}"},"query-input":"required name=search_term_string"}],"inLanguage":"en-US"}]}},"jetpack_publicize_connections":[],"_links":{"self":[{"href":"https:\/\/www.fusion.servicevision.es\/en\/wp-json\/wp\/v2\/product\/15730"}],"collection":[{"href":"https:\/\/www.fusion.servicevision.es\/en\/wp-json\/wp\/v2\/product"}],"about":[{"href":"https:\/\/www.fusion.servicevision.es\/en\/wp-json\/wp\/v2\/types\/product"}],"replies":[{"embeddable":true,"href":"https:\/\/www.fusion.servicevision.es\/en\/wp-json\/wp\/v2\/comments?post=15730"}],"wp:featuredmedia":[{"embeddable":true,"href":"https:\/\/www.fusion.servicevision.es\/en\/wp-json\/wp\/v2\/media\/9448"}],"wp:attachment":[{"href":"https:\/\/www.fusion.servicevision.es\/en\/wp-json\/wp\/v2\/media?parent=15730"}],"wp:term":[{"taxonomy":"product_cat","embeddable":true,"href":"https:\/\/www.fusion.servicevision.es\/en\/wp-json\/wp\/v2\/product_cat?post=15730"},{"taxonomy":"product_tag","embeddable":true,"href":"https:\/\/www.fusion.servicevision.es\/en\/wp-json\/wp\/v2\/product_tag?post=15730"}],"curies":[{"name":"wp","href":"https:\/\/api.w.org\/{rel}","templated":true}]}}