{"id":15725,"date":"2026-03-23T16:21:31","date_gmt":"2026-03-23T16:21:31","guid":{"rendered":"https:\/\/www.fusion.servicevision.es\/producto\/arri-zeiss-super-speed-uncoated-by-tls-2\/"},"modified":"2026-03-23T16:21:31","modified_gmt":"2026-03-23T16:21:31","slug":"arri-zeiss-super-speed-uncoated-by-tls-2","status":"publish","type":"product","link":"https:\/\/www.fusion.servicevision.es\/en\/producto\/camaras\/objetivos-y-zooms\/objetivos-y-juegos-vintage-pl-35mm-objetivos-y-zooms\/arri-zeiss-super-speed-uncoated-by-tls-2\/","title":{"rendered":"ARRI-Zeiss Super Speed UNCOATED by TLS"},"content":{"rendered":"","protected":false},"excerpt":{"rendered":"<p><span style=\"color: #000000\">ARRI-Zeiss Super Speeds were launched after the success of their Standard Speed ??lenses, the Mark III series improves on previous housings with larger, more legible focus markings. Sharp, contrasty and very bright, they have a seven-blade iris that gives you a nice but much more regular bokeh.<\/span><br \/>\nn<span style=\"color: #000000\">Some ARRI-Zeiss Super Speeds focal lengths had the coating removed with an acid bath on the primary and rear lenses, to have a softer look, with more flare and flare in the image.<\/span><\/p>\n","protected":false},"featured_media":9338,"comment_status":"closed","ping_status":"closed","template":"","meta":[],"product_cat":[151,141,257,266,281,15],"product_tag":[],"yoast_head":"<!-- This site is optimized with the Yoast SEO plugin v19.9 - https:\/\/yoast.com\/wordpress\/plugins\/seo\/ -->\n<title>Objetivo para c\u00e1mara ZEISS SUPER HIGHSPEED T1.3 UNCOATED TLS - ServiceVision<\/title>\n<meta name=\"description\" content=\"Alquiler de Objetivo para c\u00e1mara - objetivos y juegos Vintage PL 35mm: ZEISS SUPER HIGHSPEED T1.3 UNCOATED TLS. Consultas y soporte t\u00e9cnico en Servicevision, fabricaci\u00f3n y alquiler de equipos para rodajes cinematogr\u00e1ficos.\" \/>\n<meta name=\"robots\" content=\"index, follow, max-snippet:-1, max-image-preview:large, max-video-preview:-1\" \/>\n<link rel=\"canonical\" href=\"https:\/\/www.fusion.servicevision.es\/es\/producto\/camaras\/objetivos-y-zooms\/objetivos-y-juegos-vintage-pl-35mm-objetivos-y-zooms\/arri-zeiss-super-speed-uncoated-by-tls\/\" \/>\n<meta property=\"og:locale\" content=\"en_US\" \/>\n<meta property=\"og:type\" content=\"article\" \/>\n<meta property=\"og:title\" content=\"Objetivo para c\u00e1mara ZEISS SUPER HIGHSPEED T1.3 UNCOATED TLS - ServiceVision\" \/>\n<meta property=\"og:description\" content=\"Alquiler de Objetivo para c\u00e1mara - objetivos y juegos Vintage PL 35mm: ZEISS SUPER HIGHSPEED T1.3 UNCOATED TLS. Consultas y soporte t\u00e9cnico en Servicevision, fabricaci\u00f3n y alquiler de equipos para rodajes cinematogr\u00e1ficos.\" \/>\n<meta property=\"og:url\" content=\"https:\/\/www.fusion.servicevision.es\/es\/producto\/camaras\/objetivos-y-zooms\/objetivos-y-juegos-vintage-pl-35mm-objetivos-y-zooms\/arri-zeiss-super-speed-uncoated-by-tls\/\" \/>\n<meta property=\"og:site_name\" content=\"ServiceVision\" \/>\n<meta property=\"og:image\" content=\"https:\/\/www.fusion.servicevision.es\/wp-content\/uploads\/2019\/02\/ZeissSuperSpeedUncoated_SinFondo_WebOk-scaled.jpg\" \/>\n\t<meta property=\"og:image:width\" content=\"2560\" \/>\n\t<meta property=\"og:image:height\" content=\"1709\" \/>\n\t<meta property=\"og:image:type\" content=\"image\/jpeg\" \/>\n<meta name=\"twitter:card\" content=\"summary_large_image\" \/>\n<script type=\"application\/ld+json\" class=\"yoast-schema-graph\">{\"@context\":\"https:\/\/schema.org\",\"@graph\":[{\"@type\":\"WebPage\",\"@id\":\"https:\/\/www.fusion.servicevision.es\/es\/producto\/camaras\/objetivos-y-zooms\/objetivos-y-juegos-vintage-pl-35mm-objetivos-y-zooms\/arri-zeiss-super-speed-uncoated-by-tls\/\",\"url\":\"https:\/\/www.fusion.servicevision.es\/es\/producto\/camaras\/objetivos-y-zooms\/objetivos-y-juegos-vintage-pl-35mm-objetivos-y-zooms\/arri-zeiss-super-speed-uncoated-by-tls\/\",\"name\":\"Objetivo para c\u00e1mara ZEISS SUPER HIGHSPEED T1.3 UNCOATED TLS - ServiceVision\",\"isPartOf\":{\"@id\":\"https:\/\/www.fusion.servicevision.es\/es\/#website\"},\"datePublished\":\"2026-03-23T16:21:31+00:00\",\"dateModified\":\"2026-03-23T16:21:31+00:00\",\"description\":\"Alquiler de Objetivo para c\u00e1mara - objetivos y juegos Vintage PL 35mm: ZEISS SUPER HIGHSPEED T1.3 UNCOATED TLS. Consultas y soporte t\u00e9cnico en Servicevision, fabricaci\u00f3n y alquiler de equipos para rodajes cinematogr\u00e1ficos.\",\"breadcrumb\":{\"@id\":\"https:\/\/www.fusion.servicevision.es\/es\/producto\/camaras\/objetivos-y-zooms\/objetivos-y-juegos-vintage-pl-35mm-objetivos-y-zooms\/arri-zeiss-super-speed-uncoated-by-tls\/#breadcrumb\"},\"inLanguage\":\"en-US\",\"potentialAction\":[{\"@type\":\"ReadAction\",\"target\":[\"https:\/\/www.fusion.servicevision.es\/es\/producto\/camaras\/objetivos-y-zooms\/objetivos-y-juegos-vintage-pl-35mm-objetivos-y-zooms\/arri-zeiss-super-speed-uncoated-by-tls\/\"]}]},{\"@type\":\"BreadcrumbList\",\"@id\":\"https:\/\/www.fusion.servicevision.es\/es\/producto\/camaras\/objetivos-y-zooms\/objetivos-y-juegos-vintage-pl-35mm-objetivos-y-zooms\/arri-zeiss-super-speed-uncoated-by-tls\/#breadcrumb\",\"itemListElement\":[{\"@type\":\"ListItem\",\"position\":1,\"name\":\"Alquiler\",\"item\":\"https:\/\/www.fusion.servicevision.es\/es\/alquiler\/\"},{\"@type\":\"ListItem\",\"position\":2,\"name\":\"ARRI-Zeiss Super Speed UNCOATED by TLS\"}]},{\"@type\":\"WebSite\",\"@id\":\"https:\/\/www.fusion.servicevision.es\/es\/#website\",\"url\":\"https:\/\/www.fusion.servicevision.es\/es\/\",\"name\":\"ServiceVision\",\"description\":\"\",\"potentialAction\":[{\"@type\":\"SearchAction\",\"target\":{\"@type\":\"EntryPoint\",\"urlTemplate\":\"https:\/\/www.fusion.servicevision.es\/es\/?s={search_term_string}\"},\"query-input\":\"required name=search_term_string\"}],\"inLanguage\":\"en-US\"}]}<\/script>\n<!-- \/ Yoast SEO plugin. -->","yoast_head_json":{"title":"Objetivo para c\u00e1mara ZEISS SUPER HIGHSPEED T1.3 UNCOATED TLS - ServiceVision","description":"Alquiler de Objetivo para c\u00e1mara - objetivos y juegos Vintage PL 35mm: ZEISS SUPER HIGHSPEED T1.3 UNCOATED TLS. Consultas y soporte t\u00e9cnico en Servicevision, fabricaci\u00f3n y alquiler de equipos para rodajes cinematogr\u00e1ficos.","robots":{"index":"index","follow":"follow","max-snippet":"max-snippet:-1","max-image-preview":"max-image-preview:large","max-video-preview":"max-video-preview:-1"},"canonical":"https:\/\/www.fusion.servicevision.es\/es\/producto\/camaras\/objetivos-y-zooms\/objetivos-y-juegos-vintage-pl-35mm-objetivos-y-zooms\/arri-zeiss-super-speed-uncoated-by-tls\/","og_locale":"en_US","og_type":"article","og_title":"Objetivo para c\u00e1mara ZEISS SUPER HIGHSPEED T1.3 UNCOATED TLS - ServiceVision","og_description":"Alquiler de Objetivo para c\u00e1mara - objetivos y juegos Vintage PL 35mm: ZEISS SUPER HIGHSPEED T1.3 UNCOATED TLS. Consultas y soporte t\u00e9cnico en Servicevision, fabricaci\u00f3n y alquiler de equipos para rodajes cinematogr\u00e1ficos.","og_url":"https:\/\/www.fusion.servicevision.es\/es\/producto\/camaras\/objetivos-y-zooms\/objetivos-y-juegos-vintage-pl-35mm-objetivos-y-zooms\/arri-zeiss-super-speed-uncoated-by-tls\/","og_site_name":"ServiceVision","og_image":[{"width":2560,"height":1709,"url":"https:\/\/www.fusion.servicevision.es\/wp-content\/uploads\/2019\/02\/ZeissSuperSpeedUncoated_SinFondo_WebOk-scaled.jpg","type":"image\/jpeg"}],"twitter_card":"summary_large_image","schema":{"@context":"https:\/\/schema.org","@graph":[{"@type":"WebPage","@id":"https:\/\/www.fusion.servicevision.es\/es\/producto\/camaras\/objetivos-y-zooms\/objetivos-y-juegos-vintage-pl-35mm-objetivos-y-zooms\/arri-zeiss-super-speed-uncoated-by-tls\/","url":"https:\/\/www.fusion.servicevision.es\/es\/producto\/camaras\/objetivos-y-zooms\/objetivos-y-juegos-vintage-pl-35mm-objetivos-y-zooms\/arri-zeiss-super-speed-uncoated-by-tls\/","name":"Objetivo para c\u00e1mara ZEISS SUPER HIGHSPEED T1.3 UNCOATED TLS - ServiceVision","isPartOf":{"@id":"https:\/\/www.fusion.servicevision.es\/es\/#website"},"datePublished":"2026-03-23T16:21:31+00:00","dateModified":"2026-03-23T16:21:31+00:00","description":"Alquiler de Objetivo para c\u00e1mara - objetivos y juegos Vintage PL 35mm: ZEISS SUPER HIGHSPEED T1.3 UNCOATED TLS. Consultas y soporte t\u00e9cnico en Servicevision, fabricaci\u00f3n y alquiler de equipos para rodajes cinematogr\u00e1ficos.","breadcrumb":{"@id":"https:\/\/www.fusion.servicevision.es\/es\/producto\/camaras\/objetivos-y-zooms\/objetivos-y-juegos-vintage-pl-35mm-objetivos-y-zooms\/arri-zeiss-super-speed-uncoated-by-tls\/#breadcrumb"},"inLanguage":"en-US","potentialAction":[{"@type":"ReadAction","target":["https:\/\/www.fusion.servicevision.es\/es\/producto\/camaras\/objetivos-y-zooms\/objetivos-y-juegos-vintage-pl-35mm-objetivos-y-zooms\/arri-zeiss-super-speed-uncoated-by-tls\/"]}]},{"@type":"BreadcrumbList","@id":"https:\/\/www.fusion.servicevision.es\/es\/producto\/camaras\/objetivos-y-zooms\/objetivos-y-juegos-vintage-pl-35mm-objetivos-y-zooms\/arri-zeiss-super-speed-uncoated-by-tls\/#breadcrumb","itemListElement":[{"@type":"ListItem","position":1,"name":"Alquiler","item":"https:\/\/www.fusion.servicevision.es\/es\/alquiler\/"},{"@type":"ListItem","position":2,"name":"ARRI-Zeiss Super Speed UNCOATED by TLS"}]},{"@type":"WebSite","@id":"https:\/\/www.fusion.servicevision.es\/es\/#website","url":"https:\/\/www.fusion.servicevision.es\/es\/","name":"ServiceVision","description":"","potentialAction":[{"@type":"SearchAction","target":{"@type":"EntryPoint","urlTemplate":"https:\/\/www.fusion.servicevision.es\/es\/?s={search_term_string}"},"query-input":"required name=search_term_string"}],"inLanguage":"en-US"}]}},"jetpack_publicize_connections":[],"_links":{"self":[{"href":"https:\/\/www.fusion.servicevision.es\/en\/wp-json\/wp\/v2\/product\/15725"}],"collection":[{"href":"https:\/\/www.fusion.servicevision.es\/en\/wp-json\/wp\/v2\/product"}],"about":[{"href":"https:\/\/www.fusion.servicevision.es\/en\/wp-json\/wp\/v2\/types\/product"}],"replies":[{"embeddable":true,"href":"https:\/\/www.fusion.servicevision.es\/en\/wp-json\/wp\/v2\/comments?post=15725"}],"wp:featuredmedia":[{"embeddable":true,"href":"https:\/\/www.fusion.servicevision.es\/en\/wp-json\/wp\/v2\/media\/9338"}],"wp:attachment":[{"href":"https:\/\/www.fusion.servicevision.es\/en\/wp-json\/wp\/v2\/media?parent=15725"}],"wp:term":[{"taxonomy":"product_cat","embeddable":true,"href":"https:\/\/www.fusion.servicevision.es\/en\/wp-json\/wp\/v2\/product_cat?post=15725"},{"taxonomy":"product_tag","embeddable":true,"href":"https:\/\/www.fusion.servicevision.es\/en\/wp-json\/wp\/v2\/product_tag?post=15725"}],"curies":[{"name":"wp","href":"https:\/\/api.w.org\/{rel}","templated":true}]}}