{"id":15721,"date":"2026-03-23T16:21:28","date_gmt":"2026-03-23T16:21:28","guid":{"rendered":"https:\/\/www.fusion.servicevision.es\/producto\/arri-zeiss-master-prime-2\/"},"modified":"2026-03-23T16:21:28","modified_gmt":"2026-03-23T16:21:28","slug":"arri-zeiss-master-prime-2","status":"publish","type":"product","link":"https:\/\/www.fusion.servicevision.es\/en\/producto\/camaras\/objetivos-y-zooms\/objetivos-y-juegos-pl-35mm-objetivos-y-zooms\/arri-zeiss-master-prime-2\/","title":{"rendered":"ARRI-ZEISS MASTER PRIME"},"content":{"rendered":"","protected":false},"excerpt":{"rendered":"<p><span style=\"color: #000000\">The ARRI-Zeiss Master Prime Lenses with great image quality. The entire range of Master Primes exhibits virtually no breathing, contrast shift, or color shift between lenses and are available from 12mm to 150mm with a fast stop of T1.3.<\/span><\/p>\n","protected":false},"featured_media":9194,"comment_status":"closed","ping_status":"closed","template":"","meta":[],"product_cat":[150,149,141,257,266,278,270,15],"product_tag":[],"yoast_head":"<!-- This site is optimized with the Yoast SEO plugin v19.9 - https:\/\/yoast.com\/wordpress\/plugins\/seo\/ -->\n<title>Objetivo para c\u00e1mara ARRI-ZEISS MASTER PRIME T1.3 - ServiceVision<\/title>\n<meta name=\"description\" content=\"Alquiler de Objetivo para c\u00e1mara - objetivos y juegos PL 35mm: ARRI-ZEISS MASTER PRIME T1.3. Consultas y soporte t\u00e9cnico en Servicevision, fabricaci\u00f3n y alquiler de equipos para rodajes cinematogr\u00e1ficos.\" \/>\n<meta name=\"robots\" content=\"index, follow, max-snippet:-1, max-image-preview:large, max-video-preview:-1\" \/>\n<link rel=\"canonical\" href=\"https:\/\/www.fusion.servicevision.es\/es\/producto\/camaras\/objetivos-y-zooms\/objetivos-y-juegos-pl-35mm-objetivos-y-zooms\/arri-zeiss-master-prime\/\" \/>\n<meta property=\"og:locale\" content=\"en_US\" \/>\n<meta property=\"og:type\" content=\"article\" \/>\n<meta property=\"og:title\" content=\"Objetivo para c\u00e1mara ARRI-ZEISS MASTER PRIME T1.3 - ServiceVision\" \/>\n<meta property=\"og:description\" content=\"Alquiler de Objetivo para c\u00e1mara - objetivos y juegos PL 35mm: ARRI-ZEISS MASTER PRIME T1.3. Consultas y soporte t\u00e9cnico en Servicevision, fabricaci\u00f3n y alquiler de equipos para rodajes cinematogr\u00e1ficos.\" \/>\n<meta property=\"og:url\" content=\"https:\/\/www.fusion.servicevision.es\/es\/producto\/camaras\/objetivos-y-zooms\/objetivos-y-juegos-pl-35mm-objetivos-y-zooms\/arri-zeiss-master-prime\/\" \/>\n<meta property=\"og:site_name\" content=\"ServiceVision\" \/>\n<meta property=\"og:image\" content=\"https:\/\/www.fusion.servicevision.es\/wp-content\/uploads\/2019\/02\/006_ARRI_Zeiss_MasterPrime-scaled.jpg\" \/>\n\t<meta property=\"og:image:width\" content=\"2560\" \/>\n\t<meta property=\"og:image:height\" content=\"1571\" \/>\n\t<meta property=\"og:image:type\" content=\"image\/jpeg\" \/>\n<meta name=\"twitter:card\" content=\"summary_large_image\" \/>\n<script type=\"application\/ld+json\" class=\"yoast-schema-graph\">{\"@context\":\"https:\/\/schema.org\",\"@graph\":[{\"@type\":\"WebPage\",\"@id\":\"https:\/\/www.fusion.servicevision.es\/es\/producto\/camaras\/objetivos-y-zooms\/objetivos-y-juegos-pl-35mm-objetivos-y-zooms\/arri-zeiss-master-prime\/\",\"url\":\"https:\/\/www.fusion.servicevision.es\/es\/producto\/camaras\/objetivos-y-zooms\/objetivos-y-juegos-pl-35mm-objetivos-y-zooms\/arri-zeiss-master-prime\/\",\"name\":\"Objetivo para c\u00e1mara ARRI-ZEISS MASTER PRIME T1.3 - ServiceVision\",\"isPartOf\":{\"@id\":\"https:\/\/www.fusion.servicevision.es\/es\/#website\"},\"datePublished\":\"2026-03-23T16:21:28+00:00\",\"dateModified\":\"2026-03-23T16:21:28+00:00\",\"description\":\"Alquiler de Objetivo para c\u00e1mara - objetivos y juegos PL 35mm: ARRI-ZEISS MASTER PRIME T1.3. Consultas y soporte t\u00e9cnico en Servicevision, fabricaci\u00f3n y alquiler de equipos para rodajes cinematogr\u00e1ficos.\",\"breadcrumb\":{\"@id\":\"https:\/\/www.fusion.servicevision.es\/es\/producto\/camaras\/objetivos-y-zooms\/objetivos-y-juegos-pl-35mm-objetivos-y-zooms\/arri-zeiss-master-prime\/#breadcrumb\"},\"inLanguage\":\"en-US\",\"potentialAction\":[{\"@type\":\"ReadAction\",\"target\":[\"https:\/\/www.fusion.servicevision.es\/es\/producto\/camaras\/objetivos-y-zooms\/objetivos-y-juegos-pl-35mm-objetivos-y-zooms\/arri-zeiss-master-prime\/\"]}]},{\"@type\":\"BreadcrumbList\",\"@id\":\"https:\/\/www.fusion.servicevision.es\/es\/producto\/camaras\/objetivos-y-zooms\/objetivos-y-juegos-pl-35mm-objetivos-y-zooms\/arri-zeiss-master-prime\/#breadcrumb\",\"itemListElement\":[{\"@type\":\"ListItem\",\"position\":1,\"name\":\"Alquiler\",\"item\":\"https:\/\/www.fusion.servicevision.es\/es\/alquiler\/\"},{\"@type\":\"ListItem\",\"position\":2,\"name\":\"ARRI-ZEISS MASTER PRIME\"}]},{\"@type\":\"WebSite\",\"@id\":\"https:\/\/www.fusion.servicevision.es\/es\/#website\",\"url\":\"https:\/\/www.fusion.servicevision.es\/es\/\",\"name\":\"ServiceVision\",\"description\":\"\",\"potentialAction\":[{\"@type\":\"SearchAction\",\"target\":{\"@type\":\"EntryPoint\",\"urlTemplate\":\"https:\/\/www.fusion.servicevision.es\/es\/?s={search_term_string}\"},\"query-input\":\"required name=search_term_string\"}],\"inLanguage\":\"en-US\"}]}<\/script>\n<!-- \/ Yoast SEO plugin. -->","yoast_head_json":{"title":"Objetivo para c\u00e1mara ARRI-ZEISS MASTER PRIME T1.3 - ServiceVision","description":"Alquiler de Objetivo para c\u00e1mara - objetivos y juegos PL 35mm: ARRI-ZEISS MASTER PRIME T1.3. Consultas y soporte t\u00e9cnico en Servicevision, fabricaci\u00f3n y alquiler de equipos para rodajes cinematogr\u00e1ficos.","robots":{"index":"index","follow":"follow","max-snippet":"max-snippet:-1","max-image-preview":"max-image-preview:large","max-video-preview":"max-video-preview:-1"},"canonical":"https:\/\/www.fusion.servicevision.es\/es\/producto\/camaras\/objetivos-y-zooms\/objetivos-y-juegos-pl-35mm-objetivos-y-zooms\/arri-zeiss-master-prime\/","og_locale":"en_US","og_type":"article","og_title":"Objetivo para c\u00e1mara ARRI-ZEISS MASTER PRIME T1.3 - ServiceVision","og_description":"Alquiler de Objetivo para c\u00e1mara - objetivos y juegos PL 35mm: ARRI-ZEISS MASTER PRIME T1.3. Consultas y soporte t\u00e9cnico en Servicevision, fabricaci\u00f3n y alquiler de equipos para rodajes cinematogr\u00e1ficos.","og_url":"https:\/\/www.fusion.servicevision.es\/es\/producto\/camaras\/objetivos-y-zooms\/objetivos-y-juegos-pl-35mm-objetivos-y-zooms\/arri-zeiss-master-prime\/","og_site_name":"ServiceVision","og_image":[{"width":2560,"height":1571,"url":"https:\/\/www.fusion.servicevision.es\/wp-content\/uploads\/2019\/02\/006_ARRI_Zeiss_MasterPrime-scaled.jpg","type":"image\/jpeg"}],"twitter_card":"summary_large_image","schema":{"@context":"https:\/\/schema.org","@graph":[{"@type":"WebPage","@id":"https:\/\/www.fusion.servicevision.es\/es\/producto\/camaras\/objetivos-y-zooms\/objetivos-y-juegos-pl-35mm-objetivos-y-zooms\/arri-zeiss-master-prime\/","url":"https:\/\/www.fusion.servicevision.es\/es\/producto\/camaras\/objetivos-y-zooms\/objetivos-y-juegos-pl-35mm-objetivos-y-zooms\/arri-zeiss-master-prime\/","name":"Objetivo para c\u00e1mara ARRI-ZEISS MASTER PRIME T1.3 - ServiceVision","isPartOf":{"@id":"https:\/\/www.fusion.servicevision.es\/es\/#website"},"datePublished":"2026-03-23T16:21:28+00:00","dateModified":"2026-03-23T16:21:28+00:00","description":"Alquiler de Objetivo para c\u00e1mara - objetivos y juegos PL 35mm: ARRI-ZEISS MASTER PRIME T1.3. Consultas y soporte t\u00e9cnico en Servicevision, fabricaci\u00f3n y alquiler de equipos para rodajes cinematogr\u00e1ficos.","breadcrumb":{"@id":"https:\/\/www.fusion.servicevision.es\/es\/producto\/camaras\/objetivos-y-zooms\/objetivos-y-juegos-pl-35mm-objetivos-y-zooms\/arri-zeiss-master-prime\/#breadcrumb"},"inLanguage":"en-US","potentialAction":[{"@type":"ReadAction","target":["https:\/\/www.fusion.servicevision.es\/es\/producto\/camaras\/objetivos-y-zooms\/objetivos-y-juegos-pl-35mm-objetivos-y-zooms\/arri-zeiss-master-prime\/"]}]},{"@type":"BreadcrumbList","@id":"https:\/\/www.fusion.servicevision.es\/es\/producto\/camaras\/objetivos-y-zooms\/objetivos-y-juegos-pl-35mm-objetivos-y-zooms\/arri-zeiss-master-prime\/#breadcrumb","itemListElement":[{"@type":"ListItem","position":1,"name":"Alquiler","item":"https:\/\/www.fusion.servicevision.es\/es\/alquiler\/"},{"@type":"ListItem","position":2,"name":"ARRI-ZEISS MASTER PRIME"}]},{"@type":"WebSite","@id":"https:\/\/www.fusion.servicevision.es\/es\/#website","url":"https:\/\/www.fusion.servicevision.es\/es\/","name":"ServiceVision","description":"","potentialAction":[{"@type":"SearchAction","target":{"@type":"EntryPoint","urlTemplate":"https:\/\/www.fusion.servicevision.es\/es\/?s={search_term_string}"},"query-input":"required name=search_term_string"}],"inLanguage":"en-US"}]}},"jetpack_publicize_connections":[],"_links":{"self":[{"href":"https:\/\/www.fusion.servicevision.es\/en\/wp-json\/wp\/v2\/product\/15721"}],"collection":[{"href":"https:\/\/www.fusion.servicevision.es\/en\/wp-json\/wp\/v2\/product"}],"about":[{"href":"https:\/\/www.fusion.servicevision.es\/en\/wp-json\/wp\/v2\/types\/product"}],"replies":[{"embeddable":true,"href":"https:\/\/www.fusion.servicevision.es\/en\/wp-json\/wp\/v2\/comments?post=15721"}],"wp:featuredmedia":[{"embeddable":true,"href":"https:\/\/www.fusion.servicevision.es\/en\/wp-json\/wp\/v2\/media\/9194"}],"wp:attachment":[{"href":"https:\/\/www.fusion.servicevision.es\/en\/wp-json\/wp\/v2\/media?parent=15721"}],"wp:term":[{"taxonomy":"product_cat","embeddable":true,"href":"https:\/\/www.fusion.servicevision.es\/en\/wp-json\/wp\/v2\/product_cat?post=15721"},{"taxonomy":"product_tag","embeddable":true,"href":"https:\/\/www.fusion.servicevision.es\/en\/wp-json\/wp\/v2\/product_tag?post=15721"}],"curies":[{"name":"wp","href":"https:\/\/api.w.org\/{rel}","templated":true}]}}