{"id":15720,"date":"2026-03-23T16:21:28","date_gmt":"2026-03-23T16:21:28","guid":{"rendered":"https:\/\/www.fusion.servicevision.es\/producto\/zeiss-supreme-3\/"},"modified":"2026-03-30T03:02:01","modified_gmt":"2026-03-30T03:02:01","slug":"zeiss-supreme-3","status":"publish","type":"product","link":"https:\/\/www.fusion.servicevision.es\/en\/producto\/cameras\/zeiss-supreme-3\/","title":{"rendered":"ZEISS SUPREME"},"content":{"rendered":"","protected":false},"excerpt":{"rendered":"<p><span style=\"color: #000000;\">Consistency is one of the key elements offered by the Zeiss Supreme Prime lenses: that means consistent coverage, color rendering, aperture, size, weight and ergonomics.<\/span><\/p>\n<p><span style=\"color: #000000;\">All the lenses across the family cover sensors Full Frame.<\/span><\/p>\n<p><span style=\"color: #000000;\">The Supreme Prime lenses are color matched across the full range and most feature a fast T-stop of T1.5. The small front diameter of 95 mm on almost all lenses and standardized positioning of the focus and iris rings across the whole family facilitate fast and easy equipment changeout. The compact and lightweight design means you enjoy easy and comfortable handling.<\/span><\/p>\n<p><span style=\"color: #000000;\">The lenses Zeiss Supreme Prime lenses is a gentle sharpness that renders a crisp but organic look.<\/span><\/p>\n<p><span style=\"color: #000000;\">A very smooth transition between in-focus and out of focus areas characterize the unique look of the Zeiss Supreme Prime lenses. This adds richer texture and greater depth to the image.<\/span><\/p>\n","protected":false},"featured_media":9192,"comment_status":"closed","ping_status":"closed","template":"","meta":[],"product_cat":[257,266,279],"product_tag":[],"yoast_head":"<!-- This site is optimized with the Yoast SEO plugin v19.9 - https:\/\/yoast.com\/wordpress\/plugins\/seo\/ -->\n<title>Objetivo para c\u00e1mara ZEISS SUPREME T1.5 - ServiceVision<\/title>\n<meta name=\"description\" content=\"Alquiler de Objetivo para c\u00e1mara - objetivos y juegos PL Full Frame: ZEISS SUPREME T1.5. Consultas y soporte t\u00e9cnico en Servicevision, fabricaci\u00f3n y alquiler de equipos para rodajes cinematogr\u00e1ficos.\" \/>\n<meta name=\"robots\" content=\"index, follow, max-snippet:-1, max-image-preview:large, max-video-preview:-1\" \/>\n<link rel=\"canonical\" href=\"https:\/\/www.fusion.servicevision.es\/en\/producto\/cameras\/zeiss-supreme-3\/\" \/>\n<meta property=\"og:locale\" content=\"en_US\" \/>\n<meta property=\"og:type\" content=\"article\" \/>\n<meta property=\"og:title\" content=\"Objetivo para c\u00e1mara ZEISS SUPREME T1.5 - ServiceVision\" \/>\n<meta property=\"og:description\" content=\"Alquiler de Objetivo para c\u00e1mara - objetivos y juegos PL Full Frame: ZEISS SUPREME T1.5. Consultas y soporte t\u00e9cnico en Servicevision, fabricaci\u00f3n y alquiler de equipos para rodajes cinematogr\u00e1ficos.\" \/>\n<meta property=\"og:url\" content=\"https:\/\/www.fusion.servicevision.es\/en\/producto\/cameras\/zeiss-supreme-3\/\" \/>\n<meta property=\"og:site_name\" content=\"ServiceVision\" \/>\n<meta property=\"article:modified_time\" content=\"2026-03-30T03:02:01+00:00\" \/>\n<meta property=\"og:image\" content=\"https:\/\/www.fusion.servicevision.es\/wp-content\/uploads\/2019\/02\/004_ZeissSupreme_01-scaled.jpg\" \/>\n\t<meta property=\"og:image:width\" content=\"2560\" \/>\n\t<meta property=\"og:image:height\" content=\"1412\" \/>\n\t<meta property=\"og:image:type\" content=\"image\/jpeg\" \/>\n<meta name=\"twitter:card\" content=\"summary_large_image\" \/>\n<script type=\"application\/ld+json\" class=\"yoast-schema-graph\">{\"@context\":\"https:\/\/schema.org\",\"@graph\":[{\"@type\":\"WebPage\",\"@id\":\"https:\/\/www.fusion.servicevision.es\/en\/producto\/cameras\/zeiss-supreme-3\/\",\"url\":\"https:\/\/www.fusion.servicevision.es\/en\/producto\/cameras\/zeiss-supreme-3\/\",\"name\":\"Objetivo para c\u00e1mara ZEISS SUPREME T1.5 - ServiceVision\",\"isPartOf\":{\"@id\":\"https:\/\/www.fusion.servicevision.es\/es\/#website\"},\"datePublished\":\"2026-03-23T16:21:28+00:00\",\"dateModified\":\"2026-03-30T03:02:01+00:00\",\"description\":\"Alquiler de Objetivo para c\u00e1mara - objetivos y juegos PL Full Frame: ZEISS SUPREME T1.5. Consultas y soporte t\u00e9cnico en Servicevision, fabricaci\u00f3n y alquiler de equipos para rodajes cinematogr\u00e1ficos.\",\"breadcrumb\":{\"@id\":\"https:\/\/www.fusion.servicevision.es\/en\/producto\/cameras\/zeiss-supreme-3\/#breadcrumb\"},\"inLanguage\":\"en-US\",\"potentialAction\":[{\"@type\":\"ReadAction\",\"target\":[\"https:\/\/www.fusion.servicevision.es\/en\/producto\/cameras\/zeiss-supreme-3\/\"]}]},{\"@type\":\"BreadcrumbList\",\"@id\":\"https:\/\/www.fusion.servicevision.es\/en\/producto\/cameras\/zeiss-supreme-3\/#breadcrumb\",\"itemListElement\":[{\"@type\":\"ListItem\",\"position\":1,\"name\":\"Alquiler\",\"item\":\"https:\/\/www.fusion.servicevision.es\/es\/alquiler\/\"},{\"@type\":\"ListItem\",\"position\":2,\"name\":\"ZEISS SUPREME\"}]},{\"@type\":\"WebSite\",\"@id\":\"https:\/\/www.fusion.servicevision.es\/es\/#website\",\"url\":\"https:\/\/www.fusion.servicevision.es\/es\/\",\"name\":\"ServiceVision\",\"description\":\"\",\"potentialAction\":[{\"@type\":\"SearchAction\",\"target\":{\"@type\":\"EntryPoint\",\"urlTemplate\":\"https:\/\/www.fusion.servicevision.es\/es\/?s={search_term_string}\"},\"query-input\":\"required name=search_term_string\"}],\"inLanguage\":\"en-US\"}]}<\/script>\n<!-- \/ Yoast SEO plugin. -->","yoast_head_json":{"title":"Objetivo para c\u00e1mara ZEISS SUPREME T1.5 - ServiceVision","description":"Alquiler de Objetivo para c\u00e1mara - objetivos y juegos PL Full Frame: ZEISS SUPREME T1.5. Consultas y soporte t\u00e9cnico en Servicevision, fabricaci\u00f3n y alquiler de equipos para rodajes cinematogr\u00e1ficos.","robots":{"index":"index","follow":"follow","max-snippet":"max-snippet:-1","max-image-preview":"max-image-preview:large","max-video-preview":"max-video-preview:-1"},"canonical":"https:\/\/www.fusion.servicevision.es\/en\/producto\/cameras\/zeiss-supreme-3\/","og_locale":"en_US","og_type":"article","og_title":"Objetivo para c\u00e1mara ZEISS SUPREME T1.5 - ServiceVision","og_description":"Alquiler de Objetivo para c\u00e1mara - objetivos y juegos PL Full Frame: ZEISS SUPREME T1.5. Consultas y soporte t\u00e9cnico en Servicevision, fabricaci\u00f3n y alquiler de equipos para rodajes cinematogr\u00e1ficos.","og_url":"https:\/\/www.fusion.servicevision.es\/en\/producto\/cameras\/zeiss-supreme-3\/","og_site_name":"ServiceVision","article_modified_time":"2026-03-30T03:02:01+00:00","og_image":[{"width":2560,"height":1412,"url":"https:\/\/www.fusion.servicevision.es\/wp-content\/uploads\/2019\/02\/004_ZeissSupreme_01-scaled.jpg","type":"image\/jpeg"}],"twitter_card":"summary_large_image","schema":{"@context":"https:\/\/schema.org","@graph":[{"@type":"WebPage","@id":"https:\/\/www.fusion.servicevision.es\/en\/producto\/cameras\/zeiss-supreme-3\/","url":"https:\/\/www.fusion.servicevision.es\/en\/producto\/cameras\/zeiss-supreme-3\/","name":"Objetivo para c\u00e1mara ZEISS SUPREME T1.5 - ServiceVision","isPartOf":{"@id":"https:\/\/www.fusion.servicevision.es\/es\/#website"},"datePublished":"2026-03-23T16:21:28+00:00","dateModified":"2026-03-30T03:02:01+00:00","description":"Alquiler de Objetivo para c\u00e1mara - objetivos y juegos PL Full Frame: ZEISS SUPREME T1.5. Consultas y soporte t\u00e9cnico en Servicevision, fabricaci\u00f3n y alquiler de equipos para rodajes cinematogr\u00e1ficos.","breadcrumb":{"@id":"https:\/\/www.fusion.servicevision.es\/en\/producto\/cameras\/zeiss-supreme-3\/#breadcrumb"},"inLanguage":"en-US","potentialAction":[{"@type":"ReadAction","target":["https:\/\/www.fusion.servicevision.es\/en\/producto\/cameras\/zeiss-supreme-3\/"]}]},{"@type":"BreadcrumbList","@id":"https:\/\/www.fusion.servicevision.es\/en\/producto\/cameras\/zeiss-supreme-3\/#breadcrumb","itemListElement":[{"@type":"ListItem","position":1,"name":"Alquiler","item":"https:\/\/www.fusion.servicevision.es\/es\/alquiler\/"},{"@type":"ListItem","position":2,"name":"ZEISS SUPREME"}]},{"@type":"WebSite","@id":"https:\/\/www.fusion.servicevision.es\/es\/#website","url":"https:\/\/www.fusion.servicevision.es\/es\/","name":"ServiceVision","description":"","potentialAction":[{"@type":"SearchAction","target":{"@type":"EntryPoint","urlTemplate":"https:\/\/www.fusion.servicevision.es\/es\/?s={search_term_string}"},"query-input":"required name=search_term_string"}],"inLanguage":"en-US"}]}},"jetpack_publicize_connections":[],"_links":{"self":[{"href":"https:\/\/www.fusion.servicevision.es\/en\/wp-json\/wp\/v2\/product\/15720"}],"collection":[{"href":"https:\/\/www.fusion.servicevision.es\/en\/wp-json\/wp\/v2\/product"}],"about":[{"href":"https:\/\/www.fusion.servicevision.es\/en\/wp-json\/wp\/v2\/types\/product"}],"replies":[{"embeddable":true,"href":"https:\/\/www.fusion.servicevision.es\/en\/wp-json\/wp\/v2\/comments?post=15720"}],"wp:featuredmedia":[{"embeddable":true,"href":"https:\/\/www.fusion.servicevision.es\/en\/wp-json\/wp\/v2\/media\/9192"}],"wp:attachment":[{"href":"https:\/\/www.fusion.servicevision.es\/en\/wp-json\/wp\/v2\/media?parent=15720"}],"wp:term":[{"taxonomy":"product_cat","embeddable":true,"href":"https:\/\/www.fusion.servicevision.es\/en\/wp-json\/wp\/v2\/product_cat?post=15720"},{"taxonomy":"product_tag","embeddable":true,"href":"https:\/\/www.fusion.servicevision.es\/en\/wp-json\/wp\/v2\/product_tag?post=15720"}],"curies":[{"name":"wp","href":"https:\/\/api.w.org\/{rel}","templated":true}]}}