{"id":15718,"date":"2026-03-23T16:21:26","date_gmt":"2026-03-23T16:21:26","guid":{"rendered":"https:\/\/www.fusion.servicevision.es\/producto\/12-mm-t2-9-glo-compact-wide-angle-lens-2\/"},"modified":"2026-03-23T16:21:26","modified_gmt":"2026-03-23T16:21:26","slug":"12-mm-t2-9-glo-compact-wide-angle-lens-2","status":"publish","type":"product","link":"https:\/\/www.fusion.servicevision.es\/en\/producto\/camaras\/objetivos-y-zooms\/esfericos\/angulares\/12-mm-t2-9-glo-compact-wide-angle-lens-2\/","title":{"rendered":"12 mm T2.9 GLO Compact Wide Angle Lens"},"content":{"rendered":"","protected":false},"excerpt":{"rendered":"<p>Super wide angle 12 mm T2.9 PL, for Full Frame image circle is 48 mm (diagonal), lightweight 0.75 Kgs. highis 88 mm and front diamentre is 80 mm, close focus is 7 inchs.<\/p>\n","protected":false},"featured_media":9598,"comment_status":"open","ping_status":"closed","template":"","meta":[],"product_cat":[154,150],"product_tag":[],"yoast_head":"<!-- This site is optimized with the Yoast SEO plugin v19.9 - https:\/\/yoast.com\/wordpress\/plugins\/seo\/ -->\n<title>Objetivo para c\u00e1mara 12 mm T2.9 GLO Compact Wide Angle Lens - ServiceVision<\/title>\n<meta name=\"description\" content=\"Alquiler de Objetivo para c\u00e1mara - objetivos y zooms esf\u00e9ricos: 12 mm T2.9 GLO Compact Wide Angle Lens. Consultas y soporte t\u00e9cnico en Servicevision, fabricaci\u00f3n y alquiler de equipos para rodajes cinematogr\u00e1ficos.\" \/>\n<meta name=\"robots\" content=\"index, follow, max-snippet:-1, max-image-preview:large, max-video-preview:-1\" \/>\n<link rel=\"canonical\" href=\"https:\/\/www.fusion.servicevision.es\/es\/producto\/camaras\/objetivos-y-zooms\/esfericos\/angulares\/12-mm-t2-9-glo-compact-wide-angle-lens\/\" \/>\n<meta property=\"og:locale\" content=\"en_US\" \/>\n<meta property=\"og:type\" content=\"article\" \/>\n<meta property=\"og:title\" content=\"Objetivo para c\u00e1mara 12 mm T2.9 GLO Compact Wide Angle Lens - ServiceVision\" \/>\n<meta property=\"og:description\" content=\"Alquiler de Objetivo para c\u00e1mara - objetivos y zooms esf\u00e9ricos: 12 mm T2.9 GLO Compact Wide Angle Lens. Consultas y soporte t\u00e9cnico en Servicevision, fabricaci\u00f3n y alquiler de equipos para rodajes cinematogr\u00e1ficos.\" \/>\n<meta property=\"og:url\" content=\"https:\/\/www.fusion.servicevision.es\/es\/producto\/camaras\/objetivos-y-zooms\/esfericos\/angulares\/12-mm-t2-9-glo-compact-wide-angle-lens\/\" \/>\n<meta property=\"og:site_name\" content=\"ServiceVision\" \/>\n<meta property=\"og:image\" content=\"https:\/\/www.fusion.servicevision.es\/wp-content\/uploads\/2019\/05\/12_4.jpg\" \/>\n\t<meta property=\"og:image:width\" content=\"600\" \/>\n\t<meta property=\"og:image:height\" content=\"800\" \/>\n\t<meta property=\"og:image:type\" content=\"image\/jpeg\" \/>\n<meta name=\"twitter:card\" content=\"summary_large_image\" \/>\n<script type=\"application\/ld+json\" class=\"yoast-schema-graph\">{\"@context\":\"https:\/\/schema.org\",\"@graph\":[{\"@type\":\"WebPage\",\"@id\":\"https:\/\/www.fusion.servicevision.es\/es\/producto\/camaras\/objetivos-y-zooms\/esfericos\/angulares\/12-mm-t2-9-glo-compact-wide-angle-lens\/\",\"url\":\"https:\/\/www.fusion.servicevision.es\/es\/producto\/camaras\/objetivos-y-zooms\/esfericos\/angulares\/12-mm-t2-9-glo-compact-wide-angle-lens\/\",\"name\":\"Objetivo para c\u00e1mara 12 mm T2.9 GLO Compact Wide Angle Lens - ServiceVision\",\"isPartOf\":{\"@id\":\"https:\/\/www.fusion.servicevision.es\/es\/#website\"},\"datePublished\":\"2026-03-23T16:21:26+00:00\",\"dateModified\":\"2026-03-23T16:21:26+00:00\",\"description\":\"Alquiler de Objetivo para c\u00e1mara - objetivos y zooms esf\u00e9ricos: 12 mm T2.9 GLO Compact Wide Angle Lens. Consultas y soporte t\u00e9cnico en Servicevision, fabricaci\u00f3n y alquiler de equipos para rodajes cinematogr\u00e1ficos.\",\"breadcrumb\":{\"@id\":\"https:\/\/www.fusion.servicevision.es\/es\/producto\/camaras\/objetivos-y-zooms\/esfericos\/angulares\/12-mm-t2-9-glo-compact-wide-angle-lens\/#breadcrumb\"},\"inLanguage\":\"en-US\",\"potentialAction\":[{\"@type\":\"ReadAction\",\"target\":[\"https:\/\/www.fusion.servicevision.es\/es\/producto\/camaras\/objetivos-y-zooms\/esfericos\/angulares\/12-mm-t2-9-glo-compact-wide-angle-lens\/\"]}]},{\"@type\":\"BreadcrumbList\",\"@id\":\"https:\/\/www.fusion.servicevision.es\/es\/producto\/camaras\/objetivos-y-zooms\/esfericos\/angulares\/12-mm-t2-9-glo-compact-wide-angle-lens\/#breadcrumb\",\"itemListElement\":[{\"@type\":\"ListItem\",\"position\":1,\"name\":\"Alquiler\",\"item\":\"https:\/\/www.fusion.servicevision.es\/es\/alquiler\/\"},{\"@type\":\"ListItem\",\"position\":2,\"name\":\"12 mm T2.9 GLO Compact Wide Angle Lens\"}]},{\"@type\":\"WebSite\",\"@id\":\"https:\/\/www.fusion.servicevision.es\/es\/#website\",\"url\":\"https:\/\/www.fusion.servicevision.es\/es\/\",\"name\":\"ServiceVision\",\"description\":\"\",\"potentialAction\":[{\"@type\":\"SearchAction\",\"target\":{\"@type\":\"EntryPoint\",\"urlTemplate\":\"https:\/\/www.fusion.servicevision.es\/es\/?s={search_term_string}\"},\"query-input\":\"required name=search_term_string\"}],\"inLanguage\":\"en-US\"}]}<\/script>\n<!-- \/ Yoast SEO plugin. -->","yoast_head_json":{"title":"Objetivo para c\u00e1mara 12 mm T2.9 GLO Compact Wide Angle Lens - ServiceVision","description":"Alquiler de Objetivo para c\u00e1mara - objetivos y zooms esf\u00e9ricos: 12 mm T2.9 GLO Compact Wide Angle Lens. Consultas y soporte t\u00e9cnico en Servicevision, fabricaci\u00f3n y alquiler de equipos para rodajes cinematogr\u00e1ficos.","robots":{"index":"index","follow":"follow","max-snippet":"max-snippet:-1","max-image-preview":"max-image-preview:large","max-video-preview":"max-video-preview:-1"},"canonical":"https:\/\/www.fusion.servicevision.es\/es\/producto\/camaras\/objetivos-y-zooms\/esfericos\/angulares\/12-mm-t2-9-glo-compact-wide-angle-lens\/","og_locale":"en_US","og_type":"article","og_title":"Objetivo para c\u00e1mara 12 mm T2.9 GLO Compact Wide Angle Lens - ServiceVision","og_description":"Alquiler de Objetivo para c\u00e1mara - objetivos y zooms esf\u00e9ricos: 12 mm T2.9 GLO Compact Wide Angle Lens. Consultas y soporte t\u00e9cnico en Servicevision, fabricaci\u00f3n y alquiler de equipos para rodajes cinematogr\u00e1ficos.","og_url":"https:\/\/www.fusion.servicevision.es\/es\/producto\/camaras\/objetivos-y-zooms\/esfericos\/angulares\/12-mm-t2-9-glo-compact-wide-angle-lens\/","og_site_name":"ServiceVision","og_image":[{"width":600,"height":800,"url":"https:\/\/www.fusion.servicevision.es\/wp-content\/uploads\/2019\/05\/12_4.jpg","type":"image\/jpeg"}],"twitter_card":"summary_large_image","schema":{"@context":"https:\/\/schema.org","@graph":[{"@type":"WebPage","@id":"https:\/\/www.fusion.servicevision.es\/es\/producto\/camaras\/objetivos-y-zooms\/esfericos\/angulares\/12-mm-t2-9-glo-compact-wide-angle-lens\/","url":"https:\/\/www.fusion.servicevision.es\/es\/producto\/camaras\/objetivos-y-zooms\/esfericos\/angulares\/12-mm-t2-9-glo-compact-wide-angle-lens\/","name":"Objetivo para c\u00e1mara 12 mm T2.9 GLO Compact Wide Angle Lens - ServiceVision","isPartOf":{"@id":"https:\/\/www.fusion.servicevision.es\/es\/#website"},"datePublished":"2026-03-23T16:21:26+00:00","dateModified":"2026-03-23T16:21:26+00:00","description":"Alquiler de Objetivo para c\u00e1mara - objetivos y zooms esf\u00e9ricos: 12 mm T2.9 GLO Compact Wide Angle Lens. Consultas y soporte t\u00e9cnico en Servicevision, fabricaci\u00f3n y alquiler de equipos para rodajes cinematogr\u00e1ficos.","breadcrumb":{"@id":"https:\/\/www.fusion.servicevision.es\/es\/producto\/camaras\/objetivos-y-zooms\/esfericos\/angulares\/12-mm-t2-9-glo-compact-wide-angle-lens\/#breadcrumb"},"inLanguage":"en-US","potentialAction":[{"@type":"ReadAction","target":["https:\/\/www.fusion.servicevision.es\/es\/producto\/camaras\/objetivos-y-zooms\/esfericos\/angulares\/12-mm-t2-9-glo-compact-wide-angle-lens\/"]}]},{"@type":"BreadcrumbList","@id":"https:\/\/www.fusion.servicevision.es\/es\/producto\/camaras\/objetivos-y-zooms\/esfericos\/angulares\/12-mm-t2-9-glo-compact-wide-angle-lens\/#breadcrumb","itemListElement":[{"@type":"ListItem","position":1,"name":"Alquiler","item":"https:\/\/www.fusion.servicevision.es\/es\/alquiler\/"},{"@type":"ListItem","position":2,"name":"12 mm T2.9 GLO Compact Wide Angle Lens"}]},{"@type":"WebSite","@id":"https:\/\/www.fusion.servicevision.es\/es\/#website","url":"https:\/\/www.fusion.servicevision.es\/es\/","name":"ServiceVision","description":"","potentialAction":[{"@type":"SearchAction","target":{"@type":"EntryPoint","urlTemplate":"https:\/\/www.fusion.servicevision.es\/es\/?s={search_term_string}"},"query-input":"required name=search_term_string"}],"inLanguage":"en-US"}]}},"jetpack_publicize_connections":[],"_links":{"self":[{"href":"https:\/\/www.fusion.servicevision.es\/en\/wp-json\/wp\/v2\/product\/15718"}],"collection":[{"href":"https:\/\/www.fusion.servicevision.es\/en\/wp-json\/wp\/v2\/product"}],"about":[{"href":"https:\/\/www.fusion.servicevision.es\/en\/wp-json\/wp\/v2\/types\/product"}],"replies":[{"embeddable":true,"href":"https:\/\/www.fusion.servicevision.es\/en\/wp-json\/wp\/v2\/comments?post=15718"}],"wp:featuredmedia":[{"embeddable":true,"href":"https:\/\/www.fusion.servicevision.es\/en\/wp-json\/wp\/v2\/media\/9598"}],"wp:attachment":[{"href":"https:\/\/www.fusion.servicevision.es\/en\/wp-json\/wp\/v2\/media?parent=15718"}],"wp:term":[{"taxonomy":"product_cat","embeddable":true,"href":"https:\/\/www.fusion.servicevision.es\/en\/wp-json\/wp\/v2\/product_cat?post=15718"},{"taxonomy":"product_tag","embeddable":true,"href":"https:\/\/www.fusion.servicevision.es\/en\/wp-json\/wp\/v2\/product_tag?post=15718"}],"curies":[{"name":"wp","href":"https:\/\/api.w.org\/{rel}","templated":true}]}}