{"id":15708,"date":"2026-03-23T16:21:20","date_gmt":"2026-03-23T16:21:20","guid":{"rendered":"https:\/\/www.fusion.servicevision.es\/producto\/red-ranger-monstro-8k-vv-2\/"},"modified":"2026-03-23T16:21:20","modified_gmt":"2026-03-23T16:21:20","slug":"red-ranger-monstro-8k-vv-2","status":"publish","type":"product","link":"https:\/\/www.fusion.servicevision.es\/en\/producto\/camaras\/digital-camaras\/red-ranger-monstro-8k-vv-2\/","title":{"rendered":"RED RANGER MONSTRO 8K VV"},"content":{"rendered":"","protected":false},"excerpt":{"rendered":"<p><span style=\"color: #000000\">The <strong>Red Ranger Monstro 8K VV<\/strong> camera has integrated the entire system of a DSMC2 into a module-less camera, including three SDI outputs (two cloned and one independent). It changes the voltage range to 11.5 to 32V with 12V and 24V power outputs.<\/span><br \/>\nn<span style=\"color: #000000\">It is a large format 8K camera with a 40.96 mm x 21.60 mm sensor (Diagonal 46.31 mm).<\/span><\/p>\n","protected":false},"featured_media":11736,"comment_status":"closed","ping_status":"closed","template":"","meta":[],"product_cat":[135,257,265,15],"product_tag":[],"yoast_head":"<!-- This site is optimized with the Yoast SEO plugin v19.9 - https:\/\/yoast.com\/wordpress\/plugins\/seo\/ -->\n<title>C\u00e1mara RED RANGER MONSTRO 8K VV - ServiceVision<\/title>\n<meta name=\"description\" content=\"Alquiler de C\u00e1mara para Cinematograf\u00eda digital: RED WEAPON MONSTRO 8K VV. Consultas y soporte t\u00e9cnico en Servicevision, fabricaci\u00f3n y alquiler de equipos para rodajes cinematogr\u00e1ficos.\" \/>\n<meta name=\"robots\" content=\"index, follow, max-snippet:-1, max-image-preview:large, max-video-preview:-1\" \/>\n<link rel=\"canonical\" href=\"https:\/\/www.fusion.servicevision.es\/es\/producto\/camaras\/digital-camaras\/red-ranger-monstro-8k-vv\/\" \/>\n<meta property=\"og:locale\" content=\"en_US\" \/>\n<meta property=\"og:type\" content=\"article\" \/>\n<meta property=\"og:title\" content=\"C\u00e1mara RED RANGER MONSTRO 8K VV - ServiceVision\" \/>\n<meta property=\"og:description\" content=\"Alquiler de C\u00e1mara para Cinematograf\u00eda digital: RED WEAPON MONSTRO 8K VV. Consultas y soporte t\u00e9cnico en Servicevision, fabricaci\u00f3n y alquiler de equipos para rodajes cinematogr\u00e1ficos.\" \/>\n<meta property=\"og:url\" content=\"https:\/\/www.fusion.servicevision.es\/es\/producto\/camaras\/digital-camaras\/red-ranger-monstro-8k-vv\/\" \/>\n<meta property=\"og:site_name\" content=\"ServiceVision\" \/>\n<meta property=\"og:image\" content=\"https:\/\/www.fusion.servicevision.es\/wp-content\/uploads\/2021\/09\/1_H_RED_Ranger_Monstro_8K_VV.jpg\" \/>\n\t<meta property=\"og:image:width\" content=\"500\" \/>\n\t<meta property=\"og:image:height\" content=\"500\" \/>\n\t<meta property=\"og:image:type\" content=\"image\/jpeg\" \/>\n<meta name=\"twitter:card\" content=\"summary_large_image\" \/>\n<script type=\"application\/ld+json\" class=\"yoast-schema-graph\">{\"@context\":\"https:\/\/schema.org\",\"@graph\":[{\"@type\":\"WebPage\",\"@id\":\"https:\/\/www.fusion.servicevision.es\/es\/producto\/camaras\/digital-camaras\/red-ranger-monstro-8k-vv\/\",\"url\":\"https:\/\/www.fusion.servicevision.es\/es\/producto\/camaras\/digital-camaras\/red-ranger-monstro-8k-vv\/\",\"name\":\"C\u00e1mara RED RANGER MONSTRO 8K VV - ServiceVision\",\"isPartOf\":{\"@id\":\"https:\/\/www.fusion.servicevision.es\/es\/#website\"},\"datePublished\":\"2026-03-23T16:21:20+00:00\",\"dateModified\":\"2026-03-23T16:21:20+00:00\",\"description\":\"Alquiler de C\u00e1mara para Cinematograf\u00eda digital: RED WEAPON MONSTRO 8K VV. Consultas y soporte t\u00e9cnico en Servicevision, fabricaci\u00f3n y alquiler de equipos para rodajes cinematogr\u00e1ficos.\",\"breadcrumb\":{\"@id\":\"https:\/\/www.fusion.servicevision.es\/es\/producto\/camaras\/digital-camaras\/red-ranger-monstro-8k-vv\/#breadcrumb\"},\"inLanguage\":\"en-US\",\"potentialAction\":[{\"@type\":\"ReadAction\",\"target\":[\"https:\/\/www.fusion.servicevision.es\/es\/producto\/camaras\/digital-camaras\/red-ranger-monstro-8k-vv\/\"]}]},{\"@type\":\"BreadcrumbList\",\"@id\":\"https:\/\/www.fusion.servicevision.es\/es\/producto\/camaras\/digital-camaras\/red-ranger-monstro-8k-vv\/#breadcrumb\",\"itemListElement\":[{\"@type\":\"ListItem\",\"position\":1,\"name\":\"Alquiler\",\"item\":\"https:\/\/www.fusion.servicevision.es\/es\/alquiler\/\"},{\"@type\":\"ListItem\",\"position\":2,\"name\":\"RED RANGER MONSTRO 8K VV\"}]},{\"@type\":\"WebSite\",\"@id\":\"https:\/\/www.fusion.servicevision.es\/es\/#website\",\"url\":\"https:\/\/www.fusion.servicevision.es\/es\/\",\"name\":\"ServiceVision\",\"description\":\"\",\"potentialAction\":[{\"@type\":\"SearchAction\",\"target\":{\"@type\":\"EntryPoint\",\"urlTemplate\":\"https:\/\/www.fusion.servicevision.es\/es\/?s={search_term_string}\"},\"query-input\":\"required name=search_term_string\"}],\"inLanguage\":\"en-US\"}]}<\/script>\n<!-- \/ Yoast SEO plugin. -->","yoast_head_json":{"title":"C\u00e1mara RED RANGER MONSTRO 8K VV - ServiceVision","description":"Alquiler de C\u00e1mara para Cinematograf\u00eda digital: RED WEAPON MONSTRO 8K VV. Consultas y soporte t\u00e9cnico en Servicevision, fabricaci\u00f3n y alquiler de equipos para rodajes cinematogr\u00e1ficos.","robots":{"index":"index","follow":"follow","max-snippet":"max-snippet:-1","max-image-preview":"max-image-preview:large","max-video-preview":"max-video-preview:-1"},"canonical":"https:\/\/www.fusion.servicevision.es\/es\/producto\/camaras\/digital-camaras\/red-ranger-monstro-8k-vv\/","og_locale":"en_US","og_type":"article","og_title":"C\u00e1mara RED RANGER MONSTRO 8K VV - ServiceVision","og_description":"Alquiler de C\u00e1mara para Cinematograf\u00eda digital: RED WEAPON MONSTRO 8K VV. Consultas y soporte t\u00e9cnico en Servicevision, fabricaci\u00f3n y alquiler de equipos para rodajes cinematogr\u00e1ficos.","og_url":"https:\/\/www.fusion.servicevision.es\/es\/producto\/camaras\/digital-camaras\/red-ranger-monstro-8k-vv\/","og_site_name":"ServiceVision","og_image":[{"width":500,"height":500,"url":"https:\/\/www.fusion.servicevision.es\/wp-content\/uploads\/2021\/09\/1_H_RED_Ranger_Monstro_8K_VV.jpg","type":"image\/jpeg"}],"twitter_card":"summary_large_image","schema":{"@context":"https:\/\/schema.org","@graph":[{"@type":"WebPage","@id":"https:\/\/www.fusion.servicevision.es\/es\/producto\/camaras\/digital-camaras\/red-ranger-monstro-8k-vv\/","url":"https:\/\/www.fusion.servicevision.es\/es\/producto\/camaras\/digital-camaras\/red-ranger-monstro-8k-vv\/","name":"C\u00e1mara RED RANGER MONSTRO 8K VV - ServiceVision","isPartOf":{"@id":"https:\/\/www.fusion.servicevision.es\/es\/#website"},"datePublished":"2026-03-23T16:21:20+00:00","dateModified":"2026-03-23T16:21:20+00:00","description":"Alquiler de C\u00e1mara para Cinematograf\u00eda digital: RED WEAPON MONSTRO 8K VV. Consultas y soporte t\u00e9cnico en Servicevision, fabricaci\u00f3n y alquiler de equipos para rodajes cinematogr\u00e1ficos.","breadcrumb":{"@id":"https:\/\/www.fusion.servicevision.es\/es\/producto\/camaras\/digital-camaras\/red-ranger-monstro-8k-vv\/#breadcrumb"},"inLanguage":"en-US","potentialAction":[{"@type":"ReadAction","target":["https:\/\/www.fusion.servicevision.es\/es\/producto\/camaras\/digital-camaras\/red-ranger-monstro-8k-vv\/"]}]},{"@type":"BreadcrumbList","@id":"https:\/\/www.fusion.servicevision.es\/es\/producto\/camaras\/digital-camaras\/red-ranger-monstro-8k-vv\/#breadcrumb","itemListElement":[{"@type":"ListItem","position":1,"name":"Alquiler","item":"https:\/\/www.fusion.servicevision.es\/es\/alquiler\/"},{"@type":"ListItem","position":2,"name":"RED RANGER MONSTRO 8K VV"}]},{"@type":"WebSite","@id":"https:\/\/www.fusion.servicevision.es\/es\/#website","url":"https:\/\/www.fusion.servicevision.es\/es\/","name":"ServiceVision","description":"","potentialAction":[{"@type":"SearchAction","target":{"@type":"EntryPoint","urlTemplate":"https:\/\/www.fusion.servicevision.es\/es\/?s={search_term_string}"},"query-input":"required name=search_term_string"}],"inLanguage":"en-US"}]}},"jetpack_publicize_connections":[],"_links":{"self":[{"href":"https:\/\/www.fusion.servicevision.es\/en\/wp-json\/wp\/v2\/product\/15708"}],"collection":[{"href":"https:\/\/www.fusion.servicevision.es\/en\/wp-json\/wp\/v2\/product"}],"about":[{"href":"https:\/\/www.fusion.servicevision.es\/en\/wp-json\/wp\/v2\/types\/product"}],"replies":[{"embeddable":true,"href":"https:\/\/www.fusion.servicevision.es\/en\/wp-json\/wp\/v2\/comments?post=15708"}],"wp:featuredmedia":[{"embeddable":true,"href":"https:\/\/www.fusion.servicevision.es\/en\/wp-json\/wp\/v2\/media\/11736"}],"wp:attachment":[{"href":"https:\/\/www.fusion.servicevision.es\/en\/wp-json\/wp\/v2\/media?parent=15708"}],"wp:term":[{"taxonomy":"product_cat","embeddable":true,"href":"https:\/\/www.fusion.servicevision.es\/en\/wp-json\/wp\/v2\/product_cat?post=15708"},{"taxonomy":"product_tag","embeddable":true,"href":"https:\/\/www.fusion.servicevision.es\/en\/wp-json\/wp\/v2\/product_tag?post=15708"}],"curies":[{"name":"wp","href":"https:\/\/api.w.org\/{rel}","templated":true}]}}