{"id":15704,"date":"2026-03-23T16:21:17","date_gmt":"2026-03-23T16:21:17","guid":{"rendered":"https:\/\/www.fusion.servicevision.es\/producto\/arri-amira-premium-2\/"},"modified":"2026-03-29T23:49:17","modified_gmt":"2026-03-29T23:49:17","slug":"arri-amira-premium-2","status":"publish","type":"product","link":"https:\/\/www.fusion.servicevision.es\/en\/producto\/cameras\/arri-amira-premium-2\/","title":{"rendered":"ARRI AMIRA PREMIUM"},"content":{"rendered":"<h3><span style=\"color: #800000;\"><strong><a href=\"https:\/\/www.arri.com\/en\/camera-systems\/cameras\/amira#K1.71700.04\" target=\"_blank\" rel=\"noopener\">TECHNICAL DATA<\/a><br \/>\n<\/strong><\/span><\/h3>\n<h3><span style=\"color: #800000;\"><strong><a href=\"https:\/\/www.arri.com\/en\/learn-help\/learn-help-camera-system\/tools\/camera-simulators\/amira-camera-simulator\" target=\"_blank\" rel=\"noopener\">MENU SIMULATOR<\/a><br \/>\n<\/strong><\/span><\/h3>\n","protected":false},"excerpt":{"rendered":"<p><span style=\"color: #000000;\">The <strong>ARRI Amira<\/strong> is a versatile camera, with an ergonomic design optimised for shoulder-mounted cameras. With <strong>200 fps<\/strong> speed. AMIRA ARRIRAW license allows <strong>16: 9 2.8K<\/strong> (2880 x 1620) MXF \/ ARRIRAW camera recording at frame rates up to 48 fps. With internal FSND 0.60\/1.20\/2.10 filters.<\/span><\/p>\n","protected":false},"featured_media":11732,"comment_status":"closed","ping_status":"closed","template":"","meta":[],"product_cat":[257,265],"product_tag":[],"yoast_head":"<!-- This site is optimized with the Yoast SEO plugin v19.9 - https:\/\/yoast.com\/wordpress\/plugins\/seo\/ -->\n<title>C\u00e1mara ARRI AMIRA PREMIUM - ServiceVision<\/title>\n<meta name=\"description\" content=\"Alquiler de C\u00e1mara para Cinematograf\u00eda digital: ARRI AMIRA PREMIUM. Consultas y soporte t\u00e9cnico en Servicevision, fabricaci\u00f3n y alquiler de equipos para rodajes cinematogr\u00e1ficos.\" \/>\n<meta name=\"robots\" content=\"index, follow, max-snippet:-1, max-image-preview:large, max-video-preview:-1\" \/>\n<link rel=\"canonical\" href=\"https:\/\/www.fusion.servicevision.es\/en\/producto\/cameras\/arri-amira-premium-2\/\" \/>\n<meta property=\"og:locale\" content=\"en_US\" \/>\n<meta property=\"og:type\" content=\"article\" \/>\n<meta property=\"og:title\" content=\"C\u00e1mara ARRI AMIRA PREMIUM - ServiceVision\" \/>\n<meta property=\"og:description\" content=\"Alquiler de C\u00e1mara para Cinematograf\u00eda digital: ARRI AMIRA PREMIUM. Consultas y soporte t\u00e9cnico en Servicevision, fabricaci\u00f3n y alquiler de equipos para rodajes cinematogr\u00e1ficos.\" \/>\n<meta property=\"og:url\" content=\"https:\/\/www.fusion.servicevision.es\/en\/producto\/cameras\/arri-amira-premium-2\/\" \/>\n<meta property=\"og:site_name\" content=\"ServiceVision\" \/>\n<meta property=\"article:modified_time\" content=\"2026-03-29T23:49:17+00:00\" \/>\n<meta property=\"og:image\" content=\"https:\/\/www.fusion.servicevision.es\/wp-content\/uploads\/2021\/09\/1_F_ARRI_Amira.jpg\" \/>\n\t<meta property=\"og:image:width\" content=\"960\" \/>\n\t<meta property=\"og:image:height\" content=\"417\" \/>\n\t<meta property=\"og:image:type\" content=\"image\/jpeg\" \/>\n<meta name=\"twitter:card\" content=\"summary_large_image\" \/>\n<meta name=\"twitter:label1\" content=\"Est. reading time\" \/>\n\t<meta name=\"twitter:data1\" content=\"1 minute\" \/>\n<script type=\"application\/ld+json\" class=\"yoast-schema-graph\">{\"@context\":\"https:\/\/schema.org\",\"@graph\":[{\"@type\":\"WebPage\",\"@id\":\"https:\/\/www.fusion.servicevision.es\/en\/producto\/cameras\/arri-amira-premium-2\/\",\"url\":\"https:\/\/www.fusion.servicevision.es\/en\/producto\/cameras\/arri-amira-premium-2\/\",\"name\":\"C\u00e1mara ARRI AMIRA PREMIUM - ServiceVision\",\"isPartOf\":{\"@id\":\"https:\/\/www.fusion.servicevision.es\/es\/#website\"},\"datePublished\":\"2026-03-23T16:21:17+00:00\",\"dateModified\":\"2026-03-29T23:49:17+00:00\",\"description\":\"Alquiler de C\u00e1mara para Cinematograf\u00eda digital: ARRI AMIRA PREMIUM. Consultas y soporte t\u00e9cnico en Servicevision, fabricaci\u00f3n y alquiler de equipos para rodajes cinematogr\u00e1ficos.\",\"breadcrumb\":{\"@id\":\"https:\/\/www.fusion.servicevision.es\/en\/producto\/cameras\/arri-amira-premium-2\/#breadcrumb\"},\"inLanguage\":\"en-US\",\"potentialAction\":[{\"@type\":\"ReadAction\",\"target\":[\"https:\/\/www.fusion.servicevision.es\/en\/producto\/cameras\/arri-amira-premium-2\/\"]}]},{\"@type\":\"BreadcrumbList\",\"@id\":\"https:\/\/www.fusion.servicevision.es\/en\/producto\/cameras\/arri-amira-premium-2\/#breadcrumb\",\"itemListElement\":[{\"@type\":\"ListItem\",\"position\":1,\"name\":\"Alquiler\",\"item\":\"https:\/\/www.fusion.servicevision.es\/es\/alquiler\/\"},{\"@type\":\"ListItem\",\"position\":2,\"name\":\"ARRI AMIRA PREMIUM\"}]},{\"@type\":\"WebSite\",\"@id\":\"https:\/\/www.fusion.servicevision.es\/es\/#website\",\"url\":\"https:\/\/www.fusion.servicevision.es\/es\/\",\"name\":\"ServiceVision\",\"description\":\"\",\"potentialAction\":[{\"@type\":\"SearchAction\",\"target\":{\"@type\":\"EntryPoint\",\"urlTemplate\":\"https:\/\/www.fusion.servicevision.es\/es\/?s={search_term_string}\"},\"query-input\":\"required name=search_term_string\"}],\"inLanguage\":\"en-US\"}]}<\/script>\n<!-- \/ Yoast SEO plugin. -->","yoast_head_json":{"title":"C\u00e1mara ARRI AMIRA PREMIUM - ServiceVision","description":"Alquiler de C\u00e1mara para Cinematograf\u00eda digital: ARRI AMIRA PREMIUM. Consultas y soporte t\u00e9cnico en Servicevision, fabricaci\u00f3n y alquiler de equipos para rodajes cinematogr\u00e1ficos.","robots":{"index":"index","follow":"follow","max-snippet":"max-snippet:-1","max-image-preview":"max-image-preview:large","max-video-preview":"max-video-preview:-1"},"canonical":"https:\/\/www.fusion.servicevision.es\/en\/producto\/cameras\/arri-amira-premium-2\/","og_locale":"en_US","og_type":"article","og_title":"C\u00e1mara ARRI AMIRA PREMIUM - ServiceVision","og_description":"Alquiler de C\u00e1mara para Cinematograf\u00eda digital: ARRI AMIRA PREMIUM. Consultas y soporte t\u00e9cnico en Servicevision, fabricaci\u00f3n y alquiler de equipos para rodajes cinematogr\u00e1ficos.","og_url":"https:\/\/www.fusion.servicevision.es\/en\/producto\/cameras\/arri-amira-premium-2\/","og_site_name":"ServiceVision","article_modified_time":"2026-03-29T23:49:17+00:00","og_image":[{"width":960,"height":417,"url":"https:\/\/www.fusion.servicevision.es\/wp-content\/uploads\/2021\/09\/1_F_ARRI_Amira.jpg","type":"image\/jpeg"}],"twitter_card":"summary_large_image","twitter_misc":{"Est. reading time":"1 minute"},"schema":{"@context":"https:\/\/schema.org","@graph":[{"@type":"WebPage","@id":"https:\/\/www.fusion.servicevision.es\/en\/producto\/cameras\/arri-amira-premium-2\/","url":"https:\/\/www.fusion.servicevision.es\/en\/producto\/cameras\/arri-amira-premium-2\/","name":"C\u00e1mara ARRI AMIRA PREMIUM - ServiceVision","isPartOf":{"@id":"https:\/\/www.fusion.servicevision.es\/es\/#website"},"datePublished":"2026-03-23T16:21:17+00:00","dateModified":"2026-03-29T23:49:17+00:00","description":"Alquiler de C\u00e1mara para Cinematograf\u00eda digital: ARRI AMIRA PREMIUM. Consultas y soporte t\u00e9cnico en Servicevision, fabricaci\u00f3n y alquiler de equipos para rodajes cinematogr\u00e1ficos.","breadcrumb":{"@id":"https:\/\/www.fusion.servicevision.es\/en\/producto\/cameras\/arri-amira-premium-2\/#breadcrumb"},"inLanguage":"en-US","potentialAction":[{"@type":"ReadAction","target":["https:\/\/www.fusion.servicevision.es\/en\/producto\/cameras\/arri-amira-premium-2\/"]}]},{"@type":"BreadcrumbList","@id":"https:\/\/www.fusion.servicevision.es\/en\/producto\/cameras\/arri-amira-premium-2\/#breadcrumb","itemListElement":[{"@type":"ListItem","position":1,"name":"Alquiler","item":"https:\/\/www.fusion.servicevision.es\/es\/alquiler\/"},{"@type":"ListItem","position":2,"name":"ARRI AMIRA PREMIUM"}]},{"@type":"WebSite","@id":"https:\/\/www.fusion.servicevision.es\/es\/#website","url":"https:\/\/www.fusion.servicevision.es\/es\/","name":"ServiceVision","description":"","potentialAction":[{"@type":"SearchAction","target":{"@type":"EntryPoint","urlTemplate":"https:\/\/www.fusion.servicevision.es\/es\/?s={search_term_string}"},"query-input":"required name=search_term_string"}],"inLanguage":"en-US"}]}},"jetpack_publicize_connections":[],"_links":{"self":[{"href":"https:\/\/www.fusion.servicevision.es\/en\/wp-json\/wp\/v2\/product\/15704"}],"collection":[{"href":"https:\/\/www.fusion.servicevision.es\/en\/wp-json\/wp\/v2\/product"}],"about":[{"href":"https:\/\/www.fusion.servicevision.es\/en\/wp-json\/wp\/v2\/types\/product"}],"replies":[{"embeddable":true,"href":"https:\/\/www.fusion.servicevision.es\/en\/wp-json\/wp\/v2\/comments?post=15704"}],"wp:featuredmedia":[{"embeddable":true,"href":"https:\/\/www.fusion.servicevision.es\/en\/wp-json\/wp\/v2\/media\/11732"}],"wp:attachment":[{"href":"https:\/\/www.fusion.servicevision.es\/en\/wp-json\/wp\/v2\/media?parent=15704"}],"wp:term":[{"taxonomy":"product_cat","embeddable":true,"href":"https:\/\/www.fusion.servicevision.es\/en\/wp-json\/wp\/v2\/product_cat?post=15704"},{"taxonomy":"product_tag","embeddable":true,"href":"https:\/\/www.fusion.servicevision.es\/en\/wp-json\/wp\/v2\/product_tag?post=15704"}],"curies":[{"name":"wp","href":"https:\/\/api.w.org\/{rel}","templated":true}]}}