{"id":15698,"date":"2026-03-23T16:21:12","date_gmt":"2026-03-23T16:21:12","guid":{"rendered":"https:\/\/www.fusion.servicevision.es\/producto\/accesory-cart-2\/"},"modified":"2026-03-28T05:35:48","modified_gmt":"2026-03-28T05:35:48","slug":"accesory-cart-2","status":"publish","type":"product","link":"https:\/\/www.fusion.servicevision.es\/en\/producto\/uncategorized\/accesory-cart-2\/","title":{"rendered":"Accesory cart"},"content":{"rendered":"<ul class=\"svs-list-caracteristicas\">\n<li>16 low tripods<\/li>\n<li>2 spider wheels<\/li>\n<li>16 medium ceferino<\/li>\n<li>2 small ceferino<\/li>\n<li>4 Mathews giant kneecap<\/li>\n<li>4 ceferino loose kneecaps<\/li>\n<li>4 ceferino short swords<\/li>\n<li>4 &#8220;panty&#8221; screws<\/li>\n<li>4 quartz screws<\/li>\n<li>4 extensions 25 cm\/50 cm<\/li>\n<li>2 bull<\/li>\n<li>5 ties Big-Ben<\/li>\n<li>6 strings<\/li>\n<li>2 pulleys<\/li>\n<li>4 adapters 16 A 288<\/li>\n<li>10 Polystyrene carrier<\/li>\n<li>12 portal frames<\/li>\n<li>10 universal clamps<\/li>\n<li>12 Gaffer clamps<\/li>\n<li>4 clamps type &#8220;C&#8221;<\/li>\n<li>2 magic 3-arm kit<\/li>\n<li>4 clips magic arm<\/li>\n<li>16 security ties<\/li>\n<li>8 picks<\/li>\n<li>1 power hammer<\/li>\n<li>4 fixed ties<\/li>\n<li>2 hook tracters<\/li>\n<li>4 clips B\/M with ceferino kneecap<\/li>\n<li>2 double ceferino kneecaps<\/li>\n<li>2 Polystyrene simple tridents<\/li>\n<li>2 double tridents Polystyrene<\/li>\n<li>4 double clamp Mathellini<\/li>\n<\/ul>\n","protected":false},"excerpt":{"rendered":"<p>16 low tripods 2 spider wheels 16 medium ceferino 2 small ceferino 4 Mathews giant kneecap 4 ceferino loose kneecaps 4 ceferino short swords 4 &#8220;panty&#8221; screws 4 quartz screws 4 extensions 25 cm\/50 cm 2 bull 5 ties Big-Ben 6 strings 2 pulleys 4 adapters 16 A 288 10 Polystyrene carrier 12 portal frames&hellip;<\/p>\n","protected":false},"featured_media":11386,"comment_status":"closed","ping_status":"closed","template":"","meta":[],"product_cat":[],"product_tag":[],"yoast_head":"<!-- This site is optimized with the Yoast SEO plugin v19.9 - https:\/\/yoast.com\/wordpress\/plugins\/seo\/ -->\n<title>C\u00e1maras accesory cart - ServiceVision<\/title>\n<meta name=\"description\" content=\"Alquiler de accesorios para c\u00e1mara: Accesory cart. Consultas y soporte t\u00e9cnico en Servicevision, fabricaci\u00f3n y alquiler de equipos para rodajes cinematogr\u00e1ficos.\" \/>\n<meta name=\"robots\" content=\"index, follow, max-snippet:-1, max-image-preview:large, max-video-preview:-1\" \/>\n<link rel=\"canonical\" href=\"https:\/\/www.fusion.servicevision.es\/en\/producto\/uncategorized\/accesory-cart-2\/\" \/>\n<meta property=\"og:locale\" content=\"en_US\" \/>\n<meta property=\"og:type\" content=\"article\" \/>\n<meta property=\"og:title\" content=\"C\u00e1maras accesory cart - ServiceVision\" \/>\n<meta property=\"og:description\" content=\"Alquiler de accesorios para c\u00e1mara: Accesory cart. Consultas y soporte t\u00e9cnico en Servicevision, fabricaci\u00f3n y alquiler de equipos para rodajes cinematogr\u00e1ficos.\" \/>\n<meta property=\"og:url\" content=\"https:\/\/www.fusion.servicevision.es\/en\/producto\/uncategorized\/accesory-cart-2\/\" \/>\n<meta property=\"og:site_name\" content=\"ServiceVision\" \/>\n<meta property=\"article:modified_time\" content=\"2026-03-28T05:35:48+00:00\" \/>\n<meta property=\"og:image\" content=\"https:\/\/www.fusion.servicevision.es\/wp-content\/uploads\/2021\/03\/carro-accesoriosn1.jpg\" \/>\n\t<meta property=\"og:image:width\" content=\"1920\" \/>\n\t<meta property=\"og:image:height\" content=\"1920\" \/>\n\t<meta property=\"og:image:type\" content=\"image\/jpeg\" \/>\n<meta name=\"twitter:card\" content=\"summary_large_image\" \/>\n<meta name=\"twitter:label1\" content=\"Est. reading time\" \/>\n\t<meta name=\"twitter:data1\" content=\"1 minute\" \/>\n<script type=\"application\/ld+json\" class=\"yoast-schema-graph\">{\"@context\":\"https:\/\/schema.org\",\"@graph\":[{\"@type\":\"WebPage\",\"@id\":\"https:\/\/www.fusion.servicevision.es\/en\/producto\/uncategorized\/accesory-cart-2\/\",\"url\":\"https:\/\/www.fusion.servicevision.es\/en\/producto\/uncategorized\/accesory-cart-2\/\",\"name\":\"C\u00e1maras accesory cart - ServiceVision\",\"isPartOf\":{\"@id\":\"https:\/\/www.fusion.servicevision.es\/es\/#website\"},\"datePublished\":\"2026-03-23T16:21:12+00:00\",\"dateModified\":\"2026-03-28T05:35:48+00:00\",\"description\":\"Alquiler de accesorios para c\u00e1mara: Accesory cart. Consultas y soporte t\u00e9cnico en Servicevision, fabricaci\u00f3n y alquiler de equipos para rodajes cinematogr\u00e1ficos.\",\"breadcrumb\":{\"@id\":\"https:\/\/www.fusion.servicevision.es\/en\/producto\/uncategorized\/accesory-cart-2\/#breadcrumb\"},\"inLanguage\":\"en-US\",\"potentialAction\":[{\"@type\":\"ReadAction\",\"target\":[\"https:\/\/www.fusion.servicevision.es\/en\/producto\/uncategorized\/accesory-cart-2\/\"]}]},{\"@type\":\"BreadcrumbList\",\"@id\":\"https:\/\/www.fusion.servicevision.es\/en\/producto\/uncategorized\/accesory-cart-2\/#breadcrumb\",\"itemListElement\":[{\"@type\":\"ListItem\",\"position\":1,\"name\":\"Alquiler\",\"item\":\"https:\/\/www.fusion.servicevision.es\/es\/alquiler\/\"},{\"@type\":\"ListItem\",\"position\":2,\"name\":\"Accesory cart\"}]},{\"@type\":\"WebSite\",\"@id\":\"https:\/\/www.fusion.servicevision.es\/es\/#website\",\"url\":\"https:\/\/www.fusion.servicevision.es\/es\/\",\"name\":\"ServiceVision\",\"description\":\"\",\"potentialAction\":[{\"@type\":\"SearchAction\",\"target\":{\"@type\":\"EntryPoint\",\"urlTemplate\":\"https:\/\/www.fusion.servicevision.es\/es\/?s={search_term_string}\"},\"query-input\":\"required name=search_term_string\"}],\"inLanguage\":\"en-US\"}]}<\/script>\n<!-- \/ Yoast SEO plugin. -->","yoast_head_json":{"title":"C\u00e1maras accesory cart - ServiceVision","description":"Alquiler de accesorios para c\u00e1mara: Accesory cart. Consultas y soporte t\u00e9cnico en Servicevision, fabricaci\u00f3n y alquiler de equipos para rodajes cinematogr\u00e1ficos.","robots":{"index":"index","follow":"follow","max-snippet":"max-snippet:-1","max-image-preview":"max-image-preview:large","max-video-preview":"max-video-preview:-1"},"canonical":"https:\/\/www.fusion.servicevision.es\/en\/producto\/uncategorized\/accesory-cart-2\/","og_locale":"en_US","og_type":"article","og_title":"C\u00e1maras accesory cart - ServiceVision","og_description":"Alquiler de accesorios para c\u00e1mara: Accesory cart. Consultas y soporte t\u00e9cnico en Servicevision, fabricaci\u00f3n y alquiler de equipos para rodajes cinematogr\u00e1ficos.","og_url":"https:\/\/www.fusion.servicevision.es\/en\/producto\/uncategorized\/accesory-cart-2\/","og_site_name":"ServiceVision","article_modified_time":"2026-03-28T05:35:48+00:00","og_image":[{"width":1920,"height":1920,"url":"https:\/\/www.fusion.servicevision.es\/wp-content\/uploads\/2021\/03\/carro-accesoriosn1.jpg","type":"image\/jpeg"}],"twitter_card":"summary_large_image","twitter_misc":{"Est. reading time":"1 minute"},"schema":{"@context":"https:\/\/schema.org","@graph":[{"@type":"WebPage","@id":"https:\/\/www.fusion.servicevision.es\/en\/producto\/uncategorized\/accesory-cart-2\/","url":"https:\/\/www.fusion.servicevision.es\/en\/producto\/uncategorized\/accesory-cart-2\/","name":"C\u00e1maras accesory cart - ServiceVision","isPartOf":{"@id":"https:\/\/www.fusion.servicevision.es\/es\/#website"},"datePublished":"2026-03-23T16:21:12+00:00","dateModified":"2026-03-28T05:35:48+00:00","description":"Alquiler de accesorios para c\u00e1mara: Accesory cart. Consultas y soporte t\u00e9cnico en Servicevision, fabricaci\u00f3n y alquiler de equipos para rodajes cinematogr\u00e1ficos.","breadcrumb":{"@id":"https:\/\/www.fusion.servicevision.es\/en\/producto\/uncategorized\/accesory-cart-2\/#breadcrumb"},"inLanguage":"en-US","potentialAction":[{"@type":"ReadAction","target":["https:\/\/www.fusion.servicevision.es\/en\/producto\/uncategorized\/accesory-cart-2\/"]}]},{"@type":"BreadcrumbList","@id":"https:\/\/www.fusion.servicevision.es\/en\/producto\/uncategorized\/accesory-cart-2\/#breadcrumb","itemListElement":[{"@type":"ListItem","position":1,"name":"Alquiler","item":"https:\/\/www.fusion.servicevision.es\/es\/alquiler\/"},{"@type":"ListItem","position":2,"name":"Accesory cart"}]},{"@type":"WebSite","@id":"https:\/\/www.fusion.servicevision.es\/es\/#website","url":"https:\/\/www.fusion.servicevision.es\/es\/","name":"ServiceVision","description":"","potentialAction":[{"@type":"SearchAction","target":{"@type":"EntryPoint","urlTemplate":"https:\/\/www.fusion.servicevision.es\/es\/?s={search_term_string}"},"query-input":"required name=search_term_string"}],"inLanguage":"en-US"}]}},"jetpack_publicize_connections":[],"_links":{"self":[{"href":"https:\/\/www.fusion.servicevision.es\/en\/wp-json\/wp\/v2\/product\/15698"}],"collection":[{"href":"https:\/\/www.fusion.servicevision.es\/en\/wp-json\/wp\/v2\/product"}],"about":[{"href":"https:\/\/www.fusion.servicevision.es\/en\/wp-json\/wp\/v2\/types\/product"}],"replies":[{"embeddable":true,"href":"https:\/\/www.fusion.servicevision.es\/en\/wp-json\/wp\/v2\/comments?post=15698"}],"wp:featuredmedia":[{"embeddable":true,"href":"https:\/\/www.fusion.servicevision.es\/en\/wp-json\/wp\/v2\/media\/11386"}],"wp:attachment":[{"href":"https:\/\/www.fusion.servicevision.es\/en\/wp-json\/wp\/v2\/media?parent=15698"}],"wp:term":[{"taxonomy":"product_cat","embeddable":true,"href":"https:\/\/www.fusion.servicevision.es\/en\/wp-json\/wp\/v2\/product_cat?post=15698"},{"taxonomy":"product_tag","embeddable":true,"href":"https:\/\/www.fusion.servicevision.es\/en\/wp-json\/wp\/v2\/product_tag?post=15698"}],"curies":[{"name":"wp","href":"https:\/\/api.w.org\/{rel}","templated":true}]}}