{"id":15578,"date":"2026-03-23T16:19:42","date_gmt":"2026-03-23T16:19:42","guid":{"rendered":"https:\/\/www.fusion.servicevision.es\/producto\/arrimax-m-90-60-2\/"},"modified":"2026-03-23T16:19:42","modified_gmt":"2026-03-23T16:19:42","slug":"arrimax-m-90-60-2","status":"publish","type":"product","link":"https:\/\/www.fusion.servicevision.es\/en\/producto\/luces\/hmi\/arrimax\/arrimax-m-90-60-2\/","title":{"rendered":"ARRIMAX M 90\/60"},"content":{"rendered":"<p>Cetac connector 63 amp. Monophasic blue. Measures (mm): 713(Width)x814(Height)x716(Length), Weight 39,Kg, 500 mm. UV Lens, Spigot: 28mm, Visor..<\/p>\n","protected":false},"excerpt":{"rendered":"<p>Cetac connector 63 amp. Monophasic blue. Measures (mm): 713(Width)x814(Height)x716(Length), Weight 39,Kg, 500 mm. UV Lens, Spigot: 28mm, Visor..<\/p>\n","protected":false},"featured_media":815,"comment_status":"closed","ping_status":"closed","template":"","meta":[],"product_cat":[352,77,343,17],"product_tag":[],"yoast_head":"<!-- This site is optimized with the Yoast SEO plugin v19.9 - https:\/\/yoast.com\/wordpress\/plugins\/seo\/ -->\n<title>Luces HMI - Alquiler de ARRIMAX M 90\/60 - ServiceVision<\/title>\n<meta name=\"description\" content=\"Alquiler de Luces HMI - Arrimax: ARRIMAX M 90\/60. Consultas y soporte t\u00e9cnico en Servicevision, fabricaci\u00f3n y alquiler de equipos para rodajes cinematogr\u00e1ficos.\" \/>\n<meta name=\"robots\" content=\"index, follow, max-snippet:-1, max-image-preview:large, max-video-preview:-1\" \/>\n<link rel=\"canonical\" href=\"https:\/\/www.fusion.servicevision.es\/es\/producto\/luces\/hmi\/arrimax\/arrimax-m-90-60\/\" \/>\n<meta property=\"og:locale\" content=\"en_US\" \/>\n<meta property=\"og:type\" content=\"article\" \/>\n<meta property=\"og:title\" content=\"Luces HMI - Alquiler de ARRIMAX M 90\/60 - ServiceVision\" \/>\n<meta property=\"og:description\" content=\"Alquiler de Luces HMI - Arrimax: ARRIMAX M 90\/60. Consultas y soporte t\u00e9cnico en Servicevision, fabricaci\u00f3n y alquiler de equipos para rodajes cinematogr\u00e1ficos.\" \/>\n<meta property=\"og:url\" content=\"https:\/\/www.fusion.servicevision.es\/es\/producto\/luces\/hmi\/arrimax\/arrimax-m-90-60\/\" \/>\n<meta property=\"og:site_name\" content=\"ServiceVision\" \/>\n<meta property=\"og:image\" content=\"https:\/\/www.fusion.servicevision.es\/wp-content\/uploads\/2019\/02\/m-90.jpg\" \/>\n\t<meta property=\"og:image:width\" content=\"768\" \/>\n\t<meta property=\"og:image:height\" content=\"768\" \/>\n\t<meta property=\"og:image:type\" content=\"image\/jpeg\" \/>\n<meta name=\"twitter:card\" content=\"summary_large_image\" \/>\n<script type=\"application\/ld+json\" class=\"yoast-schema-graph\">{\"@context\":\"https:\/\/schema.org\",\"@graph\":[{\"@type\":\"WebPage\",\"@id\":\"https:\/\/www.fusion.servicevision.es\/es\/producto\/luces\/hmi\/arrimax\/arrimax-m-90-60\/\",\"url\":\"https:\/\/www.fusion.servicevision.es\/es\/producto\/luces\/hmi\/arrimax\/arrimax-m-90-60\/\",\"name\":\"Luces HMI - Alquiler de ARRIMAX M 90\/60 - ServiceVision\",\"isPartOf\":{\"@id\":\"https:\/\/www.fusion.servicevision.es\/es\/#website\"},\"datePublished\":\"2026-03-23T16:19:42+00:00\",\"dateModified\":\"2026-03-23T16:19:42+00:00\",\"description\":\"Alquiler de Luces HMI - Arrimax: ARRIMAX M 90\/60. Consultas y soporte t\u00e9cnico en Servicevision, fabricaci\u00f3n y alquiler de equipos para rodajes cinematogr\u00e1ficos.\",\"breadcrumb\":{\"@id\":\"https:\/\/www.fusion.servicevision.es\/es\/producto\/luces\/hmi\/arrimax\/arrimax-m-90-60\/#breadcrumb\"},\"inLanguage\":\"en-US\",\"potentialAction\":[{\"@type\":\"ReadAction\",\"target\":[\"https:\/\/www.fusion.servicevision.es\/es\/producto\/luces\/hmi\/arrimax\/arrimax-m-90-60\/\"]}]},{\"@type\":\"BreadcrumbList\",\"@id\":\"https:\/\/www.fusion.servicevision.es\/es\/producto\/luces\/hmi\/arrimax\/arrimax-m-90-60\/#breadcrumb\",\"itemListElement\":[{\"@type\":\"ListItem\",\"position\":1,\"name\":\"Alquiler\",\"item\":\"https:\/\/www.fusion.servicevision.es\/es\/alquiler\/\"},{\"@type\":\"ListItem\",\"position\":2,\"name\":\"ARRIMAX M 90\/60\"}]},{\"@type\":\"WebSite\",\"@id\":\"https:\/\/www.fusion.servicevision.es\/es\/#website\",\"url\":\"https:\/\/www.fusion.servicevision.es\/es\/\",\"name\":\"ServiceVision\",\"description\":\"\",\"potentialAction\":[{\"@type\":\"SearchAction\",\"target\":{\"@type\":\"EntryPoint\",\"urlTemplate\":\"https:\/\/www.fusion.servicevision.es\/es\/?s={search_term_string}\"},\"query-input\":\"required name=search_term_string\"}],\"inLanguage\":\"en-US\"}]}<\/script>\n<!-- \/ Yoast SEO plugin. -->","yoast_head_json":{"title":"Luces HMI - Alquiler de ARRIMAX M 90\/60 - ServiceVision","description":"Alquiler de Luces HMI - Arrimax: ARRIMAX M 90\/60. Consultas y soporte t\u00e9cnico en Servicevision, fabricaci\u00f3n y alquiler de equipos para rodajes cinematogr\u00e1ficos.","robots":{"index":"index","follow":"follow","max-snippet":"max-snippet:-1","max-image-preview":"max-image-preview:large","max-video-preview":"max-video-preview:-1"},"canonical":"https:\/\/www.fusion.servicevision.es\/es\/producto\/luces\/hmi\/arrimax\/arrimax-m-90-60\/","og_locale":"en_US","og_type":"article","og_title":"Luces HMI - Alquiler de ARRIMAX M 90\/60 - ServiceVision","og_description":"Alquiler de Luces HMI - Arrimax: ARRIMAX M 90\/60. Consultas y soporte t\u00e9cnico en Servicevision, fabricaci\u00f3n y alquiler de equipos para rodajes cinematogr\u00e1ficos.","og_url":"https:\/\/www.fusion.servicevision.es\/es\/producto\/luces\/hmi\/arrimax\/arrimax-m-90-60\/","og_site_name":"ServiceVision","og_image":[{"width":768,"height":768,"url":"https:\/\/www.fusion.servicevision.es\/wp-content\/uploads\/2019\/02\/m-90.jpg","type":"image\/jpeg"}],"twitter_card":"summary_large_image","schema":{"@context":"https:\/\/schema.org","@graph":[{"@type":"WebPage","@id":"https:\/\/www.fusion.servicevision.es\/es\/producto\/luces\/hmi\/arrimax\/arrimax-m-90-60\/","url":"https:\/\/www.fusion.servicevision.es\/es\/producto\/luces\/hmi\/arrimax\/arrimax-m-90-60\/","name":"Luces HMI - Alquiler de ARRIMAX M 90\/60 - ServiceVision","isPartOf":{"@id":"https:\/\/www.fusion.servicevision.es\/es\/#website"},"datePublished":"2026-03-23T16:19:42+00:00","dateModified":"2026-03-23T16:19:42+00:00","description":"Alquiler de Luces HMI - Arrimax: ARRIMAX M 90\/60. Consultas y soporte t\u00e9cnico en Servicevision, fabricaci\u00f3n y alquiler de equipos para rodajes cinematogr\u00e1ficos.","breadcrumb":{"@id":"https:\/\/www.fusion.servicevision.es\/es\/producto\/luces\/hmi\/arrimax\/arrimax-m-90-60\/#breadcrumb"},"inLanguage":"en-US","potentialAction":[{"@type":"ReadAction","target":["https:\/\/www.fusion.servicevision.es\/es\/producto\/luces\/hmi\/arrimax\/arrimax-m-90-60\/"]}]},{"@type":"BreadcrumbList","@id":"https:\/\/www.fusion.servicevision.es\/es\/producto\/luces\/hmi\/arrimax\/arrimax-m-90-60\/#breadcrumb","itemListElement":[{"@type":"ListItem","position":1,"name":"Alquiler","item":"https:\/\/www.fusion.servicevision.es\/es\/alquiler\/"},{"@type":"ListItem","position":2,"name":"ARRIMAX M 90\/60"}]},{"@type":"WebSite","@id":"https:\/\/www.fusion.servicevision.es\/es\/#website","url":"https:\/\/www.fusion.servicevision.es\/es\/","name":"ServiceVision","description":"","potentialAction":[{"@type":"SearchAction","target":{"@type":"EntryPoint","urlTemplate":"https:\/\/www.fusion.servicevision.es\/es\/?s={search_term_string}"},"query-input":"required name=search_term_string"}],"inLanguage":"en-US"}]}},"jetpack_publicize_connections":[],"_links":{"self":[{"href":"https:\/\/www.fusion.servicevision.es\/en\/wp-json\/wp\/v2\/product\/15578"}],"collection":[{"href":"https:\/\/www.fusion.servicevision.es\/en\/wp-json\/wp\/v2\/product"}],"about":[{"href":"https:\/\/www.fusion.servicevision.es\/en\/wp-json\/wp\/v2\/types\/product"}],"replies":[{"embeddable":true,"href":"https:\/\/www.fusion.servicevision.es\/en\/wp-json\/wp\/v2\/comments?post=15578"}],"wp:featuredmedia":[{"embeddable":true,"href":"https:\/\/www.fusion.servicevision.es\/en\/wp-json\/wp\/v2\/media\/815"}],"wp:attachment":[{"href":"https:\/\/www.fusion.servicevision.es\/en\/wp-json\/wp\/v2\/media?parent=15578"}],"wp:term":[{"taxonomy":"product_cat","embeddable":true,"href":"https:\/\/www.fusion.servicevision.es\/en\/wp-json\/wp\/v2\/product_cat?post=15578"},{"taxonomy":"product_tag","embeddable":true,"href":"https:\/\/www.fusion.servicevision.es\/en\/wp-json\/wp\/v2\/product_tag?post=15578"}],"curies":[{"name":"wp","href":"https:\/\/api.w.org\/{rel}","templated":true}]}}