{"id":15538,"date":"2026-03-23T16:19:12","date_gmt":"2026-03-23T16:19:12","guid":{"rendered":"https:\/\/www.fusion.servicevision.es\/producto\/mini-scorpio-stabilized-head-2\/"},"modified":"2026-03-30T18:03:19","modified_gmt":"2026-03-30T18:03:19","slug":"mini-scorpio-stabilized-head-2","status":"publish","type":"product","link":"https:\/\/www.fusion.servicevision.es\/en\/producto\/stabilized-heads-en-en\/mini-scorpio-stabilized-head-2\/","title":{"rendered":"MINI SCORPIO STABILIZED HEAD"},"content":{"rendered":"","protected":false},"excerpt":{"rendered":"<p><strong>The Mini Scorpio Stabilized Head V<\/strong> is a new level in the small stabilized heads. Following the principles of the Scorpio Stabilized V, the design of the new gyros, new mechanics and new software allows to be small and light with high capacity and high level of stabilization.<\/p>\n","protected":false},"featured_media":10642,"comment_status":"closed","ping_status":"closed","template":"","meta":[],"product_cat":[312],"product_tag":[],"yoast_head":"<!-- This site is optimized with the Yoast SEO plugin v19.9 - https:\/\/yoast.com\/wordpress\/plugins\/seo\/ -->\n<title>Veh\u00edculos y gruas para rodajes - Alquiler de MINI SCORPIO STABILIZED HEAD - ServiceVision<\/title>\n<meta name=\"description\" content=\"Alquiler de Veh\u00edculos y gruas para rodajes - Cabezas estabilizadas: MINI SCORPIO STABILIZED HEAD. Consultas y soporte t\u00e9cnico en Servicevision, fabricaci\u00f3n y alquiler de equipos para rodajes cinematogr\u00e1ficos.\" \/>\n<meta name=\"robots\" content=\"index, follow, max-snippet:-1, max-image-preview:large, max-video-preview:-1\" \/>\n<link rel=\"canonical\" href=\"https:\/\/www.fusion.servicevision.es\/en\/producto\/stabilized-heads-en-en\/mini-scorpio-stabilized-head-2\/\" \/>\n<meta property=\"og:locale\" content=\"en_US\" \/>\n<meta property=\"og:type\" content=\"article\" \/>\n<meta property=\"og:title\" content=\"Veh\u00edculos y gruas para rodajes - Alquiler de MINI SCORPIO STABILIZED HEAD - ServiceVision\" \/>\n<meta property=\"og:description\" content=\"Alquiler de Veh\u00edculos y gruas para rodajes - Cabezas estabilizadas: MINI SCORPIO STABILIZED HEAD. Consultas y soporte t\u00e9cnico en Servicevision, fabricaci\u00f3n y alquiler de equipos para rodajes cinematogr\u00e1ficos.\" \/>\n<meta property=\"og:url\" content=\"https:\/\/www.fusion.servicevision.es\/en\/producto\/stabilized-heads-en-en\/mini-scorpio-stabilized-head-2\/\" \/>\n<meta property=\"og:site_name\" content=\"ServiceVision\" \/>\n<meta property=\"article:modified_time\" content=\"2026-03-30T18:03:19+00:00\" \/>\n<meta property=\"og:image\" content=\"https:\/\/www.fusion.servicevision.es\/wp-content\/uploads\/2019\/05\/stabilized_head_mini_v.png\" \/>\n\t<meta property=\"og:image:width\" content=\"1663\" \/>\n\t<meta property=\"og:image:height\" content=\"1281\" \/>\n\t<meta property=\"og:image:type\" content=\"image\/png\" \/>\n<meta name=\"twitter:card\" content=\"summary_large_image\" \/>\n<script type=\"application\/ld+json\" class=\"yoast-schema-graph\">{\"@context\":\"https:\/\/schema.org\",\"@graph\":[{\"@type\":\"WebPage\",\"@id\":\"https:\/\/www.fusion.servicevision.es\/en\/producto\/stabilized-heads-en-en\/mini-scorpio-stabilized-head-2\/\",\"url\":\"https:\/\/www.fusion.servicevision.es\/en\/producto\/stabilized-heads-en-en\/mini-scorpio-stabilized-head-2\/\",\"name\":\"Veh\u00edculos y gruas para rodajes - Alquiler de MINI SCORPIO STABILIZED HEAD - ServiceVision\",\"isPartOf\":{\"@id\":\"https:\/\/www.fusion.servicevision.es\/es\/#website\"},\"datePublished\":\"2026-03-23T16:19:12+00:00\",\"dateModified\":\"2026-03-30T18:03:19+00:00\",\"description\":\"Alquiler de Veh\u00edculos y gruas para rodajes - Cabezas estabilizadas: MINI SCORPIO STABILIZED HEAD. Consultas y soporte t\u00e9cnico en Servicevision, fabricaci\u00f3n y alquiler de equipos para rodajes cinematogr\u00e1ficos.\",\"breadcrumb\":{\"@id\":\"https:\/\/www.fusion.servicevision.es\/en\/producto\/stabilized-heads-en-en\/mini-scorpio-stabilized-head-2\/#breadcrumb\"},\"inLanguage\":\"en-US\",\"potentialAction\":[{\"@type\":\"ReadAction\",\"target\":[\"https:\/\/www.fusion.servicevision.es\/en\/producto\/stabilized-heads-en-en\/mini-scorpio-stabilized-head-2\/\"]}]},{\"@type\":\"BreadcrumbList\",\"@id\":\"https:\/\/www.fusion.servicevision.es\/en\/producto\/stabilized-heads-en-en\/mini-scorpio-stabilized-head-2\/#breadcrumb\",\"itemListElement\":[{\"@type\":\"ListItem\",\"position\":1,\"name\":\"Alquiler\",\"item\":\"https:\/\/www.fusion.servicevision.es\/es\/alquiler\/\"},{\"@type\":\"ListItem\",\"position\":2,\"name\":\"MINI SCORPIO STABILIZED HEAD\"}]},{\"@type\":\"WebSite\",\"@id\":\"https:\/\/www.fusion.servicevision.es\/es\/#website\",\"url\":\"https:\/\/www.fusion.servicevision.es\/es\/\",\"name\":\"ServiceVision\",\"description\":\"\",\"potentialAction\":[{\"@type\":\"SearchAction\",\"target\":{\"@type\":\"EntryPoint\",\"urlTemplate\":\"https:\/\/www.fusion.servicevision.es\/es\/?s={search_term_string}\"},\"query-input\":\"required name=search_term_string\"}],\"inLanguage\":\"en-US\"}]}<\/script>\n<!-- \/ Yoast SEO plugin. -->","yoast_head_json":{"title":"Veh\u00edculos y gruas para rodajes - Alquiler de MINI SCORPIO STABILIZED HEAD - ServiceVision","description":"Alquiler de Veh\u00edculos y gruas para rodajes - Cabezas estabilizadas: MINI SCORPIO STABILIZED HEAD. Consultas y soporte t\u00e9cnico en Servicevision, fabricaci\u00f3n y alquiler de equipos para rodajes cinematogr\u00e1ficos.","robots":{"index":"index","follow":"follow","max-snippet":"max-snippet:-1","max-image-preview":"max-image-preview:large","max-video-preview":"max-video-preview:-1"},"canonical":"https:\/\/www.fusion.servicevision.es\/en\/producto\/stabilized-heads-en-en\/mini-scorpio-stabilized-head-2\/","og_locale":"en_US","og_type":"article","og_title":"Veh\u00edculos y gruas para rodajes - Alquiler de MINI SCORPIO STABILIZED HEAD - ServiceVision","og_description":"Alquiler de Veh\u00edculos y gruas para rodajes - Cabezas estabilizadas: MINI SCORPIO STABILIZED HEAD. Consultas y soporte t\u00e9cnico en Servicevision, fabricaci\u00f3n y alquiler de equipos para rodajes cinematogr\u00e1ficos.","og_url":"https:\/\/www.fusion.servicevision.es\/en\/producto\/stabilized-heads-en-en\/mini-scorpio-stabilized-head-2\/","og_site_name":"ServiceVision","article_modified_time":"2026-03-30T18:03:19+00:00","og_image":[{"width":1663,"height":1281,"url":"https:\/\/www.fusion.servicevision.es\/wp-content\/uploads\/2019\/05\/stabilized_head_mini_v.png","type":"image\/png"}],"twitter_card":"summary_large_image","schema":{"@context":"https:\/\/schema.org","@graph":[{"@type":"WebPage","@id":"https:\/\/www.fusion.servicevision.es\/en\/producto\/stabilized-heads-en-en\/mini-scorpio-stabilized-head-2\/","url":"https:\/\/www.fusion.servicevision.es\/en\/producto\/stabilized-heads-en-en\/mini-scorpio-stabilized-head-2\/","name":"Veh\u00edculos y gruas para rodajes - Alquiler de MINI SCORPIO STABILIZED HEAD - ServiceVision","isPartOf":{"@id":"https:\/\/www.fusion.servicevision.es\/es\/#website"},"datePublished":"2026-03-23T16:19:12+00:00","dateModified":"2026-03-30T18:03:19+00:00","description":"Alquiler de Veh\u00edculos y gruas para rodajes - Cabezas estabilizadas: MINI SCORPIO STABILIZED HEAD. Consultas y soporte t\u00e9cnico en Servicevision, fabricaci\u00f3n y alquiler de equipos para rodajes cinematogr\u00e1ficos.","breadcrumb":{"@id":"https:\/\/www.fusion.servicevision.es\/en\/producto\/stabilized-heads-en-en\/mini-scorpio-stabilized-head-2\/#breadcrumb"},"inLanguage":"en-US","potentialAction":[{"@type":"ReadAction","target":["https:\/\/www.fusion.servicevision.es\/en\/producto\/stabilized-heads-en-en\/mini-scorpio-stabilized-head-2\/"]}]},{"@type":"BreadcrumbList","@id":"https:\/\/www.fusion.servicevision.es\/en\/producto\/stabilized-heads-en-en\/mini-scorpio-stabilized-head-2\/#breadcrumb","itemListElement":[{"@type":"ListItem","position":1,"name":"Alquiler","item":"https:\/\/www.fusion.servicevision.es\/es\/alquiler\/"},{"@type":"ListItem","position":2,"name":"MINI SCORPIO STABILIZED HEAD"}]},{"@type":"WebSite","@id":"https:\/\/www.fusion.servicevision.es\/es\/#website","url":"https:\/\/www.fusion.servicevision.es\/es\/","name":"ServiceVision","description":"","potentialAction":[{"@type":"SearchAction","target":{"@type":"EntryPoint","urlTemplate":"https:\/\/www.fusion.servicevision.es\/es\/?s={search_term_string}"},"query-input":"required name=search_term_string"}],"inLanguage":"en-US"}]}},"jetpack_publicize_connections":[],"_links":{"self":[{"href":"https:\/\/www.fusion.servicevision.es\/en\/wp-json\/wp\/v2\/product\/15538"}],"collection":[{"href":"https:\/\/www.fusion.servicevision.es\/en\/wp-json\/wp\/v2\/product"}],"about":[{"href":"https:\/\/www.fusion.servicevision.es\/en\/wp-json\/wp\/v2\/types\/product"}],"replies":[{"embeddable":true,"href":"https:\/\/www.fusion.servicevision.es\/en\/wp-json\/wp\/v2\/comments?post=15538"}],"wp:featuredmedia":[{"embeddable":true,"href":"https:\/\/www.fusion.servicevision.es\/en\/wp-json\/wp\/v2\/media\/10642"}],"wp:attachment":[{"href":"https:\/\/www.fusion.servicevision.es\/en\/wp-json\/wp\/v2\/media?parent=15538"}],"wp:term":[{"taxonomy":"product_cat","embeddable":true,"href":"https:\/\/www.fusion.servicevision.es\/en\/wp-json\/wp\/v2\/product_cat?post=15538"},{"taxonomy":"product_tag","embeddable":true,"href":"https:\/\/www.fusion.servicevision.es\/en\/wp-json\/wp\/v2\/product_tag?post=15538"}],"curies":[{"name":"wp","href":"https:\/\/api.w.org\/{rel}","templated":true}]}}