{"id":15537,"date":"2026-03-23T16:19:11","date_gmt":"2026-03-23T16:19:11","guid":{"rendered":"https:\/\/www.fusion.servicevision.es\/producto\/scorpio-stabilized-head-v-2\/"},"modified":"2026-03-30T18:01:23","modified_gmt":"2026-03-30T18:01:23","slug":"scorpio-stabilized-head-v-2","status":"publish","type":"product","link":"https:\/\/www.fusion.servicevision.es\/en\/producto\/stabilized-heads-en-en\/scorpio-stabilized-head-v-2\/","title":{"rendered":"SCORPIO STABILIZED HEAD V"},"content":{"rendered":"","protected":false},"excerpt":{"rendered":"<p>La nueva <strong>cabeza estabilizada Scorpio<\/strong> est\u00e1 en un nivel superior en el mundo de la estabilizaci\u00f3n. Siguiendo los principios de su antecesora; el dise\u00f1o de sus nuevos gir\u00f3scopos, la mec\u00e1nica y el nuevo software de control, permiten que sea m\u00e1s<b> R\u00e1pida<\/b>, m\u00e1s<b> F\u00e1cil<\/b> y, por supuesto m\u00e1s <b>Efectiva<\/b>.<\/p>\n","protected":false},"featured_media":10628,"comment_status":"closed","ping_status":"closed","template":"","meta":[],"product_cat":[312],"product_tag":[],"yoast_head":"<!-- This site is optimized with the Yoast SEO plugin v19.9 - https:\/\/yoast.com\/wordpress\/plugins\/seo\/ -->\n<title>Veh\u00edculos y gruas para rodajes - Alquiler de SCORPIO STABILIZED HEAD V - ServiceVision<\/title>\n<meta name=\"description\" content=\"Alquiler de Veh\u00edculos y gruas para rodajes - Cabezas estabilizadas: SCORPIO STABILIZED HEAD V. Consultas y soporte t\u00e9cnico en Servicevision, fabricaci\u00f3n y alquiler de equipos para rodajes cinematogr\u00e1ficos.\" \/>\n<meta name=\"robots\" content=\"index, follow, max-snippet:-1, max-image-preview:large, max-video-preview:-1\" \/>\n<link rel=\"canonical\" href=\"https:\/\/www.fusion.servicevision.es\/en\/producto\/stabilized-heads-en-en\/scorpio-stabilized-head-v-2\/\" \/>\n<meta property=\"og:locale\" content=\"en_US\" \/>\n<meta property=\"og:type\" content=\"article\" \/>\n<meta property=\"og:title\" content=\"Veh\u00edculos y gruas para rodajes - Alquiler de SCORPIO STABILIZED HEAD V - ServiceVision\" \/>\n<meta property=\"og:description\" content=\"Alquiler de Veh\u00edculos y gruas para rodajes - Cabezas estabilizadas: SCORPIO STABILIZED HEAD V. Consultas y soporte t\u00e9cnico en Servicevision, fabricaci\u00f3n y alquiler de equipos para rodajes cinematogr\u00e1ficos.\" \/>\n<meta property=\"og:url\" content=\"https:\/\/www.fusion.servicevision.es\/en\/producto\/stabilized-heads-en-en\/scorpio-stabilized-head-v-2\/\" \/>\n<meta property=\"og:site_name\" content=\"ServiceVision\" \/>\n<meta property=\"article:modified_time\" content=\"2026-03-30T18:01:23+00:00\" \/>\n<meta property=\"og:image\" content=\"https:\/\/www.fusion.servicevision.es\/wp-content\/uploads\/2019\/05\/stabilized-1.jpg\" \/>\n\t<meta property=\"og:image:width\" content=\"590\" \/>\n\t<meta property=\"og:image:height\" content=\"590\" \/>\n\t<meta property=\"og:image:type\" content=\"image\/jpeg\" \/>\n<meta name=\"twitter:card\" content=\"summary_large_image\" \/>\n<script type=\"application\/ld+json\" class=\"yoast-schema-graph\">{\"@context\":\"https:\/\/schema.org\",\"@graph\":[{\"@type\":\"WebPage\",\"@id\":\"https:\/\/www.fusion.servicevision.es\/en\/producto\/stabilized-heads-en-en\/scorpio-stabilized-head-v-2\/\",\"url\":\"https:\/\/www.fusion.servicevision.es\/en\/producto\/stabilized-heads-en-en\/scorpio-stabilized-head-v-2\/\",\"name\":\"Veh\u00edculos y gruas para rodajes - Alquiler de SCORPIO STABILIZED HEAD V - ServiceVision\",\"isPartOf\":{\"@id\":\"https:\/\/www.fusion.servicevision.es\/es\/#website\"},\"datePublished\":\"2026-03-23T16:19:11+00:00\",\"dateModified\":\"2026-03-30T18:01:23+00:00\",\"description\":\"Alquiler de Veh\u00edculos y gruas para rodajes - Cabezas estabilizadas: SCORPIO STABILIZED HEAD V. Consultas y soporte t\u00e9cnico en Servicevision, fabricaci\u00f3n y alquiler de equipos para rodajes cinematogr\u00e1ficos.\",\"breadcrumb\":{\"@id\":\"https:\/\/www.fusion.servicevision.es\/en\/producto\/stabilized-heads-en-en\/scorpio-stabilized-head-v-2\/#breadcrumb\"},\"inLanguage\":\"en-US\",\"potentialAction\":[{\"@type\":\"ReadAction\",\"target\":[\"https:\/\/www.fusion.servicevision.es\/en\/producto\/stabilized-heads-en-en\/scorpio-stabilized-head-v-2\/\"]}]},{\"@type\":\"BreadcrumbList\",\"@id\":\"https:\/\/www.fusion.servicevision.es\/en\/producto\/stabilized-heads-en-en\/scorpio-stabilized-head-v-2\/#breadcrumb\",\"itemListElement\":[{\"@type\":\"ListItem\",\"position\":1,\"name\":\"Alquiler\",\"item\":\"https:\/\/www.fusion.servicevision.es\/es\/alquiler\/\"},{\"@type\":\"ListItem\",\"position\":2,\"name\":\"SCORPIO STABILIZED HEAD V\"}]},{\"@type\":\"WebSite\",\"@id\":\"https:\/\/www.fusion.servicevision.es\/es\/#website\",\"url\":\"https:\/\/www.fusion.servicevision.es\/es\/\",\"name\":\"ServiceVision\",\"description\":\"\",\"potentialAction\":[{\"@type\":\"SearchAction\",\"target\":{\"@type\":\"EntryPoint\",\"urlTemplate\":\"https:\/\/www.fusion.servicevision.es\/es\/?s={search_term_string}\"},\"query-input\":\"required name=search_term_string\"}],\"inLanguage\":\"en-US\"}]}<\/script>\n<!-- \/ Yoast SEO plugin. -->","yoast_head_json":{"title":"Veh\u00edculos y gruas para rodajes - Alquiler de SCORPIO STABILIZED HEAD V - ServiceVision","description":"Alquiler de Veh\u00edculos y gruas para rodajes - Cabezas estabilizadas: SCORPIO STABILIZED HEAD V. Consultas y soporte t\u00e9cnico en Servicevision, fabricaci\u00f3n y alquiler de equipos para rodajes cinematogr\u00e1ficos.","robots":{"index":"index","follow":"follow","max-snippet":"max-snippet:-1","max-image-preview":"max-image-preview:large","max-video-preview":"max-video-preview:-1"},"canonical":"https:\/\/www.fusion.servicevision.es\/en\/producto\/stabilized-heads-en-en\/scorpio-stabilized-head-v-2\/","og_locale":"en_US","og_type":"article","og_title":"Veh\u00edculos y gruas para rodajes - Alquiler de SCORPIO STABILIZED HEAD V - ServiceVision","og_description":"Alquiler de Veh\u00edculos y gruas para rodajes - Cabezas estabilizadas: SCORPIO STABILIZED HEAD V. Consultas y soporte t\u00e9cnico en Servicevision, fabricaci\u00f3n y alquiler de equipos para rodajes cinematogr\u00e1ficos.","og_url":"https:\/\/www.fusion.servicevision.es\/en\/producto\/stabilized-heads-en-en\/scorpio-stabilized-head-v-2\/","og_site_name":"ServiceVision","article_modified_time":"2026-03-30T18:01:23+00:00","og_image":[{"width":590,"height":590,"url":"https:\/\/www.fusion.servicevision.es\/wp-content\/uploads\/2019\/05\/stabilized-1.jpg","type":"image\/jpeg"}],"twitter_card":"summary_large_image","schema":{"@context":"https:\/\/schema.org","@graph":[{"@type":"WebPage","@id":"https:\/\/www.fusion.servicevision.es\/en\/producto\/stabilized-heads-en-en\/scorpio-stabilized-head-v-2\/","url":"https:\/\/www.fusion.servicevision.es\/en\/producto\/stabilized-heads-en-en\/scorpio-stabilized-head-v-2\/","name":"Veh\u00edculos y gruas para rodajes - Alquiler de SCORPIO STABILIZED HEAD V - ServiceVision","isPartOf":{"@id":"https:\/\/www.fusion.servicevision.es\/es\/#website"},"datePublished":"2026-03-23T16:19:11+00:00","dateModified":"2026-03-30T18:01:23+00:00","description":"Alquiler de Veh\u00edculos y gruas para rodajes - Cabezas estabilizadas: SCORPIO STABILIZED HEAD V. Consultas y soporte t\u00e9cnico en Servicevision, fabricaci\u00f3n y alquiler de equipos para rodajes cinematogr\u00e1ficos.","breadcrumb":{"@id":"https:\/\/www.fusion.servicevision.es\/en\/producto\/stabilized-heads-en-en\/scorpio-stabilized-head-v-2\/#breadcrumb"},"inLanguage":"en-US","potentialAction":[{"@type":"ReadAction","target":["https:\/\/www.fusion.servicevision.es\/en\/producto\/stabilized-heads-en-en\/scorpio-stabilized-head-v-2\/"]}]},{"@type":"BreadcrumbList","@id":"https:\/\/www.fusion.servicevision.es\/en\/producto\/stabilized-heads-en-en\/scorpio-stabilized-head-v-2\/#breadcrumb","itemListElement":[{"@type":"ListItem","position":1,"name":"Alquiler","item":"https:\/\/www.fusion.servicevision.es\/es\/alquiler\/"},{"@type":"ListItem","position":2,"name":"SCORPIO STABILIZED HEAD V"}]},{"@type":"WebSite","@id":"https:\/\/www.fusion.servicevision.es\/es\/#website","url":"https:\/\/www.fusion.servicevision.es\/es\/","name":"ServiceVision","description":"","potentialAction":[{"@type":"SearchAction","target":{"@type":"EntryPoint","urlTemplate":"https:\/\/www.fusion.servicevision.es\/es\/?s={search_term_string}"},"query-input":"required name=search_term_string"}],"inLanguage":"en-US"}]}},"jetpack_publicize_connections":[],"_links":{"self":[{"href":"https:\/\/www.fusion.servicevision.es\/en\/wp-json\/wp\/v2\/product\/15537"}],"collection":[{"href":"https:\/\/www.fusion.servicevision.es\/en\/wp-json\/wp\/v2\/product"}],"about":[{"href":"https:\/\/www.fusion.servicevision.es\/en\/wp-json\/wp\/v2\/types\/product"}],"replies":[{"embeddable":true,"href":"https:\/\/www.fusion.servicevision.es\/en\/wp-json\/wp\/v2\/comments?post=15537"}],"wp:featuredmedia":[{"embeddable":true,"href":"https:\/\/www.fusion.servicevision.es\/en\/wp-json\/wp\/v2\/media\/10628"}],"wp:attachment":[{"href":"https:\/\/www.fusion.servicevision.es\/en\/wp-json\/wp\/v2\/media?parent=15537"}],"wp:term":[{"taxonomy":"product_cat","embeddable":true,"href":"https:\/\/www.fusion.servicevision.es\/en\/wp-json\/wp\/v2\/product_cat?post=15537"},{"taxonomy":"product_tag","embeddable":true,"href":"https:\/\/www.fusion.servicevision.es\/en\/wp-json\/wp\/v2\/product_tag?post=15537"}],"curies":[{"name":"wp","href":"https:\/\/api.w.org\/{rel}","templated":true}]}}